{"id":987,"date":"2022-07-03T22:58:17","date_gmt":"2022-07-04T01:58:17","guid":{"rendered":"http:\/\/camarapocao.pe.gov.br\/?page_id=987"},"modified":"2023-03-27T20:09:30","modified_gmt":"2023-03-27T23:09:30","slug":"decretos-aprovados-em-2022","status":"publish","type":"page","link":"https:\/\/camarapocao.pe.gov.br\/v1\/decretos-aprovados-em-2022\/","title":{"rendered":"Decretos aprovados em 2022"},"content":{"rendered":"<table class=\"wp-block-table is-style-stripes\">\n<tbody>\n<tr>\n<td><strong>N\u00ba do documento<\/strong><\/td>\n<td><strong>Descri\u00e7\u00e3o<\/strong><\/td>\n<td><strong>Download<\/strong><\/td>\n<\/tr>\n<tr>\n<td>01-2022<\/td>\n<td>Disp\u00f5e sobre a concess\u00e3o de T\u00edtulo de Cidad\u00e3o Po\u00e7\u00e3oense para o Ilmo. Sr. Armando Cordeiro Leite.<\/td>\n<td><a href=\"http:\/\/www.camarapocao.pe.gov.br\/home\/images\/Consulta\/decretos\/2022\/01.pdf\">PDF<\/a><\/td>\n<\/tr>\n<tr>\n<td>02-2022<\/td>\n<td>Disp\u00f5e sobre a concess\u00e3o de T\u00edtulo de Cidad\u00e3o Po\u00e7\u00e3oense.<\/td>\n<td><a href=\"http:\/\/www.camarapocao.pe.gov.br\/home\/images\/Consulta\/decretos\/2022\/02.pdf\">PDF<\/a><\/td>\n<tr>\n<td>03-2022<\/td>\n<td>Disp\u00f5e sobre a concess\u00e3o de T\u00edtulo de Cidad\u00e3o Po\u00e7\u00e3oense.<\/td>\n<td><a href=\"http:\/\/www.camarapocao.pe.gov.br\/home\/images\/Consulta\/decretos\/2022\/03.pdf\">PDF<\/a><\/td>\n<\/tr>\n<\/tbody>\n<\/table>\n","protected":false},"excerpt":{"rendered":"<p>N\u00ba do documento Descri\u00e7\u00e3o Download 01-2022 Disp\u00f5e sobre a concess\u00e3o de T\u00edtulo de Cidad\u00e3o Po\u00e7\u00e3oense para o Ilmo. Sr. Armando Cordeiro Leite. PDF 02-2022 Disp\u00f5e <a class=\"leiamais\" href=\"https:\/\/camarapocao.pe.gov.br\/v1\/decretos-aprovados-em-2022\/\"><i class=\"fa fa-angle-double-right\" aria-hidden=\"true\"><\/i><br \/>\n<\/a><\/p>\n","protected":false},"author":3,"featured_media":0,"parent":0,"menu_order":0,"comment_status":"closed","ping_status":"closed","template":"","meta":{"footnotes":""},"class_list":["post-987","page","type-page","status-publish","hentry","active"],"aioseo_notices":[],"_links":{"self":[{"href":"https:\/\/camarapocao.pe.gov.br\/v1\/wp-json\/wp\/v2\/pages\/987","targetHints":{"allow":["GET"]}}],"collection":[{"href":"https:\/\/camarapocao.pe.gov.br\/v1\/wp-json\/wp\/v2\/pages"}],"about":[{"href":"https:\/\/camarapocao.pe.gov.br\/v1\/wp-json\/wp\/v2\/types\/page"}],"author":[{"embeddable":true,"href":"https:\/\/camarapocao.pe.gov.br\/v1\/wp-json\/wp\/v2\/users\/3"}],"replies":[{"embeddable":true,"href":"https:\/\/camarapocao.pe.gov.br\/v1\/wp-json\/wp\/v2\/comments?post=987"}],"version-history":[{"count":6,"href":"https:\/\/camarapocao.pe.gov.br\/v1\/wp-json\/wp\/v2\/pages\/987\/revisions"}],"predecessor-version":[{"id":1121,"href":"https:\/\/camarapocao.pe.gov.br\/v1\/wp-json\/wp\/v2\/pages\/987\/revisions\/1121"}],"wp:attachment":[{"href":"https:\/\/camarapocao.pe.gov.br\/v1\/wp-json\/wp\/v2\/media?parent=987"}],"curies":[{"name":"wp","href":"https:\/\/api.w.org\/{rel}","templated":true}]}}