{"id":930,"date":"2022-02-18T11:10:41","date_gmt":"2022-02-18T14:10:41","guid":{"rendered":"http:\/\/camarapocao.pe.gov.br\/?page_id=930"},"modified":"2022-03-06T10:11:33","modified_gmt":"2022-03-06T13:11:33","slug":"resolucoes-aprovadas-em-2021","status":"publish","type":"page","link":"https:\/\/camarapocao.pe.gov.br\/v1\/resolucoes-aprovadas-em-2021\/","title":{"rendered":"Resolu\u00e7\u00f5es aprovadas em 2021"},"content":{"rendered":"<table class=\"wp-block-table aligncenter is-style-stripes\" style=\"height: 265px;\" width=\"100%\">\n<tbody>\n<tr>\n<td><strong>N\u00ba do Documento<\/strong><\/td>\n<td><strong>Descri\u00e7\u00e3o<\/strong><\/td>\n<td><strong>Baixar<\/strong><\/td>\n<\/tr>\n<tr>\n<td>105-2021<\/td>\n<td>Estima a receita e fixa a despesa da C\u00e2mara Municipal de Po\u00e7\u00e3o para o exerc\u00edcio financeiro de 2022<\/td>\n<td><strong><a role=\"link\" href=\"http:\/\/www.camarapocao.pe.gov.br\/home\/images\/Consulta\/resolucoes\/2021\/105-2021.pdf\" data-raofz=\"16\">PDF<\/a><\/strong><\/td>\n<\/tr>\n<tr>\n<td>106-2021<\/td>\n<td>Rejeita as contas do Prefeito Municipal, relativa ao exerc\u00edcio de 2016, e cont\u00e9m outras provid\u00eancias<\/td>\n<td><strong><a role=\"link\" href=\"http:\/\/www.camarapocao.pe.gov.br\/home\/images\/Consulta\/resolucoes\/2021\/106-2021.pdf\" data-raofz=\"16\">PDF<\/a><\/strong><\/td>\n<\/tr>\n<\/tbody>\n<\/table>\n","protected":false},"excerpt":{"rendered":"<p>N\u00ba do Documento Descri\u00e7\u00e3o Baixar 105-2021 Estima a receita e fixa a despesa da C\u00e2mara Municipal de Po\u00e7\u00e3o para o exerc\u00edcio financeiro de 2022 PDF <a class=\"leiamais\" href=\"https:\/\/camarapocao.pe.gov.br\/v1\/resolucoes-aprovadas-em-2021\/\"><i class=\"fa fa-angle-double-right\" aria-hidden=\"true\"><\/i><br \/>\n<\/a><\/p>\n","protected":false},"author":3,"featured_media":0,"parent":0,"menu_order":0,"comment_status":"closed","ping_status":"closed","template":"","meta":{"footnotes":""},"class_list":["post-930","page","type-page","status-publish","hentry","active"],"aioseo_notices":[],"_links":{"self":[{"href":"https:\/\/camarapocao.pe.gov.br\/v1\/wp-json\/wp\/v2\/pages\/930","targetHints":{"allow":["GET"]}}],"collection":[{"href":"https:\/\/camarapocao.pe.gov.br\/v1\/wp-json\/wp\/v2\/pages"}],"about":[{"href":"https:\/\/camarapocao.pe.gov.br\/v1\/wp-json\/wp\/v2\/types\/page"}],"author":[{"embeddable":true,"href":"https:\/\/camarapocao.pe.gov.br\/v1\/wp-json\/wp\/v2\/users\/3"}],"replies":[{"embeddable":true,"href":"https:\/\/camarapocao.pe.gov.br\/v1\/wp-json\/wp\/v2\/comments?post=930"}],"version-history":[{"count":16,"href":"https:\/\/camarapocao.pe.gov.br\/v1\/wp-json\/wp\/v2\/pages\/930\/revisions"}],"predecessor-version":[{"id":947,"href":"https:\/\/camarapocao.pe.gov.br\/v1\/wp-json\/wp\/v2\/pages\/930\/revisions\/947"}],"wp:attachment":[{"href":"https:\/\/camarapocao.pe.gov.br\/v1\/wp-json\/wp\/v2\/media?parent=930"}],"curies":[{"name":"wp","href":"https:\/\/api.w.org\/{rel}","templated":true}]}}