{"id":906,"date":"2021-07-28T19:41:09","date_gmt":"2021-07-28T22:41:09","guid":{"rendered":"https:\/\/camarapocao.pe.gov.br\/?page_id=906"},"modified":"2021-08-14T07:45:12","modified_gmt":"2021-08-14T10:45:12","slug":"principais-servicos-e-prazos","status":"publish","type":"page","link":"https:\/\/camarapocao.pe.gov.br\/v1\/principais-servicos-e-prazos\/","title":{"rendered":"Principais servi\u00e7os e prazos"},"content":{"rendered":"\n<table id=\"tablepress-1\" class=\"tablepress tablepress-id-1\">\n<thead>\n<tr class=\"row-1\">\n\t<th class=\"column-1\">Servi\u00e7o<\/th><th class=\"column-2\">Detalhamento do servi\u00e7o<\/th><th class=\"column-3\">Prazo ou frequ\u00eancia de ocorre\u00eancias<\/th>\n<\/tr>\n<\/thead>\n<tbody class=\"row-striping row-hover\">\n<tr class=\"row-2\">\n\t<td class=\"column-1\">Reuni\u00f5es ordin\u00e1rias<\/td><td class=\"column-2\">F\u00f3rum onde s\u00e3o discutidos, aprovados ou rejeitados projetos de lei, realizadas solicita\u00e7\u00f5es ao executivo, aprovadas comiss\u00f5es dentre outras provid\u00eancias<\/td><td class=\"column-3\">Todas as quintas \u00e0s 10:00<br \/>\n<br \/>\n*Exceto em recesso parlamentar que ocorrem de 15\/dez a 15\/fev e 01\/jul a 30\/jul<\/td>\n<\/tr>\n<tr class=\"row-3\">\n\t<td class=\"column-1\">Protocolar solicita\u00e7\u00f5es<\/td><td class=\"column-2\">Formalizar datas de entregas de documentos e solicita\u00e7\u00f5es ao legislativo<\/td><td class=\"column-3\">Diariamente de 8:00 \u00e0s 13:00<\/td>\n<\/tr>\n<tr class=\"row-4\">\n\t<td class=\"column-1\">Estudo de projetos de lei enviados pelo executivo<\/td><td class=\"column-2\">Projetos s\u00e3o enviados \u00e0s respectivas comiss\u00f5es que leem, avaliam os projetos e d\u00e3o parecer sobre o tema<\/td><td class=\"column-3\">5 dias a partir da data de protocolo de entrega<\/td>\n<\/tr>\n<tr class=\"row-5\">\n\t<td class=\"column-1\">Aprova\u00e7\u00e3o de projeto de lei enviado pelo executivo <br \/>\n<\/td><td class=\"column-2\">Ap\u00f3s fase de estudos, a aprova\u00e7\u00e3o \u00e9 realizada em duas vota\u00e7\u00f5es que ocorrem nas sess\u00f5es ordin\u00e1rias. Ap\u00f3s aprova\u00e7\u00e3o, o material \u00e9 enviado para san\u00e7\u00e3o do executivo.<\/td><td class=\"column-3\">10 dias a partir do in\u00edcio da fase <\/td>\n<\/tr>\n<tr class=\"row-6\">\n\t<td class=\"column-1\">Aprova\u00e7\u00e3o de projetos de lei espec\u00edficos<\/td><td class=\"column-2\">Ap\u00f3s a etapa de protocola\u00e7\u00e3o, se trata da aprova\u00e7\u00e3o de Lei de Diretriz Or\u00e7ament\u00e1ria, Lei Or\u00e7ament\u00e1ria Anual, Plano Plurianual e outros<\/td><td class=\"column-3\">20 dias<\/td>\n<\/tr>\n<tr class=\"row-7\">\n\t<td class=\"column-1\">Projetos de resolu\u00e7\u00e3o e decretos legislativos<\/td><td class=\"column-2\">Elabora\u00e7\u00e3o e leitura \u00e9 feita nas reuni\u00f5es ordin\u00e1rias, ap\u00f3s isso, o assunto \u00e9 encaminhado para as comiss\u00f5es competentes onde se \u00e9 avaliado e aprovado em vota\u00e7\u00e3o \u00fanica. <\/td><td class=\"column-3\">5 dias<\/td>\n<\/tr>\n<tr class=\"row-8\">\n\t<td class=\"column-1\">Requerimentos e solicita\u00e7\u00f5es<\/td><td class=\"column-2\">Elabora\u00e7\u00e3o, leitura e vota\u00e7\u00e3o de solicita\u00e7\u00f5es formais que s\u00e3o posteriormente enviadas em forma de of\u00edcio aos respectivos \u00f3rg\u00e3o.<\/td><td class=\"column-3\">1 vez por semana, nas reuni\u00f5es ordin\u00e1rias<\/td>\n<\/tr>\n<tr class=\"row-9\">\n\t<td class=\"column-1\">Resposta do e-SIC<\/td><td class=\"column-2\">Resposta dos usu\u00e1rios atrav\u00e9s de solicita\u00e7\u00f5es no e-SIC no Portal da C\u00e2mara<\/td><td class=\"column-3\">10 dias<\/td>\n<\/tr>\n<\/tbody>\n<\/table>\n<!-- #tablepress-1 from cache -->\n","protected":false},"excerpt":{"rendered":"","protected":false},"author":3,"featured_media":0,"parent":0,"menu_order":0,"comment_status":"closed","ping_status":"closed","template":"","meta":{"footnotes":""},"class_list":["post-906","page","type-page","status-publish","hentry","active"],"aioseo_notices":[],"_links":{"self":[{"href":"https:\/\/camarapocao.pe.gov.br\/v1\/wp-json\/wp\/v2\/pages\/906","targetHints":{"allow":["GET"]}}],"collection":[{"href":"https:\/\/camarapocao.pe.gov.br\/v1\/wp-json\/wp\/v2\/pages"}],"about":[{"href":"https:\/\/camarapocao.pe.gov.br\/v1\/wp-json\/wp\/v2\/types\/page"}],"author":[{"embeddable":true,"href":"https:\/\/camarapocao.pe.gov.br\/v1\/wp-json\/wp\/v2\/users\/3"}],"replies":[{"embeddable":true,"href":"https:\/\/camarapocao.pe.gov.br\/v1\/wp-json\/wp\/v2\/comments?post=906"}],"version-history":[{"count":3,"href":"https:\/\/camarapocao.pe.gov.br\/v1\/wp-json\/wp\/v2\/pages\/906\/revisions"}],"predecessor-version":[{"id":911,"href":"https:\/\/camarapocao.pe.gov.br\/v1\/wp-json\/wp\/v2\/pages\/906\/revisions\/911"}],"wp:attachment":[{"href":"https:\/\/camarapocao.pe.gov.br\/v1\/wp-json\/wp\/v2\/media?parent=906"}],"curies":[{"name":"wp","href":"https:\/\/api.w.org\/{rel}","templated":true}]}}