{"id":837,"date":"2021-04-18T23:08:59","date_gmt":"2021-04-19T02:08:59","guid":{"rendered":"http:\/\/camarapocao.pe.gov.br\/?page_id=837"},"modified":"2022-03-06T10:52:21","modified_gmt":"2022-03-06T13:52:21","slug":"decretos-aprovados-em-2021","status":"publish","type":"page","link":"https:\/\/camarapocao.pe.gov.br\/v1\/decretos-aprovados-em-2021\/","title":{"rendered":"Decretos aprovados em 2021"},"content":{"rendered":"\r\n<table class=\"wp-block-table is-style-stripes\">\r\n<tbody>\r\n<tr>\r\n<td><strong>N\u00ba do documento<\/strong><\/td>\r\n<td><strong>Descri\u00e7\u00e3o<\/strong><\/td>\r\n<td><strong>Download<\/strong><\/td>\r\n<\/tr>\r\n<tr>\r\n<td>01-2021<\/td>\r\n<td>Disp\u00f5e sobre concess\u00e3o de T\u00edtulo de Cidad\u00e3o Po\u00e7\u00e3oense<\/td>\r\n<td><a href=\"http:\/\/www.camarapocao.pe.gov.br\/home\/images\/Consulta\/decretos\/2021\/01.pdf\">PDF<\/a><\/td>\r\n<\/tr>\r\n<tr>\r\n<td>02-2021<\/td>\r\n<td>Disp\u00f5e sobre concess\u00e3o de T\u00edtulo de Cidad\u00e3o Po\u00e7\u00e3oense<\/td>\r\n<td><a href=\"http:\/\/www.camarapocao.pe.gov.br\/home\/images\/Consulta\/decretos\/2021\/01.pdf\">PDF<\/a><\/td>\r\n<\/tr>\r\n<tr>\r\n<td>03-2021<\/td>\r\n<td>Disp\u00f5e sobre concess\u00e3o de T\u00edtulo de Cidad\u00e3o Po\u00e7\u00e3oense<\/td>\r\n<td><a href=\"http:\/\/www.camarapocao.pe.gov.br\/home\/images\/Consulta\/decretos\/2021\/01.pdf\">PDF<\/a><\/td>\r\n<\/tr>\r\n<tr>\r\n<td>04-2021<\/td>\r\n<td>Disp\u00f5e sobre concess\u00e3o de T\u00edtulo de Cidad\u00e3o Po\u00e7\u00e3oense<\/td>\r\n<td><a href=\"http:\/\/www.camarapocao.pe.gov.br\/home\/images\/Consulta\/decretos\/2021\/04.pdf\">PDF<\/a><\/td>\r\n<\/tr>\r\n<tr>\r\n<td>05-2021<\/td>\r\n<td>Disp\u00f5e sobre concess\u00e3o de T\u00edtulo de Cidad\u00e3o Po\u00e7\u00e3oense<\/td>\r\n<td><a href=\"http:\/\/www.camarapocao.pe.gov.br\/home\/images\/Consulta\/decretos\/2021\/05.pdf\">PDF<\/a><\/td>\r\n<\/tr>\r\n<tr>\r\n<td>06-2021<\/td>\r\n<td>Disp\u00f5e sobre concess\u00e3o de T\u00edtulo de Cidad\u00e3o Po\u00e7\u00e3oense<\/td>\r\n<td><a href=\"http:\/\/www.camarapocao.pe.gov.br\/home\/images\/Consulta\/decretos\/2021\/06.pdf\">PDF<\/a><\/td>\r\n<\/tr>\r\n\r\n<tr>\r\n<td>07-2021<\/td>\r\n<td>Disp\u00f5e sobre concess\u00e3o de T\u00edtulo de Cidad\u00e3o Po\u00e7\u00e3oense<\/td>\r\n<td><a href=\"http:\/\/www.camarapocao.pe.gov.br\/home\/images\/Consulta\/decretos\/2021\/07.pdf\">PDF<\/a><\/td>\r\n<\/tr>\r\n\r\n<tr>\r\n<td>08-2021<\/td>\r\n<td>Disp\u00f5e sobre concess\u00e3o de T\u00edtulo de Cidad\u00e3o Po\u00e7\u00e3oense<\/td>\r\n<td><a href=\"http:\/\/www.camarapocao.pe.gov.br\/home\/images\/Consulta\/decretos\/2021\/08.pdf\">PDF<\/a><\/td>\r\n<\/tr>\r\n\r\n<tr>\r\n<td>09-2021<\/td>\r\n<td>Disp\u00f5e sobre concess\u00e3o de T\u00edtulo de Cidad\u00e3o Po\u00e7\u00e3oense<\/td>\r\n<td><a href=\"http:\/\/www.camarapocao.pe.gov.br\/home\/images\/Consulta\/decretos\/2021\/09.pdf\">PDF<\/a><\/td>\r\n<\/tr>\r\n\r\n<tr>\r\n<td>10-2021<\/td>\r\n<td>Disp\u00f5e sobre concess\u00e3o de T\u00edtulo de Cidad\u00e3o Po\u00e7\u00e3oense<\/td>\r\n<td><a href=\"http:\/\/www.camarapocao.pe.gov.br\/home\/images\/Consulta\/decretos\/2021\/10.pdf\">PDF<\/a><\/td>\r\n<\/tr>\r\n\r\n<\/tbody>\r\n<\/table>\r\n","protected":false},"excerpt":{"rendered":"<p>N\u00ba do documento Descri\u00e7\u00e3o Download 01-2021 Disp\u00f5e sobre concess\u00e3o de T\u00edtulo de Cidad\u00e3o Po\u00e7\u00e3oense PDF 02-2021 Disp\u00f5e sobre concess\u00e3o de T\u00edtulo de Cidad\u00e3o Po\u00e7\u00e3oense PDF <a class=\"leiamais\" href=\"https:\/\/camarapocao.pe.gov.br\/v1\/decretos-aprovados-em-2021\/\"><i class=\"fa fa-angle-double-right\" aria-hidden=\"true\"><\/i><br \/>\n<\/a><\/p>\n","protected":false},"author":3,"featured_media":0,"parent":0,"menu_order":0,"comment_status":"closed","ping_status":"closed","template":"","meta":{"footnotes":""},"class_list":["post-837","page","type-page","status-publish","hentry","active"],"aioseo_notices":[],"_links":{"self":[{"href":"https:\/\/camarapocao.pe.gov.br\/v1\/wp-json\/wp\/v2\/pages\/837","targetHints":{"allow":["GET"]}}],"collection":[{"href":"https:\/\/camarapocao.pe.gov.br\/v1\/wp-json\/wp\/v2\/pages"}],"about":[{"href":"https:\/\/camarapocao.pe.gov.br\/v1\/wp-json\/wp\/v2\/types\/page"}],"author":[{"embeddable":true,"href":"https:\/\/camarapocao.pe.gov.br\/v1\/wp-json\/wp\/v2\/users\/3"}],"replies":[{"embeddable":true,"href":"https:\/\/camarapocao.pe.gov.br\/v1\/wp-json\/wp\/v2\/comments?post=837"}],"version-history":[{"count":6,"href":"https:\/\/camarapocao.pe.gov.br\/v1\/wp-json\/wp\/v2\/pages\/837\/revisions"}],"predecessor-version":[{"id":950,"href":"https:\/\/camarapocao.pe.gov.br\/v1\/wp-json\/wp\/v2\/pages\/837\/revisions\/950"}],"wp:attachment":[{"href":"https:\/\/camarapocao.pe.gov.br\/v1\/wp-json\/wp\/v2\/media?parent=837"}],"curies":[{"name":"wp","href":"https:\/\/api.w.org\/{rel}","templated":true}]}}