{"id":738,"date":"2020-03-15T10:51:43","date_gmt":"2020-03-15T13:51:43","guid":{"rendered":"http:\/\/camarapocao.pe.gov.br\/?page_id=738"},"modified":"2021-01-06T16:32:32","modified_gmt":"2021-01-06T19:32:32","slug":"resolucoes-aprovadas-em-2020","status":"publish","type":"page","link":"https:\/\/camarapocao.pe.gov.br\/v1\/resolucoes-aprovadas-em-2020\/","title":{"rendered":"Resolu\u00e7\u00f5es aprovadas em 2020"},"content":{"rendered":"\n<table class=\"wp-block-table aligncenter is-style-stripes\"><tbody><tr><td><strong>N\u00ba do Documento<\/strong><\/td><td><strong>Descri\u00e7\u00e3o<\/strong><\/td><td><strong>Download<\/strong><\/td><\/tr><tr><td>100-2020<\/td><td>Disp\u00f5e sobre a remunera\u00e7\u00e3o m\u00ednima dos servidores ocupantes de Cargos P\u00fablicos na C\u00e2mara de Po\u00e7\u00e3o\/PE<\/td><td><strong><a href=\"http:\/\/www.camarapocao.pe.gov.br\/home\/images\/Consulta\/resolucoes\/2020\/100-2020.pdf\">PDF<\/a><\/strong><\/td><\/tr><tr><td>101-2020<\/td><td>Fixa os subs\u00eddios dos vereadores para o per\u00edodo da legislatura 2021-2024 e d\u00e1 outras provid\u00eancias<\/td><td><strong><a href=\"http:\/\/www.camarapocao.pe.gov.br\/home\/images\/Consulta\/resolucoes\/2020\/101-2020.pdf\">PDF<\/a><\/strong><\/td><\/tr><tr><td>102-2020<\/td><td>Aprova com ressalvas as contas do exerc\u00edcio de 2017 da Prefeitura Municipal de Po\u00e7\u00e3o &#8211; Processo TC 18100207-3<\/td><td><strong><a href=\"http:\/\/www.camarapocao.pe.gov.br\/home\/images\/Consulta\/resolucoes\/2020\/102-2020.pdf\">PDF<\/a><\/strong> <\/td><\/tr><tr><td>103-2020<\/td><td>Disp\u00f5e sobre os procedimentos e regras para fins de preven\u00e7\u00e3o \u00e0 infec\u00e7\u00e3o e \u00e0 propaga\u00e7\u00e3o do novo corona v\u00edrus COVID-19<\/td><td><strong><a href=\"http:\/\/www.camarapocao.pe.gov.br\/home\/images\/Consulta\/resolucoes\/2020\/103-2020.pdf\">PDF<\/a><\/strong> <\/td><\/tr><tr><td>104-2020<\/td><td>Resolu\u00e7\u00e3o do or\u00e7amento anual referente ao exerc\u00edcio de 2021 <\/td><td><strong><a href=\"http:\/\/www.camarapocao.pe.gov.br\/home\/images\/Consulta\/resolucoes\/2020\/104-2020.pdf\">PDF<\/a><\/strong> <\/td><\/tr><\/tbody><\/table>\n\n\n\n<p><\/p>\n","protected":false},"excerpt":{"rendered":"<p>N\u00ba do Documento Descri\u00e7\u00e3o Download 100-2020 Disp\u00f5e sobre a remunera\u00e7\u00e3o m\u00ednima dos servidores ocupantes de Cargos P\u00fablicos na C\u00e2mara de Po\u00e7\u00e3o\/PE PDF 101-2020 Fixa os <a class=\"leiamais\" href=\"https:\/\/camarapocao.pe.gov.br\/v1\/resolucoes-aprovadas-em-2020\/\"><i class=\"fa fa-angle-double-right\" aria-hidden=\"true\"><\/i><br \/>\n<\/a><\/p>\n","protected":false},"author":3,"featured_media":0,"parent":0,"menu_order":0,"comment_status":"closed","ping_status":"closed","template":"","meta":{"footnotes":""},"class_list":["post-738","page","type-page","status-publish","hentry","active"],"aioseo_notices":[],"_links":{"self":[{"href":"https:\/\/camarapocao.pe.gov.br\/v1\/wp-json\/wp\/v2\/pages\/738","targetHints":{"allow":["GET"]}}],"collection":[{"href":"https:\/\/camarapocao.pe.gov.br\/v1\/wp-json\/wp\/v2\/pages"}],"about":[{"href":"https:\/\/camarapocao.pe.gov.br\/v1\/wp-json\/wp\/v2\/types\/page"}],"author":[{"embeddable":true,"href":"https:\/\/camarapocao.pe.gov.br\/v1\/wp-json\/wp\/v2\/users\/3"}],"replies":[{"embeddable":true,"href":"https:\/\/camarapocao.pe.gov.br\/v1\/wp-json\/wp\/v2\/comments?post=738"}],"version-history":[{"count":6,"href":"https:\/\/camarapocao.pe.gov.br\/v1\/wp-json\/wp\/v2\/pages\/738\/revisions"}],"predecessor-version":[{"id":790,"href":"https:\/\/camarapocao.pe.gov.br\/v1\/wp-json\/wp\/v2\/pages\/738\/revisions\/790"}],"wp:attachment":[{"href":"https:\/\/camarapocao.pe.gov.br\/v1\/wp-json\/wp\/v2\/media?parent=738"}],"curies":[{"name":"wp","href":"https:\/\/api.w.org\/{rel}","templated":true}]}}