{"id":731,"date":"2020-03-15T00:31:19","date_gmt":"2020-03-15T03:31:19","guid":{"rendered":"http:\/\/camarapocao.pe.gov.br\/?page_id=731"},"modified":"2021-01-20T10:56:47","modified_gmt":"2021-01-20T13:56:47","slug":"leis-aprovadas-em-2020","status":"publish","type":"page","link":"https:\/\/camarapocao.pe.gov.br\/v1\/leis-aprovadas-em-2020\/","title":{"rendered":"Leis aprovadas em 2020"},"content":{"rendered":"\n<table class=\"wp-block-table aligncenter is-style-stripes\"><tbody><tr><td><strong>N\u00ba do documento<\/strong><\/td><td> <strong>Descri\u00e7\u00e3o<\/strong> <\/td><td> <strong>Download<\/strong> <\/td><\/tr><tr><td>784<\/td><td>Fixa o valor do vencimento dos Conselheiros Tutelares do Munic\u00edpio de Po\u00e7\u00e3o\/PE e d\u00e1 outras provid\u00eancias<\/td><td><a href=\"http:\/\/www.camarapocao.pe.gov.br\/home\/images\/Consulta\/leis\/2020\/784.pdf\">PDF<\/a><\/td><\/tr><tr><td>785<\/td><td>Fixa o valor dos sal\u00e1rios dos servidores municipais e d\u00e1 outras provid\u00eancias<\/td><td><a href=\"http:\/\/www.camarapocao.pe.gov.br\/home\/images\/Consulta\/leis\/2020\/785.pdf\">PDF<\/a><\/td><\/tr><tr><td>786<\/td><td>Disp\u00f5e sobre o piso salarial dos professores efetivos da rede municipal de ensino e d\u00e1 outras provid\u00eancias.<\/td><td><a href=\"http:\/\/www.camarapocao.pe.gov.br\/home\/images\/Consulta\/leis\/2020\/786.pdf\">PDF<\/a> <\/td><\/tr><tr><td>787<\/td><td> Fixa os subs\u00eddios do Prefeito, Vice-Prefeito e Secret\u00e1rios Municipais para o per\u00edodo da legislatura 2021 a 2024 <\/td><td><a href=\"http:\/\/www.camarapocao.pe.gov.br\/home\/images\/Consulta\/leis\/2020\/787.pdf\">PDF<\/a> <\/td><\/tr><tr><td>788<\/td><td>Disp\u00f5e sobre a cria\u00e7\u00e3o do conselho municipal de meio ambiente<\/td><td><a href=\"http:\/\/www.camarapocao.pe.gov.br\/home\/images\/Consulta\/leis\/2020\/788.pdf\">PDF<\/a> <\/td><\/tr><tr><td>789<\/td><td>Disp\u00f5e sobre a obrigatoriedade de utiliza\u00e7\u00e3o de m\u00e1scaras ou protetores faciais sobre nariz e boca por todas as pessoas em locais p\u00fablicos<\/td><td><a href=\"http:\/\/www.camarapocao.pe.gov.br\/home\/images\/Consulta\/leis\/2020\/789.pdf\">PDF<\/a><\/td><\/tr><tr><td>790<\/td><td>Disp\u00f5es sobre denomina\u00e7\u00e3o de logradouros p\u00fablicos<\/td><td><a href=\"http:\/\/www.camarapocao.pe.gov.br\/home\/images\/Consulta\/leis\/2020\/790.pdf\">PDF<\/a> <\/td><\/tr><tr><td>791<\/td><td>Disp\u00f5es sobre denomina\u00e7\u00e3o de logradouros p\u00fablicos<\/td><td><a href=\"http:\/\/www.camarapocao.pe.gov.br\/home\/images\/Consulta\/leis\/2020\/791.pdf\">PDF<\/a> <\/td><\/tr><tr><td>792<\/td><td>Disp\u00f5es sobre denomina\u00e7\u00e3o de logradouros p\u00fablicos<\/td><td><a href=\"http:\/\/www.camarapocao.pe.gov.br\/home\/images\/Consulta\/leis\/2020\/792.pdf\">PDF<\/a> <\/td><\/tr><tr><td>793<\/td><td>Lei de Diretrizes Or\u00e7ament\u00e1rias referente ao exerc\u00edcio de 2021 &#8211; LDO 2021<\/td><td><a href=\"http:\/\/www.camarapocao.pe.gov.br\/home\/images\/Consulta\/leis\/2020\/793.pdf\">PDF<\/a> <\/td><\/tr><tr><td>794<\/td><td>Disp\u00f5es sobre denomina\u00e7\u00e3o de logradouros p\u00fablicos<\/td><td><a href=\"http:\/\/www.camarapocao.pe.gov.br\/home\/images\/Consulta\/leis\/2020\/794.pdf\">PDF<\/a> <\/td><\/tr><tr><td>795<\/td><td>Disp\u00f5es sobre denomina\u00e7\u00e3o de logradouros p\u00fablicos<\/td><td><a href=\"http:\/\/www.camarapocao.pe.gov.br\/home\/images\/Consulta\/leis\/2020\/795.pdf\">PDF<\/a> <\/td><\/tr><tr><td>796<\/td><td>Disp\u00f5es sobre denomina\u00e7\u00e3o de logradouros p\u00fablicos<\/td><td><a href=\"http:\/\/www.camarapocao.pe.gov.br\/home\/images\/Consulta\/leis\/2020\/796.pdf\">PDF<\/a> <\/td><\/tr><tr><td>797<\/td><td>Disp\u00f5es sobre denomina\u00e7\u00e3o de logradouros p\u00fablicos<\/td><td><a href=\"http:\/\/www.camarapocao.pe.gov.br\/home\/images\/Consulta\/leis\/2020\/797.pdf\">PDF<\/a> <\/td><\/tr><tr><td>798<\/td><td>PPA &#8211; Plano plurianual do munic\u00edpio de Po\u00e7\u00e3o &#8211; PE<\/td><td><a href=\"http:\/\/www.camarapocao.pe.gov.br\/home\/images\/Consulta\/leis\/2020\/798.pdf\">PDF<\/a> <\/td><\/tr><tr><td>799<\/td><td>LOA &#8211; Lei Or\u00e7ament\u00e1ria Anual do munic\u00edpio de Po\u00e7\u00e3o &#8211; PE<\/td><td><a href=\"http:\/\/www.camarapocao.pe.gov.br\/home\/images\/Consulta\/leis\/2020\/799.pdf\">PDF<\/a> <\/td><\/tr><tr><td>800<\/td><td>Disp\u00f5es sobre denomina\u00e7\u00e3o de logradouros p\u00fablicos <\/td><td><a href=\"http:\/\/www.camarapocao.pe.gov.br\/home\/images\/Consulta\/leis\/2020\/800.pdf\">PDF<\/a> <\/td><\/tr><tr><td>801<\/td><td>Disp\u00f5es sobre a cria\u00e7\u00e3o do dia municipal de combate \u00e0s drogas <\/td><td><a href=\"http:\/\/www.camarapocao.pe.gov.br\/home\/images\/Consulta\/leis\/2020\/801.pdf\">PDF<\/a> <\/td><\/tr><\/tbody><\/table>\n\n\n\n<p><\/p>\n","protected":false},"excerpt":{"rendered":"<p>N\u00ba do documento Descri\u00e7\u00e3o Download 784 Fixa o valor do vencimento dos Conselheiros Tutelares do Munic\u00edpio de Po\u00e7\u00e3o\/PE e d\u00e1 outras provid\u00eancias PDF 785 Fixa <a class=\"leiamais\" href=\"https:\/\/camarapocao.pe.gov.br\/v1\/leis-aprovadas-em-2020\/\"><i class=\"fa fa-angle-double-right\" aria-hidden=\"true\"><\/i><br \/>\n<\/a><\/p>\n","protected":false},"author":3,"featured_media":0,"parent":0,"menu_order":0,"comment_status":"closed","ping_status":"closed","template":"","meta":{"footnotes":""},"class_list":["post-731","page","type-page","status-publish","hentry","active"],"aioseo_notices":[],"_links":{"self":[{"href":"https:\/\/camarapocao.pe.gov.br\/v1\/wp-json\/wp\/v2\/pages\/731","targetHints":{"allow":["GET"]}}],"collection":[{"href":"https:\/\/camarapocao.pe.gov.br\/v1\/wp-json\/wp\/v2\/pages"}],"about":[{"href":"https:\/\/camarapocao.pe.gov.br\/v1\/wp-json\/wp\/v2\/types\/page"}],"author":[{"embeddable":true,"href":"https:\/\/camarapocao.pe.gov.br\/v1\/wp-json\/wp\/v2\/users\/3"}],"replies":[{"embeddable":true,"href":"https:\/\/camarapocao.pe.gov.br\/v1\/wp-json\/wp\/v2\/comments?post=731"}],"version-history":[{"count":9,"href":"https:\/\/camarapocao.pe.gov.br\/v1\/wp-json\/wp\/v2\/pages\/731\/revisions"}],"predecessor-version":[{"id":791,"href":"https:\/\/camarapocao.pe.gov.br\/v1\/wp-json\/wp\/v2\/pages\/731\/revisions\/791"}],"wp:attachment":[{"href":"https:\/\/camarapocao.pe.gov.br\/v1\/wp-json\/wp\/v2\/media?parent=731"}],"curies":[{"name":"wp","href":"https:\/\/api.w.org\/{rel}","templated":true}]}}