{"id":611,"date":"2019-03-25T23:36:49","date_gmt":"2019-03-26T02:36:49","guid":{"rendered":"http:\/\/camarapocao.pe.gov.br\/?page_id=611"},"modified":"2020-03-14T20:47:31","modified_gmt":"2020-03-14T23:47:31","slug":"portarias-publicadas-em-2019","status":"publish","type":"page","link":"https:\/\/camarapocao.pe.gov.br\/v1\/portarias-publicadas-em-2019\/","title":{"rendered":"Portarias publicadas em 2019"},"content":{"rendered":"\n<table class=\"wp-block-table is-style-stripes\"><tbody><tr><td><strong>N\u00ba do documento<\/strong><\/td><td><strong>Descri\u00e7\u00e3o<\/strong><\/td><td><strong>Download<\/strong><\/td><\/tr><tr><td>1\/2019<\/td><td>Designa os vereadores Jos\u00e9 Silvestre, Jos\u00e9 Edson e Cosmo da Silva para comporem a Comiss\u00e3o de Representa\u00e7\u00e3o<\/td><td> <a href=\"http:\/\/www.camarapocao.pe.gov.br\/home\/images\/Consulta\/portarias\/2019\/01-2019.pdf\">PDF<\/a> <\/td><\/tr><tr><td>2\/2019<\/td><td>Exonera o senhor Danilo Ribeiro<\/td><td> <a href=\"http:\/\/www.camarapocao.pe.gov.br\/home\/images\/Consulta\/portarias\/2019\/02-2019.pdf\">PDF<\/a> <\/td><\/tr><tr><td>3\/2019<\/td><td>Exonera a Sra. Aline de K\u00e1ssia da Silva<\/td><td> <a href=\"http:\/\/www.camarapocao.pe.gov.br\/home\/images\/Consulta\/portarias\/2019\/03-2019.pdf\">PDF<\/a> <\/td><\/tr><tr><td>4\/2019<\/td><td>Exonera a Sra. Cristiane dos Santos<\/td><td> <a href=\"http:\/\/www.camarapocao.pe.gov.br\/home\/images\/Consulta\/portarias\/2019\/04-2019.pdf\">PDF<\/a> <\/td><\/tr><tr><td>5\/2019<\/td><td>Exonera a Sra. Eliete de Morais<\/td><td> <a href=\"http:\/\/www.camarapocao.pe.gov.br\/home\/images\/Consulta\/portarias\/2019\/05-2019.pdf\">PDF<\/a> <\/td><\/tr><tr><td>6\/2019<\/td><td>Exonera a Sra. Poliana Lins<\/td><td> <a href=\"http:\/\/www.camarapocao.pe.gov.br\/home\/images\/Consulta\/portarias\/2019\/06-2019.pdf\">PDF<\/a> <\/td><\/tr><tr><td>7\/2019<\/td><td>Exonera a Sra. Suzana Bezerra<\/td><td> <a href=\"http:\/\/www.camarapocao.pe.gov.br\/home\/images\/Consulta\/portarias\/2019\/07-2019.pdf\">PDF<\/a> <\/td><\/tr><tr><td>8\/2019<\/td><td>Nomeia a Sra. Aurenice Alves para ocupar o cargo de Tesoureira<\/td><td> <a href=\"http:\/\/www.camarapocao.pe.gov.br\/home\/images\/Consulta\/portarias\/2019\/08-2019.pdf\">PDF<\/a> <\/td><\/tr><tr><td>9\/2019<\/td><td>Determina que o expediente da C\u00e2mara durante o per\u00edodo de recesso ser\u00e1 de 08:00 \u00e0s 11:00 horas, de segunda \u00e0 sexta-feiraPresta\u00e7\u00e3o de servi\u00e7os na retirada e recoloca\u00e7\u00e3o do forro (PVC), do teto do Plen\u00e1rio da C\u00e2mara Municipal, com aplica\u00e7\u00e3o de metalon20x20x90 RPM, e servi\u00e7os el\u00e9tricos<\/td><td> <a href=\"http:\/\/www.camarapocao.pe.gov.br\/home\/images\/Consulta\/portarias\/2019\/09-2019.pdf\">PDF<\/a> <\/td><\/tr><tr><td>10\/2019<\/td><td>Designa o servidor Cl\u00e1udio da Silva para responder cumulativamente pela fun\u00e7\u00e3o de motorista<\/td><td><a href=\"http:\/\/www.camarapocao.pe.gov.br\/home\/images\/Consulta\/portarias\/2019\/10-2019.pdf\">PDF<\/a> <\/td><\/tr><tr><td>11\/2019<\/td><td>Nomea a Sra Cristiane dos Santos para ocupar o cargo de Assistente Parlamentar <\/td><td><a href=\"http:\/\/www.camarapocao.pe.gov.br\/home\/images\/Consulta\/portarias\/2019\/11-2019.pdf\">PDF<\/a> <\/td><\/tr><tr><td>12\/2019<\/td><td>Nomea a Sra. Poliana Lins para ocupar o cargo de Assistente Parlamentar <\/td><td><a href=\"http:\/\/www.camarapocao.pe.gov.br\/home\/images\/Consulta\/portarias\/2019\/12-2019.pdf\">PDF<\/a> <\/td><\/tr><tr><td>13\/2019<\/td><td>Atribui a Sra. Aurenice Campos poderes para movimentar, em conjunto com o Presidente da C\u00e2mara, todas as contas da C\u00e2mara Municipal<\/td><td><a href=\"http:\/\/www.camarapocao.pe.gov.br\/home\/images\/Consulta\/portarias\/2019\/13-2019.pdf\">PDF<\/a> <\/td><\/tr><tr><td>14\/2019<\/td><td>Nomeia a Sra. Suzana Bezerra para ocupar o cargo comissionado de coordenadora do Sistema de Controle Interno <\/td><td><a href=\"http:\/\/www.camarapocao.pe.gov.br\/home\/images\/Consulta\/portarias\/2019\/13-2019.pdf\">PDF<\/a>  <\/td><\/tr><tr><td>15\/2019<\/td><td>Nomeia os servidores Antonio Correia, Poliana Lins e Cl\u00e1udio Bezerra para comporem a comiss\u00e3o de licita\u00e7\u00e3o dessa Casa Legislativa<\/td><td><a href=\"http:\/\/www.camarapocao.pe.gov.br\/home\/images\/Consulta\/portarias\/2019\/15-2019.pdf\">PDF<\/a>  <\/td><\/tr><tr><td>16<br>\/2019 <\/td><td>Designa a Sra Cristiane Raquel dos Santos para representar a unidade gestora da C\u00e2mara Municipal como Gerenciador de Sistema na opera\u00e7\u00e3o do Sistema de Acompanhamento da Gest\u00e3o dos Recursos da Sociedade (SAGRES) &#8211; M\u00f3dulo Licita\u00e7\u00f5es e Contratos &#8211; LICON<\/td><td><a href=\"http:\/\/www.camarapocao.pe.gov.br\/home\/images\/Consulta\/portarias\/2019\/16-2019.pdf\">PDF<\/a>  <\/td><\/tr><tr><td>17<br>\/2019 <\/td><td>Designa a Sra Cristiane Raquel dos Santos para representar a unidade gestora da C\u00e2mara Municipal como Gerenciador de Sistema na opera\u00e7\u00e3o do Sistema de Acompanhamento da Gest\u00e3o dos Recursos da Sociedade (SAGRES) &#8211; M\u00f3dulo Execu\u00e7\u00e3o Or\u00e7ament\u00e1rio e Finceira &#8211; EOF<\/td><td> <br><a href=\"http:\/\/www.camarapocao.pe.gov.br\/home\/images\/Consulta\/portarias\/2019\/17-2019.pdf\">PDF<\/a> <\/td><\/tr><tr><td>18<br>\/2019 <\/td><td>Designa a Sra Cristiane Raquel dos Santos para representar a unidade gestora da C\u00e2mara Municipal como Gerenciador de Sistema na opera\u00e7\u00e3o do Sistema de Acompanhamento da Gest\u00e3o dos Recursos da Sociedade (SAGRES) &#8211; M\u00f3dulo Pessoal <\/td><td><a href=\"http:\/\/www.camarapocao.pe.gov.br\/home\/images\/Consulta\/portarias\/2019\/18-2019.pdf\">PDF<\/a> <\/td><\/tr><tr><td>19<br>\/2019 <\/td><td>Designa a Sra Cristiane Raquel dos Santos para representar a unidade gestora da C\u00e2mara Municipal como Gerenciador de Sistema na opera\u00e7\u00e3o do Sistema de Cadastri da Unidade Gestora &#8211; UG<\/td><td><a href=\"http:\/\/www.camarapocao.pe.gov.br\/home\/images\/Consulta\/portarias\/2019\/16-2019.pdf\">PD<\/a><a href=\"http:\/\/www.camarapocao.pe.gov.br\/home\/images\/Consulta\/portarias\/2019\/19-2019.pdf\">F<\/a> <\/td><\/tr><tr><td>20<br>\/2019 <\/td><td>Nomeia a servidora Layane Mendes para ocupar o cargo comissionado de Secret\u00e1ria Administrativa CCAS-1 <\/td><td><a href=\"http:\/\/www.camarapocao.pe.gov.br\/home\/images\/Consulta\/portarias\/2019\/20-2019.pdf\">PDF<\/a> <\/td><\/tr><tr><td>21\/2019 <\/td><td>Nomeia a servidora Josefa Sueli da Silva para ocupar o cargo comissionado de Assistente Parlamentar CCAP-2<\/td><td><a href=\"http:\/\/www.camarapocao.pe.gov.br\/home\/images\/Consulta\/portarias\/2019\/21-2019.pdf\">PDF<\/a> <\/td><\/tr><tr><td>22<br>\/2019 <\/td><td>Concede ao servidor Givanildo Menino f\u00e9rias anual <\/td><td><a href=\"http:\/\/www.camarapocao.pe.gov.br\/home\/images\/Consulta\/portarias\/2019\/22-2019.pdf\">PDF<\/a> <\/td><\/tr><tr><td>23<br>\/2019 <\/td><td>Designa os vereadores componentes das Comiss\u00f5es de Reda\u00e7\u00e3o e Justi\u00e7a; Or\u00e7amentos e Finan\u00e7as; Educa\u00e7\u00e3o, Sa\u00fade e Assist\u00eancia Social e Obras, urbanismo e servi\u00e7os p\u00fablicos.<\/td><td><a href=\"http:\/\/www.camarapocao.pe.gov.br\/home\/images\/Consulta\/portarias\/2019\/23-2019.pdf\">PDF<\/a> <\/td><\/tr><tr><td>24\/2019<\/td><td>Determina hor\u00e1rio das reuni\u00f5es ordin\u00e1rias da C\u00e2mara Municipal de Po\u00e7\u00e3o. Sendo agora realizada semanalmente nas quintas-feiras e iniciadas \u00e0s 18:30.<\/td><td><a href=\"http:\/\/www.camarapocao.pe.gov.br\/home\/images\/Consulta\/portarias\/2019\/24-2019.pdf\">PDF<\/a><\/td><\/tr><tr><td> 25\/2019 <\/td><td>Nomeia representates do Poder Legislativo no Conselho Municipal de Educa\u00e7\u00e3o<\/td><td><a href=\"http:\/\/www.camarapocao.pe.gov.br\/home\/images\/Consulta\/portarias\/2019\/25-2019.pdf\">PDF<\/a><\/td><\/tr><tr><td>26 <br>\/2019 <\/td><td>Nomeia representates do Poder Legislativo no Conselho Municipal de Desenvolvimento Rural<\/td><td><a href=\"http:\/\/www.camarapocao.pe.gov.br\/home\/images\/Consulta\/portarias\/2019\/26-2019.pdf\">PDF<\/a><\/td><\/tr><tr><td>27 <br>\/2019 <\/td><td>Nomeia representates do Poder Legislativo no Conselho Municipal de Sa\u00fade<\/td><td><a href=\"http:\/\/www.camarapocao.pe.gov.br\/home\/images\/Consulta\/portarias\/2019\/27-2019.pdf\">PDF<\/a><\/td><\/tr><tr><td>28 <br>\/2019 <\/td><td>Nomeia representantes do Poder Legislativo no Conselho Municipal de Assist\u00eancia Social<\/td><td><a href=\"http:\/\/www.camarapocao.pe.gov.br\/home\/images\/Consulta\/portarias\/2019\/28-2019.pdf\">PDF<\/a><\/td><\/tr><tr><td>29\/2019<\/td><td>Designa pessoa qualificada como Gerenciador de Sistema nas opera\u00e7\u00f5es dos sistemas de Processo Eletr\u00f4nico do TCE-PE (e-TCEPE)<\/td><td> <a href=\"http:\/\/www.camarapocao.pe.gov.br\/home\/images\/Consulta\/portarias\/2019\/29-2019.pdf\">PDF<\/a> <\/td><\/tr><tr><td>30 <br>\/2019 <\/td><td>Designa pessoa para ser respons\u00e1vel pelas publica\u00e7\u00f5es oficiais da C\u00e2mara Municipal de Po\u00e7\u00e3o no di\u00e1rio oficial da AMUPE<\/td><td> <br><a href=\"http:\/\/www.camarapocao.pe.gov.br\/home\/images\/Consulta\/portarias\/2019\/30-2019.pdf\">PDF<\/a> <\/td><\/tr><tr><td>31 <br>\/2019 <\/td><td>Normatiza o controle da movimenta\u00e7\u00e3o dos bens patrimoniais m\u00f3veis da C\u00e2mara Municipal de Po\u00e7\u00e3o<\/td><td> <br><a href=\"http:\/\/www.camarapocao.pe.gov.br\/home\/images\/Consulta\/portarias\/2019\/31-2019.pdf\">PDF<\/a> <\/td><\/tr><tr><td>32 <br>\/2019 <\/td><td>Constitui a Comiss\u00e3o de avalia\u00e7\u00e3o dos bens m\u00f3veis e im\u00f3veis da C\u00e2mara Municipal de Po\u00e7\u00e3o<\/td><td> <br><a href=\"http:\/\/www.camarapocao.pe.gov.br\/home\/images\/Consulta\/portarias\/2019\/32-2019.pdf\">PDF<\/a> <\/td><\/tr><tr><td>33 <br>\/2019 <\/td><td>Nomea servidores da C\u00e2mara Municipal para comporem a Comiss\u00e3o de Licita\u00e7\u00e3o da C\u00e2mara de Po\u00e7\u00e3o <\/td><td> <br><a href=\"http:\/\/www.camarapocao.pe.gov.br\/home\/images\/Consulta\/portarias\/2019\/33-2019.pdf\">PDF<\/a> <\/td><\/tr><tr><td>34 <br>\/2019 <\/td><td>Conceder f\u00e9rias anual \u00e0 servidora Cristiane Raquel dos Santos <\/td><td> <br><a href=\"http:\/\/www.camarapocao.pe.gov.br\/home\/images\/Consulta\/portarias\/2019\/34-2019.pdf\">PDF<\/a> <\/td><\/tr><tr><td>35 <br>\/2019 <\/td><td>Suspende as f\u00e9rias da servidora Cristiane Raquel dos Santos <\/td><td> <br><a href=\"http:\/\/www.camarapocao.pe.gov.br\/home\/images\/Consulta\/portarias\/2019\/35-2019.pdf\">PDF<\/a> <\/td><\/tr><tr><td>36\/2019<\/td><td>Conceder f\u00e9rias anual \u00e0 servidora da Claudio Silva<\/td><td><a href=\"http:\/\/www.camarapocao.pe.gov.br\/home\/images\/Consulta\/portarias\/2019\/36-2019.pdf\">PDF<\/a>  <\/td><\/tr><tr><td>37\/2019<\/td><td>Nomeia as vereadoras Ruth Barbosa e Jaciene Freitas para representarem o Poder Legislativo no Conselho Municipal da Mulher<\/td><td> <a href=\"http:\/\/www.camarapocao.pe.gov.br\/home\/images\/Consulta\/portarias\/2019\/37-2019.pdf\">PDF<\/a>   <\/td><\/tr><tr><td>38\/2019<\/td><td>Designa os vereadores Jos\u00e9 Sivestre, Jos\u00e9 Edson e Cosmo da Silva para comporem a Comiss\u00e3o de Representa\u00e7\u00e3o que funcionar\u00e1 durante o per\u00edodo de recesso do Poder Legislativo Municipal do dia 01\/07 \u00e0 31\/07\/2019<\/td><td><a href=\"http:\/\/www.camarapocao.pe.gov.br\/home\/images\/Consulta\/portarias\/2019\/38-2019.pdf\">PDF<\/a>    <\/td><\/tr><tr><td>39\/2019<\/td><td>Determina que o expediente da C\u00e2mara de Po\u00e7\u00e3o durante o per\u00edo de 01\/07 \u00e0 31\/07\/2019 seja de 08:00 \u00e0s 11:00, de segunda \u00e0 sexta-feira<\/td><td><a href=\"http:\/\/www.camarapocao.pe.gov.br\/home\/images\/Consulta\/portarias\/2019\/39-2019.pdf\">PDF<\/a>     <\/td><\/tr><tr><td>40\/2019<\/td><td>Nomea os vereadores Jos\u00e9 Silvestre e Jaciene Freitas para representarem o Poder Legislativo de Po\u00e7\u00e3o no Conselho Municipal de Cultura e Turismo<\/td><td><a href=\"http:\/\/www.camarapocao.pe.gov.br\/home\/images\/Consulta\/portarias\/2019\/40-2019.pdf\">PDF<\/a> <\/td><\/tr><tr><td>41\/2019<\/td><td>Concede ao servidor Antonio Correia Licen\u00e7a Pr\u00eamio referente ao terceiro dec\u00eanio completado em 13\/06\/2016<\/td><td><a href=\"http:\/\/www.camarapocao.pe.gov.br\/home\/images\/Consulta\/portarias\/2019\/41-2019.pdf\">PDF<\/a> <\/td><\/tr><tr><td>42\/2019<\/td><td> Concede a servidora Suzana Paes f\u00e9rias anual  <\/td><td><a href=\"http:\/\/www.camarapocao.pe.gov.br\/home\/images\/Consulta\/portarias\/2019\/42-2019.pdf\">PDF<\/a> <\/td><\/tr><tr><td>43-2019<\/td><td>Designa os vereadores Jos\u00e9 Silvestre, Jos\u00e9 Edson Duarte e Cosmo da SIlva para comporem a Comiss\u00e3o de Representa\u00e7\u00e3o que funcionar\u00e1 durante o per\u00edodo de recesso parlamentar.<\/td><td> <a href=\"http:\/\/www.camarapocao.pe.gov.br\/home\/images\/Consulta\/portarias\/2019\/42-2019.pdf\">PDF<\/a> <\/td><\/tr><tr><td>44-2019<\/td><td>Determina que o expediente da C\u00e2mara Municipal ser\u00e1 de 08:00 \u00e0s 11:00 durante o per\u00edodo de recesso que se iniciar\u00e1 dia 15\/dezembro e se encerra dia 15\/fevereiro.<\/td><td><a href=\"http:\/\/www.camarapocao.pe.gov.br\/home\/images\/Consulta\/portarias\/2019\/44-2019.pdf\">PDF<\/a> <\/td><\/tr><tr><td>45-2019<\/td><td> <br>Concede ao servidor Antonio Duarte Correia f\u00e9rias anual   <\/td><td><a href=\"http:\/\/www.camarapocao.pe.gov.br\/home\/images\/Consulta\/portarias\/2019\/45-2019.pdf\">PDF<\/a> <\/td><\/tr><\/tbody><\/table>\n\n\n\n<p><\/p>\n","protected":false},"excerpt":{"rendered":"<p>N\u00ba do documento Descri\u00e7\u00e3o Download 1\/2019 Designa os vereadores Jos\u00e9 Silvestre, Jos\u00e9 Edson e Cosmo da Silva para comporem a Comiss\u00e3o de Representa\u00e7\u00e3o PDF 2\/2019 <a class=\"leiamais\" href=\"https:\/\/camarapocao.pe.gov.br\/v1\/portarias-publicadas-em-2019\/\"><i class=\"fa fa-angle-double-right\" aria-hidden=\"true\"><\/i><br \/>\n<\/a><\/p>\n","protected":false},"author":3,"featured_media":0,"parent":0,"menu_order":0,"comment_status":"closed","ping_status":"closed","template":"","meta":{"footnotes":""},"class_list":["post-611","page","type-page","status-publish","hentry","active"],"aioseo_notices":[],"_links":{"self":[{"href":"https:\/\/camarapocao.pe.gov.br\/v1\/wp-json\/wp\/v2\/pages\/611","targetHints":{"allow":["GET"]}}],"collection":[{"href":"https:\/\/camarapocao.pe.gov.br\/v1\/wp-json\/wp\/v2\/pages"}],"about":[{"href":"https:\/\/camarapocao.pe.gov.br\/v1\/wp-json\/wp\/v2\/types\/page"}],"author":[{"embeddable":true,"href":"https:\/\/camarapocao.pe.gov.br\/v1\/wp-json\/wp\/v2\/users\/3"}],"replies":[{"embeddable":true,"href":"https:\/\/camarapocao.pe.gov.br\/v1\/wp-json\/wp\/v2\/comments?post=611"}],"version-history":[{"count":12,"href":"https:\/\/camarapocao.pe.gov.br\/v1\/wp-json\/wp\/v2\/pages\/611\/revisions"}],"predecessor-version":[{"id":716,"href":"https:\/\/camarapocao.pe.gov.br\/v1\/wp-json\/wp\/v2\/pages\/611\/revisions\/716"}],"wp:attachment":[{"href":"https:\/\/camarapocao.pe.gov.br\/v1\/wp-json\/wp\/v2\/media?parent=611"}],"curies":[{"name":"wp","href":"https:\/\/api.w.org\/{rel}","templated":true}]}}