{"id":607,"date":"2019-03-24T23:13:34","date_gmt":"2019-03-25T02:13:34","guid":{"rendered":"http:\/\/camarapocao.pe.gov.br\/?page_id=607"},"modified":"2021-01-06T15:31:03","modified_gmt":"2021-01-06T18:31:03","slug":"contratos-fechados-em-2019","status":"publish","type":"page","link":"https:\/\/camarapocao.pe.gov.br\/v1\/contratos-fechados-em-2019\/","title":{"rendered":"Contratos fechados em 2019"},"content":{"rendered":"\n<p><\/p>\n\n\n\n<table class=\"wp-block-table is-style-stripes\"><tbody><tr><td><strong>N\u00ba do documento<\/strong><\/td><td><strong>Descri\u00e7\u00e3o<\/strong><\/td><td><strong>Download<\/strong><\/td><\/tr><tr><td>1\/2019<\/td><td>Contrato para desenvolvimento, implanta\u00e7\u00e3o, manuten\u00e7\u00e3o mensal, suporte e direito de uso do sistema de protocolo SCC.<\/td><td><a href=\"http:\/\/www.camarapocao.pe.gov.br\/home\/images\/Consulta\/contratos\/2019\/01-2019.pdf\">PDF<\/a><\/td><\/tr><tr><td>2\/2019<\/td><td>Contrato de presta\u00e7\u00e3o de servi\u00e7os de elabora\u00e7\u00e3o de novo portal, migra\u00e7\u00e3o de conte\u00fado, hospedagem, manuten\u00e7\u00e3o e atualiza\u00e7\u00e3o de s\u00edtio da C\u00e2mara de Po\u00e7\u00e3o na internet<\/td><td><a href=\"http:\/\/www.camarapocao.pe.gov.br\/home\/images\/Consulta\/contratos\/2019\/02-2019.pdf\">PDF<\/a><\/td><\/tr><tr><td>3\/2019<\/td><td>Contrato de presta\u00e7\u00e3o de servi\u00e7os de fornecimento de enlace dedicado com acesso \u00e0 internet atrav\u00e9s de radiofrequ\u00eancia<\/td><td><a href=\"http:\/\/www.camarapocao.pe.gov.br\/home\/images\/Consulta\/contratos\/2019\/03-2019.pdf\">PDF<\/a><\/td><\/tr><tr><td>4\/2019<\/td><td>Contrata\u00e7\u00e3o de pessoa jur\u00eddica para presta\u00e7\u00e3o de servi\u00e7os especializados com gera\u00e7\u00e3o de folha de pagamentos e seus relat\u00f3rios, assim como loca\u00e7\u00e3o de software<\/td><td><a href=\"http:\/\/www.camarapocao.pe.gov.br\/home\/images\/Consulta\/contratos\/2019\/04-2019.pdf\">PDF<\/a><\/td><\/tr><tr><td>5\/2019<\/td><td>Contrato de presta\u00e7\u00e3o de servi\u00e7os de assessoria e consultoria t\u00e9cnica especializada para orienta\u00e7\u00e3o e acompanhamento t\u00e9cnico cont\u00e1bil<\/td><td><a href=\"http:\/\/www.camarapocao.pe.gov.br\/home\/images\/Consulta\/contratos\/2019\/05-2019.pdf\">PDF<\/a><br><\/td><\/tr><tr><td> <br>6\/2019 <\/td><td>Cess\u00e3o de uso de Sistema de Gerenciamento de Publica\u00e7\u00e3o de Documentos<\/td><td> <br><a href=\"http:\/\/www.camarapocao.pe.gov.br\/home\/images\/Consulta\/contratos\/2019\/06-2019.pdf\">PDF<\/a> <\/td><\/tr><tr><td> <br>7\/2019 <\/td><td>Contrato de presta\u00e7\u00e3o de servi\u00e7os gerais <\/td><td> <br><a href=\"http:\/\/www.camarapocao.pe.gov.br\/home\/images\/Consulta\/contratos\/2019\/07-2019.pdf\">PDF<\/a> <\/td><\/tr><tr><td> <br>8\/2019 <\/td><td>Contrato de presta\u00e7\u00e3o de servi\u00e7os t\u00e9cnicos especializados em consultoria, assessoria e loca\u00e7\u00e3o de software para controle do patrim\u00f4nio da C\u00e2mara Municipal<\/td><td> <br><a href=\"http:\/\/www.camarapocao.pe.gov.br\/home\/images\/Consulta\/contratos\/2019\/08-2019.pdf\">PDF<\/a> <\/td><\/tr><tr><td> <br>9\/2019 <\/td><td>Contrato de presta\u00e7\u00e3o de servi\u00e7os t\u00e9cnicos especializados de assessoria jur\u00eddica-t\u00e9cnico-administrativa<\/td><td> <br><a href=\"http:\/\/www.camarapocao.pe.gov.br\/home\/images\/Consulta\/contratos\/2019\/09-2019.pdf\">PDF<\/a> <\/td><\/tr><tr><td> <br>10\/2019 <\/td><td>Fornecimento de \u00e1gua pot\u00e1vel para atender as necessidades da C\u00e2mara Municipal<\/td><td> <br><a href=\"http:\/\/www.camarapocao.pe.gov.br\/home\/images\/Consulta\/contratos\/2019\/10-2019.pdf\">PDF<\/a> <\/td><\/tr><tr><td>11\/2019<\/td><td>Contrato de presta\u00e7\u00e3o de servi\u00e7os de reparos em geral no pr\u00e9dio da C\u00e2mara Municipal<\/td><td> <br><a href=\"http:\/\/www.camarapocao.pe.gov.br\/home\/images\/Consulta\/contratos\/2019\/11-2019.pdf\">PDF<\/a>  <\/td><\/tr><tr><td>12\/2019 <\/td><td>Contrato de loca\u00e7\u00e3o de imovel para utiliza\u00e7\u00e3o como garagem para ve\u00edculo oficial<\/td><td> <a href=\"http:\/\/www.camarapocao.pe.gov.br\/home\/images\/Consulta\/contratos\/2019\/12-2019.pdf\">PDF<\/a>  <\/td><\/tr><tr><td>13\/2019 <\/td><td>Contrato de presta\u00e7\u00e3o de servi\u00e7os de assessoria e consultoria t\u00e9cnica especializada para orienta\u00e7\u00e3o e acompanhamento t\u00e9cnico cont\u00e1bil, incluindo loca\u00e7\u00e3o de software<\/td><td><a href=\"http:\/\/www.camarapocao.pe.gov.br\/home\/images\/Consulta\/contratos\/2019\/13-2019.pdf\">PDF<\/a>  <\/td><\/tr><tr><td>14\/2019 <\/td><td>Contrato de presta\u00e7\u00e3o de servi\u00e7os de assessoria e consultoria jur\u00eddica <\/td><td><a href=\"http:\/\/www.camarapocao.pe.gov.br\/home\/images\/Consulta\/contratos\/2019\/14-2019.pdf\">PDF<\/a>  <\/td><\/tr><tr><td>Distrato 09\/2019<\/td><td>Termo de distrato contratual de presta\u00e7\u00e3o de servi\u00e7os t\u00e9cnicos especializados de assessoria jur\u00eddica-t\u00e9cnico-administrativa \u00e0 C\u00e2mara Municipal de Po\u00e7\u00e3o referente ao contrato de dispensa 09\/2019<\/td><td><a href=\"http:\/\/www.camarapocao.pe.gov.br\/home\/images\/Consulta\/contratos\/2019\/TE-09-2019.pdf\">PDF<\/a> <\/td><\/tr><tr><td>15\/2019<\/td><td>Contrata\u00e7\u00e3o de empresa para presta\u00e7\u00e3o de servi\u00e7os de digitaliza\u00e7\u00e3o de documentos e convers\u00e3o textual de documentos e fornecimento de software de Gerenciamento Eletr\u00f4nico de Documentos<\/td><td><a href=\"http:\/\/www.camarapocao.pe.gov.br\/home\/images\/Consulta\/contratos\/2019\/15-2019.pdf\">PDF<\/a><\/td><\/tr><tr><td>Termo de ades\u00e3o<\/td><td>Termo de ades\u00e3o \u00e0s cl\u00e1usulas gerais do contrato \u00fanico de presta\u00e7\u00e3o de servi\u00e7os entre a C\u00e2mara Municipal de Po\u00e7\u00e3o e o Banco do Brasil S\/A<\/td><td><a href=\"http:\/\/www.camarapocao.pe.gov.br\/home\/images\/Consulta\/contratos\/2019\/TA-01-2019.pdf\">PDF<\/a><\/td><\/tr><tr><td>Termo aditivo 07\/2019<\/td><td>Primeiro termo aditivo ao Contrato de Presta\u00e7\u00e3o de Servi\u00e7os n\u00ba07\/2019<\/td><td><a href=\"http:\/\/www.camarapocao.pe.gov.br\/home\/images\/Consulta\/contratos\/2019\/TA-07-2019.pdf\">PDF<\/a> <\/td><\/tr><tr><td>16\/2019<\/td><td>Contrato de presta\u00e7\u00e3o de servi\u00e7os de acessoria e consultoria jur\u00eddica e legislativa <\/td><td><a href=\"http:\/\/www.camarapocao.pe.gov.br\/home\/images\/Consulta\/contratos\/2019\/16-2019.pdf\">PDF<\/a> <\/td><\/tr><tr><td>01\/2019 &#8211; Licita\u00e7\u00e3o<\/td><td>Contrato de presta\u00e7\u00e3o de servi\u00e7os profissionais t\u00e9cnicos especializados de consultoria e assessoria administrativa e gerencial na \u00e1rea cont\u00e1bil e financeira.<\/td><td><a href=\"http:\/\/www.camarapocao.pe.gov.br\/home\/images\/Consulta\/contratos\/2019\/01L-2019.pdf\">PDF<\/a> <\/td><\/tr><tr><td>17-2019<\/td><td>Contrata\u00e7\u00e3o de pessoa f\u00edsica ou jur\u00eddica para presta\u00e7\u00e3o de servi\u00e7os de assessoria e consultoria jur\u00eddica<\/td><td><a href=\"http:\/\/www.camarapocao.pe.gov.br\/home\/images\/Consulta\/contratos\/2019\/17-2019.pdf\">PDF<\/a> <\/td><\/tr><tr><td>18-2019<\/td><td>Contrata\u00e7\u00e3o de servi\u00e7os profissionais de filmagem das sess\u00f5es ordin\u00e1rias e extraordin\u00e1rias da C\u00e2mara Municipal de Po\u00e7\u00e3o<\/td><td><a href=\"http:\/\/www.camarapocao.pe.gov.br\/home\/images\/Consulta\/contratos\/2019\/18-2019.pdf\">PDF<\/a> <\/td><\/tr><tr><td>Distrato 01\/2019 <\/td><td> Termo de distrato contratual de presta\u00e7\u00e3o de servi\u00e7os t\u00e9cnicos especializados de assessoria jur\u00eddica-t\u00e9cnico-administrativa \u00e0 C\u00e2mara Municipal de Po\u00e7\u00e3o referente ao contrato de dispensa 01\/2019 <\/td><td><a href=\"http:\/\/www.camarapocao.pe.gov.br\/home\/images\/Consulta\/contratos\/2019\/TE-01-2019.pdf\">PDF<\/a> <\/td><\/tr><tr><td>Distrato 02\/2019 <\/td><td> Termo de distrato contratual de presta\u00e7\u00e3o de servi\u00e7os t\u00e9cnicos especializados de assessoria jur\u00eddica-t\u00e9cnico-administrativa \u00e0 C\u00e2mara Municipal de Po\u00e7\u00e3o referente ao contrato de dispensa 02\/2019 <\/td><td><a href=\"http:\/\/www.camarapocao.pe.gov.br\/home\/images\/Consulta\/contratos\/2019\/TE-02-2019.pdf\">PDF<\/a> <\/td><\/tr><tr><td>Distrato 03\/2019 <\/td><td> Termo de distrato contratual de presta\u00e7\u00e3o de servi\u00e7os t\u00e9cnicos especializados de assessoria jur\u00eddica-t\u00e9cnico-administrativa \u00e0 C\u00e2mara Municipal de Po\u00e7\u00e3o referente ao contrato de dispensa 03\/2019 <\/td><td><a href=\"http:\/\/www.camarapocao.pe.gov.br\/home\/images\/Consulta\/contratos\/2019\/TE-03-2019.pdf\">PDF<\/a> <\/td><\/tr><tr><td>Distrato 06\/2019 <\/td><td> Termo de distrato contratual de presta\u00e7\u00e3o de servi\u00e7os t\u00e9cnicos especializados de assessoria jur\u00eddica-t\u00e9cnico-administrativa \u00e0 C\u00e2mara Municipal de Po\u00e7\u00e3o referente ao contrato de dispensa 06\/2019 <\/td><td><a href=\"http:\/\/www.camarapocao.pe.gov.br\/home\/images\/Consulta\/contratos\/2019\/TE-06-2019.pdf\">PDF<\/a> <\/td><\/tr><tr><td>Distrato 15\/2019 <\/td><td> Termo de distrato contratual de presta\u00e7\u00e3o de servi\u00e7os t\u00e9cnicos especializados de assessoria jur\u00eddica-t\u00e9cnico-administrativa \u00e0 C\u00e2mara Municipal de Po\u00e7\u00e3o referente ao contrato de dispensa 15\/2019 <\/td><td><a href=\"http:\/\/www.camarapocao.pe.gov.br\/home\/images\/Consulta\/contratos\/2019\/TE-15-2019.pdf\">PDF<\/a> <\/td><\/tr><tr><td>Termo aditivo 02\/2019 <\/td><td>Primeiro termo aditivo ao Contrato de Presta\u00e7\u00e3o de Servi\u00e7os n\u00ba02\/2019 <\/td><td><a href=\"http:\/\/www.camarapocao.pe.gov.br\/home\/images\/Consulta\/contratos\/2019\/TA1-02-2019.pdf\">PDF<\/a> <\/td><\/tr><\/tbody><\/table>\n\n\n\n<p><\/p>\n","protected":false},"excerpt":{"rendered":"<p>N\u00ba do documento Descri\u00e7\u00e3o Download 1\/2019 Contrato para desenvolvimento, implanta\u00e7\u00e3o, manuten\u00e7\u00e3o mensal, suporte e direito de uso do sistema de protocolo SCC. PDF 2\/2019 Contrato <a class=\"leiamais\" href=\"https:\/\/camarapocao.pe.gov.br\/v1\/contratos-fechados-em-2019\/\"><i class=\"fa fa-angle-double-right\" aria-hidden=\"true\"><\/i><br \/>\n<\/a><\/p>\n","protected":false},"author":3,"featured_media":0,"parent":0,"menu_order":0,"comment_status":"closed","ping_status":"closed","template":"","meta":{"footnotes":""},"class_list":["post-607","page","type-page","status-publish","hentry","active"],"aioseo_notices":[],"_links":{"self":[{"href":"https:\/\/camarapocao.pe.gov.br\/v1\/wp-json\/wp\/v2\/pages\/607","targetHints":{"allow":["GET"]}}],"collection":[{"href":"https:\/\/camarapocao.pe.gov.br\/v1\/wp-json\/wp\/v2\/pages"}],"about":[{"href":"https:\/\/camarapocao.pe.gov.br\/v1\/wp-json\/wp\/v2\/types\/page"}],"author":[{"embeddable":true,"href":"https:\/\/camarapocao.pe.gov.br\/v1\/wp-json\/wp\/v2\/users\/3"}],"replies":[{"embeddable":true,"href":"https:\/\/camarapocao.pe.gov.br\/v1\/wp-json\/wp\/v2\/comments?post=607"}],"version-history":[{"count":15,"href":"https:\/\/camarapocao.pe.gov.br\/v1\/wp-json\/wp\/v2\/pages\/607\/revisions"}],"predecessor-version":[{"id":777,"href":"https:\/\/camarapocao.pe.gov.br\/v1\/wp-json\/wp\/v2\/pages\/607\/revisions\/777"}],"wp:attachment":[{"href":"https:\/\/camarapocao.pe.gov.br\/v1\/wp-json\/wp\/v2\/media?parent=607"}],"curies":[{"name":"wp","href":"https:\/\/api.w.org\/{rel}","templated":true}]}}