{"id":573,"date":"2019-02-28T15:07:56","date_gmt":"2019-02-28T18:07:56","guid":{"rendered":"http:\/\/camarapocao.pe.gov.br\/?page_id=573"},"modified":"2019-02-28T15:07:56","modified_gmt":"2019-02-28T18:07:56","slug":"contratos-fechados-em-2011","status":"publish","type":"page","link":"https:\/\/camarapocao.pe.gov.br\/v1\/contratos-fechados-em-2011\/","title":{"rendered":"Contratos Fechados em 2011"},"content":{"rendered":"\n<table class=\"wp-block-table is-style-stripes\"><tbody><tr><td><strong>N\u00ba do documento<\/strong><\/td><td><strong>Descri\u00e7\u00e3o<\/strong><\/td><td><strong>Download<\/strong><\/td><\/tr><tr><td>1\/2011<\/td><td>Presta\u00e7\u00e3o de servi\u00e7os de manuten\u00e7\u00e3o e atualiza\u00e7\u00e3o de s\u00edtio da C\u00e2mara Municipal de Vereadores de Po\u00e7\u00e3o-PE, na internet<\/td><td><a href=\"http:\/\/www.camarapocao.pe.gov.br\/home\/images\/Consulta\/contratos\/2011\/01-2011.pdf\">PDF<\/a><\/td><\/tr><tr><td>2\/2011<\/td><td>Contrato de Loca\u00e7\u00e3o de Im\u00f3vel<\/td><td><a href=\"http:\/\/www.camarapocao.pe.gov.br\/home\/images\/Consulta\/contratos\/2011\/02-2011.pdf\">PDF<\/a><\/td><\/tr><tr><td>3\/2011<\/td><td>Presta\u00e7\u00e3o de Servi\u00e7o de Acesso \u00e0 Internet<\/td><td><a href=\"http:\/\/www.camarapocao.pe.gov.br\/home\/images\/Consulta\/contratos\/2011\/03-2011.pdf\">PDF<\/a><\/td><\/tr><tr><td>4\/2011<\/td><td>CONTRATO DE LOCA\u00c7\u00c3O SOFTWARE EM INTERFACE GR\u00c1FICA<\/td><td><a href=\"http:\/\/www.camarapocao.pe.gov.br\/home\/images\/Consulta\/contratos\/2011\/04-2011.pdf\">PDF<\/a><\/td><\/tr><tr><td>5\/2011<\/td><td>CONTRATO DE PRESTA\u00c7\u00c3O DE SERVI\u00c7OS ESPECIALIZADOS DE CONSULTORIA E ASSESSORIA NA \u00c1REA DE RECURSOS HUMANOS<\/td><td><a href=\"http:\/\/www.camarapocao.pe.gov.br\/home\/images\/Consulta\/contratos\/2011\/05-2011.pdf\">PDF<\/a><\/td><\/tr><tr><td>6\/2011<\/td><td>PRESTA\u00c7\u00c3O DE SERVI\u00c7OS DE CONSULTORIA E ASSESSORIA CONT\u00c1BIL E FINANCEIRA<\/td><td><a href=\"http:\/\/www.camarapocao.pe.gov.br\/home\/images\/Consulta\/contratos\/2011\/06-2011.pdf\">PDF<\/a><\/td><\/tr><tr><td>7\/2011<\/td><td>Loca\u00e7\u00e3o de Im\u00f3vel<\/td><td><a href=\"http:\/\/www.camarapocao.pe.gov.br\/home\/images\/Consulta\/contratos\/2011\/07-2011.pdf\">PDF<\/a><\/td><\/tr><tr><td>7\/2011 (Rescis\u00e3o)<\/td><td>Termo de Rescis\u00e3o ao Contrato N\u00b007\/2011<\/td><td><a href=\"http:\/\/www.camarapocao.pe.gov.br\/home\/images\/Consulta\/contratos\/2011\/07-2011_termo.pdf\">PDF<\/a><\/td><\/tr><tr><td>8\/2011<\/td><td>Contrata\u00e7\u00e3o de servi\u00e7os \nt\u00e9cnicos de assessoria e consultoria juridica, na \u00e1rea de Direito \nFinanceiro e Administrativo, para desenvolver os servi\u00e7os que seguem \ndescriminados<\/td><td><a href=\"http:\/\/www.camarapocao.pe.gov.br\/home\/images\/Consulta\/contratos\/2011\/08-2011.pdf\">PDF<\/a><\/td><\/tr><tr><td>9\/2011<\/td><td>Presta\u00e7\u00e3o de servi\u00e7os \nprofissionais de assessoria e consultoria jur\u00eddica legislativa \u00e0 C\u00e2mara \nMunicipal de Po\u00e7\u00e3o-PE, de desenvolver os servi\u00e7os que seguem \ndesecriminados \u2026<\/td><td><a href=\"http:\/\/www.camarapocao.pe.gov.br\/home\/images\/Consulta\/contratos\/2011\/09-2011.pdf\">PDF<\/a><\/td><\/tr><tr><td>10\/2011<\/td><td>Presta\u00e7\u00e3o de servi\u00e7os \n&nbsp;t\u00e9cnicos de consultoria e assessoria para orientar os servidores \nvinculados a C\u00e2mara, nas \u00e1reas t\u00e9cno cont\u00e1bil, financeira e \nor\u00e7ament\u00e1ria, conforme\u2026<\/td><td><a href=\"http:\/\/www.camarapocao.pe.gov.br\/home\/images\/Consulta\/contratos\/2011\/10-2011.pdf\">PDF<\/a><\/td><\/tr><\/tbody><\/table>\n","protected":false},"excerpt":{"rendered":"<p>N\u00ba do documento Descri\u00e7\u00e3o Download 1\/2011 Presta\u00e7\u00e3o de servi\u00e7os de manuten\u00e7\u00e3o e atualiza\u00e7\u00e3o de s\u00edtio da C\u00e2mara Municipal de Vereadores de Po\u00e7\u00e3o-PE, na internet PDF <a class=\"leiamais\" href=\"https:\/\/camarapocao.pe.gov.br\/v1\/contratos-fechados-em-2011\/\"><i class=\"fa fa-angle-double-right\" aria-hidden=\"true\"><\/i><br \/>\n<\/a><\/p>\n","protected":false},"author":2,"featured_media":0,"parent":0,"menu_order":0,"comment_status":"closed","ping_status":"closed","template":"","meta":{"footnotes":""},"class_list":["post-573","page","type-page","status-publish","hentry","active"],"aioseo_notices":[],"_links":{"self":[{"href":"https:\/\/camarapocao.pe.gov.br\/v1\/wp-json\/wp\/v2\/pages\/573","targetHints":{"allow":["GET"]}}],"collection":[{"href":"https:\/\/camarapocao.pe.gov.br\/v1\/wp-json\/wp\/v2\/pages"}],"about":[{"href":"https:\/\/camarapocao.pe.gov.br\/v1\/wp-json\/wp\/v2\/types\/page"}],"author":[{"embeddable":true,"href":"https:\/\/camarapocao.pe.gov.br\/v1\/wp-json\/wp\/v2\/users\/2"}],"replies":[{"embeddable":true,"href":"https:\/\/camarapocao.pe.gov.br\/v1\/wp-json\/wp\/v2\/comments?post=573"}],"version-history":[{"count":1,"href":"https:\/\/camarapocao.pe.gov.br\/v1\/wp-json\/wp\/v2\/pages\/573\/revisions"}],"predecessor-version":[{"id":574,"href":"https:\/\/camarapocao.pe.gov.br\/v1\/wp-json\/wp\/v2\/pages\/573\/revisions\/574"}],"wp:attachment":[{"href":"https:\/\/camarapocao.pe.gov.br\/v1\/wp-json\/wp\/v2\/media?parent=573"}],"curies":[{"name":"wp","href":"https:\/\/api.w.org\/{rel}","templated":true}]}}