{"id":555,"date":"2019-02-25T15:17:05","date_gmt":"2019-02-25T18:17:05","guid":{"rendered":"http:\/\/camarapocao.pe.gov.br\/v1\/?page_id=555"},"modified":"2019-02-25T15:17:05","modified_gmt":"2019-02-25T18:17:05","slug":"resolucoes-aprovadas-em-2013","status":"publish","type":"page","link":"https:\/\/camarapocao.pe.gov.br\/v1\/resolucoes-aprovadas-em-2013\/","title":{"rendered":"Resolu\u00e7\u00f5es aprovadas em 2013"},"content":{"rendered":"\n<table class=\"wp-block-table is-style-stripes\"><tbody><tr><td><strong>N\u00ba do documento<\/strong><\/td><td><strong>Descri\u00e7\u00e3o<\/strong><\/td><td><strong>Download<\/strong><\/td><\/tr><tr><td>85\/2013<\/td><td>Rejeita as contas do exerc\u00edcio de 2010 da Prefeitura Municipal de Po\u00e7\u00e3o &#8211; Processo TC N\u00ba1170069-5<\/td><td><a href=\"http:\/\/www.camarapocao.pe.gov.br\/home\/images\/Consulta\/resolucoes\/85-2013.pdf\" target=\"_blank\" rel=\"noreferrer noopener\">PDF<\/a><\/td><\/tr><tr><td>86\/2013<\/td><td>Disp\u00f5e sobre o or\u00e7amento do Poder Legislativo Municipal para o Exerc\u00edcio Financeiro de 2014 e d\u00e1 outras provic\u00eancias<\/td><td><a href=\"http:\/\/www.camarapocao.pe.gov.br\/home\/images\/Consulta\/resolucoes\/86-2013.pdf\" target=\"_blank\" rel=\"noreferrer noopener\">PDF<\/a><\/td><\/tr><\/tbody><\/table>\n","protected":false},"excerpt":{"rendered":"<p>N\u00ba do documento Descri\u00e7\u00e3o Download 85\/2013 Rejeita as contas do exerc\u00edcio de 2010 da Prefeitura Municipal de Po\u00e7\u00e3o &#8211; Processo TC N\u00ba1170069-5 PDF 86\/2013 Disp\u00f5e <a class=\"leiamais\" href=\"https:\/\/camarapocao.pe.gov.br\/v1\/resolucoes-aprovadas-em-2013\/\"><i class=\"fa fa-angle-double-right\" aria-hidden=\"true\"><\/i><br \/>\n<\/a><\/p>\n","protected":false},"author":2,"featured_media":0,"parent":0,"menu_order":0,"comment_status":"closed","ping_status":"closed","template":"","meta":{"footnotes":""},"class_list":["post-555","page","type-page","status-publish","hentry","active"],"aioseo_notices":[],"_links":{"self":[{"href":"https:\/\/camarapocao.pe.gov.br\/v1\/wp-json\/wp\/v2\/pages\/555","targetHints":{"allow":["GET"]}}],"collection":[{"href":"https:\/\/camarapocao.pe.gov.br\/v1\/wp-json\/wp\/v2\/pages"}],"about":[{"href":"https:\/\/camarapocao.pe.gov.br\/v1\/wp-json\/wp\/v2\/types\/page"}],"author":[{"embeddable":true,"href":"https:\/\/camarapocao.pe.gov.br\/v1\/wp-json\/wp\/v2\/users\/2"}],"replies":[{"embeddable":true,"href":"https:\/\/camarapocao.pe.gov.br\/v1\/wp-json\/wp\/v2\/comments?post=555"}],"version-history":[{"count":1,"href":"https:\/\/camarapocao.pe.gov.br\/v1\/wp-json\/wp\/v2\/pages\/555\/revisions"}],"predecessor-version":[{"id":556,"href":"https:\/\/camarapocao.pe.gov.br\/v1\/wp-json\/wp\/v2\/pages\/555\/revisions\/556"}],"wp:attachment":[{"href":"https:\/\/camarapocao.pe.gov.br\/v1\/wp-json\/wp\/v2\/media?parent=555"}],"curies":[{"name":"wp","href":"https:\/\/api.w.org\/{rel}","templated":true}]}}