{"id":551,"date":"2019-02-25T15:16:18","date_gmt":"2019-02-25T18:16:18","guid":{"rendered":"http:\/\/camarapocao.pe.gov.br\/v1\/?page_id=551"},"modified":"2019-02-25T15:16:18","modified_gmt":"2019-02-25T18:16:18","slug":"resolucoes-aprovadas-em-2010","status":"publish","type":"page","link":"https:\/\/camarapocao.pe.gov.br\/v1\/resolucoes-aprovadas-em-2010\/","title":{"rendered":"Resolu\u00e7\u00f5es aprovadas em 2010"},"content":{"rendered":"\n<table class=\"wp-block-table is-style-stripes\"><tbody><tr><td><strong>N\u00ba do documento<\/strong><\/td><td><strong>Descri\u00e7\u00e3o<\/strong><\/td><td><strong>Download<\/strong><\/td><\/tr><tr><td>82\/2010<\/td><td>Disp\u00f5e \nsobre a aprova\u00e7\u00e3o total da Presta\u00e7\u00e3o de Contas da Prefeitura Municipal \nde Po\u00e7\u00e3o-PE, exerc\u00edcio 2006. Acolhe-se ainda a decis\u00e3o T.C. n\u00ba0091\/2010<\/td><td><a href=\"http:\/\/www.camarapocao.pe.gov.br\/home\/images\/Consulta\/resolucoes\/82-2010.pdf\" target=\"_blank\" rel=\"noreferrer noopener\">PDF<\/a><\/td><\/tr><tr><td>83\/2010<\/td><td>Disp\u00f5e \nsobre a aprova\u00e7\u00e3o total de Presta\u00e7\u00e3o de Contas da Prefeitura Municipal \nde Po\u00e7\u00e3o-PE, exerc\u00edcio 2007. Acolhe-se ainda a decis\u00e3o T.C. n\u00ba0202\/10.<\/td><td><a href=\"http:\/\/www.camarapocao.pe.gov.br\/home\/images\/Consulta\/resolucoes\/83-2010.pdf\" target=\"_blank\" rel=\"noreferrer noopener\">PDF<\/a><\/td><\/tr><\/tbody><\/table>\n","protected":false},"excerpt":{"rendered":"<p>N\u00ba do documento Descri\u00e7\u00e3o Download 82\/2010 Disp\u00f5e sobre a aprova\u00e7\u00e3o total da Presta\u00e7\u00e3o de Contas da Prefeitura Municipal de Po\u00e7\u00e3o-PE, exerc\u00edcio 2006. Acolhe-se ainda a <a class=\"leiamais\" href=\"https:\/\/camarapocao.pe.gov.br\/v1\/resolucoes-aprovadas-em-2010\/\"><i class=\"fa fa-angle-double-right\" aria-hidden=\"true\"><\/i><br \/>\n<\/a><\/p>\n","protected":false},"author":2,"featured_media":0,"parent":0,"menu_order":0,"comment_status":"closed","ping_status":"closed","template":"","meta":{"footnotes":""},"class_list":["post-551","page","type-page","status-publish","hentry","active"],"aioseo_notices":[],"_links":{"self":[{"href":"https:\/\/camarapocao.pe.gov.br\/v1\/wp-json\/wp\/v2\/pages\/551","targetHints":{"allow":["GET"]}}],"collection":[{"href":"https:\/\/camarapocao.pe.gov.br\/v1\/wp-json\/wp\/v2\/pages"}],"about":[{"href":"https:\/\/camarapocao.pe.gov.br\/v1\/wp-json\/wp\/v2\/types\/page"}],"author":[{"embeddable":true,"href":"https:\/\/camarapocao.pe.gov.br\/v1\/wp-json\/wp\/v2\/users\/2"}],"replies":[{"embeddable":true,"href":"https:\/\/camarapocao.pe.gov.br\/v1\/wp-json\/wp\/v2\/comments?post=551"}],"version-history":[{"count":1,"href":"https:\/\/camarapocao.pe.gov.br\/v1\/wp-json\/wp\/v2\/pages\/551\/revisions"}],"predecessor-version":[{"id":552,"href":"https:\/\/camarapocao.pe.gov.br\/v1\/wp-json\/wp\/v2\/pages\/551\/revisions\/552"}],"wp:attachment":[{"href":"https:\/\/camarapocao.pe.gov.br\/v1\/wp-json\/wp\/v2\/media?parent=551"}],"curies":[{"name":"wp","href":"https:\/\/api.w.org\/{rel}","templated":true}]}}