{"id":545,"date":"2019-02-25T15:12:05","date_gmt":"2019-02-25T18:12:05","guid":{"rendered":"http:\/\/camarapocao.pe.gov.br\/v1\/?page_id=545"},"modified":"2019-02-25T15:12:14","modified_gmt":"2019-02-25T18:12:14","slug":"resolucoes-aprovadas-em-2008","status":"publish","type":"page","link":"https:\/\/camarapocao.pe.gov.br\/v1\/resolucoes-aprovadas-em-2008\/","title":{"rendered":"Resolu\u00e7\u00f5es aprovadas em 2008"},"content":{"rendered":"\n<p><br><\/p>\n\n\n\n<table class=\"wp-block-table is-style-stripes\"><tbody><tr><td><strong>N\u00ba do documento<\/strong><\/td><td><strong>Descri\u00e7\u00e3o<\/strong><\/td><td><strong>Download<\/strong><\/td><\/tr><tr><td>78\/2008<\/td><td>Disp\u00f5e \nsobre a aprova\u00e7\u00e3o da presta\u00e7\u00e3o decontadas da Prefeitura Municpal de \nPo\u00e7\u00e3o, exerc\u00edcio 2005, acolhendo-se ainda a Decis\u00e3o T.C. N\u00ba 1226\/07<\/td><td><a href=\"http:\/\/www.camarapocao.pe.gov.br\/home\/images\/Consulta\/resolucoes\/78-2008.pdf\" target=\"_blank\" rel=\"noreferrer noopener\">PDF<\/a><\/td><\/tr><tr><td>79\/2008<\/td><td>Fixa instru\u00e7\u00f5es para realiza\u00e7\u00e3o de Elei\u00e7\u00e3o Indireta para os cargos de Prefeito e Vice-Prefeito do Munic\u00edpio de Po\u00e7\u00e3o<\/td><td><a href=\"http:\/\/www.camarapocao.pe.gov.br\/home\/images\/Consulta\/resolucoes\/79-2008.pdf\" target=\"_blank\" rel=\"noreferrer noopener\">PDF<\/a><\/td><\/tr><\/tbody><\/table>\n","protected":false},"excerpt":{"rendered":"<p>N\u00ba do documento Descri\u00e7\u00e3o Download 78\/2008 Disp\u00f5e sobre a aprova\u00e7\u00e3o da presta\u00e7\u00e3o decontadas da Prefeitura Municpal de Po\u00e7\u00e3o, exerc\u00edcio 2005, acolhendo-se ainda a Decis\u00e3o T.C. <a class=\"leiamais\" href=\"https:\/\/camarapocao.pe.gov.br\/v1\/resolucoes-aprovadas-em-2008\/\"><i class=\"fa fa-angle-double-right\" aria-hidden=\"true\"><\/i><br \/>\n<\/a><\/p>\n","protected":false},"author":2,"featured_media":0,"parent":0,"menu_order":0,"comment_status":"closed","ping_status":"closed","template":"","meta":{"footnotes":""},"class_list":["post-545","page","type-page","status-publish","hentry","active"],"aioseo_notices":[],"_links":{"self":[{"href":"https:\/\/camarapocao.pe.gov.br\/v1\/wp-json\/wp\/v2\/pages\/545","targetHints":{"allow":["GET"]}}],"collection":[{"href":"https:\/\/camarapocao.pe.gov.br\/v1\/wp-json\/wp\/v2\/pages"}],"about":[{"href":"https:\/\/camarapocao.pe.gov.br\/v1\/wp-json\/wp\/v2\/types\/page"}],"author":[{"embeddable":true,"href":"https:\/\/camarapocao.pe.gov.br\/v1\/wp-json\/wp\/v2\/users\/2"}],"replies":[{"embeddable":true,"href":"https:\/\/camarapocao.pe.gov.br\/v1\/wp-json\/wp\/v2\/comments?post=545"}],"version-history":[{"count":2,"href":"https:\/\/camarapocao.pe.gov.br\/v1\/wp-json\/wp\/v2\/pages\/545\/revisions"}],"predecessor-version":[{"id":547,"href":"https:\/\/camarapocao.pe.gov.br\/v1\/wp-json\/wp\/v2\/pages\/545\/revisions\/547"}],"wp:attachment":[{"href":"https:\/\/camarapocao.pe.gov.br\/v1\/wp-json\/wp\/v2\/media?parent=545"}],"curies":[{"name":"wp","href":"https:\/\/api.w.org\/{rel}","templated":true}]}}