{"id":514,"date":"2019-02-25T14:34:18","date_gmt":"2019-02-25T17:34:18","guid":{"rendered":"http:\/\/camarapocao.pe.gov.br\/v1\/?page_id=514"},"modified":"2019-02-25T14:34:18","modified_gmt":"2019-02-25T17:34:18","slug":"decretos-aprovados-em-1999","status":"publish","type":"page","link":"https:\/\/camarapocao.pe.gov.br\/v1\/decretos-aprovados-em-1999\/","title":{"rendered":"Decretos aprovados em 1999"},"content":{"rendered":"\n<table class=\"wp-block-table is-style-stripes\"><tbody><tr><td><strong>N\u00ba do documento<\/strong><\/td><td><strong>Descri\u00e7\u00e3o<\/strong><\/td><td><strong>Download<\/strong><\/td><\/tr><tr><td>10<\/td><td>Disp\u00f5e sobre concess\u00e3o de T\u00edtulo de Cidad\u00e3o do Munic\u00edpio de Po\u00e7\u00e3o, Estado de Pernambuco e determina outras provid\u00eancias<\/td><td><a href=\"http:\/\/www.camarapocao.pe.gov.br\/home\/images\/Consulta\/decretos\/1999\/10.pdf\" target=\"_blank\" rel=\"noreferrer noopener\">PDF<\/a><\/td><\/tr><tr><td>11<\/td><td>Disp\u00f5e sobre concess\u00e3o de Medalhas Malaquias Viera e determina outras provid\u00eancias<\/td><td><a href=\"http:\/\/www.camarapocao.pe.gov.br\/home\/images\/Consulta\/decretos\/1999\/11.pdf\" target=\"_blank\" rel=\"noreferrer noopener\">PDF<\/a><\/td><\/tr><\/tbody><\/table>\n","protected":false},"excerpt":{"rendered":"<p>N\u00ba do documento Descri\u00e7\u00e3o Download 10 Disp\u00f5e sobre concess\u00e3o de T\u00edtulo de Cidad\u00e3o do Munic\u00edpio de Po\u00e7\u00e3o, Estado de Pernambuco e determina outras provid\u00eancias PDF <a class=\"leiamais\" href=\"https:\/\/camarapocao.pe.gov.br\/v1\/decretos-aprovados-em-1999\/\"><i class=\"fa fa-angle-double-right\" aria-hidden=\"true\"><\/i><br \/>\n<\/a><\/p>\n","protected":false},"author":2,"featured_media":0,"parent":0,"menu_order":0,"comment_status":"closed","ping_status":"closed","template":"","meta":{"footnotes":""},"class_list":["post-514","page","type-page","status-publish","hentry","active"],"aioseo_notices":[],"_links":{"self":[{"href":"https:\/\/camarapocao.pe.gov.br\/v1\/wp-json\/wp\/v2\/pages\/514","targetHints":{"allow":["GET"]}}],"collection":[{"href":"https:\/\/camarapocao.pe.gov.br\/v1\/wp-json\/wp\/v2\/pages"}],"about":[{"href":"https:\/\/camarapocao.pe.gov.br\/v1\/wp-json\/wp\/v2\/types\/page"}],"author":[{"embeddable":true,"href":"https:\/\/camarapocao.pe.gov.br\/v1\/wp-json\/wp\/v2\/users\/2"}],"replies":[{"embeddable":true,"href":"https:\/\/camarapocao.pe.gov.br\/v1\/wp-json\/wp\/v2\/comments?post=514"}],"version-history":[{"count":1,"href":"https:\/\/camarapocao.pe.gov.br\/v1\/wp-json\/wp\/v2\/pages\/514\/revisions"}],"predecessor-version":[{"id":515,"href":"https:\/\/camarapocao.pe.gov.br\/v1\/wp-json\/wp\/v2\/pages\/514\/revisions\/515"}],"wp:attachment":[{"href":"https:\/\/camarapocao.pe.gov.br\/v1\/wp-json\/wp\/v2\/media?parent=514"}],"curies":[{"name":"wp","href":"https:\/\/api.w.org\/{rel}","templated":true}]}}