{"id":508,"date":"2019-02-25T14:30:50","date_gmt":"2019-02-25T17:30:50","guid":{"rendered":"http:\/\/camarapocao.pe.gov.br\/v1\/?page_id=508"},"modified":"2019-02-25T14:30:50","modified_gmt":"2019-02-25T17:30:50","slug":"decretos-aprovados-em-2017","status":"publish","type":"page","link":"https:\/\/camarapocao.pe.gov.br\/v1\/decretos-aprovados-em-2017\/","title":{"rendered":"Decretos aprovados em 2017"},"content":{"rendered":"\n<table class=\"wp-block-table is-style-stripes\"><tbody><tr><td><strong>N\u00ba do documento<\/strong><\/td><td><strong>Descri\u00e7\u00e3o<\/strong><\/td><td><strong>Download<\/strong><\/td><\/tr><tr><td>01<\/td><td>Disp\u00f5es sobre concess\u00e3o de t\u00edtulo de cidad\u00e3o po\u00e7\u00e3oense&nbsp;<\/td><td><a href=\"http:\/\/www.camarapocao.pe.gov.br\/home\/images\/Consulta\/decretos\/2017\/01.pdf\" target=\"_blank\" rel=\"noreferrer noopener\">PDF<\/a><\/td><\/tr><tr><td>02<\/td><td>Disp\u00f5es sobre concess\u00e3o de t\u00edtulo de cidad\u00e3o po\u00e7\u00e3oense&nbsp;<\/td><td><a href=\"http:\/\/www.camarapocao.pe.gov.br\/home\/images\/Consulta\/decretos\/2017\/02.pdf\" target=\"_blank\" rel=\"noreferrer noopener\">PDF<\/a><\/td><\/tr><tr><td>03<\/td><td>Disp\u00f5es sobre concess\u00e3o de t\u00edtulo de cidad\u00e3o po\u00e7\u00e3oense&nbsp;<\/td><td><a href=\"http:\/\/www.camarapocao.pe.gov.br\/home\/images\/Consulta\/decretos\/2017\/03.pdf\" target=\"_blank\" rel=\"noreferrer noopener\">PDF<\/a><\/td><\/tr><tr><td>04<\/td><td>Disp\u00f5es sobre concess\u00e3o de t\u00edtulo de cidad\u00e3o po\u00e7\u00e3oense&nbsp;<\/td><td><a href=\"http:\/\/www.camarapocao.pe.gov.br\/home\/images\/Consulta\/decretos\/2017\/04.pdf\" target=\"_blank\" rel=\"noreferrer noopener\">PDF<\/a><\/td><\/tr><tr><td>05<\/td><td>Disp\u00f5es sobre concess\u00e3o de t\u00edtulo de cidad\u00e3o po\u00e7\u00e3oense&nbsp;<\/td><td><a href=\"http:\/\/www.camarapocao.pe.gov.br\/home\/images\/Consulta\/decretos\/2017\/05.pdf\" target=\"_blank\" rel=\"noreferrer noopener\">PDF<\/a><\/td><\/tr><tr><td>06<\/td><td>Disp\u00f5es sobre concess\u00e3o de t\u00edtulo de cidad\u00e3o po\u00e7\u00e3oense&nbsp;<\/td><td><a href=\"http:\/\/www.camarapocao.pe.gov.br\/home\/images\/Consulta\/decretos\/2017\/06.pdf\" target=\"_blank\" rel=\"noreferrer noopener\">PDF<\/a><\/td><\/tr><tr><td>07<\/td><td>Disp\u00f5es sobre concess\u00e3o de t\u00edtulo de cidad\u00e3o po\u00e7\u00e3oense&nbsp;<\/td><td><a href=\"http:\/\/www.camarapocao.pe.gov.br\/home\/images\/Consulta\/decretos\/2017\/07.pdf\" target=\"_blank\" rel=\"noreferrer noopener\">PDF<\/a><\/td><\/tr><\/tbody><\/table>\n","protected":false},"excerpt":{"rendered":"<p>N\u00ba do documento Descri\u00e7\u00e3o Download 01 Disp\u00f5es sobre concess\u00e3o de t\u00edtulo de cidad\u00e3o po\u00e7\u00e3oense&nbsp; PDF 02 Disp\u00f5es sobre concess\u00e3o de t\u00edtulo de cidad\u00e3o po\u00e7\u00e3oense&nbsp; PDF <a class=\"leiamais\" href=\"https:\/\/camarapocao.pe.gov.br\/v1\/decretos-aprovados-em-2017\/\"><i class=\"fa fa-angle-double-right\" aria-hidden=\"true\"><\/i><br \/>\n<\/a><\/p>\n","protected":false},"author":2,"featured_media":0,"parent":0,"menu_order":0,"comment_status":"closed","ping_status":"closed","template":"","meta":{"footnotes":""},"class_list":["post-508","page","type-page","status-publish","hentry","active"],"aioseo_notices":[],"_links":{"self":[{"href":"https:\/\/camarapocao.pe.gov.br\/v1\/wp-json\/wp\/v2\/pages\/508","targetHints":{"allow":["GET"]}}],"collection":[{"href":"https:\/\/camarapocao.pe.gov.br\/v1\/wp-json\/wp\/v2\/pages"}],"about":[{"href":"https:\/\/camarapocao.pe.gov.br\/v1\/wp-json\/wp\/v2\/types\/page"}],"author":[{"embeddable":true,"href":"https:\/\/camarapocao.pe.gov.br\/v1\/wp-json\/wp\/v2\/users\/2"}],"replies":[{"embeddable":true,"href":"https:\/\/camarapocao.pe.gov.br\/v1\/wp-json\/wp\/v2\/comments?post=508"}],"version-history":[{"count":1,"href":"https:\/\/camarapocao.pe.gov.br\/v1\/wp-json\/wp\/v2\/pages\/508\/revisions"}],"predecessor-version":[{"id":509,"href":"https:\/\/camarapocao.pe.gov.br\/v1\/wp-json\/wp\/v2\/pages\/508\/revisions\/509"}],"wp:attachment":[{"href":"https:\/\/camarapocao.pe.gov.br\/v1\/wp-json\/wp\/v2\/media?parent=508"}],"curies":[{"name":"wp","href":"https:\/\/api.w.org\/{rel}","templated":true}]}}