{"id":506,"date":"2019-02-25T14:30:07","date_gmt":"2019-02-25T17:30:07","guid":{"rendered":"http:\/\/camarapocao.pe.gov.br\/v1\/?page_id=506"},"modified":"2019-02-25T14:30:07","modified_gmt":"2019-02-25T17:30:07","slug":"decretos-aprovados-em-2016","status":"publish","type":"page","link":"https:\/\/camarapocao.pe.gov.br\/v1\/decretos-aprovados-em-2016\/","title":{"rendered":"Decretos aprovados em 2016"},"content":{"rendered":"\n<table class=\"wp-block-table is-style-stripes\"><tbody><tr><td><strong>N\u00ba do documento<\/strong><\/td><td><strong>Descri\u00e7\u00e3o<\/strong><\/td><td><strong>Download<\/strong><\/td><\/tr><tr><td>01<\/td><td>Disp\u00f5es sobre concess\u00e3o de t\u00edtulo de cidad\u00e3o po\u00e7\u00e3oense&nbsp;<\/td><td><a href=\"http:\/\/www.camarapocao.pe.gov.br\/home\/images\/Consulta\/decretos\/2016\/01.pdf\" target=\"_blank\" rel=\"noreferrer noopener\">PDF<\/a><\/td><\/tr><tr><td>02<\/td><td>Disp\u00f5es sobre concess\u00e3o de t\u00edtulo de cidad\u00e3o po\u00e7\u00e3oense&nbsp;<\/td><td><a href=\"http:\/\/www.camarapocao.pe.gov.br\/home\/images\/Consulta\/decretos\/2016\/02.pdf\" target=\"_blank\" rel=\"noreferrer noopener\">PDF<\/a><\/td><\/tr><tr><td>03<\/td><td>Disp\u00f5es sobre concess\u00e3o de t\u00edtulo de cidad\u00e3o po\u00e7\u00e3oense&nbsp;<\/td><td><a href=\"http:\/\/www.camarapocao.pe.gov.br\/home\/images\/Consulta\/decretos\/2016\/03.pdf\" target=\"_blank\" rel=\"noreferrer noopener\">PDF<\/a><\/td><\/tr><tr><td>04<\/td><td>Disp\u00f5es sobre concess\u00e3o de t\u00edtulo de cidad\u00e3o po\u00e7\u00e3oense&nbsp;<\/td><td><a href=\"http:\/\/www.camarapocao.pe.gov.br\/home\/images\/Consulta\/decretos\/2016\/04.pdf\" target=\"_blank\" rel=\"noreferrer noopener\">PDF<\/a><\/td><\/tr><tr><td>05<\/td><td>Disp\u00f5e sobre a concess\u00e3o de MEDALHA MALAQUIAS VIEIRA e determina outras provid\u00eancias<\/td><td><a href=\"http:\/\/www.camarapocao.pe.gov.br\/home\/images\/Consulta\/decretos\/2016\/05.pdf\" target=\"_blank\" rel=\"noreferrer noopener\">PDF<\/a><\/td><\/tr><tr><td>06<\/td><td>Disp\u00f5e sobre a concess\u00e3o de T\u00edtulo de cidad\u00e3o do munic\u00edpio de Po\u00e7\u00e3o e d\u00e1 outras provid\u00eancias.<\/td><td><a href=\"http:\/\/www.camarapocao.pe.gov.br\/home\/images\/Consulta\/decretos\/2016\/06.pdf\" target=\"_blank\" rel=\"noreferrer noopener\">PDF<\/a><\/td><\/tr><tr><td>07<\/td><td>Disp\u00f5e sobre a concess\u00e3o de Medalha Malaquias Vieira e determina outras provid\u00eancias<\/td><td><a href=\"http:\/\/www.camarapocao.pe.gov.br\/home\/images\/Consulta\/decretos\/2016\/07.pdf\" target=\"_blank\" rel=\"noreferrer noopener\">PDF<\/a><\/td><\/tr><tr><td>08<\/td><td>Indispon\u00edvel<\/td><td><a href=\"http:\/\/www.camarapocao.pe.gov.br\/home\/images\/Consulta\/decretos\/2016\/08.pdf\" target=\"_blank\" rel=\"noreferrer noopener\">PDF<\/a><\/td><\/tr><tr><td>09<\/td><td>Disp\u00f5e sobre a concess\u00e3o de Medalha Malaquias Vieira e determina outras provid\u00eancias<\/td><td><a href=\"http:\/\/www.camarapocao.pe.gov.br\/home\/images\/Consulta\/decretos\/2016\/09.pdf\" target=\"_blank\" rel=\"noreferrer noopener\">PDF<\/a><\/td><\/tr><tr><td>10<\/td><td>Disp\u00f5e sobre a concess\u00e3o de T\u00edtulo de cidad\u00e3o do munic\u00edpio de Po\u00e7\u00e3o e d\u00e1 outras provid\u00eancias.<\/td><td><a href=\"http:\/\/www.camarapocao.pe.gov.br\/home\/images\/Consulta\/decretos\/2016\/10.pdf\" target=\"_blank\" rel=\"noreferrer noopener\">PDF<\/a><\/td><\/tr><\/tbody><\/table>\n","protected":false},"excerpt":{"rendered":"<p>N\u00ba do documento Descri\u00e7\u00e3o Download 01 Disp\u00f5es sobre concess\u00e3o de t\u00edtulo de cidad\u00e3o po\u00e7\u00e3oense&nbsp; PDF 02 Disp\u00f5es sobre concess\u00e3o de t\u00edtulo de cidad\u00e3o po\u00e7\u00e3oense&nbsp; PDF <a class=\"leiamais\" href=\"https:\/\/camarapocao.pe.gov.br\/v1\/decretos-aprovados-em-2016\/\"><i class=\"fa fa-angle-double-right\" aria-hidden=\"true\"><\/i><br \/>\n<\/a><\/p>\n","protected":false},"author":2,"featured_media":0,"parent":0,"menu_order":0,"comment_status":"closed","ping_status":"closed","template":"","meta":{"footnotes":""},"class_list":["post-506","page","type-page","status-publish","hentry","active"],"aioseo_notices":[],"_links":{"self":[{"href":"https:\/\/camarapocao.pe.gov.br\/v1\/wp-json\/wp\/v2\/pages\/506","targetHints":{"allow":["GET"]}}],"collection":[{"href":"https:\/\/camarapocao.pe.gov.br\/v1\/wp-json\/wp\/v2\/pages"}],"about":[{"href":"https:\/\/camarapocao.pe.gov.br\/v1\/wp-json\/wp\/v2\/types\/page"}],"author":[{"embeddable":true,"href":"https:\/\/camarapocao.pe.gov.br\/v1\/wp-json\/wp\/v2\/users\/2"}],"replies":[{"embeddable":true,"href":"https:\/\/camarapocao.pe.gov.br\/v1\/wp-json\/wp\/v2\/comments?post=506"}],"version-history":[{"count":1,"href":"https:\/\/camarapocao.pe.gov.br\/v1\/wp-json\/wp\/v2\/pages\/506\/revisions"}],"predecessor-version":[{"id":507,"href":"https:\/\/camarapocao.pe.gov.br\/v1\/wp-json\/wp\/v2\/pages\/506\/revisions\/507"}],"wp:attachment":[{"href":"https:\/\/camarapocao.pe.gov.br\/v1\/wp-json\/wp\/v2\/media?parent=506"}],"curies":[{"name":"wp","href":"https:\/\/api.w.org\/{rel}","templated":true}]}}