{"id":451,"date":"2019-02-25T12:07:57","date_gmt":"2019-02-25T15:07:57","guid":{"rendered":"http:\/\/camarapocao.pe.gov.br\/v1\/?page_id=451"},"modified":"2019-02-25T12:07:57","modified_gmt":"2019-02-25T15:07:57","slug":"licitacoes-aprovadas-em-2012","status":"publish","type":"page","link":"https:\/\/camarapocao.pe.gov.br\/v1\/licitacoes-aprovadas-em-2012\/","title":{"rendered":"Licita\u00e7\u00f5es aprovadas em 2012"},"content":{"rendered":"\n<table class=\"wp-block-table is-style-stripes\"><tbody><tr><td><strong>N\u00ba do documento<\/strong><\/td><td><strong>Descri\u00e7\u00e3o<\/strong><\/td><td><strong>Download<\/strong><\/td><\/tr><tr><td>01<\/td><td>Processo licitat\u00f3rio, tem por finalidade a aquisi\u00e7\u00e3o de 01 (um) ve\u00edculo de fabrica\u00e7\u00e3o nacional, &#8216;zero quilometro&#8217;.<\/td><td><a href=\"http:\/\/www.camarapocao.pe.gov.br\/home\/images\/Consulta\/licitacoes\/2012\/01-2012.pdf\" target=\"_blank\" rel=\"noreferrer noopener\">PDF<\/a><\/td><\/tr><\/tbody><\/table>\n","protected":false},"excerpt":{"rendered":"<p>N\u00ba do documento Descri\u00e7\u00e3o Download 01 Processo licitat\u00f3rio, tem por finalidade a aquisi\u00e7\u00e3o de 01 (um) ve\u00edculo de fabrica\u00e7\u00e3o nacional, &#8216;zero quilometro&#8217;. PDF<\/p>\n","protected":false},"author":2,"featured_media":0,"parent":0,"menu_order":0,"comment_status":"closed","ping_status":"closed","template":"","meta":{"footnotes":""},"class_list":["post-451","page","type-page","status-publish","hentry","active"],"aioseo_notices":[],"_links":{"self":[{"href":"https:\/\/camarapocao.pe.gov.br\/v1\/wp-json\/wp\/v2\/pages\/451","targetHints":{"allow":["GET"]}}],"collection":[{"href":"https:\/\/camarapocao.pe.gov.br\/v1\/wp-json\/wp\/v2\/pages"}],"about":[{"href":"https:\/\/camarapocao.pe.gov.br\/v1\/wp-json\/wp\/v2\/types\/page"}],"author":[{"embeddable":true,"href":"https:\/\/camarapocao.pe.gov.br\/v1\/wp-json\/wp\/v2\/users\/2"}],"replies":[{"embeddable":true,"href":"https:\/\/camarapocao.pe.gov.br\/v1\/wp-json\/wp\/v2\/comments?post=451"}],"version-history":[{"count":1,"href":"https:\/\/camarapocao.pe.gov.br\/v1\/wp-json\/wp\/v2\/pages\/451\/revisions"}],"predecessor-version":[{"id":452,"href":"https:\/\/camarapocao.pe.gov.br\/v1\/wp-json\/wp\/v2\/pages\/451\/revisions\/452"}],"wp:attachment":[{"href":"https:\/\/camarapocao.pe.gov.br\/v1\/wp-json\/wp\/v2\/media?parent=451"}],"curies":[{"name":"wp","href":"https:\/\/api.w.org\/{rel}","templated":true}]}}