{"id":448,"date":"2019-02-25T12:06:31","date_gmt":"2019-02-25T15:06:31","guid":{"rendered":"http:\/\/camarapocao.pe.gov.br\/v1\/?page_id=448"},"modified":"2019-02-25T12:06:31","modified_gmt":"2019-02-25T15:06:31","slug":"licitacoes-aprovadas-em-2011","status":"publish","type":"page","link":"https:\/\/camarapocao.pe.gov.br\/v1\/licitacoes-aprovadas-em-2011\/","title":{"rendered":"Licita\u00e7\u00f5es aprovadas em 2011"},"content":{"rendered":"\n<table class=\"wp-block-table is-style-stripes\"><tbody><tr><td><strong>N\u00ba do documento<\/strong><\/td><td><strong>Descri\u00e7\u00e3o<\/strong><\/td><td><strong>Download<\/strong><\/td><\/tr><tr><td>01<\/td><td>Processo licitat\u00f3rio, com fim da contrata\u00e7\u00e3o de presta\u00e7\u00e3o de servi\u00e7os de assessoria e consultoria legislativa<\/td><td><a href=\"http:\/\/www.camarapocao.pe.gov.br\/home\/images\/Consulta\/licitacoes\/2011\/01-2011.pdf\" target=\"_blank\" rel=\"noreferrer noopener\">PDF<\/a><\/td><\/tr><tr><td>02<\/td><td>Processo \nlicitat\u00f3rio (Modalidade convite), para contrata\u00e7\u00e3o de pessoa f\u00edsica \nespecializada na presta\u00e7\u00e3o de servi\u00e7os t\u00e9cnicos de consultoria e \nassessoria para orientar os servidores vinculados<\/td><td><a href=\"http:\/\/www.camarapocao.pe.gov.br\/home\/images\/Consulta\/licitacoes\/2011\/02-2011.pdf\" target=\"_blank\" rel=\"noreferrer noopener\">PDF<\/a><\/td><\/tr><\/tbody><\/table>\n","protected":false},"excerpt":{"rendered":"<p>N\u00ba do documento Descri\u00e7\u00e3o Download 01 Processo licitat\u00f3rio, com fim da contrata\u00e7\u00e3o de presta\u00e7\u00e3o de servi\u00e7os de assessoria e consultoria legislativa PDF 02 Processo licitat\u00f3rio <a class=\"leiamais\" href=\"https:\/\/camarapocao.pe.gov.br\/v1\/licitacoes-aprovadas-em-2011\/\"><i class=\"fa fa-angle-double-right\" aria-hidden=\"true\"><\/i><br \/>\n<\/a><\/p>\n","protected":false},"author":2,"featured_media":0,"parent":0,"menu_order":0,"comment_status":"closed","ping_status":"closed","template":"","meta":{"footnotes":""},"class_list":["post-448","page","type-page","status-publish","hentry","active"],"aioseo_notices":[],"_links":{"self":[{"href":"https:\/\/camarapocao.pe.gov.br\/v1\/wp-json\/wp\/v2\/pages\/448","targetHints":{"allow":["GET"]}}],"collection":[{"href":"https:\/\/camarapocao.pe.gov.br\/v1\/wp-json\/wp\/v2\/pages"}],"about":[{"href":"https:\/\/camarapocao.pe.gov.br\/v1\/wp-json\/wp\/v2\/types\/page"}],"author":[{"embeddable":true,"href":"https:\/\/camarapocao.pe.gov.br\/v1\/wp-json\/wp\/v2\/users\/2"}],"replies":[{"embeddable":true,"href":"https:\/\/camarapocao.pe.gov.br\/v1\/wp-json\/wp\/v2\/comments?post=448"}],"version-history":[{"count":1,"href":"https:\/\/camarapocao.pe.gov.br\/v1\/wp-json\/wp\/v2\/pages\/448\/revisions"}],"predecessor-version":[{"id":449,"href":"https:\/\/camarapocao.pe.gov.br\/v1\/wp-json\/wp\/v2\/pages\/448\/revisions\/449"}],"wp:attachment":[{"href":"https:\/\/camarapocao.pe.gov.br\/v1\/wp-json\/wp\/v2\/media?parent=448"}],"curies":[{"name":"wp","href":"https:\/\/api.w.org\/{rel}","templated":true}]}}