{"id":446,"date":"2019-02-24T10:28:19","date_gmt":"2019-02-24T13:28:19","guid":{"rendered":"http:\/\/camarapocao.pe.gov.br\/v1\/?page_id=446"},"modified":"2019-04-01T21:36:01","modified_gmt":"2019-04-02T00:36:01","slug":"leis-aprovadas-em-2018","status":"publish","type":"page","link":"https:\/\/camarapocao.pe.gov.br\/v1\/leis-aprovadas-em-2018\/","title":{"rendered":"Leis aprovadas em: 2018"},"content":{"rendered":"\n<table class=\"wp-block-table is-style-stripes\"><tbody><tr><td><strong>N\u00ba do documento<\/strong><\/td><td><strong>Descri\u00e7\u00e3o<\/strong><\/td><td><strong>Download<\/strong><\/td><\/tr><tr><td>752<\/td><td>Fixa o valor do sal\u00e1rio m\u00ednimo dos servidores municipais e d\u00e1 outras provid\u00eancias&nbsp;<\/td><td><a href=\"http:\/\/www.camarapocao.pe.gov.br\/home\/images\/Consulta\/leis\/2018\/752.pdf\" target=\"_blank\" rel=\"noreferrer noopener\">PDF<\/a><\/td><\/tr><tr><td>753<\/td><td>Disp\u00f5e sobre o piso salarial dos professores efetivos da rede municipal de ensino e d\u00e1 outras provid\u00eancias.<\/td><td><a href=\"http:\/\/www.camarapocao.pe.gov.br\/home\/images\/Consulta\/leis\/2018\/753.pdf\" target=\"_blank\" rel=\"noreferrer noopener\">PDF<\/a><\/td><\/tr><tr><td>754<\/td><td>Disp\u00f5es sobre a denomina\u00e7\u00e3o de rua e determina outras provid\u00eancias<\/td><td><a href=\"http:\/\/www.camarapocao.pe.gov.br\/home\/images\/Consulta\/leis\/2018\/754.pdf\" target=\"_blank\" rel=\"noreferrer noopener\">PDF<\/a><\/td><\/tr><tr><td>755<\/td><td>Disp\u00f5es sobre a denomina\u00e7\u00e3o de rua e determina outras provid\u00eancias<\/td><td><a href=\"http:\/\/www.camarapocao.pe.gov.br\/home\/images\/Consulta\/leis\/2018\/755.pdf\" target=\"_blank\" rel=\"noreferrer noopener\">PDF<\/a><\/td><\/tr><tr><td>756<\/td><td>Disp\u00f5e sobre a ratifica\u00e7\u00e3o do Protocolo de Inten\u00e7\u00f5es para a celebra\u00e7\u00e3o de contrato de cons\u00f3rcio p\u00fablico.<\/td><td><a href=\"http:\/\/www.camarapocao.pe.gov.br\/home\/images\/Consulta\/leis\/2018\/756.pdf\" target=\"_blank\" rel=\"noreferrer noopener\">PDF<\/a><\/td><\/tr><tr><td>757<\/td><td>Disp\u00f5e \nsobre a constitui\u00e7\u00e3o do Servi\u00e7o de Inspe\u00e7a Municipal e dos procedimentos\n de inspe\u00e7\u00e3o sanit\u00e1ria em estabelecimentos que produzam e comercializem \nprodutos de origem animal em Po\u00e7\u00e3o\/PE<\/td><td><a href=\"http:\/\/www.camarapocao.pe.gov.br\/home\/images\/Consulta\/leis\/2018\/757.pdf\" target=\"_blank\" rel=\"noreferrer noopener\">PDF<\/a><\/td><\/tr><tr><td>758<\/td><td>Disp\u00f5e sobre denomina\u00e7\u00e3o de ruas, avenidas, pr\u00e9dios, logradouros p\u00fablicos e d\u00e1 outras provid\u00eancias<\/td><td><a href=\"http:\/\/www.camarapocao.pe.gov.br\/home\/images\/Consulta\/leis\/2018\/758.pdf\" target=\"_blank\" rel=\"noreferrer noopener\">PDF<\/a><\/td><\/tr><tr><td>759<\/td><td>Disp\u00f5es sobre autoriza\u00e7\u00e3o para abertura de cr\u00e9dito adicional especial e d\u00e1 outras provid\u00eancias<\/td><td><a href=\"http:\/\/www.camarapocao.pe.gov.br\/home\/images\/Consulta\/leis\/2018\/759.pdf\" target=\"_blank\" rel=\"noreferrer noopener\">PDF<\/a><\/td><\/tr><tr><td>760<\/td><td>Altera e revoga dispositivos da Lei Municipal n\u00ba 749\/2017, que fixa o valor para os d\u00e9bitos judiciais a serem pagos mediante requisi\u00e7\u00e3o de pequeno valor pelo munic\u00edpio<\/td><td><a href=\"http:\/\/www.camarapocao.pe.gov.br\/home\/images\/Consulta\/leis\/2018\/760.pdf\" target=\"_blank\" rel=\"noreferrer noopener\">PDF<\/a><\/td><\/tr><tr><td>761<\/td><td>Estabelece as diretrizes or\u00e7ament\u00e1rias para o exerc\u00edcio de 2019 e d\u00e1 outras provid\u00eancias.<\/td><td><a href=\"http:\/\/www.camarapocao.pe.gov.br\/home\/images\/Consulta\/leis\/2018\/761.zip\" target=\"_blank\" rel=\"noreferrer noopener\">PDF<\/a><\/td><\/tr><tr><td>762<\/td><td>Disp\u00f5em sobre denomina\u00e7\u00e3o de logradouros p\u00fablicos e determina outras provid\u00eancias<\/td><td><a href=\"http:\/\/www.camarapocao.pe.gov.br\/home\/images\/Consulta\/leis\/2018\/762.pdf\" target=\"_blank\" rel=\"noreferrer noopener\">PDF<\/a><\/td><\/tr><tr><td>763<\/td><td>Disp\u00f5em sobre denomina\u00e7\u00e3o de logradouros p\u00fablicos e determina outras provid\u00eancias<\/td><td><a href=\"http:\/\/www.camarapocao.pe.gov.br\/home\/images\/Consulta\/leis\/2018\/763.pdf\" target=\"_blank\" rel=\"noreferrer noopener\">PDF<\/a><\/td><\/tr><tr><td>764<\/td><td>Altera o quantitativo dos cargos auxiliares de servi\u00e7os gerais e de motorista, constantes no Anexo II da Lei n\u00ba 690\/2015<\/td><td><a href=\"http:\/\/www.camarapocao.pe.gov.br\/home\/images\/Consulta\/leis\/2018\/764.pdf\" target=\"_blank\" rel=\"noreferrer noopener\">PDF<\/a><\/td><\/tr><tr><td>765<\/td><td>Plano plurianual do munic\u00edpio de Po\u00e7\u00e3o\/PE<\/td><td><a href=\"http:\/\/www.camarapocao.pe.gov.br\/home\/images\/Consulta\/leis\/2018\/765.zip\" target=\"_blank\" rel=\"noreferrer noopener\" aria-label=\" (abre numa nova aba)\">PDF<\/a><\/td><\/tr><tr><td>766<\/td><td>Estima a receita e fixa a despesa do munic\u00edpio de Po\u00e7\u00e3o para o exerc\u00edcio financeiro de 2019<\/td><td><a href=\"http:\/\/www.camarapocao.pe.gov.br\/home\/images\/Consulta\/leis\/2018\/766.zip\">PDF<\/a><\/td><\/tr><\/tbody><\/table>\n","protected":false},"excerpt":{"rendered":"<p>N\u00ba do documento Descri\u00e7\u00e3o Download 752 Fixa o valor do sal\u00e1rio m\u00ednimo dos servidores municipais e d\u00e1 outras provid\u00eancias&nbsp; PDF 753 Disp\u00f5e sobre o piso <a class=\"leiamais\" href=\"https:\/\/camarapocao.pe.gov.br\/v1\/leis-aprovadas-em-2018\/\"><i class=\"fa fa-angle-double-right\" aria-hidden=\"true\"><\/i><br \/>\n<\/a><\/p>\n","protected":false},"author":2,"featured_media":0,"parent":0,"menu_order":0,"comment_status":"closed","ping_status":"closed","template":"","meta":{"footnotes":""},"class_list":["post-446","page","type-page","status-publish","hentry","active"],"aioseo_notices":[],"_links":{"self":[{"href":"https:\/\/camarapocao.pe.gov.br\/v1\/wp-json\/wp\/v2\/pages\/446","targetHints":{"allow":["GET"]}}],"collection":[{"href":"https:\/\/camarapocao.pe.gov.br\/v1\/wp-json\/wp\/v2\/pages"}],"about":[{"href":"https:\/\/camarapocao.pe.gov.br\/v1\/wp-json\/wp\/v2\/types\/page"}],"author":[{"embeddable":true,"href":"https:\/\/camarapocao.pe.gov.br\/v1\/wp-json\/wp\/v2\/users\/2"}],"replies":[{"embeddable":true,"href":"https:\/\/camarapocao.pe.gov.br\/v1\/wp-json\/wp\/v2\/comments?post=446"}],"version-history":[{"count":3,"href":"https:\/\/camarapocao.pe.gov.br\/v1\/wp-json\/wp\/v2\/pages\/446\/revisions"}],"predecessor-version":[{"id":624,"href":"https:\/\/camarapocao.pe.gov.br\/v1\/wp-json\/wp\/v2\/pages\/446\/revisions\/624"}],"wp:attachment":[{"href":"https:\/\/camarapocao.pe.gov.br\/v1\/wp-json\/wp\/v2\/media?parent=446"}],"curies":[{"name":"wp","href":"https:\/\/api.w.org\/{rel}","templated":true}]}}