{"id":444,"date":"2019-02-24T10:27:30","date_gmt":"2019-02-24T13:27:30","guid":{"rendered":"http:\/\/camarapocao.pe.gov.br\/v1\/?page_id=444"},"modified":"2023-08-06T23:16:23","modified_gmt":"2023-08-07T02:16:23","slug":"leis-aprovadas-em-2017","status":"publish","type":"page","link":"https:\/\/camarapocao.pe.gov.br\/v1\/leis-aprovadas-em-2017\/","title":{"rendered":"Leis aprovadas em 2017"},"content":{"rendered":"\r\n<table class=\"wp-block-table is-style-stripes\">\r\n<tbody>\r\n<tr>\r\n<td><strong>N\u00ba do documento<\/strong><\/td>\r\n<td><strong>Descri\u00e7\u00e3o<\/strong><\/td>\r\n<td><strong>Download<\/strong><\/td>\r\n<\/tr>\r\n<tr>\r\n<td>727<\/td>\r\n<td>Estima receita e fixa despesa do munic\u00edpio de Po\u00e7\u00e3o para o exerc\u00edcio de 2017<\/td>\r\n<td><a href=\"http:\/\/www.camarapocao.pe.gov.br\/home\/images\/Consulta\/leis\/2017\/727.pdf\" target=\"_blank\" rel=\"noreferrer noopener\">PDF<\/a><\/td>\r\n<\/tr>\r\n<tr>\r\n<td>728<\/td>\r\n<td>Disp\u00f5e sobre o piso salarial da rede municipal de Po\u00e7\u00e3o\u00a0a rede municipal de ensino e d\u00e1 outras provid\u00eancias.<\/td>\r\n<td><a href=\"http:\/\/www.camarapocao.pe.gov.br\/home\/images\/Consulta\/leis\/2017\/728.pdf\" target=\"_blank\" rel=\"noreferrer noopener\">PDF<\/a><\/td>\r\n<\/tr>\r\n<tr>\r\n<td>729<\/td>\r\n<td>Disp\u00f5es sobre denomina\u00e7\u00e3o do CAPS (Centro de Aten\u00e7\u00e3o Ps\u00edquico Social) de Po\u00e7\u00e3o\/PE., e determina outras provid\u00eancias.<\/td>\r\n<td><a href=\"http:\/\/www.camarapocao.pe.gov.br\/home\/images\/Consulta\/leis\/2017\/729.pdf\" target=\"_blank\" rel=\"noreferrer noopener\">PDF<\/a><\/td>\r\n<\/tr>\r\n<tr>\r\n<td>730<\/td>\r\n<td>Disp\u00f5e sobre a denomina\u00e7\u00e3o de pr\u00e9dio p\u00fablico p\u00fablico no munic\u00edpio de Po\u00e7\u00e3o\/PE e d\u00e1 outras provid\u00eancias.<\/td>\r\n<td><a href=\"http:\/\/www.camarapocao.pe.gov.br\/home\/images\/Consulta\/leis\/2017\/730.pdf\" target=\"_blank\" rel=\"noreferrer noopener\">PDF<\/a><\/td>\r\n<\/tr>\r\n<tr>\r\n<td>731<\/td>\r\n<td>Disp\u00f5e sobre a denomina\u00e7\u00e3o de rua e determina outras provid\u00eancias<\/td>\r\n<td><a href=\"http:\/\/www.camarapocao.pe.gov.br\/home\/images\/Consulta\/leis\/2017\/731.pdf\" target=\"_blank\" rel=\"noreferrer noopener\">PDF<\/a><\/td>\r\n<\/tr>\r\n<tr>\r\n<td>732<\/td>\r\n<td>Fixa o valor do sal\u00e1rio m\u00ednimo dos servidores municipais e d\u00e1 outras provid\u00eancias.<\/td>\r\n<td><a href=\"http:\/\/www.camarapocao.pe.gov.br\/home\/images\/Consulta\/leis\/2017\/733.pdf\" target=\"_blank\" rel=\"noreferrer noopener\">PDF<\/a><\/td>\r\n<\/tr>\r\n<tr>\r\n<td>733<\/td>\r\n<td>Fixa em real os valores a serem pagos aos membros da Comiss\u00e3o Permanente de Licita\u00e7\u00e3o da C\u00e2mara Municipal de Po\u00e7\u00e3o\/Pernambuco.<\/td>\r\n<td><a href=\"http:\/\/www.camarapocao.pe.gov.br\/home\/images\/Consulta\/leis\/2017\/733.pdf\" target=\"_blank\" rel=\"noreferrer noopener\">PDF<\/a><\/td>\r\n<\/tr>\r\n<tr>\r\n<td>734<\/td>\r\n<td>Disp\u00f5e sobre a denomina\u00e7\u00e3o de rua e determina outras provid\u00eancias.<\/td>\r\n<td><a href=\"http:\/\/www.camarapocao.pe.gov.br\/home\/images\/Consulta\/leis\/2017\/734.pdf\" target=\"_blank\" rel=\"noreferrer noopener\">PDF<\/a><\/td>\r\n<\/tr>\r\n<tr>\r\n<td>735<\/td>\r\n<td>Altera os anexos da Lei 716\/2016, reajustando em 11% a remunera\u00e7\u00e3o dos servidores da C\u00e2mara Municipal de Po\u00e7\u00e3o e d\u00e1 outras provid\u00eancias<\/td>\r\n<td><a href=\"http:\/\/www.camarapocao.pe.gov.br\/home\/images\/Consulta\/leis\/2017\/735.pdf\" target=\"_blank\" rel=\"noreferrer noopener\">PDF<\/a><\/td>\r\n<\/tr>\r\n<tr>\r\n<td>736<\/td>\r\n<td>Disp\u00f5e sobre a denomina\u00e7\u00e3o de rua e determina outras provid\u00eancias.<\/td>\r\n<td><a href=\"http:\/\/www.camarapocao.pe.gov.br\/home\/images\/Consulta\/leis\/2017\/736.pdf\" target=\"_blank\" rel=\"noreferrer noopener\">PDF<\/a><\/td>\r\n<\/tr>\r\n<tr>\r\n<td>737<\/td>\r\n<td>Disp\u00f5e sobre a denomina\u00e7\u00e3o do plen\u00e1rio e determina outras provid\u00eancias<\/td>\r\n<td><a href=\"http:\/\/www.camarapocao.pe.gov.br\/home\/images\/Consulta\/leis\/2017\/737.pdf\" target=\"_blank\" rel=\"noreferrer noopener\">PDF<\/a><\/td>\r\n<\/tr>\r\n<tr>\r\n<td>738<\/td>\r\n<td>Disp\u00f5e sobre a denomina\u00e7\u00e3o de sala e determina outras provid\u00eancias.<\/td>\r\n<td><a href=\"http:\/\/www.camarapocao.pe.gov.br\/home\/images\/Consulta\/leis\/2017\/738.pdf\" target=\"_blank\" rel=\"noreferrer noopener\">PDF<\/a><\/td>\r\n<\/tr>\r\n<tr>\r\n<td>739<\/td>\r\n<td>Fixa valores e regulamenta a concess\u00e3o de di\u00e1rias aos agentes pol\u00edticos, servidores p\u00fablicos e colaboradores eventuais no munic\u00edpio de Po\u00e7\u00e3o e d\u00e1 outras provid\u00eancias correlatas.<\/td>\r\n<td><a href=\"http:\/\/www.camarapocao.pe.gov.br\/home\/images\/Consulta\/leis\/2017\/739.pdf\" target=\"_blank\" rel=\"noreferrer noopener\">PDF<\/a><\/td>\r\n<\/tr>\r\n<tr>\r\n<td>740<\/td>\r\n<td>Disp\u00f5e sobre a autoriza\u00e7\u00e3o para abertura de cr\u00e9dito adicional especial e d\u00e1 outras provid\u00eancias<\/td>\r\n<td><a href=\"http:\/\/www.camarapocao.pe.gov.br\/home\/images\/Consulta\/leis\/2017\/740.pdf\" target=\"_blank\" rel=\"noreferrer noopener\">PDF<\/a><\/td>\r\n<\/tr>\r\n<tr>\r\n<td>741<\/td>\r\n<td>Disp\u00f5e sobre a autoriza\u00e7\u00e3o para abertura de Cr\u00e9dito Adicional Espeial e d\u00e1 outras provid\u00eancias.<\/td>\r\n<td><a href=\"http:\/\/www.camarapocao.pe.gov.br\/home\/images\/Consulta\/leis\/2017\/741.pdf\" target=\"_blank\" rel=\"noreferrer noopener\">PDF<\/a><\/td>\r\n<\/tr>\r\n<tr>\r\n<td>742<\/td>\r\n<td>Institui o Fundo Municipal de Cultura e Turismo e d\u00e1 outras provid\u00eancias<\/td>\r\n<td><a href=\"http:\/\/www.camarapocao.pe.gov.br\/home\/images\/Consulta\/leis\/2017\/742.pdf\" target=\"_blank\" rel=\"noreferrer noopener\">PDF<\/a>\u00a0<\/td>\r\n<\/tr>\r\n<tr>\r\n<td>743<\/td>\r\n<td>Institui o conselho Municipal de Esporte e Meio Ambiente, o Fundo Municipal de esporte e meio ambiente e d\u00e1 outras provid\u00eancias<\/td>\r\n<td><a href=\"http:\/\/www.camarapocao.pe.gov.br\/home\/images\/Consulta\/leis\/2017\/743.pdf\" target=\"_blank\" rel=\"noreferrer noopener\">PDF<\/a>\u00a0<\/td>\r\n<\/tr>\r\n<tr>\r\n<td>744<\/td>\r\n<td>Estabelece as diretrizes or\u00e7ament\u00e1rias para o exerc\u00edcio de 2018 e d\u00e1 outras provid\u00eancias.<\/td>\r\n<td><a href=\"http:\/\/www.camarapocao.pe.gov.br\/home\/images\/Consulta\/leis\/2017\/744.pdf\" target=\"_blank\" rel=\"noreferrer noopener\">PDF<\/a><\/td>\r\n<\/tr>\r\n<tr>\r\n<td>745<\/td>\r\n<td>Disp\u00f5e sobre a proibi\u00e7\u00e3o de perman\u00eancia de animais de m\u00e9dio e grande porte soltos nas ruas, logradouros p\u00fablicos e locais de livre acesso \u00e0 popula\u00e7\u00e3o.<\/td>\r\n<td><a href=\"http:\/\/www.camarapocao.pe.gov.br\/home\/images\/Consulta\/leis\/2017\/745.pdf\" target=\"_blank\" rel=\"noreferrer noopener\">PDF<\/a>\u00a0<\/td>\r\n<\/tr>\r\n<tr>\r\n<td>746<\/td>\r\n<td>Disp\u00f5es sobre a cria\u00e7\u00e3o do t\u00edtulo de honra e d\u00e1 outras provid\u00eancias.<\/td>\r\n<td><a href=\"http:\/\/www.camarapocao.pe.gov.br\/home\/images\/Consulta\/leis\/2017\/746.pdf\" target=\"_blank\" rel=\"noreferrer noopener\">PDF<\/a>\u00a0<\/td>\r\n<\/tr>\r\n<tr>\r\n<td>747<\/td>\r\n<td>Institui o Plano Plurianual do Munic\u00edpio de Po\u00e7\u00e3o, para o <br \/>per\u00edodo 2018\/2021 e d\u00e1 outras provid\u00eancias.<\/td>\r\n<td><a href=\"http:\/\/www.camarapocao.pe.gov.br\/home\/images\/Consulta\/leis\/2017\/747.pdf\" target=\"_blank\" rel=\"noreferrer noopener\">PDF<\/a><\/td>\r\n<\/tr>\r\n<tr>\r\n<td>748<\/td>\r\n<td>Estima receita e fixa despesa do munic\u00edpio para o exerc\u00edcio financeira de 2018.<\/td>\r\n<td><a href=\"http:\/\/www.camarapocao.pe.gov.br\/home\/images\/Consulta\/leis\/2017\/748.pdf\" target=\"_blank\" rel=\"noreferrer noopener\">PDF<\/a><\/td>\r\n<\/tr>\r\n<tr>\r\n<td>749<\/td>\r\n<td>Fixa o valor para os d\u00e9bitos judiciais a serem pagos mediante requisi\u00e7\u00e3o de pequeno valor (RPV) pelo Munic\u00edpio de Po\u00e7\u00e3o\/PE e d\u00e1 outras provid\u00eancias<\/td>\r\n<td><a href=\"http:\/\/www.camarapocao.pe.gov.br\/home\/images\/Consulta\/leis\/2017\/749.pdf\" target=\"_blank\" rel=\"noreferrer noopener\">PDF<\/a>\u00a0<\/td>\r\n<\/tr>\r\n<tr>\r\n<td>750<\/td>\r\n<td>Disp\u00f5e sobre a denomina\u00e7\u00e3o de ruas e determina outras provid\u00eancias.<\/td>\r\n<td><a href=\"http:\/\/www.camarapocao.pe.gov.br\/home\/images\/Consulta\/leis\/2017\/750.pdf\" target=\"_blank\" rel=\"noreferrer noopener\">PDF<\/a>\u00a0<\/td>\r\n<\/tr>\r\n<tr>\r\n<td>751<\/td>\r\n<td>Altera dispositivos da Lei Municipal N\u00ba 593\/2009 que institui o c\u00f3digo tribut\u00e1rio do munic\u00edpio de Po\u00e7\u00e3o e d\u00e1 outras provid\u00eancias<\/td>\r\n<td><a href=\"http:\/\/www.camarapocao.pe.gov.br\/home\/images\/Consulta\/leis\/2017\/751.pdf\" target=\"_blank\" rel=\"noreferrer noopener\">PDF<\/a>\u00a0<\/td>\r\n<\/tr>\r\n<\/tbody>\r\n<\/table>\r\n","protected":false},"excerpt":{"rendered":"<p>N\u00ba do documento Descri\u00e7\u00e3o Download 727 Estima receita e fixa despesa do munic\u00edpio de Po\u00e7\u00e3o para o exerc\u00edcio de 2017 PDF 728 Disp\u00f5e sobre o <a class=\"leiamais\" href=\"https:\/\/camarapocao.pe.gov.br\/v1\/leis-aprovadas-em-2017\/\"><i class=\"fa fa-angle-double-right\" aria-hidden=\"true\"><\/i><br \/>\n<\/a><\/p>\n","protected":false},"author":2,"featured_media":0,"parent":0,"menu_order":0,"comment_status":"closed","ping_status":"closed","template":"","meta":{"footnotes":""},"class_list":["post-444","page","type-page","status-publish","hentry","active"],"aioseo_notices":[],"_links":{"self":[{"href":"https:\/\/camarapocao.pe.gov.br\/v1\/wp-json\/wp\/v2\/pages\/444","targetHints":{"allow":["GET"]}}],"collection":[{"href":"https:\/\/camarapocao.pe.gov.br\/v1\/wp-json\/wp\/v2\/pages"}],"about":[{"href":"https:\/\/camarapocao.pe.gov.br\/v1\/wp-json\/wp\/v2\/types\/page"}],"author":[{"embeddable":true,"href":"https:\/\/camarapocao.pe.gov.br\/v1\/wp-json\/wp\/v2\/users\/2"}],"replies":[{"embeddable":true,"href":"https:\/\/camarapocao.pe.gov.br\/v1\/wp-json\/wp\/v2\/comments?post=444"}],"version-history":[{"count":4,"href":"https:\/\/camarapocao.pe.gov.br\/v1\/wp-json\/wp\/v2\/pages\/444\/revisions"}],"predecessor-version":[{"id":1149,"href":"https:\/\/camarapocao.pe.gov.br\/v1\/wp-json\/wp\/v2\/pages\/444\/revisions\/1149"}],"wp:attachment":[{"href":"https:\/\/camarapocao.pe.gov.br\/v1\/wp-json\/wp\/v2\/media?parent=444"}],"curies":[{"name":"wp","href":"https:\/\/api.w.org\/{rel}","templated":true}]}}