{"id":440,"date":"2019-02-24T10:26:02","date_gmt":"2019-02-24T13:26:02","guid":{"rendered":"http:\/\/camarapocao.pe.gov.br\/v1\/?page_id=440"},"modified":"2023-08-06T23:25:16","modified_gmt":"2023-08-07T02:25:16","slug":"leis-aprovadas-em-2015","status":"publish","type":"page","link":"https:\/\/camarapocao.pe.gov.br\/v1\/leis-aprovadas-em-2015\/","title":{"rendered":"Leis aprovadas em 2015"},"content":{"rendered":"\r\n<table class=\"wp-block-table is-style-stripes\">\r\n<tbody>\r\n<tr>\r\n<td><strong>N\u00ba do documento<\/strong><\/td>\r\n<td><strong>Descri\u00e7\u00e3o<\/strong><\/td>\r\n<td><strong>Download<\/strong><\/td>\r\n<\/tr>\r\n<tr>\r\n<td>680<\/td>\r\n<td>Disp\u00f5e sobre o piso salarial dos Professores da rede municipal de ensino e d\u00e1 outras provid\u00eancias.<\/td>\r\n<td><a href=\"http:\/\/www.camarapocao.pe.gov.br\/home\/images\/Consulta\/leis\/2015\/680.pdf\" target=\"_blank\" rel=\"noreferrer noopener\">PDF<\/a><\/td>\r\n<\/tr>\r\n<tr>\r\n<td>\u00a0681<\/td>\r\n<td>\u00a0Fixa o valor do sal\u00e1rio m\u00ednimo dos servidores municipais e d\u00e1 outras provid\u00eancias.<\/td>\r\n<td>\u00a0<a href=\"http:\/\/www.camarapocao.pe.gov.br\/home\/images\/Consulta\/leis\/2015\/681.pdf\" target=\"_blank\" rel=\"noreferrer noopener\">PDF<\/a><\/td>\r\n<\/tr>\r\n<tr>\r\n<td>682<\/td>\r\n<td>Disp\u00f5e sobre o Departamento Jur\u00eddico do Munoc\u00edpio de Po\u00e7\u00e3o e d\u00e1 outras provid\u00eancias.<\/td>\r\n<td><a href=\"http:\/\/www.camarapocao.pe.gov.br\/home\/images\/Consulta\/leis\/2015\/682.pdf\" target=\"_blank\" rel=\"noreferrer noopener\">PDF<\/a><\/td>\r\n<\/tr>\r\n<tr>\r\n<td>683<\/td>\r\n<td>\u00a0Cria a Guarda Municipal do Munic\u00edpio de Po\u00e7\u00e3o-PE<\/td>\r\n<td>\u00a0<a href=\"http:\/\/www.camarapocao.pe.gov.br\/home\/images\/Consulta\/leis\/2015\/683.pdf\" target=\"_blank\" rel=\"noreferrer noopener\">PDF<\/a><\/td>\r\n<\/tr>\r\n<tr>\r\n<td>684<\/td>\r\n<td>\u00a0Disp\u00f5e sobre denomina\u00e7\u00e3o de ruas, logradouros p\u00fablicos e determina outras provid\u00eancias.<\/td>\r\n<td>\u00a0<a href=\"http:\/\/www.camarapocao.pe.gov.br\/home\/images\/Consulta\/leis\/2015\/684.pdf\" target=\"_blank\" rel=\"noreferrer noopener\">PDF<\/a><\/td>\r\n<\/tr>\r\n<tr>\r\n<td>685<\/td>\r\n<td>\u00a0Disp\u00f5e sobre denomina\u00e7\u00e3o de ruas, logradouros p\u00fablicos e determina outras provid\u00eancias.<\/td>\r\n<td>\u00a0<a href=\"http:\/\/www.camarapocao.pe.gov.br\/home\/images\/Consulta\/leis\/2015\/685.pdf\" target=\"_blank\" rel=\"noreferrer noopener\">PDF<\/a><\/td>\r\n<\/tr>\r\n<tr>\r\n<td>686<\/td>\r\n<td>\u00a0Disp\u00f5e sobre denomina\u00e7\u00e3o de ruas, logradouros p\u00fablicos e determina outras provid\u00eancias.<\/td>\r\n<td>\u00a0<a href=\"http:\/\/www.camarapocao.pe.gov.br\/home\/images\/Consulta\/leis\/2015\/686.pdf\" target=\"_blank\" rel=\"noreferrer noopener\">PDF<\/a><\/td>\r\n<\/tr>\r\n<tr>\r\n<td>687<\/td>\r\n<td>\u00a0Institui o Dia Municipal do Concelheiro Tutelar e determina outras provid\u00eancias.<\/td>\r\n<td>\u00a0<a href=\"http:\/\/www.camarapocao.pe.gov.br\/home\/images\/Consulta\/leis\/2015\/687.pdf\" target=\"_blank\" rel=\"noreferrer noopener\">PDF<\/a><\/td>\r\n<\/tr>\r\n<tr>\r\n<td>688<\/td>\r\n<td>\u00a0Disp\u00f5e sobre denomina\u00e7\u00e3o de ruas, logradouros p\u00fablicos e determina outras provid\u00eancias.<\/td>\r\n<td>\u00a0<a href=\"http:\/\/www.camarapocao.pe.gov.br\/home\/images\/Consulta\/leis\/2015\/688.pdf\" target=\"_blank\" rel=\"noreferrer noopener\">PDF<\/a><\/td>\r\n<\/tr>\r\n<tr>\r\n<td>689<\/td>\r\n<td>\u00a0Disp\u00f5e sobre denomina\u00e7\u00e3o de ruas, logradouros p\u00fablicos e determina outras provid\u00eancias.<\/td>\r\n<td>\u00a0<a href=\"http:\/\/www.camarapocao.pe.gov.br\/home\/images\/Consulta\/leis\/2015\/689.pdf\" target=\"_blank\" rel=\"noreferrer noopener\">PDF<\/a><\/td>\r\n<\/tr>\r\n<tr>\r\n<td>690<\/td>\r\n<td>\u00a0Modifica a lei municipal n\u00ba. 272\/1991, institui nova estrutura de cargos efetivos no munic\u00edpio de po\u00e7\u00e3o e d\u00e1 outras provid\u00eancias.<\/td>\r\n<td>\u00a0<a href=\"http:\/\/www.camarapocao.pe.gov.br\/home\/images\/Consulta\/leis\/2015\/690.pdf\" target=\"_blank\" rel=\"noreferrer noopener\">PDF<\/a><\/td>\r\n<\/tr>\r\n<tr>\r\n<td>691<\/td>\r\n<td>\u00a0Revoga a lei Municipal 608\/2011 e institui o Plano Municipal de Educa\u00e7\u00e3o &#8211; PME e d\u00e1 outras provid\u00eancias.<\/td>\r\n<td><a href=\"http:\/\/www.camarapocao.pe.gov.br\/home\/images\/Consulta\/leis\/2015\/691.pdf\" target=\"_blank\" rel=\"noreferrer noopener\">PDF<\/a>\u00a0<\/td>\r\n<\/tr>\r\n<tr>\r\n<td>692<\/td>\r\n<td>\u00a0Altera e acrescenta dispositivos \u00e0 Lei Municipal n\u00ba 447 de julho de 2011 e d\u00e1 outras provid\u00eancias<\/td>\r\n<td><a href=\"http:\/\/www.camarapocao.pe.gov.br\/home\/images\/Consulta\/leis\/2015\/692.pdf\" target=\"_blank\" rel=\"noreferrer noopener\">PDF<\/a>\u00a0<\/td>\r\n<\/tr>\r\n<tr>\r\n<td>693<\/td>\r\n<td>\u00a0Altera e acrescenta dispositivos \u00e0 Lei Municipal n\u00ba 683\/2015 e d\u00e1 outras provid\u00eancias<\/td>\r\n<td>\u00a0<a href=\"http:\/\/www.camarapocao.pe.gov.br\/home\/images\/Consulta\/leis\/2015\/693.pdf\" target=\"_blank\" rel=\"noreferrer noopener\">PDF<\/a><\/td>\r\n<\/tr>\r\n<tr>\r\n<td>694<\/td>\r\n<td>\u00a0Disp\u00f5e sobre as diretrizes para a elabora\u00e7\u00e3o da lei or\u00e7ament\u00e1ria Anual do Munic\u00edpio de Po\u00e7\u00e3o, exerc\u00edcio 2016 e d\u00e1 outras provid\u00eancias.<\/td>\r\n<td>\u00a0<a href=\"http:\/\/www.camarapocao.pe.gov.br\/home\/images\/Consulta\/leis\/2015\/694.pdf\" target=\"_blank\" rel=\"noreferrer noopener\">PDF<\/a><\/td>\r\n<\/tr>\r\n<tr>\r\n<td>695<\/td>\r\n<td>\u00a0Altera a Lei Municipal n\u00ba 540\/2015 e d\u00e1 outras provid\u00eancias<\/td>\r\n<td>\u00a0<a href=\"http:\/\/www.camarapocao.pe.gov.br\/home\/images\/Consulta\/leis\/2015\/695.pdf\" target=\"_blank\" rel=\"noreferrer noopener\">PDF<\/a><\/td>\r\n<\/tr>\r\n<tr>\r\n<td>696<\/td>\r\n<td>\u00a0Acrescenta dispositivos \u00e0 Lei Municipal n\u00ba 601\/2010 de 02 de junho de 2010 e d\u00e1 provid\u00eancias<\/td>\r\n<td>\u00a0<a href=\"http:\/\/www.camarapocao.pe.gov.br\/home\/images\/Consulta\/leis\/2015\/696.pdf\" target=\"_blank\" rel=\"noreferrer noopener\">PDF<\/a><\/td>\r\n<\/tr>\r\n<tr>\r\n<td>697<\/td>\r\n<td>\u00a0Altera e acrescenta a tabela do Anexo I do Grupo Ocupacional V e Anexo II da Lei 690\/2015, institui cargos e alerta carga hor\u00e1ria do plano de cargos dos servidores municipais e d\u00e1 outras provid\u00eancias.<\/td>\r\n<td><a href=\"http:\/\/www.camarapocao.pe.gov.br\/home\/images\/Consulta\/leis\/2015\/697.pdf\" target=\"_blank\" rel=\"noreferrer noopener\">PDF<\/a>\u00a0<\/td>\r\n<\/tr>\r\n<tr>\r\n<td>698<\/td>\r\n<td>\u00a0Disp\u00f5e sobre o quantitativo de cargos para procurador municipal obedecer\u00e1 ao disposto no anexo \u00fanico desta lei.<\/td>\r\n<td><a href=\"http:\/\/www.camarapocao.pe.gov.br\/home\/images\/Consulta\/leis\/2015\/698.pdf\" target=\"_blank\" rel=\"noreferrer noopener\">PDF<\/a>\u00a0<\/td>\r\n<\/tr>\r\n<tr>\r\n<td>699<\/td>\r\n<td>\u00a0Disp\u00f5e sobre implementa\u00e7\u00e3o da Lei Maria da Penha nas escolas municipais do munic\u00edpio de Po\u00e7\u00e3o e d\u00e1 outras provid\u00eancias.<\/td>\r\n<td><a href=\"http:\/\/www.camarapocao.pe.gov.br\/home\/images\/Consulta\/leis\/2015\/699.pdf\" target=\"_blank\" rel=\"noreferrer noopener\">PDF<\/a>\u00a0<\/td>\r\n<\/tr>\r\n<tr>\r\n<td>700<\/td>\r\n<td>Disp\u00f5e sobre denomina\u00e7\u00e3o de ruas, avenidas e logradouros p\u00fablicos e d\u00e1 outras provid\u00eancias.<\/td>\r\n<td><a href=\"http:\/\/www.camarapocao.pe.gov.br\/home\/images\/Consulta\/leis\/2015\/700.pdf\" target=\"_blank\" rel=\"noreferrer noopener\">PDF<\/a><\/td>\r\n<\/tr>\r\n<tr>\r\n<td>701<\/td>\r\n<td>Disp\u00f5e sobre denomina\u00e7\u00e3o de ruas, avenidas e logradouros p\u00fablicos e d\u00e1 outras provid\u00eancias.<\/td>\r\n<td><a href=\"http:\/\/www.camarapocao.pe.gov.br\/home\/images\/Consulta\/leis\/2015\/701.pdf\" target=\"_blank\" rel=\"noreferrer noopener\">PDF<\/a><\/td>\r\n<\/tr>\r\n<tr>\r\n<td>702<\/td>\r\n<td>\r\n<table class=\"wp-block-table is-style-stripes\">\r\n<tbody>\r\n<tr>\r\n<td>Disp\u00f5e sobre a denomina\u00e7\u00e3o de ruas e determina outras provid\u00eancias.<\/td>\r\n<\/tr>\r\n<\/tbody>\r\n<\/table>\r\n<\/td>\r\n<td><a href=\"http:\/\/www.camarapocao.pe.gov.br\/home\/images\/Consulta\/leis\/2015\/702.pdf\" target=\"_blank\" rel=\"noreferrer noopener\">PDF<\/a><\/td>\r\n<\/tr>\r\n<tr>\r\n<td>703<\/td>\r\n<td>Disp\u00f5e sobre denomina\u00e7\u00e3o de ruas, avenidas e logradouros p\u00fablicos e d\u00e1 outras provid\u00eancias.<\/td>\r\n<td><a href=\"http:\/\/www.camarapocao.pe.gov.br\/home\/images\/Consulta\/leis\/2015\/703.pdf\" target=\"_blank\" rel=\"noreferrer noopener\">PDF<\/a><\/td>\r\n<\/tr>\r\n<tr>\r\n<td>704<\/td>\r\n<td>Altera dispositivos da lei n\u00ba 528\/2007 e d\u00e1 outras provid\u00eancias<\/td>\r\n<td><a href=\"http:\/\/www.camarapocao.pe.gov.br\/home\/images\/Consulta\/leis\/2015\/704.pdf\" target=\"_blank\" rel=\"noreferrer noopener\">PDF<\/a><\/td>\r\n<\/tr>\r\n<tr>\r\n<td>705<\/td>\r\n<td>Disp\u00f5e sobre a pol\u00edtica Municipal de Meio Ambiente e Sustentabilidade, cria\u00e7\u00e3o do Sistema Municipal do Meio Ambiente e sustentabilidade e d\u00e1 outras provid\u00eancias.<\/td>\r\n<td><a href=\"http:\/\/www.camarapocao.pe.gov.br\/home\/images\/Consulta\/leis\/2015\/705.pdf\" target=\"_blank\" rel=\"noreferrer noopener\">PDF<\/a><\/td>\r\n<\/tr>\r\n<tr>\r\n<td>706<\/td>\r\n<td>Disp\u00f5e sobre denomina\u00e7\u00e3o de ruas, avenidas e logradouros p\u00fablicos e d\u00e1 outras provid\u00eancias.<\/td>\r\n<td><a href=\"http:\/\/www.camarapocao.pe.gov.br\/home\/images\/Consulta\/leis\/2015\/706.pdf\" target=\"_blank\" rel=\"noreferrer noopener\">PDF<\/a><\/td>\r\n<\/tr>\r\n<tr>\r\n<td>707<\/td>\r\n<td>Disp\u00f5e sobre denomina\u00e7\u00e3o de ruas, avenidas e logradouros p\u00fablicos e d\u00e1 outras provid\u00eancias.<\/td>\r\n<td><a href=\"http:\/\/www.camarapocao.pe.gov.br\/home\/images\/Consulta\/leis\/2015\/707.pdf\" target=\"_blank\" rel=\"noreferrer noopener\">PDF<\/a><\/td>\r\n<\/tr>\r\n<tr>\r\n<td>708<\/td>\r\n<td>MODIFICA A LEI MUNICIPAL N\u00ba. 272\/1991, COM AS ALTERA\u00c7\u00d5ES DA LEI MUNICIPAL N\u00ba 690\/2015 E D\u00c1 OUTRAS PROVID\u00caNCIAS.<\/td>\r\n<td><a href=\"http:\/\/www.camarapocao.pe.gov.br\/home\/images\/Consulta\/leis\/2015\/708.pdf\" target=\"_blank\" rel=\"noreferrer noopener\">PDF<\/a><\/td>\r\n<\/tr>\r\n<tr>\r\n<td>709<\/td>\r\n<td>Disp\u00f5es sobre a cobran\u00e7a da d\u00edvida ativa dos exerc\u00edcios de 2010 \u00e0 2014 e d\u00e1 outras provid\u00eancias.<\/td>\r\n<td><a href=\"http:\/\/www.camarapocao.pe.gov.br\/home\/images\/Consulta\/leis\/2015\/709.pdf\" target=\"_blank\" rel=\"noreferrer noopener\">PDF<\/a><\/td>\r\n<\/tr>\r\n<tr>\r\n<td>710<\/td>\r\n<td>Estima a receita e fixa a despesa do munic\u00edpio de Po\u00e7\u00e3o\/PE para o exerc\u00edcio de 2016 e determina outras provid\u00eancias<\/td>\r\n<td><a href=\"http:\/\/www.camarapocao.pe.gov.br\/home\/images\/Consulta\/leis\/2015\/710.pdf\" target=\"_blank\" rel=\"noreferrer noopener\">PDF<\/a><\/td>\r\n<\/tr>\r\n<tr>\r\n<td>711<\/td>\r\n<td>Disp\u00f5e sobre a revis\u00e3o da parcela anual do Plano Plurianual para os exerc\u00edcios de 2016\/2017 e d\u00e1 outras provid\u00eancias<\/td>\r\n<td><a href=\"http:\/\/www.camarapocao.pe.gov.br\/home\/images\/Consulta\/leis\/2015\/711.pdf\" target=\"_blank\" rel=\"noreferrer noopener\">PDF<\/a><\/td>\r\n<\/tr>\r\n<tr>\r\n<td>712<\/td>\r\n<td>Disp\u00f5e sobre descontos no pagamento do IPTU referente ao munic\u00edpio de Po\u00e7\u00e3o\/PE<\/td>\r\n<td><a href=\"http:\/\/www.camarapocao.pe.gov.br\/home\/images\/Consulta\/leis\/2015\/712.pdf\" target=\"_blank\" rel=\"noreferrer noopener\">PDF<\/a><\/td>\r\n<\/tr>\r\n<\/tbody>\r\n<\/table>\r\n","protected":false},"excerpt":{"rendered":"<p>N\u00ba do documento Descri\u00e7\u00e3o Download 680 Disp\u00f5e sobre o piso salarial dos Professores da rede municipal de ensino e d\u00e1 outras provid\u00eancias. PDF \u00a0681 \u00a0Fixa <a class=\"leiamais\" href=\"https:\/\/camarapocao.pe.gov.br\/v1\/leis-aprovadas-em-2015\/\"><i class=\"fa fa-angle-double-right\" aria-hidden=\"true\"><\/i><br \/>\n<\/a><\/p>\n","protected":false},"author":2,"featured_media":0,"parent":0,"menu_order":0,"comment_status":"closed","ping_status":"closed","template":"","meta":{"footnotes":""},"class_list":["post-440","page","type-page","status-publish","hentry","active"],"aioseo_notices":[],"_links":{"self":[{"href":"https:\/\/camarapocao.pe.gov.br\/v1\/wp-json\/wp\/v2\/pages\/440","targetHints":{"allow":["GET"]}}],"collection":[{"href":"https:\/\/camarapocao.pe.gov.br\/v1\/wp-json\/wp\/v2\/pages"}],"about":[{"href":"https:\/\/camarapocao.pe.gov.br\/v1\/wp-json\/wp\/v2\/types\/page"}],"author":[{"embeddable":true,"href":"https:\/\/camarapocao.pe.gov.br\/v1\/wp-json\/wp\/v2\/users\/2"}],"replies":[{"embeddable":true,"href":"https:\/\/camarapocao.pe.gov.br\/v1\/wp-json\/wp\/v2\/comments?post=440"}],"version-history":[{"count":2,"href":"https:\/\/camarapocao.pe.gov.br\/v1\/wp-json\/wp\/v2\/pages\/440\/revisions"}],"predecessor-version":[{"id":1150,"href":"https:\/\/camarapocao.pe.gov.br\/v1\/wp-json\/wp\/v2\/pages\/440\/revisions\/1150"}],"wp:attachment":[{"href":"https:\/\/camarapocao.pe.gov.br\/v1\/wp-json\/wp\/v2\/media?parent=440"}],"curies":[{"name":"wp","href":"https:\/\/api.w.org\/{rel}","templated":true}]}}