{"id":438,"date":"2019-02-24T10:25:10","date_gmt":"2019-02-24T13:25:10","guid":{"rendered":"http:\/\/camarapocao.pe.gov.br\/v1\/?page_id=438"},"modified":"2019-02-24T10:25:10","modified_gmt":"2019-02-24T13:25:10","slug":"leis-aprovadas-em-2014","status":"publish","type":"page","link":"https:\/\/camarapocao.pe.gov.br\/v1\/leis-aprovadas-em-2014\/","title":{"rendered":"Leis aprovadas em 2014"},"content":{"rendered":"\n<table class=\"wp-block-table is-style-stripes\"><tbody><tr><td><strong>N\u00ba do documento<\/strong><\/td><td><strong>Descri\u00e7\u00e3o<\/strong><\/td><td><strong>Download<\/strong><\/td><\/tr><tr><td>661<\/td><td>Disp\u00f5e sobre a institui\u00e7\u00e3o do Bras\u00e3o do Munic\u00edpio de Po\u00e7\u00e3o, e d\u00e1 outras provid\u00eancias<\/td><td><a href=\"http:\/\/www.camarapocao.pe.gov.br\/home\/images\/Consulta\/leis\/2014\/661.pdf\" target=\"_blank\" rel=\"noreferrer noopener\">PDF<\/a><\/td><\/tr><tr><td>662<\/td><td>Estabelece par\u00e2metros m\u00ednimos e procedimentos a serem observados pelo munic\u00edpio na execu\u00e7\u00e3o do Programa Mais M\u00e9dicos<\/td><td><a href=\"http:\/\/www.camarapocao.pe.gov.br\/home\/images\/Consulta\/leis\/2014\/662.pdf\" target=\"_blank\" rel=\"noreferrer noopener\">PDF<\/a><\/td><\/tr><tr><td>663<\/td><td>Fixa o valor do sal\u00e1rio dos servidores municipais e d\u00e1 outras provid\u00eancias<\/td><td><a href=\"http:\/\/www.camarapocao.pe.gov.br\/home\/images\/Consulta\/leis\/2014\/663.pdf\" target=\"_blank\" rel=\"noreferrer noopener\">PDF<\/a><\/td><\/tr><tr><td>664<\/td><td>Disp\u00f5e sobre o piso salarial dos professores da rede municipal de ensino e d\u00e1 outras provid\u00eancias<\/td><td><a href=\"http:\/\/www.camarapocao.pe.gov.br\/home\/images\/Consulta\/leis\/2014\/664.pdf\" target=\"_blank\" rel=\"noreferrer noopener\">PDF<\/a><\/td><\/tr><tr><td>665<\/td><td>Disp\u00f5e sobre denomina\u00e7\u00e3o de ruas, logradouros p\u00fablicos e determina outras provid\u00eancias<\/td><td><a href=\"http:\/\/www.camarapocao.pe.gov.br\/home\/images\/Consulta\/leis\/2014\/665.pdf\" target=\"_blank\" rel=\"noreferrer noopener\">PDF<\/a><\/td><\/tr><tr><td>666<\/td><td>Autoriza o poder executivo a realizar doa\u00e7\u00f5es de peixes durante a semana santa<\/td><td><a href=\"http:\/\/www.camarapocao.pe.gov.br\/home\/images\/Consulta\/leis\/2014\/666.pdf\" target=\"_blank\" rel=\"noreferrer noopener\">PDF<\/a><\/td><\/tr><tr><td>667<\/td><td>Altera os anexos da Lei \nMunicipal n\u00b0 614\/2011, reajustando em 5% a remunera\u00e7\u00e3o dos servidores \nocupantes de cargo efetivo e comissionado da C\u00e2mara Municipal de Po\u00e7\u00e3o e\n d\u00e1 outras provid\u00eancias.<\/td><td><a href=\"http:\/\/www.camarapocao.pe.gov.br\/home\/images\/Consulta\/leis\/2014\/667.pdf\" target=\"_blank\" rel=\"noreferrer noopener\">PDF<\/a><\/td><\/tr><tr><td>668<\/td><td>Estabelece crit\u00e9rios e prazos para provis\u00e3o de benef\u00edcios eventuais da pol\u00edtica p\u00fablica de assist\u00eancia social<\/td><td><a href=\"http:\/\/www.camarapocao.pe.gov.br\/home\/images\/Consulta\/leis\/2014\/668.pdf\" target=\"_blank\" rel=\"noreferrer noopener\">PDF<\/a><\/td><\/tr><tr><td>669<\/td><td>Altera a lei 380\/97, e d\u00e1 outras provid\u00eancias<\/td><td><a href=\"http:\/\/www.camarapocao.pe.gov.br\/home\/images\/Consulta\/leis\/2014\/669.pdf\" target=\"_blank\" rel=\"noreferrer noopener\">PDF<\/a><\/td><\/tr><tr><td>670<\/td><td>Autoriza \u00e0 aliena\u00e7\u00e3o dos ve\u00edculos inserv\u00edveis de propriedade do munic\u00edpio de Po\u00e7\u00e3o, e d\u00e1 outras provid\u00eancias.<\/td><td><a href=\"http:\/\/www.camarapocao.pe.gov.br\/home\/images\/Consulta\/leis\/2014\/670.pdf\" target=\"_blank\" rel=\"noreferrer noopener\">PDF<\/a><\/td><\/tr><tr><td>671<\/td><td>Institui a lei municipal do microempreendedor individual e d\u00e1 outras provid\u00eancias<\/td><td><a href=\"http:\/\/www.camarapocao.pe.gov.br\/home\/images\/Consulta\/leis\/2014\/671.pdf\" target=\"_blank\" rel=\"noreferrer noopener\">PDF<\/a><\/td><\/tr><tr><td>672<\/td><td>Adota o di\u00e1rio dos \nmunic\u00edpios do Estado de Pernambuco, como ve\u00edculo oficial de publica\u00e7\u00e3o \natos normativos e administrativos do munic\u00edpio de Po\u00e7\u00e3o<\/td><td><a href=\"http:\/\/www.camarapocao.pe.gov.br\/home\/images\/Consulta\/leis\/2014\/672.pdf\" target=\"_blank\" rel=\"noreferrer noopener\">PDF<\/a><\/td><\/tr><tr><td>673<\/td><td>LEI DE DIRETRIZES OR\u00c7AMENT\u00c1RIAS &#8211; 2015<\/td><td><a href=\"http:\/\/www.camarapocao.pe.gov.br\/home\/images\/Consulta\/leis\/2014\/673.rar\" target=\"_blank\" rel=\"noreferrer noopener\">.RAR<\/a><\/td><\/tr><tr><td>674<\/td><td>Cria Conselho Municipal de Prote\u00e7\u00e3o e Defesa Civil (COMPDEC) do munic\u00edpio de Po\u00e7\u00e3o.<\/td><td><a href=\"http:\/\/www.camarapocao.pe.gov.br\/home\/images\/Consulta\/leis\/2014\/674.pdf\" target=\"_blank\" rel=\"noreferrer noopener\">PDF<\/a><\/td><\/tr><tr><td>675<\/td><td>Autoriza a abertura de cr\u00e9dito adicional especial no or\u00e7amento do exerc\u00edcio financeiro de 2014 e d\u00e1 outras provid\u00eancias.<\/td><td><a href=\"http:\/\/www.camarapocao.pe.gov.br\/home\/images\/Consulta\/leis\/2014\/675.pdf\" target=\"_blank\" rel=\"noreferrer noopener\">PDF<\/a><\/td><\/tr><tr><td>676<\/td><td>Disp\u00f5es sobre denomina\u00e7\u00e3o de Ruas, Logradouros P\u00fablicos e determina outras provid\u00eancias.<\/td><td><a href=\"http:\/\/www.camarapocao.pe.gov.br\/home\/images\/Consulta\/leis\/2014\/676.pdf\" target=\"_blank\" rel=\"noreferrer noopener\">PDF<\/a><\/td><\/tr><tr><td>677<\/td><td>Disp\u00f5es sobre a cria\u00e7\u00e3o do Conselho Municipal de Defesa do Meio Ambiente e Sustentabilidade (COMDEMAS) e d\u00e1 outras provid\u00eancias.<\/td><td><a href=\"http:\/\/www.camarapocao.pe.gov.br\/home\/images\/Consulta\/leis\/2014\/677.pdf\" target=\"_blank\" rel=\"noreferrer noopener\">PDF<\/a><\/td><\/tr><tr><td>678<\/td><td>ESTIMA A RECEITA E FIXA A DESPESA DO MUNIC\u00cdPIO DE PO\u00c7\u00c3O PARA O EXERC\u00cdCIO FINANCEIRO DE 2015.<\/td><td><a href=\"http:\/\/www.camarapocao.pe.gov.br\/home\/images\/Consulta\/leis\/2014\/678.rar\" target=\"_blank\" rel=\"noreferrer noopener\">.RAR<\/a><\/td><\/tr><tr><td>679<\/td><td>Disp\u00f5e sobre a revis\u00e3o da parcela anual do PPA para o exerc\u00edcio de 2015-2017.<\/td><td><a href=\"http:\/\/www.camarapocao.pe.gov.br\/home\/images\/Consulta\/leis\/2014\/679.pdf\" target=\"_blank\" rel=\"noreferrer noopener\">PDF<\/a><\/td><\/tr><\/tbody><\/table>\n","protected":false},"excerpt":{"rendered":"<p>N\u00ba do documento Descri\u00e7\u00e3o Download 661 Disp\u00f5e sobre a institui\u00e7\u00e3o do Bras\u00e3o do Munic\u00edpio de Po\u00e7\u00e3o, e d\u00e1 outras provid\u00eancias PDF 662 Estabelece par\u00e2metros m\u00ednimos <a class=\"leiamais\" href=\"https:\/\/camarapocao.pe.gov.br\/v1\/leis-aprovadas-em-2014\/\"><i class=\"fa fa-angle-double-right\" aria-hidden=\"true\"><\/i><br \/>\n<\/a><\/p>\n","protected":false},"author":2,"featured_media":0,"parent":0,"menu_order":0,"comment_status":"closed","ping_status":"closed","template":"","meta":{"footnotes":""},"class_list":["post-438","page","type-page","status-publish","hentry","active"],"aioseo_notices":[],"_links":{"self":[{"href":"https:\/\/camarapocao.pe.gov.br\/v1\/wp-json\/wp\/v2\/pages\/438","targetHints":{"allow":["GET"]}}],"collection":[{"href":"https:\/\/camarapocao.pe.gov.br\/v1\/wp-json\/wp\/v2\/pages"}],"about":[{"href":"https:\/\/camarapocao.pe.gov.br\/v1\/wp-json\/wp\/v2\/types\/page"}],"author":[{"embeddable":true,"href":"https:\/\/camarapocao.pe.gov.br\/v1\/wp-json\/wp\/v2\/users\/2"}],"replies":[{"embeddable":true,"href":"https:\/\/camarapocao.pe.gov.br\/v1\/wp-json\/wp\/v2\/comments?post=438"}],"version-history":[{"count":1,"href":"https:\/\/camarapocao.pe.gov.br\/v1\/wp-json\/wp\/v2\/pages\/438\/revisions"}],"predecessor-version":[{"id":439,"href":"https:\/\/camarapocao.pe.gov.br\/v1\/wp-json\/wp\/v2\/pages\/438\/revisions\/439"}],"wp:attachment":[{"href":"https:\/\/camarapocao.pe.gov.br\/v1\/wp-json\/wp\/v2\/media?parent=438"}],"curies":[{"name":"wp","href":"https:\/\/api.w.org\/{rel}","templated":true}]}}