{"id":434,"date":"2019-02-24T10:23:38","date_gmt":"2019-02-24T13:23:38","guid":{"rendered":"http:\/\/camarapocao.pe.gov.br\/v1\/?page_id=434"},"modified":"2019-02-24T10:23:38","modified_gmt":"2019-02-24T13:23:38","slug":"leis-aprovadas-em-2012","status":"publish","type":"page","link":"https:\/\/camarapocao.pe.gov.br\/v1\/leis-aprovadas-em-2012\/","title":{"rendered":"Leis aprovadas em 2012"},"content":{"rendered":"\n<table class=\"wp-block-table is-style-stripes\"><tbody><tr><td><strong>N\u00ba do documento<\/strong><\/td><td><strong>Descri\u00e7\u00e3o<\/strong><\/td><td><strong>Download<\/strong><\/td><\/tr><tr><td>626<\/td><td>Altera a Lei n\u00ba 603\/2010 e d\u00e1&nbsp;<br>outras providencias.<\/td><td><a href=\"http:\/\/www.camarapocao.pe.gov.br\/home\/images\/Consulta\/leis\/2012\/626.pdf\" target=\"_blank\" rel=\"noreferrer noopener\">PDF<\/a><\/td><\/tr><tr><td>627<\/td><td>Fixa o valor do menor vencimento base a ser pago aos servidores p\u00fablicos municipais de Po\u00e7\u00e3o e d\u00e1 outras provid\u00eancias.<\/td><td><a href=\"http:\/\/www.camarapocao.pe.gov.br\/home\/images\/Consulta\/leis\/2012\/627.pdf\" target=\"_blank\" rel=\"noreferrer noopener\">PDF<\/a><\/td><\/tr><tr><td>628<\/td><td>Trata dos vencimentos dos Professores da Prefeitura Municipal de Po\u00e7\u00e3o-PE e d\u00e1 outras provid\u00eancias<\/td><td><a href=\"http:\/\/www.camarapocao.pe.gov.br\/home\/images\/Consulta\/leis\/2012\/628.pdf\" target=\"_blank\" rel=\"noreferrer noopener\">PDF<\/a><\/td><\/tr><tr><td>629<\/td><td>DIRETRIZES OR\u00c7AMENT\u00c1RIAS PARA O EXERC\u00cdCIO DE 2013<\/td><td><a href=\"http:\/\/www.camarapocao.pe.gov.br\/home\/images\/Consulta\/leis\/2012\/629.rar\" target=\"_blank\" rel=\"noreferrer noopener\">.RAR<\/a><\/td><\/tr><tr><td>630<\/td><td>Fixa os subs\u00eddios dos Vereadores para o per\u00edodo da Legislatura de 2013 a 2016 e d\u00e1 outras provid\u00eancias.<\/td><td><a href=\"http:\/\/www.camarapocao.pe.gov.br\/home\/images\/Consulta\/leis\/2012\/630.pdf\" target=\"_blank\" rel=\"noreferrer noopener\">PDF<\/a><\/td><\/tr><tr><td>631<\/td><td>Fixa os subs\u00eddios do \nPrefeito, Vice Prefeito e Secret\u00e1rios do Munic\u00edpio para o per\u00edodo da \nlegislatura 2013 a 2016 e d\u00e1 outras provid\u00eancias.<\/td><td><a href=\"http:\/\/www.camarapocao.pe.gov.br\/home\/images\/Consulta\/leis\/2012\/631.pdf\" target=\"_blank\" rel=\"noreferrer noopener\">PDF<\/a><\/td><\/tr><tr><td>632<\/td><td>Disp\u00f5e sobre denomina\u00e7\u00e3o de Avenidas, Ruas e determina outras provid\u00eancias.<\/td><td><a href=\"http:\/\/www.camarapocao.pe.gov.br\/home\/images\/Consulta\/leis\/2012\/632.pdf\" target=\"_blank\" rel=\"noreferrer noopener\">PDF<\/a><\/td><\/tr><tr><td>633<\/td><td>Disp\u00f5e sobre a majora\u00e7\u00e3o do vencimento base de cargos p\u00fablicos efetivos e d\u00e1 outras provid\u00eancias.<\/td><td><a href=\"http:\/\/www.camarapocao.pe.gov.br\/home\/images\/Consulta\/leis\/2012\/633.pdf\" target=\"_blank\" rel=\"noreferrer noopener\">PDF<\/a><\/td><\/tr><tr><td>634<\/td><td>Disp\u00f5e sobre denomina\u00e7\u00e3o de Avenidas, Ruas e determina outras provid\u00eancias.<\/td><td><a href=\"http:\/\/www.camarapocao.pe.gov.br\/home\/images\/Consulta\/leis\/2012\/634.pdf\" target=\"_blank\" rel=\"noreferrer noopener\">PDF<\/a><\/td><\/tr><tr><td>635<\/td><td>Disp\u00f5em sobre denomina\u00e7\u00e3o de Avenidas, Ruas, Logradouros P\u00fablicos e determina &nbsp;outras providencias.<\/td><td><a href=\"http:\/\/www.camarapocao.pe.gov.br\/home\/images\/Consulta\/leis\/2012\/635.pdf\" target=\"_blank\" rel=\"noreferrer noopener\">PDF<\/a><\/td><\/tr><tr><td>636<\/td><td>Disp\u00f5e sobre a revis\u00e3o do Plano Plurianual 2010-2013, para o exerc\u00edcio de 2013.<\/td><td><a href=\"http:\/\/www.camarapocao.pe.gov.br\/home\/images\/Consulta\/leis\/2012\/636.rar\" target=\"_blank\" rel=\"noreferrer noopener\">.RAR<\/a><\/td><\/tr><tr><td>637<\/td><td>Estima a RECEITA e fixa a DESPESA do Munic\u00edpio para o exerc\u00edcio financeiro de 2013.<\/td><td><a href=\"http:\/\/www.camarapocao.pe.gov.br\/home\/images\/Consulta\/leis\/2012\/637.rar\" target=\"_blank\" rel=\"noreferrer noopener\">.RAR<\/a><\/td><\/tr><tr><td>638<\/td><td>Cria a Coordenadoria Municipal de Defesa Civil (COMEC) do Munic\u00edpio de Po\u00e7\u00e3o \u2013 PE e d\u00e1 outras provid\u00eancias.<\/td><td><a href=\"http:\/\/www.camarapocao.pe.gov.br\/home\/images\/Consulta\/leis\/2012\/638.pdf\" target=\"_blank\" rel=\"noreferrer noopener\">PDF<\/a><\/td><\/tr><\/tbody><\/table>\n","protected":false},"excerpt":{"rendered":"<p>N\u00ba do documento Descri\u00e7\u00e3o Download 626 Altera a Lei n\u00ba 603\/2010 e d\u00e1&nbsp;outras providencias. PDF 627 Fixa o valor do menor vencimento base a ser <a class=\"leiamais\" href=\"https:\/\/camarapocao.pe.gov.br\/v1\/leis-aprovadas-em-2012\/\"><i class=\"fa fa-angle-double-right\" aria-hidden=\"true\"><\/i><br \/>\n<\/a><\/p>\n","protected":false},"author":2,"featured_media":0,"parent":0,"menu_order":0,"comment_status":"closed","ping_status":"closed","template":"","meta":{"footnotes":""},"class_list":["post-434","page","type-page","status-publish","hentry","active"],"aioseo_notices":[],"_links":{"self":[{"href":"https:\/\/camarapocao.pe.gov.br\/v1\/wp-json\/wp\/v2\/pages\/434","targetHints":{"allow":["GET"]}}],"collection":[{"href":"https:\/\/camarapocao.pe.gov.br\/v1\/wp-json\/wp\/v2\/pages"}],"about":[{"href":"https:\/\/camarapocao.pe.gov.br\/v1\/wp-json\/wp\/v2\/types\/page"}],"author":[{"embeddable":true,"href":"https:\/\/camarapocao.pe.gov.br\/v1\/wp-json\/wp\/v2\/users\/2"}],"replies":[{"embeddable":true,"href":"https:\/\/camarapocao.pe.gov.br\/v1\/wp-json\/wp\/v2\/comments?post=434"}],"version-history":[{"count":1,"href":"https:\/\/camarapocao.pe.gov.br\/v1\/wp-json\/wp\/v2\/pages\/434\/revisions"}],"predecessor-version":[{"id":435,"href":"https:\/\/camarapocao.pe.gov.br\/v1\/wp-json\/wp\/v2\/pages\/434\/revisions\/435"}],"wp:attachment":[{"href":"https:\/\/camarapocao.pe.gov.br\/v1\/wp-json\/wp\/v2\/media?parent=434"}],"curies":[{"name":"wp","href":"https:\/\/api.w.org\/{rel}","templated":true}]}}