{"id":430,"date":"2019-02-24T10:22:04","date_gmt":"2019-02-24T13:22:04","guid":{"rendered":"http:\/\/camarapocao.pe.gov.br\/v1\/?page_id=430"},"modified":"2019-02-24T10:22:04","modified_gmt":"2019-02-24T13:22:04","slug":"leis-aprovadas-em-2010","status":"publish","type":"page","link":"https:\/\/camarapocao.pe.gov.br\/v1\/leis-aprovadas-em-2010\/","title":{"rendered":"Leis aprovadas em 2010"},"content":{"rendered":"\n<table class=\"wp-block-table is-style-stripes\"><tbody><tr><td><strong>N\u00ba do documento<\/strong><\/td><td><strong>Descri\u00e7\u00e3o<\/strong><\/td><td><strong>Download<\/strong><\/td><\/tr><tr><td>598<\/td><td>Estabelece o menor vencimento b\u00e1sico dos servidores da Prefeitura Municipal de Po\u00e7\u00e3o &#8211; PE e d\u00e1 outras provid\u00eancias<\/td><td><a href=\"http:\/\/www.camarapocao.pe.gov.br\/home\/images\/Consulta\/leis\/2010\/598.pdf\" target=\"_blank\" rel=\"noreferrer noopener\">PDF<\/a><\/td><\/tr><tr><td>599<\/td><td>Altera dispositivo da Lei n. 571\/2009, revoga a Lei 584\/2009 e altera a Lei n. 541\/2008 e d\u00e1 outras provid\u00eancias.<\/td><td><a href=\"http:\/\/www.camarapocao.pe.gov.br\/home\/images\/Consulta\/leis\/2010\/599.pdf\" target=\"_blank\" rel=\"noreferrer noopener\">PDF<\/a><\/td><\/tr><tr><td>600<\/td><td>Cria novas divis\u00f5es, \ndepartamentos e novos cargos de provimento em comiss\u00e3o na estrutura de \npessoal da Prefeitura Municipal de Po\u00e7\u00e3o e d\u00e1 outras provid\u00eancias.<\/td><td><a href=\"http:\/\/www.camarapocao.pe.gov.br\/home\/images\/Consulta\/leis\/2010\/600.pdf\" target=\"_blank\" rel=\"noreferrer noopener\">PDF<\/a><\/td><\/tr><tr><td>601<\/td><td>Disp\u00f5e sobre a cria\u00e7\u00e3o do\n Conselho Municipal de Direitos do Idoso, do Dundo Municipal dos \nDireitos dos Idosos e d\u00e1 outras Provid\u00eancias.<\/td><td><a href=\"http:\/\/www.camarapocao.pe.gov.br\/home\/images\/Consulta\/leis\/2010\/601.pdf\" target=\"_blank\" rel=\"noreferrer noopener\">PDF<\/a><\/td><\/tr><tr><td>602<\/td><td>Estima a RECEITA e fixa a DESPESA do Munic\u00edpio para o exerc\u00edcio financeiro de 2011.<\/td><td><a href=\"http:\/\/www.camarapocao.pe.gov.br\/home\/images\/Consulta\/leis\/2010\/602.pdf\" target=\"_blank\" rel=\"noreferrer noopener\">PDF<\/a><\/td><\/tr><tr><td>603<\/td><td>Institui o Programa Municipal Pequeno M\u00fasico e d\u00e1 outras provid\u00eancias.<\/td><td><a href=\"http:\/\/www.camarapocao.pe.gov.br\/home\/images\/Consulta\/leis\/2010\/603.pdf\" target=\"_blank\" rel=\"noreferrer noopener\">PDF<\/a><\/td><\/tr><tr><td>604<\/td><td>Autoriza o Poder Executivo a contratar financiamento junto ao Banco do Brasil S.A. e d\u00e1 outras provid\u00eancias correlatas.<\/td><td><a href=\"http:\/\/www.camarapocao.pe.gov.br\/home\/images\/Consulta\/leis\/2010\/604.pdf\" target=\"_blank\" rel=\"noreferrer noopener\">PDF<\/a><\/td><\/tr><tr><td>605<\/td><td>Disp\u00f5e sobre as diretrizes&nbsp;or\u00e7ament\u00e1rias para o exerc\u00edcio de&nbsp;2011 e d\u00e1 outras provid\u00eancias.<\/td><td><a href=\"http:\/\/www.camarapocao.pe.gov.br\/home\/images\/Consulta\/leis\/2010\/605.rar\" target=\"_blank\" rel=\"noreferrer noopener\">.RAR<\/a><\/td><\/tr><tr><td>606<\/td><td>Altera o Art. 2\u00ba da lei&nbsp;Municipal n\u00ba 510\/2005, de 27 de maio de&nbsp;2005, dos Monitores Pedag\u00f3gicos do&nbsp;PETI, PEJA.<\/td><td><a href=\"http:\/\/www.camarapocao.pe.gov.br\/home\/images\/Consulta\/leis\/2010\/606.pdf\" target=\"_blank\" rel=\"noreferrer noopener\">PDF<\/a><\/td><\/tr><tr><td>607<\/td><td>Estima a RECEITA e fixa a DESPESA do Munic\u00edpio para o exerc\u00edcio financeiro de 2011.<\/td><td><a href=\"http:\/\/www.camarapocao.pe.gov.br\/home\/images\/Consulta\/leis\/2010\/607.rar\" target=\"_blank\" rel=\"noreferrer noopener\">.RAR<\/a><\/td><\/tr><tr><td>608<\/td><td>Disp\u00f5e sobre denomina\u00e7\u00e3o de avenida,&nbsp;ruas e determina outras provid\u00eancias.<\/td><td><a href=\"http:\/\/www.camarapocao.pe.gov.br\/home\/images\/Consulta\/leis\/2010\/608.pdf\" target=\"_blank\" rel=\"noreferrer noopener\">PDF<\/a><\/td><\/tr><\/tbody><\/table>\n","protected":false},"excerpt":{"rendered":"<p>N\u00ba do documento Descri\u00e7\u00e3o Download 598 Estabelece o menor vencimento b\u00e1sico dos servidores da Prefeitura Municipal de Po\u00e7\u00e3o &#8211; PE e d\u00e1 outras provid\u00eancias PDF <a class=\"leiamais\" href=\"https:\/\/camarapocao.pe.gov.br\/v1\/leis-aprovadas-em-2010\/\"><i class=\"fa fa-angle-double-right\" aria-hidden=\"true\"><\/i><br \/>\n<\/a><\/p>\n","protected":false},"author":2,"featured_media":0,"parent":0,"menu_order":0,"comment_status":"closed","ping_status":"closed","template":"","meta":{"footnotes":""},"class_list":["post-430","page","type-page","status-publish","hentry","active"],"aioseo_notices":[],"_links":{"self":[{"href":"https:\/\/camarapocao.pe.gov.br\/v1\/wp-json\/wp\/v2\/pages\/430","targetHints":{"allow":["GET"]}}],"collection":[{"href":"https:\/\/camarapocao.pe.gov.br\/v1\/wp-json\/wp\/v2\/pages"}],"about":[{"href":"https:\/\/camarapocao.pe.gov.br\/v1\/wp-json\/wp\/v2\/types\/page"}],"author":[{"embeddable":true,"href":"https:\/\/camarapocao.pe.gov.br\/v1\/wp-json\/wp\/v2\/users\/2"}],"replies":[{"embeddable":true,"href":"https:\/\/camarapocao.pe.gov.br\/v1\/wp-json\/wp\/v2\/comments?post=430"}],"version-history":[{"count":1,"href":"https:\/\/camarapocao.pe.gov.br\/v1\/wp-json\/wp\/v2\/pages\/430\/revisions"}],"predecessor-version":[{"id":431,"href":"https:\/\/camarapocao.pe.gov.br\/v1\/wp-json\/wp\/v2\/pages\/430\/revisions\/431"}],"wp:attachment":[{"href":"https:\/\/camarapocao.pe.gov.br\/v1\/wp-json\/wp\/v2\/media?parent=430"}],"curies":[{"name":"wp","href":"https:\/\/api.w.org\/{rel}","templated":true}]}}