{"id":426,"date":"2019-02-24T10:20:56","date_gmt":"2019-02-24T13:20:56","guid":{"rendered":"http:\/\/camarapocao.pe.gov.br\/v1\/?page_id=426"},"modified":"2019-02-24T10:21:08","modified_gmt":"2019-02-24T13:21:08","slug":"leis-aprovadas-em-2009","status":"publish","type":"page","link":"https:\/\/camarapocao.pe.gov.br\/v1\/leis-aprovadas-em-2009\/","title":{"rendered":"Leis aprovadas em 2009"},"content":{"rendered":"\n<table class=\"wp-block-table is-style-stripes\"><tbody><tr><td><strong>N\u00ba do documento<\/strong><\/td><td><strong>Descri\u00e7\u00e3o<\/strong><\/td><td><strong>Download<\/strong><\/td><\/tr><tr><td>550<\/td><td>Autoriza ao Poder Executivo Municipal abrir cr\u00e9dito adicional suplementar e d\u00e1 outras provid\u00eancias<\/td><td><a href=\"http:\/\/www.camarapocao.pe.gov.br\/home\/images\/Consulta\/leis\/2009\/550.pdf\" target=\"_blank\" rel=\"noreferrer noopener\">PDF<\/a><\/td><\/tr><tr><td>551<\/td><td>Autoriza ao Poder Executivo Municipal abrir cr\u00e9dito adicional especial e d\u00e1 outras provid\u00eancias<\/td><td><a href=\"http:\/\/www.camarapocao.pe.gov.br\/home\/images\/Consulta\/leis\/2009\/551.pdf\" target=\"_blank\" rel=\"noreferrer noopener\">PDF<\/a><\/td><\/tr><tr><td>552<\/td><td>Institui o Programa Municipal de auxilio ao pequeno agricultor denominado &#8220;Arando Nossa Terra&#8221; e d\u00e1 outras provid\u00eancias<\/td><td><a href=\"http:\/\/www.camarapocao.pe.gov.br\/home\/images\/Consulta\/leis\/2009\/552.pdf\" target=\"_blank\" rel=\"noreferrer noopener\">PDF<\/a><\/td><\/tr><tr><td>553<\/td><td>Institui o Programa Municipal de distribui\u00e7\u00e3o de sementes denominado &#8220;Banco de Sementes&#8221; e d\u00e1 outras provid\u00eancias<\/td><td><a href=\"http:\/\/www.camarapocao.pe.gov.br\/home\/images\/Consulta\/leis\/2009\/553.pdf\" target=\"_blank\" rel=\"noreferrer noopener\">PDF<\/a><\/td><\/tr><tr><td>554<\/td><td>Define o valor das obriga\u00e7\u00f5es de pequeno valor a serem pagas pela Fazenda Municipal, e d\u00e1 outras provid\u00eancias<\/td><td><a href=\"http:\/\/www.camarapocao.pe.gov.br\/home\/images\/Consulta\/leis\/2009\/554.pdf\" target=\"_blank\" rel=\"noreferrer noopener\">PDF<\/a><\/td><\/tr><tr><td>555<\/td><td>Disp\u00f5e sobre a \ncontrata\u00e7\u00e3o por tempo determinado para atender a necessidade tempor\u00e1ria \nde excepcional interesse p\u00fablico, nos termos do art. 37,1X, da \nConstitui\u00e7\u00e3o Federal e d\u00e1 outras provid\u00eancias<\/td><td><a href=\"http:\/\/www.camarapocao.pe.gov.br\/home\/images\/Consulta\/leis\/2009\/555.pdf\" target=\"_blank\" rel=\"noreferrer noopener\">PDF<\/a><\/td><\/tr><tr><td>556<\/td><td>Fixa o valor do menor vencimento base a ser pago aos servidores p\u00fablicos municipais de Po\u00e7\u00e3o &#8211; PE, e d\u00e1 outras provid\u00eancias<\/td><td><a href=\"http:\/\/www.camarapocao.pe.gov.br\/home\/images\/Consulta\/leis\/2009\/556.pdf\" target=\"_blank\" rel=\"noreferrer noopener\">PDF<\/a><\/td><\/tr><tr><td>557<\/td><td>Cria o fundo Municipal de Habilita\u00e7\u00e3o Social &#8211; FMHIS e institui o Conselho Gestor do FMHIS<\/td><td><a href=\"http:\/\/www.camarapocao.pe.gov.br\/home\/images\/Consulta\/leis\/2009\/557.pdf\" target=\"_blank\" rel=\"noreferrer noopener\">PDF<\/a><\/td><\/tr><tr><td>558<\/td><td>Disp\u00f5e sobre a concess\u00e3o de Abono aos Professores da Rede Municipal de Ensino e d\u00e1 outras provid\u00eancias<\/td><td><a href=\"http:\/\/www.camarapocao.pe.gov.br\/home\/images\/Consulta\/leis\/2009\/558.pdf\" target=\"_blank\" rel=\"noreferrer noopener\">PDF<\/a><\/td><\/tr><tr><td>559<\/td><td>Modifica o Art. 2. da Lei 540\/2007 e d\u00e1 outras provid\u00eancias<\/td><td><a href=\"http:\/\/www.camarapocao.pe.gov.br\/home\/images\/Consulta\/leis\/2009\/559.pdf\" target=\"_blank\" rel=\"noreferrer noopener\">PDF<\/a><\/td><\/tr><tr><td>560<\/td><td>Autoriza ao Poder Executivo \nMunicipal a conceder pr\u00eamio produtividade aos servidores lotados na \nUnidade Mista S\u00e3o Sebasti\u00e3o, e d\u00e1 outras provid\u00eancias<\/td><td><a href=\"http:\/\/www.camarapocao.pe.gov.br\/home\/images\/Consulta\/leis\/2009\/560.pdf\" target=\"_blank\" rel=\"noreferrer noopener\">PDF<\/a><\/td><\/tr><tr><td>561<\/td><td>Autoriza o chefe do Poder \nExecutivo Municipal realizar despesa para o transporte de Estudantes que\n cursam Gradua\u00e7\u00e3o em outros Munic\u00edpios e d\u00e1 outras provid\u00eancias<\/td><td><a href=\"http:\/\/www.camarapocao.pe.gov.br\/home\/images\/Consulta\/leis\/2009\/561.pdf\" target=\"_blank\" rel=\"noreferrer noopener\">PDF<\/a><\/td><\/tr><tr><td>562<\/td><td>Altera o Art. 2. da Lei Municipal n. 510\/2005, de 27 de maio de 2005. Dos monitores Pedag\u00f3gicos do PETI, PEJA<\/td><td><a href=\"http:\/\/www.camarapocao.pe.gov.br\/home\/images\/Consulta\/leis\/2009\/562.pdf\" target=\"_blank\" rel=\"noreferrer noopener\">PDF<\/a><\/td><\/tr><tr><td>563<\/td><td>Concede Reajuste Salarial \u00e0 \nRemunera\u00e7\u00e3o dos Servidores ocupantes de cargos efetivos e comissionados \ndo Poder Legislativo, e determina outras provid\u00eancias<\/td><td><a href=\"http:\/\/www.camarapocao.pe.gov.br\/home\/images\/Consulta\/leis\/2009\/563.pdf\" target=\"_blank\" rel=\"noreferrer noopener\">PDF<\/a><\/td><\/tr><tr><td>564<\/td><td>Disp\u00f5e sobre a cria\u00e7\u00e3o, a \nimplanta\u00e7\u00e3o, a manuten\u00e7\u00e3o e a coordena\u00e7\u00e3o de Sistema de Controle Interno\n do Poder Legislativo do Munic\u00edpio de Po\u00e7\u00e3o, Estado de Pernambuco e \ndetermina outras provid\u00eancias<\/td><td><a href=\"http:\/\/www.camarapocao.pe.gov.br\/home\/images\/Consulta\/leis\/2009\/564.pdf\" target=\"_blank\" rel=\"noreferrer noopener\">PDF<\/a><\/td><\/tr><tr><td>565<\/td><td>Obriga todas as Escolas de \n1\u00ba. e 2\u00ba. Graus da Rede Municipal de Ensino de Po\u00e7\u00e3o, o ensino c\u00e2ntico \ndo Hino Municipal e d\u00e1 outras provid\u00eancias.<\/td><td><a href=\"http:\/\/www.camarapocao.pe.gov.br\/home\/images\/Consulta\/leis\/2009\/565.pdf\" target=\"_blank\" rel=\"noreferrer noopener\">PDF<\/a><\/td><\/tr><tr><td>566<\/td><td>Disp\u00f5e sobre o Programa de \nAproveitamento dos Recursos H\u00eddricos na \u00c1rea Rural do Munic\u00edpio de \nPo\u00e7\u00e3o, Pernambuco e d\u00e1 outras provid\u00eancias<\/td><td><a href=\"http:\/\/www.camarapocao.pe.gov.br\/home\/images\/Consulta\/leis\/2009\/566.pdf\" target=\"_blank\" rel=\"noreferrer noopener\">PDF<\/a><\/td><\/tr><tr><td>567<\/td><td>Autoriza ao Poder executivo abrir cr\u00e9dito adicional especial e d\u00e1 outras provid\u00eancias<\/td><td><a href=\"http:\/\/www.camarapocao.pe.gov.br\/home\/images\/Consulta\/leis\/2009\/567.pdf\" target=\"_blank\" rel=\"noreferrer noopener\">PDF<\/a><\/td><\/tr><tr><td>568<\/td><td>Autoriza ao Poder executivo abrir cr\u00e9dito adicional suplementar e d\u00e1 outras provid\u00eancias<\/td><td><a href=\"http:\/\/www.camarapocao.pe.gov.br\/home\/images\/Consulta\/leis\/2009\/568.pdf\" target=\"_blank\" rel=\"noreferrer noopener\">PDF<\/a><\/td><\/tr><tr><td>569<\/td><td>Disp\u00f5e sobre a reformula\u00e7\u00e3o do Plano de Cargos, Carreira e Vencimento dos Profissionais da Educa\u00e7\u00e3o B\u00e1sica do Munic\u00edpio de Po\u00e7\u00e3o<\/td><td><a href=\"http:\/\/www.camarapocao.pe.gov.br\/home\/images\/Consulta\/leis\/2009\/569.pdf\" target=\"_blank\" rel=\"noreferrer noopener\">PDF<\/a><\/td><\/tr><tr><td>570<\/td><td>Autoriza o Poder Executivo a\n contribuir mensalmente com a entidade estadual de representa\u00e7\u00e3o dos \nmunic\u00edpios do Estado de Pernambuco &#8211; AMUPE (Associa\u00e7\u00e3o Municipalista de \nPernambuco) e com a entidade Nacional&nbsp;de representa\u00e7\u00e3o dos Munic\u00edpios, a\n CNM (Confedera\u00e7\u00e3o Nacional dos Munic\u00edpios).<\/td><td><a href=\"http:\/\/www.camarapocao.pe.gov.br\/home\/images\/Consulta\/leis\/2009\/570.pdf\" target=\"_blank\" rel=\"noreferrer noopener\">PDF<\/a><\/td><\/tr><tr><td>571<\/td><td>Disp\u00f5e sobre a fiscaliza\u00e7\u00e3o \nno Munic\u00edpio pelo sistema de controle interno do Poder Executivo, nos \ntermos do art. 31 da Constitui\u00e7\u00e3o da Rep\u00fablica<\/td><td><a href=\"http:\/\/www.camarapocao.pe.gov.br\/home\/images\/Consulta\/leis\/2009\/571.pdf\" target=\"_blank\" rel=\"noreferrer noopener\">PDF<\/a><\/td><\/tr><tr><td>572<\/td><td>Cria cargos na Estrutura de Pessoal da Prefeitura Municipal de Po\u00e7\u00e3o-PE e d\u00e1 outras provid\u00eancias<\/td><td><a href=\"http:\/\/www.camarapocao.pe.gov.br\/home\/images\/Consulta\/leis\/2009\/572.pdf\" target=\"_blank\" rel=\"noreferrer noopener\">PDF<\/a><\/td><\/tr><tr><td>573<\/td><td>Autoriza o Poder Executivo abrir cr\u00e9dito adicional especial e d\u00e1 outras provid\u00eancias<\/td><td><a href=\"http:\/\/www.camarapocao.pe.gov.br\/home\/images\/Consulta\/leis\/2009\/573.pdf\" target=\"_blank\" rel=\"noreferrer noopener\">PDF<\/a><\/td><\/tr><tr><td>574<\/td><td>Autoriza o Poder Legislativo abrir cr\u00e9dito &nbsp;adicional suplementar e d\u00e1 outras provid\u00eancias<\/td><td><a href=\"http:\/\/www.camarapocao.pe.gov.br\/home\/images\/Consulta\/leis\/2009\/574.pdf\" target=\"_blank\" rel=\"noreferrer noopener\">PDF<\/a><\/td><\/tr><tr><td>575<\/td><td>Autoriza o Poder Executivo abrir cr\u00e9dito adicional especial e d\u00e1 outras provid\u00eancias<\/td><td><a href=\"http:\/\/www.camarapocao.pe.gov.br\/home\/images\/Consulta\/leis\/2009\/575.pdf\" target=\"_blank\" rel=\"noreferrer noopener\">PDF<\/a><\/td><\/tr><tr><td>576<\/td><td>Autoriza o Poder Executivo abrir cr\u00e9dito adicional suplementar e d\u00e1 outras provid\u00eancias<\/td><td><a href=\"http:\/\/www.camarapocao.pe.gov.br\/home\/images\/Consulta\/leis\/2009\/576.pdf\" target=\"_blank\" rel=\"noreferrer noopener\">PDF<\/a><\/td><\/tr><tr><td>577<\/td><td>Concede majora\u00e7\u00e3o dos \nvencimentos dos cargos com provimento em comiss\u00e3o da Prefeitura \nMunicipal de Po\u00e7\u00e3o-PE e d\u00e1 outras provid\u00eancias<\/td><td><a href=\"http:\/\/www.camarapocao.pe.gov.br\/home\/images\/Consulta\/leis\/2009\/577.pdf\" target=\"_blank\" rel=\"noreferrer noopener\">PDF<\/a><\/td><\/tr><tr><td>578<\/td><td>Institui o Programa Municipal de Agentes da Cidadania &#8211; PMAC e d\u00e1 outras provid\u00eancias<\/td><td><a href=\"http:\/\/www.camarapocao.pe.gov.br\/home\/images\/Consulta\/leis\/2009\/578.pdf\" target=\"_blank\" rel=\"noreferrer noopener\">PDF<\/a><\/td><\/tr><tr><td>579<\/td><td>Concede majora\u00e7\u00e3o do subs\u00eddio de Secret\u00e1rio Municipal e d\u00e1 outras provid\u00eancias<\/td><td><a href=\"http:\/\/www.camarapocao.pe.gov.br\/home\/images\/Consulta\/leis\/2009\/579.pdf\" target=\"_blank\" rel=\"noreferrer noopener\">PDF<\/a><\/td><\/tr><tr><td>580<\/td><td>Diretrizes or\u00e7ament\u00e1rias<\/td><td><a href=\"http:\/\/www.camarapocao.pe.gov.br\/home\/images\/Consulta\/leis\/2009\/580.pdf\" target=\"_blank\" rel=\"noreferrer noopener\">PDF<\/a><\/td><\/tr><tr><td>581<\/td><td>Estabelece a remunera\u00e7\u00e3o dos\n vencimentos dos servidores ocupantes de cargo efetivo e comissionado da\n C\u00e2mara Municipal de Po\u00e7\u00e3o e d\u00e1 outras provid\u00eancias<\/td><td><a href=\"http:\/\/www.camarapocao.pe.gov.br\/home\/images\/Consulta\/leis\/2009\/581.pdf\" target=\"_blank\" rel=\"noreferrer noopener\">PDF<\/a><\/td><\/tr><tr><td>582<\/td><td>Disp\u00f5e sobre a concess\u00e3o de di\u00e1rias e d\u00e1 outras provid\u00eancias<\/td><td><a href=\"http:\/\/www.camarapocao.pe.gov.br\/home\/images\/Consulta\/leis\/2009\/582.pdf\" target=\"_blank\" rel=\"noreferrer noopener\">PDF<\/a><\/td><\/tr><tr><td>583<\/td><td>D\u00e1 nova nomenclatura \u00e0 Secretaria Municipal de Agricultura e d\u00e1 outras provid\u00eancias<\/td><td><a href=\"http:\/\/www.camarapocao.pe.gov.br\/home\/images\/Consulta\/leis\/2009\/583.pdf\" target=\"_blank\" rel=\"noreferrer noopener\">PDF<\/a><\/td><\/tr><tr><td>584<\/td><td>D\u00e1 nova nomenclatura \u00e0 Secretaria Municipal de Agricultura e d\u00e1 outras provid\u00eancias<\/td><td><a href=\"http:\/\/www.camarapocao.pe.gov.br\/home\/images\/Consulta\/leis\/2009\/584.pdf\" target=\"_blank\" rel=\"noreferrer noopener\">PDF<\/a><\/td><\/tr><tr><td>585<\/td><td>Cria o Cargo de Coordenador do Sistema de Controle Interno, altera dispositivo da Lei n\u00ba 564\/2009, e d\u00e1 outras provid\u00eancias.<\/td><td><a href=\"http:\/\/www.camarapocao.pe.gov.br\/home\/images\/Consulta\/leis\/2009\/585.pdf\" target=\"_blank\" rel=\"noreferrer noopener\">PDF<\/a><\/td><\/tr><tr><td>586<\/td><td>Autoriza o Poder Legislativo abrir cr\u00e9dito adicional suplementar e d\u00e1 outras provid\u00eancias.<\/td><td><a href=\"http:\/\/www.camarapocao.pe.gov.br\/home\/images\/Consulta\/leis\/2009\/586.pdf\" target=\"_blank\" rel=\"noreferrer noopener\">PDF<\/a><\/td><\/tr><tr><td>587<\/td><td>Disp\u00f5e sobre a concess\u00e3o de descontos e parcelamento de IPTU do Munic\u00edpio de Po\u00e7\u00e3o-PE e d\u00e1 outras provid\u00eancias.<\/td><td><a href=\"http:\/\/www.camarapocao.pe.gov.br\/home\/images\/Consulta\/leis\/2009\/587.pdf\" target=\"_blank\" rel=\"noreferrer noopener\">PDF<\/a><\/td><\/tr><tr><td>588<\/td><td>Programas e Objetivos PPA 2010 &#8211; 2013 (ARQUIVO DISPON\u00cdVEL APENAS PARA DOWNLOAD)<\/td><td><a href=\"http:\/\/www.camarapocao.pe.gov.br\/home\/images\/Consulta\/leis\/2009\/588.rar\" target=\"_blank\" rel=\"noreferrer noopener\">.RAR<\/a><\/td><\/tr><tr><td>589<\/td><td>Altera dispositivo da Lei 557\/2009 e d\u00e1 outras provid\u00eancias.<\/td><td><a href=\"http:\/\/www.camarapocao.pe.gov.br\/home\/images\/Consulta\/leis\/2009\/589.pdf\" target=\"_blank\" rel=\"noreferrer noopener\">PDF<\/a><\/td><\/tr><tr><td>590<\/td><td>Concede majora\u00e7\u00e3o dos \nvencimentos dos cargos com provimento em comiss\u00e3o da Prefeitura \nMunicipal de Po\u00e7\u00e3o &#8211; PE e d\u00e1 outras provid\u00eancias<\/td><td><a href=\"http:\/\/www.camarapocao.pe.gov.br\/home\/images\/Consulta\/leis\/2009\/590.pdf\" target=\"_blank\" rel=\"noreferrer noopener\">PDF<\/a><\/td><\/tr><tr><td>591<\/td><td>Estima a RECEITA e fixa a DESPESA do Munic\u00edpio para o exerc\u00edcio financeiro de 2010<\/td><td><a href=\"http:\/\/www.camarapocao.pe.gov.br\/home\/images\/Consulta\/leis\/2009\/591.rar\" target=\"_blank\" rel=\"noreferrer noopener\">.RAR<\/a><\/td><\/tr><tr><td>592<\/td><td>Altera dispositivo da Lei n\u00ba. 587\/2009 e d\u00e1 outras provid\u00eancias.<\/td><td><a href=\"http:\/\/www.camarapocao.pe.gov.br\/home\/images\/Consulta\/leis\/2009\/592.pdf\" target=\"_blank\" rel=\"noreferrer noopener\">PDF<\/a><\/td><\/tr><tr><td>593<\/td><td>Institui o novo c\u00f3digo tribut\u00e1rio do Munic\u00edpio de Po\u00e7\u00e3o, Estado de Pernambuco e adota outras provid\u00eancias.<\/td><td><a href=\"http:\/\/www.camarapocao.pe.gov.br\/home\/images\/Consulta\/leis\/2008\/593.pdf\" target=\"_blank\" rel=\"noreferrer noopener\">PDF<\/a><\/td><\/tr><tr><td>594<\/td><td>D\u00e1 nomenclatura \u00e0 Biblioteca do Munic\u00edpio de Po\u00e7\u00e3o.<\/td><td><a href=\"http:\/\/www.camarapocao.pe.gov.br\/home\/images\/Consulta\/leis\/2009\/594.pdf\" target=\"_blank\" rel=\"noreferrer noopener\">PDF<\/a><\/td><\/tr><tr><td>595<\/td><td>Autoriza o Poder Executivo abrir Cr\u00e9dito Adicional Especial e d\u00e1 outras provid\u00eancias.<\/td><td><a href=\"http:\/\/www.camarapocao.pe.gov.br\/home\/images\/Consulta\/leis\/2009\/595.pdf\" target=\"_blank\" rel=\"noreferrer noopener\">PDF<\/a><\/td><\/tr><tr><td>596<\/td><td>Altera o dispositivo da Lei n\u00ba. 572\/2009 e d\u00e1 outras provid\u00eancias.<\/td><td><a href=\"http:\/\/www.camarapocao.pe.gov.br\/home\/images\/Consulta\/leis\/2009\/596.pdf\" target=\"_blank\" rel=\"noreferrer noopener\">PDF<\/a><\/td><\/tr><tr><td>597<\/td><td>Autoriza o Poder Executivo abrir cr\u00e9dito adicional suplementar e d\u00e1 outras provid\u00eancias<\/td><td><a href=\"http:\/\/www.camarapocao.pe.gov.br\/home\/images\/Consulta\/leis\/2009\/597.pdf\" target=\"_blank\" rel=\"noreferrer noopener\">PDF<\/a><\/td><\/tr><\/tbody><\/table>\n","protected":false},"excerpt":{"rendered":"<p>N\u00ba do documento Descri\u00e7\u00e3o Download 550 Autoriza ao Poder Executivo Municipal abrir cr\u00e9dito adicional suplementar e d\u00e1 outras provid\u00eancias PDF 551 Autoriza ao Poder Executivo <a class=\"leiamais\" href=\"https:\/\/camarapocao.pe.gov.br\/v1\/leis-aprovadas-em-2009\/\"><i class=\"fa fa-angle-double-right\" aria-hidden=\"true\"><\/i><br \/>\n<\/a><\/p>\n","protected":false},"author":2,"featured_media":0,"parent":0,"menu_order":0,"comment_status":"closed","ping_status":"closed","template":"","meta":{"footnotes":""},"class_list":["post-426","page","type-page","status-publish","hentry","active"],"aioseo_notices":[],"_links":{"self":[{"href":"https:\/\/camarapocao.pe.gov.br\/v1\/wp-json\/wp\/v2\/pages\/426","targetHints":{"allow":["GET"]}}],"collection":[{"href":"https:\/\/camarapocao.pe.gov.br\/v1\/wp-json\/wp\/v2\/pages"}],"about":[{"href":"https:\/\/camarapocao.pe.gov.br\/v1\/wp-json\/wp\/v2\/types\/page"}],"author":[{"embeddable":true,"href":"https:\/\/camarapocao.pe.gov.br\/v1\/wp-json\/wp\/v2\/users\/2"}],"replies":[{"embeddable":true,"href":"https:\/\/camarapocao.pe.gov.br\/v1\/wp-json\/wp\/v2\/comments?post=426"}],"version-history":[{"count":2,"href":"https:\/\/camarapocao.pe.gov.br\/v1\/wp-json\/wp\/v2\/pages\/426\/revisions"}],"predecessor-version":[{"id":428,"href":"https:\/\/camarapocao.pe.gov.br\/v1\/wp-json\/wp\/v2\/pages\/426\/revisions\/428"}],"wp:attachment":[{"href":"https:\/\/camarapocao.pe.gov.br\/v1\/wp-json\/wp\/v2\/media?parent=426"}],"curies":[{"name":"wp","href":"https:\/\/api.w.org\/{rel}","templated":true}]}}