{"id":423,"date":"2019-02-24T10:19:18","date_gmt":"2019-02-24T13:19:18","guid":{"rendered":"http:\/\/camarapocao.pe.gov.br\/v1\/?page_id=423"},"modified":"2019-02-24T10:19:30","modified_gmt":"2019-02-24T13:19:30","slug":"leis-aprovadas-em-2008","status":"publish","type":"page","link":"https:\/\/camarapocao.pe.gov.br\/v1\/leis-aprovadas-em-2008\/","title":{"rendered":"Leis aprovadas em 2008"},"content":{"rendered":"\n<table class=\"wp-block-table is-style-stripes\"><tbody><tr><td><strong>N\u00ba do documento<\/strong><\/td><td><strong>Descri\u00e7\u00e3o<\/strong><\/td><td><strong>Download<\/strong><\/td><\/tr><tr><td>540<\/td><td>Disp\u00f5e sobre crit\u00e9rios de\n admiss\u00e3o dos agentes comunit\u00e1rios de sa\u00fade e de combate a endemias, \ncria os respectivos cargos e determina outras provid\u00eancias<\/td><td><a href=\"http:\/\/www.camarapocao.pe.gov.br\/home\/images\/Consulta\/leis\/2008\/540.pdf\" target=\"_blank\" rel=\"noreferrer noopener\">PDF<\/a><\/td><\/tr><tr><td>541<\/td><td>Fixa em real os valores a serem pagos aos membros da comiss\u00e3o permanente de licita\u00e7\u00e3o<\/td><td><a href=\"http:\/\/www.camarapocao.pe.gov.br\/home\/images\/Consulta\/leis\/2008\/541.pdf\" target=\"_blank\" rel=\"noreferrer noopener\">PDF<\/a><\/td><\/tr><tr><td>542<\/td><td>Altera a reda\u00e7\u00e3o do artigo 6\u00ba da lei municipal 304\/93 e determina outras provid\u00eancias.<\/td><td><a href=\"http:\/\/www.camarapocao.pe.gov.br\/home\/images\/Consulta\/leis\/2008\/542.pdf\" target=\"_blank\" rel=\"noreferrer noopener\">PDF<\/a><\/td><\/tr><tr><td>543<\/td><td>Disp\u00f5e sobre a cria\u00e7\u00e3o de cargos no quadro de pessoal do munic\u00edpio de Po\u00e7\u00e3o e determina outras provid\u00eancias<\/td><td><a href=\"http:\/\/www.camarapocao.pe.gov.br\/home\/images\/Consulta\/leis\/2008\/543.pdf\" target=\"_blank\" rel=\"noreferrer noopener\">PDF<\/a><\/td><\/tr><tr><td>544<\/td><td>Aprova e ratifica o \nprotocolo de inten\u00e7\u00f5es, referente a constitui\u00e7\u00e3o de um Cons\u00f3rcio P\u00fablico\n Intermunicipal e d\u00e1 outras provid\u00eancias.<\/td><td><a href=\"http:\/\/www.camarapocao.pe.gov.br\/home\/images\/Consulta\/leis\/2008\/544.pdf\" target=\"_blank\" rel=\"noreferrer noopener\">PDF<\/a><\/td><\/tr><tr><td>545<\/td><td>Altera a reda\u00e7\u00e3o do artigo 6\u00ba da lei municipal 304\/93 e determina outras provid\u00eancias.<\/td><td><a href=\"http:\/\/www.camarapocao.pe.gov.br\/home\/images\/Consulta\/leis\/2008\/545.pdf\" target=\"_blank\" rel=\"noreferrer noopener\">PDF<\/a><\/td><\/tr><tr><td>546<\/td><td>Disp\u00f5e sobre a fixa\u00e7\u00e3o dos subis\u00eddios do prefeito, vice-prefeito e vereadores do munic\u00edpio de Po\u00e7\u00e3o.<\/td><td><a href=\"http:\/\/www.camarapocao.pe.gov.br\/home\/images\/Consulta\/leis\/2008\/546.pdf\" target=\"_blank\" rel=\"noreferrer noopener\">PDF<\/a><\/td><\/tr><tr><td>547<\/td><td>Disp\u00f5e sobre as diretrizes para elabora\u00e7\u00e3o da lei or\u00e7ament\u00e1ria de 2009 e d\u00e1 outras provid\u00eancias.<\/td><td><a href=\"http:\/\/www.camarapocao.pe.gov.br\/home\/images\/Consulta\/leis\/2008\/547.pdf\" target=\"_blank\" rel=\"noreferrer noopener\">PDF<\/a><\/td><\/tr><tr><td>548<\/td><td>Autoriza o poder executivo a realizar cess\u00e3o de uso de im\u00f3vel e d\u00e1 outras provid\u00eancias.<\/td><td><a href=\"http:\/\/www.camarapocao.pe.gov.br\/home\/images\/Consulta\/leis\/2008\/548.pdf\" target=\"_blank\" rel=\"noreferrer noopener\">PDF<\/a><\/td><\/tr><tr><td>549<\/td><td>Estima a receita e fixa as despesas do munic\u00edpio de Po\u00e7\u00e3o para o exerc\u00edcio de 2009 e determina outras provid\u00eancias.<\/td><td><a href=\"http:\/\/www.camarapocao.pe.gov.br\/home\/images\/Consulta\/leis\/2008\/549.rar\" target=\"_blank\" rel=\"noreferrer noopener\">.RAR<\/a><\/td><\/tr><\/tbody><\/table>\n","protected":false},"excerpt":{"rendered":"<p>N\u00ba do documento Descri\u00e7\u00e3o Download 540 Disp\u00f5e sobre crit\u00e9rios de admiss\u00e3o dos agentes comunit\u00e1rios de sa\u00fade e de combate a endemias, cria os respectivos cargos <a class=\"leiamais\" href=\"https:\/\/camarapocao.pe.gov.br\/v1\/leis-aprovadas-em-2008\/\"><i class=\"fa fa-angle-double-right\" aria-hidden=\"true\"><\/i><br \/>\n<\/a><\/p>\n","protected":false},"author":2,"featured_media":0,"parent":0,"menu_order":0,"comment_status":"closed","ping_status":"closed","template":"","meta":{"footnotes":""},"class_list":["post-423","page","type-page","status-publish","hentry","active"],"aioseo_notices":[],"_links":{"self":[{"href":"https:\/\/camarapocao.pe.gov.br\/v1\/wp-json\/wp\/v2\/pages\/423","targetHints":{"allow":["GET"]}}],"collection":[{"href":"https:\/\/camarapocao.pe.gov.br\/v1\/wp-json\/wp\/v2\/pages"}],"about":[{"href":"https:\/\/camarapocao.pe.gov.br\/v1\/wp-json\/wp\/v2\/types\/page"}],"author":[{"embeddable":true,"href":"https:\/\/camarapocao.pe.gov.br\/v1\/wp-json\/wp\/v2\/users\/2"}],"replies":[{"embeddable":true,"href":"https:\/\/camarapocao.pe.gov.br\/v1\/wp-json\/wp\/v2\/comments?post=423"}],"version-history":[{"count":2,"href":"https:\/\/camarapocao.pe.gov.br\/v1\/wp-json\/wp\/v2\/pages\/423\/revisions"}],"predecessor-version":[{"id":425,"href":"https:\/\/camarapocao.pe.gov.br\/v1\/wp-json\/wp\/v2\/pages\/423\/revisions\/425"}],"wp:attachment":[{"href":"https:\/\/camarapocao.pe.gov.br\/v1\/wp-json\/wp\/v2\/media?parent=423"}],"curies":[{"name":"wp","href":"https:\/\/api.w.org\/{rel}","templated":true}]}}