{"id":420,"date":"2019-02-24T10:14:02","date_gmt":"2019-02-24T13:14:02","guid":{"rendered":"http:\/\/camarapocao.pe.gov.br\/v1\/?page_id=420"},"modified":"2019-02-24T10:14:51","modified_gmt":"2019-02-24T13:14:51","slug":"contratos-fechados-em-2018","status":"publish","type":"page","link":"https:\/\/camarapocao.pe.gov.br\/v1\/contratos-fechados-em-2018\/","title":{"rendered":"Contratos Fechados em 2018"},"content":{"rendered":"\n<table class=\"wp-block-table is-style-stripes\"><tbody><tr><td><strong>N\u00ba do documento<\/strong><\/td><td><strong>Descri\u00e7\u00e3o<\/strong><\/td><td><strong>Download<\/strong><\/td><\/tr><tr><td>1\/2018<\/td><td>Constitui objeto deste \ncontrato a presta\u00e7\u00e3o de&nbsp; servi\u00e7os de transcri\u00e7\u00e3o de dados &#8220;atas, leis, \nresolu\u00e7\u00f5es, decretos e\/ou outros) para registro em livros espec\u00edficos.<\/td><td><a href=\"http:\/\/www.camarapocao.pe.gov.br\/home\/images\/Consulta\/contratos\/2018\/01-2018.pdf\" target=\"_blank\" rel=\"noreferrer noopener\">PDF<\/a><\/td><\/tr><tr><td>2\/2018<\/td><td>Constitui objeto deste contrato a presta\u00e7\u00e3o de servi\u00e7os gerais a ser prestados ao Poder Legislativo de Po\u00e7\u00e3o\/PE<\/td><td><a href=\"http:\/\/www.camarapocao.pe.gov.br\/home\/images\/Consulta\/contratos\/2018\/02-2018.pdf\" target=\"_blank\" rel=\"noreferrer noopener\">PDF<\/a><\/td><\/tr><tr><td>3\/2018<\/td><td>Implanta\u00e7\u00e3o, manuten\u00e7\u00e3o mensal, suporte e direito de uso do sistema de protocolo (SCC)<\/td><td><a href=\"http:\/\/www.camarapocao.pe.gov.br\/home\/images\/Consulta\/contratos\/2018\/03-2018.pdf\" target=\"_blank\" rel=\"noreferrer noopener\">PDF<\/a><\/td><\/tr><tr><td>4\/2018<\/td><td>Cess\u00e3o de uso de um \nSistema de Gerenciamento de Publica\u00e7\u00e3o de Documentos exigidos pela LG \n9.755\/98, LC 101\/00 e Portal da Transpar\u00eancia (LC 131\/09) em s\u00edtio \neletr\u00f4nico&nbsp;<\/td><td><a href=\"http:\/\/www.camarapocao.pe.gov.br\/home\/images\/Consulta\/contratos\/2018\/04-2018.pdf\" target=\"_blank\" rel=\"noreferrer noopener\">PDF<\/a><\/td><\/tr><tr><td>5\/2018<\/td><td>Contrato de presta\u00e7\u00e3o de servi\u00e7os de hospedagem, manuten\u00e7\u00e3o e atualiza\u00e7\u00e3o de Portal Oficial da C\u00e2mara de Po\u00e7\u00e3o\/PE na internet<\/td><td><a href=\"http:\/\/www.camarapocao.pe.gov.br\/home\/images\/Consulta\/contratos\/2018\/05-2018.pdf\" target=\"_blank\" rel=\"noreferrer noopener\">PDF<\/a><\/td><\/tr><tr><td>6\/2018<\/td><td>Contrato de presta\u00e7\u00e3o de \nservi\u00e7os de fornecimento de enlace dedicado com acesso \u00e0 internet \natrav\u00e9s de radiofrequ\u00eancia a ser implantado pela TESSI.<\/td><td><a href=\"http:\/\/www.camarapocao.pe.gov.br\/home\/images\/Consulta\/contratos\/2018\/06-2018.pdf\" target=\"_blank\" rel=\"noreferrer noopener\">PDF<\/a><\/td><\/tr><tr><td>7\/2018<\/td><td>Presta\u00e7\u00e3o de servi\u00e7o de \nassessoria e consultoria em recursos humanos e administra\u00e7\u00e3o de pessoal \ncom disponibiliza\u00e7\u00e3o de software para elabora\u00e7\u00e3o de folha de pagamento e\n treinamento para servidores p\u00fablicos<\/td><td><a href=\"http:\/\/www.camarapocao.pe.gov.br\/home\/images\/Consulta\/contratos\/2018\/07-2018.pdf\" target=\"_blank\" rel=\"noreferrer noopener\">PDF<\/a><\/td><\/tr><tr><td>TA-01-2018<\/td><td>Termo aditivo 01\/2018 &#8211; \nAditiva\u00e7\u00e3o do contrato de presta\u00e7\u00e3o de servi\u00e7os t\u00e9cnicos especializados \nde consultoria e assessoria cont\u00e1bil<\/td><td><a href=\"http:\/\/www.camarapocao.pe.gov.br\/home\/images\/Consulta\/contratos\/2018\/TA-01-2018.pdf\" target=\"_blank\" rel=\"noreferrer noopener\">PDF<\/a><\/td><\/tr><\/tbody><\/table>\n","protected":false},"excerpt":{"rendered":"<p>N\u00ba do documento Descri\u00e7\u00e3o Download 1\/2018 Constitui objeto deste contrato a presta\u00e7\u00e3o de&nbsp; servi\u00e7os de transcri\u00e7\u00e3o de dados &#8220;atas, leis, resolu\u00e7\u00f5es, decretos e\/ou outros) para <a class=\"leiamais\" href=\"https:\/\/camarapocao.pe.gov.br\/v1\/contratos-fechados-em-2018\/\"><i class=\"fa fa-angle-double-right\" aria-hidden=\"true\"><\/i><br \/>\n<\/a><\/p>\n","protected":false},"author":2,"featured_media":0,"parent":0,"menu_order":0,"comment_status":"closed","ping_status":"closed","template":"","meta":{"footnotes":""},"class_list":["post-420","page","type-page","status-publish","hentry","active"],"aioseo_notices":[],"_links":{"self":[{"href":"https:\/\/camarapocao.pe.gov.br\/v1\/wp-json\/wp\/v2\/pages\/420","targetHints":{"allow":["GET"]}}],"collection":[{"href":"https:\/\/camarapocao.pe.gov.br\/v1\/wp-json\/wp\/v2\/pages"}],"about":[{"href":"https:\/\/camarapocao.pe.gov.br\/v1\/wp-json\/wp\/v2\/types\/page"}],"author":[{"embeddable":true,"href":"https:\/\/camarapocao.pe.gov.br\/v1\/wp-json\/wp\/v2\/users\/2"}],"replies":[{"embeddable":true,"href":"https:\/\/camarapocao.pe.gov.br\/v1\/wp-json\/wp\/v2\/comments?post=420"}],"version-history":[{"count":2,"href":"https:\/\/camarapocao.pe.gov.br\/v1\/wp-json\/wp\/v2\/pages\/420\/revisions"}],"predecessor-version":[{"id":422,"href":"https:\/\/camarapocao.pe.gov.br\/v1\/wp-json\/wp\/v2\/pages\/420\/revisions\/422"}],"wp:attachment":[{"href":"https:\/\/camarapocao.pe.gov.br\/v1\/wp-json\/wp\/v2\/media?parent=420"}],"curies":[{"name":"wp","href":"https:\/\/api.w.org\/{rel}","templated":true}]}}