{"id":415,"date":"2019-02-24T10:11:35","date_gmt":"2019-02-24T13:11:35","guid":{"rendered":"http:\/\/camarapocao.pe.gov.br\/v1\/?page_id=415"},"modified":"2019-02-26T16:56:12","modified_gmt":"2019-02-26T19:56:12","slug":"contratos-fechados-em-2016","status":"publish","type":"page","link":"https:\/\/camarapocao.pe.gov.br\/v1\/contratos-fechados-em-2016\/","title":{"rendered":"Contratos Fechados em 2016"},"content":{"rendered":"\n<table class=\"wp-block-table is-style-stripes\"><tbody><tr><td><strong>N\u00ba do documento<\/strong><\/td><td><strong>Descri\u00e7\u00e3o<\/strong><\/td><td><strong>Download<\/strong><\/td><\/tr><tr><td>1\/2016<\/td><td>Contrato de presta\u00e7\u00e3o de \nservi\u00e7os t\u00e9cnicos especializados na \u00e1rea de inform\u00e1tica, tendo como \nprincipal objetivo a manuten\u00e7\u00e3o de software de contabilidade p\u00fablica e \nfolha de pagamento<\/td><td><a href=\"http:\/\/www.camarapocao.pe.gov.br\/home\/images\/Consulta\/contratos\/2016\/01-2016.pdf\" target=\"_blank\" rel=\"noreferrer noopener\">PDF<\/a><\/td><\/tr><tr><td>2\/2016<\/td><td>Contrato de presta\u00e7\u00e3o de servi\u00e7os t\u00e9cnicos especializados de assessoria legislativa e administrativa<\/td><td><a href=\"http:\/\/www.camarapocao.pe.gov.br\/home\/images\/Consulta\/contratos\/2016\/02-2016.pdf\" target=\"_blank\" rel=\"noreferrer noopener\">PDF<\/a><\/td><\/tr><tr><td>3\/2016<\/td><td>Contrato de presta\u00e7\u00e3o de servi\u00e7os t\u00e9cnicos especializado de assessoria e consultoria cont\u00e1bil<\/td><td><a href=\"http:\/\/www.camarapocao.pe.gov.br\/home\/images\/Consulta\/contratos\/2016\/03-2016.pdf\" target=\"_blank\" rel=\"noreferrer noopener\">PDF<\/a><\/td><\/tr><tr><td>4\/2016<\/td><td>Contrato de fornecimento de licen\u00e7a de uso, manuten\u00e7\u00e3o e suporte t\u00e9cnico em softwares de gest\u00e3o de contabilidade e RH<\/td><td><a href=\"http:\/\/www.camarapocao.pe.gov.br\/home\/images\/Consulta\/contratos\/2016\/04-2016.pdf\" target=\"_blank\" rel=\"noreferrer noopener\">PDF<\/a><\/td><\/tr><tr><td>5\/2016<\/td><td>Implanta\u00e7\u00e3o, Manuten\u00e7\u00e3o mensal, suporte e direito de uso do sistema de protocolo (SCC).<\/td><td><a href=\"http:\/\/www.camarapocao.pe.gov.br\/home\/images\/Consulta\/contratos\/2016\/05-2016.pdf\" target=\"_blank\" rel=\"noreferrer noopener\">PDF<\/a><\/td><\/tr><tr><td>6\/2016<\/td><td>O presente contrato tem \npor objetivo a presta\u00e7\u00e3o de servi\u00e7os de hospedagem, manuten\u00e7\u00e3o e \natualiza\u00e7\u00e3o de s\u00edtio C\u00e2mara Municipal de Po\u00e7\u00e3o\/PE na internet.<\/td><td><a href=\"http:\/\/www.camarapocao.pe.gov.br\/home\/images\/Consulta\/contratos\/2016\/06-2016.pdf\" target=\"_blank\" rel=\"noreferrer noopener\">PDF<\/a><\/td><\/tr><tr><td>7\/2016<\/td><td>Contrato de presta\u00e7\u00e3o de servi\u00e7os t\u00e9cnicos especializados em assessoria jur\u00eddica-t\u00e9cnico-administrativa<\/td><td><a href=\"http:\/\/www.camarapocao.pe.gov.br\/home\/images\/Consulta\/contratos\/2016\/07-2016.pdf\" target=\"_blank\" rel=\"noreferrer noopener\">PDF<\/a><\/td><\/tr><tr><td>8\/2016<\/td><td>Contrato de presta\u00e7\u00e3o de servi\u00e7os t\u00e9cnicos especializados de contabilidade, \u00e0 C\u00e2mara Municipal de Po\u00e7\u00e3o\/PE<\/td><td><a href=\"http:\/\/www.camarapocao.pe.gov.br\/home\/images\/Consulta\/contratos\/2016\/08-2016.pdf\" target=\"_blank\" rel=\"noreferrer noopener\">PDF<\/a><\/td><\/tr><tr><td>9\/2016<\/td><td>Contrato de presta\u00e7\u00e3o de servi\u00e7os de hospedagem, manuten\u00e7\u00e3o e atualiza\u00e7\u00e3o do web site da C\u00e2mara Municipal de Po\u00e7\u00e3o\/PE<\/td><td><a href=\"http:\/\/www.camarapocao.pe.gov.br\/home\/images\/Consulta\/contratos\/2016\/09-2016.pdf\" target=\"_blank\" rel=\"noreferrer noopener\">PDF<\/a><\/td><\/tr><tr><td>10\/2016<\/td><td>Refere-se a implanta\u00e7\u00e3o, manuten\u00e7\u00e3o mensal, suporte e direito de uso do sistema de protocolo SCC<\/td><td><a href=\"http:\/\/www.camarapocao.pe.gov.br\/home\/images\/Consulta\/contratos\/2016\/10-2016.pdf\" target=\"_blank\" rel=\"noreferrer noopener\">PDF<\/a><\/td><\/tr><tr><td>11\/2016<\/td><td>Cess\u00e3o de uso de um sistema de gerenciamento de publica\u00e7\u00e3o de documentos exigidos por lei federal e portal da transpar\u00eancia.<\/td><td><a href=\"http:\/\/www.camarapocao.pe.gov.br\/home\/images\/Consulta\/contratos\/2016\/11-2016.pdf\" target=\"_blank\" rel=\"noreferrer noopener\">PDF<\/a><\/td><\/tr><tr><td>12\/2016<\/td><td>Contrato de presta\u00e7\u00e3o de servi\u00e7o de acesso a internet<\/td><td><a href=\"http:\/\/www.camarapocao.pe.gov.br\/home\/images\/Consulta\/contratos\/2016\/12-2016.pdf\" target=\"_blank\" rel=\"noreferrer noopener\">PDF<\/a><\/td><\/tr><tr><td>13\/2016<\/td><td>Contrato de presta\u00e7\u00e3o de servi\u00e7os de t\u00e9cnicos esecializado de contabilidade<\/td><td><a href=\"http:\/\/www.camarapocao.pe.gov.br\/home\/images\/Consulta\/contratos\/2016\/13-2016.pdf\" target=\"_blank\" rel=\"noreferrer noopener\">PDF<\/a><\/td><\/tr><tr><td>14\/2016<\/td><td>Contrato de presta\u00e7\u00e3o de servi\u00e7os de t\u00e9cnicos especializados de assessoria jur\u00eddico-t\u00e9cnico-administrativa<\/td><td><a href=\"http:\/\/www.camarapocao.pe.gov.br\/home\/images\/Consulta\/contratos\/2016\/14-2016.pdf\" target=\"_blank\" rel=\"noreferrer noopener\">PDF<\/a><\/td><\/tr><tr><td>15\/2016<\/td><td>Contrato de licenciamento, \nfornecimento de licen\u00e7as de uso, manuten\u00e7\u00e3o e suporte t\u00e9cnico em \nsoftwares de gest\u00e3o de contabilidade e RH<\/td><td><a href=\"http:\/\/www.camarapocao.pe.gov.br\/home\/images\/Consulta\/contratos\/2016\/15-2016.pdf\" target=\"_blank\" rel=\"noreferrer noopener\">PDF<\/a><\/td><\/tr><tr><td>16\/2016<\/td><td>Loca\u00e7\u00e3o de Im\u00f3vel<\/td><td><a href=\"http:\/\/www.camarapocao.pe.gov.br\/home\/images\/Consulta\/contratos\/2016\/16-2016.pdf\" target=\"_blank\" rel=\"noreferrer noopener\">PDF<\/a><\/td><\/tr><\/tbody><\/table>\n","protected":false},"excerpt":{"rendered":"<p>N\u00ba do documento Descri\u00e7\u00e3o Download 1\/2016 Contrato de presta\u00e7\u00e3o de servi\u00e7os t\u00e9cnicos especializados na \u00e1rea de inform\u00e1tica, tendo como principal objetivo a manuten\u00e7\u00e3o de software <a class=\"leiamais\" href=\"https:\/\/camarapocao.pe.gov.br\/v1\/contratos-fechados-em-2016\/\"><i class=\"fa fa-angle-double-right\" aria-hidden=\"true\"><\/i><br \/>\n<\/a><\/p>\n","protected":false},"author":2,"featured_media":0,"parent":0,"menu_order":0,"comment_status":"closed","ping_status":"closed","template":"","meta":{"footnotes":""},"class_list":["post-415","page","type-page","status-publish","hentry","active"],"aioseo_notices":[],"_links":{"self":[{"href":"https:\/\/camarapocao.pe.gov.br\/v1\/wp-json\/wp\/v2\/pages\/415","targetHints":{"allow":["GET"]}}],"collection":[{"href":"https:\/\/camarapocao.pe.gov.br\/v1\/wp-json\/wp\/v2\/pages"}],"about":[{"href":"https:\/\/camarapocao.pe.gov.br\/v1\/wp-json\/wp\/v2\/types\/page"}],"author":[{"embeddable":true,"href":"https:\/\/camarapocao.pe.gov.br\/v1\/wp-json\/wp\/v2\/users\/2"}],"replies":[{"embeddable":true,"href":"https:\/\/camarapocao.pe.gov.br\/v1\/wp-json\/wp\/v2\/comments?post=415"}],"version-history":[{"count":2,"href":"https:\/\/camarapocao.pe.gov.br\/v1\/wp-json\/wp\/v2\/pages\/415\/revisions"}],"predecessor-version":[{"id":565,"href":"https:\/\/camarapocao.pe.gov.br\/v1\/wp-json\/wp\/v2\/pages\/415\/revisions\/565"}],"wp:attachment":[{"href":"https:\/\/camarapocao.pe.gov.br\/v1\/wp-json\/wp\/v2\/media?parent=415"}],"curies":[{"name":"wp","href":"https:\/\/api.w.org\/{rel}","templated":true}]}}