{"id":411,"date":"2019-02-24T10:09:09","date_gmt":"2019-02-24T13:09:09","guid":{"rendered":"http:\/\/camarapocao.pe.gov.br\/v1\/?page_id=411"},"modified":"2019-02-26T16:56:39","modified_gmt":"2019-02-26T19:56:39","slug":"contratos-fechados-em-2014","status":"publish","type":"page","link":"https:\/\/camarapocao.pe.gov.br\/v1\/contratos-fechados-em-2014\/","title":{"rendered":"Contratos Fechados em 2014"},"content":{"rendered":"\n<table class=\"wp-block-table is-style-stripes\"><tbody><tr><td><strong>N\u00ba do documento<\/strong><\/td><td><strong>Descri\u00e7\u00e3o<\/strong><\/td><td><strong>Download<\/strong><\/td><\/tr><tr><td>1\/2014<\/td><td>Contrato de presta\u00e7\u00e3o de servi\u00e7o de acesso \u00e0 internet<\/td><td><a href=\"http:\/\/www.camarapocao.pe.gov.br\/home\/images\/Consulta\/contratos\/2014\/01-2014.pdf\" target=\"_blank\" rel=\"noreferrer noopener\">PDF<\/a><\/td><\/tr><tr><td>2\/2014<\/td><td>Contrato de presta\u00e7\u00e3o de \nservi\u00e7os especializados de consultoria e assessoria na \u00e1rea de recursos \nhumanos, com disponibiliza\u00e7\u00e3o de software gerenciador de pessoal<\/td><td><a href=\"http:\/\/www.camarapocao.pe.gov.br\/home\/images\/Consulta\/contratos\/2014\/02-2014.pdf\" target=\"_blank\" rel=\"noreferrer noopener\">PDF<\/a><\/td><\/tr><tr><td>3\/2014&nbsp;<\/td><td>Contrato de presta\u00e7\u00e3o de \nservi\u00e7os referente a hospedagem, atualiza\u00e7\u00e3o e manuten\u00e7\u00e3o do portal da \nC\u00e2mara Municipal de Po\u00e7\u00e3o na internet<\/td><td><a href=\"http:\/\/www.camarapocao.pe.gov.br\/home\/images\/Consulta\/contratos\/2014\/03-2014.pdf\" target=\"_blank\" rel=\"noreferrer noopener\">PDF<\/a><\/td><\/tr><tr><td>4\/2014<\/td><td>Contrato referente a loca\u00e7\u00e3o de um im\u00f3vel localizado \u00e0 Rua Monsenhor Estanislau.<\/td><td><a href=\"http:\/\/www.camarapocao.pe.gov.br\/home\/images\/Consulta\/contratos\/2014\/04-2014.pdf\" target=\"_blank\" rel=\"noreferrer noopener\">PDF<\/a><\/td><\/tr><tr><td>5\/2014<\/td><td>O referido contrato trata-se da cess\u00e3o de se uso de um sistema de gerenciamento de publica\u00e7\u00e3o de documentos<\/td><td><a href=\"http:\/\/www.camarapocao.pe.gov.br\/home\/images\/Consulta\/contratos\/2014\/05-2014.pdf\" target=\"_blank\" rel=\"noreferrer noopener\">PDF<\/a><\/td><\/tr><tr><td>Termo&nbsp;aditivo<\/td><td>Primeiro termo aditivo ao \ncontrato de presta\u00e7\u00e3o de servi\u00e7os t\u00e9cnicos especializados de consultoria\n e assessoria cont\u00e1bil e financeira<\/td><td><a href=\"http:\/\/www.camarapocao.pe.gov.br\/home\/images\/Consulta\/contratos\/2014\/termoaditivo.pdf\" target=\"_blank\" rel=\"noreferrer noopener\">PDF<\/a><\/td><\/tr><\/tbody><\/table>\n","protected":false},"excerpt":{"rendered":"<p>N\u00ba do documento Descri\u00e7\u00e3o Download 1\/2014 Contrato de presta\u00e7\u00e3o de servi\u00e7o de acesso \u00e0 internet PDF 2\/2014 Contrato de presta\u00e7\u00e3o de servi\u00e7os especializados de consultoria <a class=\"leiamais\" href=\"https:\/\/camarapocao.pe.gov.br\/v1\/contratos-fechados-em-2014\/\"><i class=\"fa fa-angle-double-right\" aria-hidden=\"true\"><\/i><br \/>\n<\/a><\/p>\n","protected":false},"author":2,"featured_media":0,"parent":0,"menu_order":0,"comment_status":"closed","ping_status":"closed","template":"","meta":{"footnotes":""},"class_list":["post-411","page","type-page","status-publish","hentry","active"],"aioseo_notices":[],"_links":{"self":[{"href":"https:\/\/camarapocao.pe.gov.br\/v1\/wp-json\/wp\/v2\/pages\/411","targetHints":{"allow":["GET"]}}],"collection":[{"href":"https:\/\/camarapocao.pe.gov.br\/v1\/wp-json\/wp\/v2\/pages"}],"about":[{"href":"https:\/\/camarapocao.pe.gov.br\/v1\/wp-json\/wp\/v2\/types\/page"}],"author":[{"embeddable":true,"href":"https:\/\/camarapocao.pe.gov.br\/v1\/wp-json\/wp\/v2\/users\/2"}],"replies":[{"embeddable":true,"href":"https:\/\/camarapocao.pe.gov.br\/v1\/wp-json\/wp\/v2\/comments?post=411"}],"version-history":[{"count":2,"href":"https:\/\/camarapocao.pe.gov.br\/v1\/wp-json\/wp\/v2\/pages\/411\/revisions"}],"predecessor-version":[{"id":566,"href":"https:\/\/camarapocao.pe.gov.br\/v1\/wp-json\/wp\/v2\/pages\/411\/revisions\/566"}],"wp:attachment":[{"href":"https:\/\/camarapocao.pe.gov.br\/v1\/wp-json\/wp\/v2\/media?parent=411"}],"curies":[{"name":"wp","href":"https:\/\/api.w.org\/{rel}","templated":true}]}}