{"id":409,"date":"2019-02-24T10:07:53","date_gmt":"2019-02-24T13:07:53","guid":{"rendered":"http:\/\/camarapocao.pe.gov.br\/v1\/?page_id=409"},"modified":"2019-02-26T16:56:50","modified_gmt":"2019-02-26T19:56:50","slug":"contratos-fechados-em-2013","status":"publish","type":"page","link":"https:\/\/camarapocao.pe.gov.br\/v1\/contratos-fechados-em-2013\/","title":{"rendered":"Contratos Fechados em 2013"},"content":{"rendered":"\n<table class=\"wp-block-table is-style-stripes\"><tbody><tr><td><strong>N\u00ba do documento<\/strong><\/td><td><strong>Descri\u00e7\u00e3o<\/strong><\/td><td><strong>Download<\/strong><\/td><\/tr><tr><td>1\/2013<\/td><td>Loca\u00e7\u00e3o de im\u00f3vel, para utiliza\u00e7\u00e3o da C\u00e2mara Municipal de Po\u00e7\u00e3o-PE<\/td><td><a href=\"http:\/\/www.camarapocao.pe.gov.br\/home\/images\/Consulta\/contratos\/2013\/01-2013.pdf\" target=\"_blank\" rel=\"noreferrer noopener\">PDF<\/a><\/td><\/tr><tr><td>2\/2013<\/td><td>Presta\u00e7\u00e3o de servi\u00e7os de acesso \u00e0 internet<\/td><td><a href=\"http:\/\/www.camarapocao.pe.gov.br\/home\/images\/Consulta\/contratos\/2013\/02-2013.pdf\" target=\"_blank\" rel=\"noreferrer noopener\">PDF<\/a><\/td><\/tr><tr><td>3\/2013&nbsp;<\/td><td>Presta\u00e7\u00e3o de servi\u00e7os de hospedagem, manuten\u00e7\u00e3o e atualiza\u00e7\u00e3o do site da C\u00e2mara Municipal de Po\u00e7\u00e3o<\/td><td><a href=\"http:\/\/www.camarapocao.pe.gov.br\/home\/images\/Consulta\/contratos\/2013\/03-2013.pdf\" target=\"_blank\" rel=\"noreferrer noopener\">PDF<\/a><\/td><\/tr><tr><td>4\/2013<\/td><td>Contrato de presta\u00e7\u00e3o de servi\u00e7os de consultoria, assessoria cont\u00e1bil e financeira.<\/td><td><a href=\"http:\/\/www.camarapocao.pe.gov.br\/home\/images\/Consulta\/contratos\/2013\/04-2013.pdf\" target=\"_blank\" rel=\"noreferrer noopener\">PDF<\/a><\/td><\/tr><tr><td>5\/2013<\/td><td>Prest\u00e7\u00e3o de servi\u00e7os especializados de consultoria e assessoria na \u00e1rea de Recursos Humanos<\/td><td><a href=\"http:\/\/www.camarapocao.pe.gov.br\/home\/images\/Consulta\/contratos\/2013\/05-2013.pdf\" target=\"_blank\" rel=\"noreferrer noopener\">PDF<\/a><\/td><\/tr><tr><td>Termo de Rescis\u00e3o<\/td><td>::: Termo de rescis\u00e3o contratual :::<\/td><td><a href=\"http:\/\/www.camarapocao.pe.gov.br\/home\/images\/Consulta\/contratos\/2013\/rescisao.pdf\" target=\"_blank\" rel=\"noreferrer noopener\">PDF<\/a><\/td><\/tr><tr><td>6\/2013<\/td><td>Contrato de presta\u00e7\u00e3o de servi\u00e7os de consultoria e assessoria na \u00e1rea de recursos humanos<\/td><td><a href=\"http:\/\/www.camarapocao.pe.gov.br\/home\/images\/Consulta\/contratos\/2013\/06-2013.pdf\" target=\"_blank\" rel=\"noreferrer noopener\">PDF<\/a><\/td><\/tr><tr><td>7\/2013<\/td><td>Constitui objeto deste \n&nbsp;contrato a presta\u00e7\u00e3o de servi\u00e7os de grava\u00e7\u00e3o das sess\u00f5es ordin\u00e1rias, \nextraordin\u00e1ria p\u00fablicas da C\u00e2mara Municipal.<\/td><td><a href=\"http:\/\/www.camarapocao.pe.gov.br\/home\/images\/Consulta\/contratos\/2013\/07-2013.pdf\" target=\"_blank\" rel=\"noreferrer noopener\">PDF<\/a><\/td><\/tr><tr><td>8\/2013<\/td><td>Contrato de presta\u00e7\u00e3o de \nservi\u00e7os t\u00e9cnicos especializados de consultoria e assessoria cont\u00e1bil e \nfinanceira que entre si fazem a c\u00e2mara municipal de vereadores de po\u00e7\u00e3o e\n CESPAM.<\/td><td><a href=\"http:\/\/www.camarapocao.pe.gov.br\/home\/images\/Consulta\/contratos\/2013\/08-2013.pdf\" target=\"_blank\" rel=\"noreferrer noopener\">PDF<\/a><\/td><\/tr><tr><td>9\/2013<\/td><td>Contrata\u00e7\u00e3o de empresa \nespecializada para servi\u00e7o de implanta\u00e7\u00e3o, provimento de datacenter e \nlicen\u00e7a de uso de sistema informatizado Portal da Transpar\u00eancia e contas\n Publicas<\/td><td><a href=\"http:\/\/www.camarapocao.pe.gov.br\/home\/images\/Consulta\/contratos\/2013\/09-2013.pdf\" target=\"_blank\" rel=\"noreferrer noopener\">PDF<\/a><\/td><\/tr><\/tbody><\/table>\n","protected":false},"excerpt":{"rendered":"<p>N\u00ba do documento Descri\u00e7\u00e3o Download 1\/2013 Loca\u00e7\u00e3o de im\u00f3vel, para utiliza\u00e7\u00e3o da C\u00e2mara Municipal de Po\u00e7\u00e3o-PE PDF 2\/2013 Presta\u00e7\u00e3o de servi\u00e7os de acesso \u00e0 internet <a class=\"leiamais\" href=\"https:\/\/camarapocao.pe.gov.br\/v1\/contratos-fechados-em-2013\/\"><i class=\"fa fa-angle-double-right\" aria-hidden=\"true\"><\/i><br \/>\n<\/a><\/p>\n","protected":false},"author":2,"featured_media":0,"parent":0,"menu_order":0,"comment_status":"closed","ping_status":"closed","template":"","meta":{"footnotes":""},"class_list":["post-409","page","type-page","status-publish","hentry","active"],"aioseo_notices":[],"_links":{"self":[{"href":"https:\/\/camarapocao.pe.gov.br\/v1\/wp-json\/wp\/v2\/pages\/409","targetHints":{"allow":["GET"]}}],"collection":[{"href":"https:\/\/camarapocao.pe.gov.br\/v1\/wp-json\/wp\/v2\/pages"}],"about":[{"href":"https:\/\/camarapocao.pe.gov.br\/v1\/wp-json\/wp\/v2\/types\/page"}],"author":[{"embeddable":true,"href":"https:\/\/camarapocao.pe.gov.br\/v1\/wp-json\/wp\/v2\/users\/2"}],"replies":[{"embeddable":true,"href":"https:\/\/camarapocao.pe.gov.br\/v1\/wp-json\/wp\/v2\/comments?post=409"}],"version-history":[{"count":2,"href":"https:\/\/camarapocao.pe.gov.br\/v1\/wp-json\/wp\/v2\/pages\/409\/revisions"}],"predecessor-version":[{"id":567,"href":"https:\/\/camarapocao.pe.gov.br\/v1\/wp-json\/wp\/v2\/pages\/409\/revisions\/567"}],"wp:attachment":[{"href":"https:\/\/camarapocao.pe.gov.br\/v1\/wp-json\/wp\/v2\/media?parent=409"}],"curies":[{"name":"wp","href":"https:\/\/api.w.org\/{rel}","templated":true}]}}