{"id":393,"date":"2019-02-18T15:11:03","date_gmt":"2019-02-18T18:11:03","guid":{"rendered":"http:\/\/camarapocao.pe.gov.br\/v1\/?page_id=393"},"modified":"2019-02-18T15:12:11","modified_gmt":"2019-02-18T18:12:11","slug":"contratos-fechados-2010","status":"publish","type":"page","link":"https:\/\/camarapocao.pe.gov.br\/v1\/contratos-fechados-2010\/","title":{"rendered":"Contratos Fechados 2010"},"content":{"rendered":"\n<table class=\"wp-block-table is-style-stripes\"><tbody><tr><td><strong>N\u00ba do documento<\/strong><\/td><td><strong>Descri\u00e7\u00e3o<\/strong><\/td><td><strong>Download<\/strong><\/td><\/tr><tr><td>1\/2010<\/td><td>Contrato de Loca\u00e7\u00e3o de im\u00f3vel<\/td><td><a href=\"http:\/\/www.camarapocao.pe.gov.br\/home\/images\/Consulta\/contratos\/2010\/01-2010.pdf\" target=\"_blank\" rel=\"noreferrer noopener\">PDF<\/a><\/td><\/tr><tr><td>2\/2010<\/td><td>Termo de ades\u00e3o do contrato de acesso a internet<\/td><td><a href=\"http:\/\/www.camarapocao.pe.gov.br\/home\/images\/Consulta\/contratos\/2010\/02-2010.pdf\" target=\"_blank\" rel=\"noreferrer noopener\">PDF<\/a><\/td><\/tr><tr><td>3\/2010<\/td><td>Atualiza\u00e7\u00e3o e manuten\u00e7\u00e3o do web site da C\u00e2mara de vereadores de Po\u00e7\u00e3o<\/td><td><a href=\"http:\/\/www.camarapocao.pe.gov.br\/home\/images\/Consulta\/contratos\/2010\/03-2010.pdf\" target=\"_blank\" rel=\"noreferrer noopener\">PDF<\/a><\/td><\/tr><tr><td>4\/2010<\/td><td>Presta\u00e7\u00e3o de servi\u00e7os de consultoria e acessoria cont\u00e1bil e financeira<\/td><td><a href=\"http:\/\/www.camarapocao.pe.gov.br\/home\/images\/Consulta\/contratos\/2010\/04-2010.pdf\" target=\"_blank\" rel=\"noreferrer noopener\">PDF<\/a><\/td><\/tr><tr><td>5\/2010<\/td><td>Loca\u00e7\u00e3o de Software em Interface Gr\u00e1fica<\/td><td><a href=\"http:\/\/www.camarapocao.pe.gov.br\/home\/images\/Consulta\/contratos\/2010\/05-2010.pdf\" target=\"_blank\" rel=\"noreferrer noopener\">PDF<\/a><\/td><\/tr><tr><td>6\/2010<\/td><td>Presta\u00e7\u00e3o de Servi\u00e7os Especializados de Consultoria e Assessoria na \u00e1rea de Recursos Humanos<\/td><td><a href=\"http:\/\/www.camarapocao.pe.gov.br\/home\/images\/Consulta\/contratos\/2010\/06-2010.pdf\" target=\"_blank\" rel=\"noreferrer noopener\">PDF<\/a><\/td><\/tr><tr><td>7\/2010<\/td><td>Servi\u00e7os de assessoria T\u00e9cnica Jur\u00eddica<\/td><td><a href=\"http:\/\/www.camarapocao.pe.gov.br\/home\/images\/Consulta\/contratos\/2010\/07-2010.pdf\" target=\"_blank\" rel=\"noreferrer noopener\">PDF<\/a><\/td><\/tr><tr><td>8\/2010<\/td><td>CONTRATO DE PRESTA\u00c7\u00c3O DE SERVI\u00c7OS DE&nbsp;COLOCA\u00c7\u00c3O DE PISO (CER\u00c2MICA)<\/td><td><a href=\"http:\/\/www.camarapocao.pe.gov.br\/home\/images\/Consulta\/contratos\/2010\/08-2010.pdf\" target=\"_blank\" rel=\"noreferrer noopener\">PDF<\/a><\/td><\/tr><tr><td>9\/2010<\/td><td>Presta\u00e7\u00e3o de servi\u00e7os na retirada e recoloca\u00e7\u00e3o do forro (PVC), do \nteto do Plen\u00e1rio da C\u00e2mara Municipal, com aplica\u00e7\u00e3o de metalon20x20x90 \nRPM, e servi\u00e7os el\u00e9tricos<\/td><td><a href=\"http:\/\/www.camarapocao.pe.gov.br\/home\/images\/Consulta\/contratos\/2010\/09-2010.pdf\" target=\"_blank\" rel=\"noreferrer noopener\">PDF<\/a><\/td><\/tr><tr><td>10\/2010<\/td><td>O presente contrato tem por objetivo a presta\u00e7\u00e3o de servi\u00e7os de \npedreiro na confec\u00e7\u00e3o de uma estante com divis\u00f3rias em gesso, divis\u00f3ria \nde uma sala tamb\u00e9m em gesso e restaura\u00e7\u00e3o do reboco de mais&#8230;<\/td><td><a href=\"http:\/\/www.camarapocao.pe.gov.br\/home\/images\/Consulta\/contratos\/2010\/10-2010.pdf\" target=\"_blank\" rel=\"noreferrer noopener\">PDF<\/a><\/td><\/tr><tr><td>11\/2010<\/td><td>CONTRATO DE PRESTA\u00c7\u00c3O DE SERVI\u00c7OS DE COLOCA\u00c7\u00c3O DE REVESTIMENTO(CER\u00c2MICA)<\/td><td><a href=\"http:\/\/www.camarapocao.pe.gov.br\/home\/images\/Consulta\/contratos\/2010\/11-2010.pdf\" target=\"_blank\" rel=\"noreferrer noopener\">PDF<\/a><\/td><\/tr><tr><td>12\/2010<\/td><td>Presta\u00e7\u00e3o de servi\u00e7os t\u00e9cnicos especializados de assessoria t\u00e9cnica \npara a elabora\u00e7\u00e3o de ante-projeto de reforma da Lei Org\u00e2nica Municipal e\n de minuta do Regimento Interno&#8230;<\/td><td><a href=\"http:\/\/www.camarapocao.pe.gov.br\/home\/images\/Consulta\/contratos\/2010\/12-2010.pdf\" target=\"_blank\" rel=\"noreferrer noopener\">PDF<\/a><\/td><\/tr><tr><td>13\/2010<\/td><td>Presta\u00e7\u00e3o de Servi\u00e7os de aplica\u00e7\u00e3o de massa corrida em duas salas da\n secretaria e na sala de controle interno al\u00e9m de servi\u00e7o de pintura na \nsalas mencionada<\/td><td><a href=\"http:\/\/www.camarapocao.pe.gov.br\/home\/images\/Consulta\/contratos\/2010\/13-2010.pdf\" target=\"_blank\" rel=\"noreferrer noopener\">PDF<\/a><\/td><\/tr><tr><td>14\/2010<\/td><td>Presta\u00e7\u00e3o de servi\u00e7os t\u00e9cnicos de consultoria e assessoria para \norienta\u00e7\u00e3o e acompanhamento do controle t\u00e9cnico-cont\u00e1bil, financeiro, \nor\u00e7ament\u00e1rio e patrimonial, bem como a revi&#8230;<\/td><td><a href=\"http:\/\/www.camarapocao.pe.gov.br\/home\/images\/Consulta\/contratos\/2010\/14-2010.pdf\" target=\"_blank\" rel=\"noreferrer noopener\">PDF<\/a><\/td><\/tr><tr><td>15\/2010<\/td><td>Formalizar as solicita\u00e7\u00f5es de visitas adicionais e pedido de informa\u00e7\u00f5es para atendimento de urg\u00eancia<\/td><td><a href=\"http:\/\/www.camarapocao.pe.gov.br\/home\/images\/Consulta\/contratos\/2010\/15-2010.pdf\" target=\"_blank\" rel=\"noreferrer noopener\">PDF<\/a><\/td><\/tr><tr><td>16\/2010<\/td><td>PRIMEIRO TERMO ADITIVO AO CONTRATO DE PRESTA\u00c7\u00c3O DE&nbsp;SERVI\u00c7OS NA COLOCA\u00c7\u00c3O DE REVESTIMENTO (CER\u00c2MICO)<\/td><td><a href=\"http:\/\/www.camarapocao.pe.gov.br\/home\/images\/Consulta\/contratos\/2010\/16-2010.pdf\" target=\"_blank\" rel=\"noreferrer noopener\">PDF<\/a><\/td><\/tr><\/tbody><\/table>\n","protected":false},"excerpt":{"rendered":"<p>N\u00ba do documento Descri\u00e7\u00e3o Download 1\/2010 Contrato de Loca\u00e7\u00e3o de im\u00f3vel PDF 2\/2010 Termo de ades\u00e3o do contrato de acesso a internet PDF 3\/2010 Atualiza\u00e7\u00e3o <a class=\"leiamais\" href=\"https:\/\/camarapocao.pe.gov.br\/v1\/contratos-fechados-2010\/\"><i class=\"fa fa-angle-double-right\" aria-hidden=\"true\"><\/i><br \/>\n<\/a><\/p>\n","protected":false},"author":2,"featured_media":0,"parent":0,"menu_order":0,"comment_status":"closed","ping_status":"closed","template":"","meta":{"footnotes":""},"class_list":["post-393","page","type-page","status-publish","hentry","active"],"aioseo_notices":[],"_links":{"self":[{"href":"https:\/\/camarapocao.pe.gov.br\/v1\/wp-json\/wp\/v2\/pages\/393","targetHints":{"allow":["GET"]}}],"collection":[{"href":"https:\/\/camarapocao.pe.gov.br\/v1\/wp-json\/wp\/v2\/pages"}],"about":[{"href":"https:\/\/camarapocao.pe.gov.br\/v1\/wp-json\/wp\/v2\/types\/page"}],"author":[{"embeddable":true,"href":"https:\/\/camarapocao.pe.gov.br\/v1\/wp-json\/wp\/v2\/users\/2"}],"replies":[{"embeddable":true,"href":"https:\/\/camarapocao.pe.gov.br\/v1\/wp-json\/wp\/v2\/comments?post=393"}],"version-history":[{"count":3,"href":"https:\/\/camarapocao.pe.gov.br\/v1\/wp-json\/wp\/v2\/pages\/393\/revisions"}],"predecessor-version":[{"id":896,"href":"https:\/\/camarapocao.pe.gov.br\/v1\/wp-json\/wp\/v2\/pages\/393\/revisions\/896"}],"wp:attachment":[{"href":"https:\/\/camarapocao.pe.gov.br\/v1\/wp-json\/wp\/v2\/media?parent=393"}],"curies":[{"name":"wp","href":"https:\/\/api.w.org\/{rel}","templated":true}]}}