{"id":2192,"date":"2026-05-06T21:18:13","date_gmt":"2026-05-07T00:18:13","guid":{"rendered":"https:\/\/camarapocao.pe.gov.br\/v1\/?page_id=2192"},"modified":"2026-05-06T21:18:13","modified_gmt":"2026-05-07T00:18:13","slug":"norma-da-estrutura-administrativa","status":"publish","type":"page","link":"https:\/\/camarapocao.pe.gov.br\/v1\/norma-da-estrutura-administrativa\/","title":{"rendered":"Norma da Estrutura Administrativa"},"content":{"rendered":"\n<table id=\"tablepress-68\" class=\"tablepress tablepress-id-68\">\n<thead>\n<tr class=\"row-1\">\n\t<th class=\"column-1\">N\u00ba do documento<\/th><th class=\"column-2\">Data<\/th><th class=\"column-3\">Tipo do documento<\/th><th class=\"column-4\">Ementa<\/th><th class=\"column-5\">Download (PDF)<\/th>\n<\/tr>\n<\/thead>\n<tbody class=\"row-striping row-hover\">\n<tr class=\"row-2\">\n\t<td class=\"column-1\">864-2024<\/td><td class=\"column-2\">23\/02\/2024<\/td><td class=\"column-3\">Leis<\/td><td class=\"column-4\">Disp\u00f5e sobre a cria\u00e7\u00e3o de Cargos Comissionados na Estrutura Administrativa do Poder Legislativo da C\u00e2mara Municipal de Vereadores de Po\u00e7\u00e3o. <\/td><td class=\"column-5\"><a href=\"http:\/\/www.camarapocao.pe.gov.br\/home\/images\/Consulta\/normas\/2026\/864-2024.pdf\" rel=\"noopener\" target=\"_blank\">PDF<\/a><\/td>\n<\/tr>\n<tr class=\"row-3\">\n\t<td class=\"column-1\">108-2022<\/td><td class=\"column-2\">16\/08\/2022<\/td><td class=\"column-3\">Resolu\u00e7\u00f5es<\/td><td class=\"column-4\">Disp\u00f5e sobre a cria\u00e7\u00e3o, a estrutura e o funcionamento da Ouvidoria Parlamentar da C\u00e2mara Municipal de Po\u00e7\u00e3o\/PE.<\/td><td class=\"column-5\"><a href=\"http:\/\/www.camarapocao.pe.gov.br\/home\/images\/Consulta\/normas\/2026\/108-2022.pdf\" rel=\"noopener\" target=\"_blank\">PDF<\/a><\/td>\n<\/tr>\n<tr class=\"row-4\">\n\t<td class=\"column-1\">094\/2018<\/td><td class=\"column-2\">20\/08\/2018<\/td><td class=\"column-3\">Resolu\u00e7\u00f5es<\/td><td class=\"column-4\">Fica institu\u00eddo formalmente o SIC no \u00e2mbito da C\u00e2mara Municipal de Po\u00e7\u00e3o e d\u00e1 outras provid\u00eancias.<\/td><td class=\"column-5\"><a href=\"http:\/\/www.camarapocao.pe.gov.br\/home\/images\/Consulta\/normas\/2026\/094-2018.pdf\" rel=\"noopener\" target=\"_blank\">PDF<\/a><\/td>\n<\/tr>\n<tr class=\"row-5\">\n\t<td class=\"column-1\">585-2009<\/td><td class=\"column-2\">28\/09\/2009<\/td><td class=\"column-3\">Leis<\/td><td class=\"column-4\">Cria o Cargo de Coordenador do Sistema de Controle Interno, altera dispositivo da Lei n\u00ba 564\/2009, e d\u00e1 outras providencias.<\/td><td class=\"column-5\"><a href=\"http:\/\/www.camarapocao.pe.gov.br\/home\/images\/Consulta\/normas\/2026\/585-2009.pdf\" rel=\"noopener\" target=\"_blank\">PDF<\/a><\/td>\n<\/tr>\n<tr class=\"row-6\">\n\t<td class=\"column-1\">564-2009<\/td><td class=\"column-2\">05\/06\/2009<\/td><td class=\"column-3\">Leis<\/td><td class=\"column-4\">Disp\u00f5e sobre a cria\u00e7\u00e3o, a implanta\u00e7\u00e3o, a <br \/>\nmanuten\u00e7\u00e3o e a coordena\u00e7\u00e3o de Sistemas  de Controle Interno do Poder Legislativo do Munic\u00edpio de Po\u00e7\u00e3o, Estado de Pernambuco e <br \/>\ndetermina outras provid\u00eancias. <\/td><td class=\"column-5\"><a href=\"http:\/\/www.camarapocao.pe.gov.br\/home\/images\/Consulta\/normas\/2026\/564-2009.pdf\" rel=\"noopener\" target=\"_blank\">PDF<\/a><\/td>\n<\/tr>\n<\/tbody>\n<\/table>\n<!-- #tablepress-68 from cache -->\n","protected":false},"excerpt":{"rendered":"","protected":false},"author":3,"featured_media":0,"parent":0,"menu_order":0,"comment_status":"closed","ping_status":"closed","template":"","meta":{"footnotes":""},"class_list":["post-2192","page","type-page","status-publish","hentry","active"],"aioseo_notices":[],"_links":{"self":[{"href":"https:\/\/camarapocao.pe.gov.br\/v1\/wp-json\/wp\/v2\/pages\/2192","targetHints":{"allow":["GET"]}}],"collection":[{"href":"https:\/\/camarapocao.pe.gov.br\/v1\/wp-json\/wp\/v2\/pages"}],"about":[{"href":"https:\/\/camarapocao.pe.gov.br\/v1\/wp-json\/wp\/v2\/types\/page"}],"author":[{"embeddable":true,"href":"https:\/\/camarapocao.pe.gov.br\/v1\/wp-json\/wp\/v2\/users\/3"}],"replies":[{"embeddable":true,"href":"https:\/\/camarapocao.pe.gov.br\/v1\/wp-json\/wp\/v2\/comments?post=2192"}],"version-history":[{"count":1,"href":"https:\/\/camarapocao.pe.gov.br\/v1\/wp-json\/wp\/v2\/pages\/2192\/revisions"}],"predecessor-version":[{"id":2195,"href":"https:\/\/camarapocao.pe.gov.br\/v1\/wp-json\/wp\/v2\/pages\/2192\/revisions\/2195"}],"wp:attachment":[{"href":"https:\/\/camarapocao.pe.gov.br\/v1\/wp-json\/wp\/v2\/media?parent=2192"}],"curies":[{"name":"wp","href":"https:\/\/api.w.org\/{rel}","templated":true}]}}