{"id":2181,"date":"2026-04-12T23:25:13","date_gmt":"2026-04-13T02:25:13","guid":{"rendered":"https:\/\/camarapocao.pe.gov.br\/v1\/?page_id=2181"},"modified":"2026-04-12T23:25:13","modified_gmt":"2026-04-13T02:25:13","slug":"resolucoes-aprovadas-em-2026","status":"publish","type":"page","link":"https:\/\/camarapocao.pe.gov.br\/v1\/resolucoes-aprovadas-em-2026\/","title":{"rendered":"Resolu\u00e7\u00f5es aprovadas em 2026"},"content":{"rendered":"\n<table id=\"tablepress-67\" class=\"tablepress tablepress-id-67\">\n<thead>\n<tr class=\"row-1\">\n\t<th class=\"column-1\">N\u00ba do documento<\/th><th class=\"column-2\">Ementa<\/th><th class=\"column-3\">Download<\/th>\n<\/tr>\n<\/thead>\n<tbody class=\"row-striping row-hover\">\n<tr class=\"row-2\">\n\t<td class=\"column-1\">121<\/td><td class=\"column-2\">Aprova, com ressalvas, as contas do exerc\u00edcio de 2023 da Prefeitura Municipal de Po\u00e7\u00e3o\/PE, do gestor Sr. Emerson Cordeiro Vasconcelos, deliberando sobre o parecer do TCE\/PE processo TC n\u00ba 24100539-5.<\/td><td class=\"column-3\"><a href=\"https:\/\/www.camarapocao.pe.gov.br\/home\/images\/Consulta\/resolucoes\/2026\/resolucao2026 (121).pdf\" rel=\"noopener\" target=\"_blank\">PDF<\/a><\/td>\n<\/tr>\n<\/tbody>\n<\/table>\n<!-- #tablepress-67 from cache -->\n","protected":false},"excerpt":{"rendered":"","protected":false},"author":3,"featured_media":0,"parent":0,"menu_order":0,"comment_status":"closed","ping_status":"closed","template":"","meta":{"footnotes":""},"class_list":["post-2181","page","type-page","status-publish","hentry","active"],"aioseo_notices":[],"_links":{"self":[{"href":"https:\/\/camarapocao.pe.gov.br\/v1\/wp-json\/wp\/v2\/pages\/2181","targetHints":{"allow":["GET"]}}],"collection":[{"href":"https:\/\/camarapocao.pe.gov.br\/v1\/wp-json\/wp\/v2\/pages"}],"about":[{"href":"https:\/\/camarapocao.pe.gov.br\/v1\/wp-json\/wp\/v2\/types\/page"}],"author":[{"embeddable":true,"href":"https:\/\/camarapocao.pe.gov.br\/v1\/wp-json\/wp\/v2\/users\/3"}],"replies":[{"embeddable":true,"href":"https:\/\/camarapocao.pe.gov.br\/v1\/wp-json\/wp\/v2\/comments?post=2181"}],"version-history":[{"count":2,"href":"https:\/\/camarapocao.pe.gov.br\/v1\/wp-json\/wp\/v2\/pages\/2181\/revisions"}],"predecessor-version":[{"id":2184,"href":"https:\/\/camarapocao.pe.gov.br\/v1\/wp-json\/wp\/v2\/pages\/2181\/revisions\/2184"}],"wp:attachment":[{"href":"https:\/\/camarapocao.pe.gov.br\/v1\/wp-json\/wp\/v2\/media?parent=2181"}],"curies":[{"name":"wp","href":"https:\/\/api.w.org\/{rel}","templated":true}]}}