{"id":2172,"date":"2026-04-12T22:46:15","date_gmt":"2026-04-13T01:46:15","guid":{"rendered":"https:\/\/camarapocao.pe.gov.br\/v1\/?page_id=2172"},"modified":"2026-04-12T22:46:15","modified_gmt":"2026-04-13T01:46:15","slug":"decretos-aprovados-em-2026","status":"publish","type":"page","link":"https:\/\/camarapocao.pe.gov.br\/v1\/decretos-aprovados-em-2026\/","title":{"rendered":"DECRETOS APROVADOS EM 2026"},"content":{"rendered":"\n<table id=\"tablepress-66\" class=\"tablepress tablepress-id-66\">\n<thead>\n<tr class=\"row-1\">\n\t<th class=\"column-1\">N\u00ba do Documento<\/th><th class=\"column-2\">Ementa<\/th><th class=\"column-3\">Download<\/th>\n<\/tr>\n<\/thead>\n<tbody class=\"row-striping row-hover\">\n<tr class=\"row-2\">\n\t<td class=\"column-1\">1<\/td><td class=\"column-2\">Disp\u00f5e sobre a concess\u00e3o de T\u00cdTULO DE CIDAD\u00c3O DO MUNIC\u00cdPIO DE PO\u00c7\u00c3O, ESTADO DE PERNAMBUCO e determina outras provid\u00eancias.<\/td><td class=\"column-3\"><a href=\"https:\/\/www.camarapocao.pe.gov.br\/home\/images\/Consulta\/decretos\/2026\/dl%20(1).pdf\" rel=\"noopener\" target=\"_blank\">PDF<\/a><\/td>\n<\/tr>\n<tr class=\"row-3\">\n\t<td class=\"column-1\">2<\/td><td class=\"column-2\">Disp\u00f5e sobre a concess\u00e3o de T\u00cdTULO DE CIDAD\u00c3O DO MUNIC\u00cdPIO DE PO\u00c7\u00c3O, ESTADO DE PERNAMBUCO e determina outras provid\u00eancias.<\/td><td class=\"column-3\"><a href=\"https:\/\/www.camarapocao.pe.gov.br\/home\/images\/Consulta\/decretos\/2026\/dl%20(2).pdf\" rel=\"noopener\" target=\"_blank\">PDF<\/a><\/td>\n<\/tr>\n<\/tbody>\n<\/table>\n<!-- #tablepress-66 from cache -->\n","protected":false},"excerpt":{"rendered":"","protected":false},"author":3,"featured_media":0,"parent":0,"menu_order":0,"comment_status":"closed","ping_status":"closed","template":"","meta":{"footnotes":""},"class_list":["post-2172","page","type-page","status-publish","hentry","active"],"aioseo_notices":[],"_links":{"self":[{"href":"https:\/\/camarapocao.pe.gov.br\/v1\/wp-json\/wp\/v2\/pages\/2172","targetHints":{"allow":["GET"]}}],"collection":[{"href":"https:\/\/camarapocao.pe.gov.br\/v1\/wp-json\/wp\/v2\/pages"}],"about":[{"href":"https:\/\/camarapocao.pe.gov.br\/v1\/wp-json\/wp\/v2\/types\/page"}],"author":[{"embeddable":true,"href":"https:\/\/camarapocao.pe.gov.br\/v1\/wp-json\/wp\/v2\/users\/3"}],"replies":[{"embeddable":true,"href":"https:\/\/camarapocao.pe.gov.br\/v1\/wp-json\/wp\/v2\/comments?post=2172"}],"version-history":[{"count":1,"href":"https:\/\/camarapocao.pe.gov.br\/v1\/wp-json\/wp\/v2\/pages\/2172\/revisions"}],"predecessor-version":[{"id":2173,"href":"https:\/\/camarapocao.pe.gov.br\/v1\/wp-json\/wp\/v2\/pages\/2172\/revisions\/2173"}],"wp:attachment":[{"href":"https:\/\/camarapocao.pe.gov.br\/v1\/wp-json\/wp\/v2\/media?parent=2172"}],"curies":[{"name":"wp","href":"https:\/\/api.w.org\/{rel}","templated":true}]}}