{"id":2155,"date":"2026-03-07T08:49:17","date_gmt":"2026-03-07T11:49:17","guid":{"rendered":"https:\/\/camarapocao.pe.gov.br\/v1\/?page_id=2155"},"modified":"2026-03-07T08:49:45","modified_gmt":"2026-03-07T11:49:45","slug":"projetos-de-lei-tramitados-2026","status":"publish","type":"page","link":"https:\/\/camarapocao.pe.gov.br\/v1\/projetos-de-lei-tramitados-2026\/","title":{"rendered":"PROJETOS DE LEI TRAMITADOS \u2013 2026"},"content":{"rendered":"\n<table id=\"tablepress-65\" class=\"tablepress tablepress-id-65\">\n<thead>\n<tr class=\"row-1\">\n\t<th class=\"column-1\">PROJETO DE LEI<\/th><th class=\"column-2\">EMENTA<\/th><th class=\"column-3\">AUTORIA<\/th><th class=\"column-4\">Tramita\u00e7\u00e3o<\/th><th class=\"column-5\">RELATORES<\/th><th class=\"column-6\">Situa\u00e7\u00e3o Atual<\/th><th class=\"column-7\">Lista Nominal de Vota\u00e7\u00e3o<\/th><th class=\"column-8\">Download<\/th>\n<\/tr>\n<\/thead>\n<tbody class=\"row-striping row-hover\">\n<tr class=\"row-2\">\n\t<td class=\"column-1\">1<\/td><td class=\"column-2\">Fixa o valor do sal\u00e1rio m\u00ednimo dos servidores municipais e d\u00e1 outras provid\u00eancias.<\/td><td class=\"column-3\">Poder Executivo<\/td><td class=\"column-4\">Comiss\u00e3o de Reda\u00e7\u00e3o e Justi\u00e7a e Comiss\u00e3o de Or\u00e7amento e Finan\u00e7as.<\/td><td class=\"column-5\">Jos\u00e9 Edson e Silvio de Souza<\/td><td class=\"column-6\">Aprovado por 5 votos.<\/td><td class=\"column-7\">Jos\u00e9 Edson, Napole\u00e3o Cordeiro, Ca\u00edque Alberto, Silvio de Souza e Jaciene Maria.<\/td><td class=\"column-8\"><a href=\"https:\/\/www.camarapocao.pe.gov.br\/home\/images\/Consulta\/pl\/2026\/pl (1).pdf\" rel=\"noopener\" target=\"_blank\">PDF<\/a><\/td>\n<\/tr>\n<tr class=\"row-3\">\n\t<td class=\"column-1\">2<\/td><td class=\"column-2\">Disp\u00f5e sobre a majora\u00e7\u00e3o da remunera\u00e7\u00e3o dos professores da rede p\u00fablica municipal de ensino e d\u00e1 outras provid\u00eancias.<\/td><td class=\"column-3\">Poder Executivo<\/td><td class=\"column-4\">Comiss\u00e3o de Reda\u00e7\u00e3o e Justi\u00e7a e Comiss\u00e3o de Or\u00e7amento e Finan\u00e7as<\/td><td class=\"column-5\">Iza Gabriela e Cledson Jos\u00e9<\/td><td class=\"column-6\">Aprovado por 5 votos.<\/td><td class=\"column-7\">Jos\u00e9 Edson, Napole\u00e3o Cordeiro, Ca\u00edque Alberto, Silvio de Souza e Jaciene Maria.<\/td><td class=\"column-8\"><a href=\"https:\/\/www.camarapocao.pe.gov.br\/home\/images\/Consulta\/pl\/2026\/pl (2).pdf\" rel=\"noopener\" target=\"_blank\">PDF<\/a><\/td>\n<\/tr>\n<tr class=\"row-4\">\n\t<td class=\"column-1\">3<\/td><td class=\"column-2\">Disp\u00f5e sobre denomina\u00e7\u00e3o do AUDIT\u00d3RIO\/REFEIT\u00d3RIO da Escola Maria Epifania e d\u00e1 outras provid\u00eancias.<\/td><td class=\"column-3\">Vereadora Jaciene Maria<\/td><td class=\"column-4\">Comiss\u00e3o de Reda\u00e7\u00e3o e Justi\u00e7a e Comiss\u00e3o de Or\u00e7amento e Finan\u00e7as.<\/td><td class=\"column-5\">Napole\u00e3o Cordeiro e Jos\u00e9 Edson.<\/td><td class=\"column-6\">Aprovado por 4 votos.<\/td><td class=\"column-7\">Iza Gabriela, Jos\u00e9 Edson, Napole\u00e3o Cordeiro e Ca\u00edque Alberto.<\/td><td class=\"column-8\"><a href=\"https:\/\/www.camarapocao.pe.gov.br\/home\/images\/Consulta\/pl\/2026\/pl (3).pdf\" rel=\"noopener\" target=\"_blank\">PDF<\/a><\/td>\n<\/tr>\n<tr class=\"row-5\">\n\t<td class=\"column-1\">4<\/td><td class=\"column-2\">Declara o Bailado de Po\u00e7\u00e3o como Patrim\u00f4nio Cultural Imaterial do Munic\u00edpio de Po\u00e7\u00e3o\/PE e reconhece a Mestra Socorro como Patrim\u00f4nio Vivo da Cultura de Po\u00e7\u00e3o.<\/td><td class=\"column-3\">Vereador Cledson Jos\u00e9.<\/td><td class=\"column-4\">Comiss\u00e3o de Reda\u00e7\u00e3o e Justi\u00e7a.<\/td><td class=\"column-5\">Jos\u00e9 Edson.<\/td><td class=\"column-6\">Aprovado por 4 votos.<\/td><td class=\"column-7\">Iza Gabriela, Jos\u00e9 Edson, Napole\u00e3o Cordeiro e Ca\u00edque Alberto.<\/td><td class=\"column-8\"><a href=\"https:\/\/www.camarapocao.pe.gov.br\/home\/images\/Consulta\/pl\/2026\/pl (4).pdf\" rel=\"noopener\" target=\"_blank\">PDF<\/a><\/td>\n<\/tr>\n<tr class=\"row-6\">\n\t<td class=\"column-1\">5<\/td><td class=\"column-2\">Concede reajuste geral aos vencimentos dos servidores p\u00fablicos efetivos e comissionados da C\u00e2mara Municipal de vereadores de Po\u00e7\u00e3o.<\/td><td class=\"column-3\">Mesa Diretora.<\/td><td class=\"column-4\">Comiss\u00e3o de Reda\u00e7\u00e3o e Justi\u00e7a e Comiss\u00e3o de Or\u00e7amento e finan\u00e7as.<\/td><td class=\"column-5\">Iza Gabriela e Silvio de Souza.<\/td><td class=\"column-6\">Aprovado por 4 votos.<\/td><td class=\"column-7\">Iza Gabriela, Jos\u00e9 Edson, Napole\u00e3o Cordeiro e Ca\u00edque Alberto<\/td><td class=\"column-8\"><a href=\"https:\/\/www.camarapocao.pe.gov.br\/home\/images\/Consulta\/pl\/2026\/pl (5).pdf\" rel=\"noopener\" target=\"_blank\">PDF<\/a><\/td>\n<\/tr>\n<tr class=\"row-7\">\n\t<td class=\"column-1\">6<\/td><td class=\"column-2\">Institui a Pol\u00edtica Municipal de Prote\u00e7\u00e3o, Promo\u00e7\u00e3o e Garantia dos Direitos das Mulheres no Munic\u00edpio de Po\u00e7\u00e3o\/PE, cria a Rede Municipal de Prote\u00e7\u00e3o \u00e0 Mulher e d\u00e1 outras provid\u00eancias.<\/td><td class=\"column-3\">Vereadora Jaciene Maria.<\/td><td class=\"column-4\">Comiss\u00e3o de Reda\u00e7\u00e3o e Justi\u00e7a e Comiss\u00e3o de Or\u00e7amento e Finan\u00e7as.<\/td><td class=\"column-5\">Jos\u00e9 Edson e Silvio de Souza.<\/td><td class=\"column-6\">Aprovado por 7 votos.<\/td><td class=\"column-7\">Iza Gabriela, Jos\u00e9 Edson, Napole\u00e3o Cordeiro, Ca\u00edque Alberto, Junior Roberto, Cledson Jos\u00e9 e Jaciene Maria.<\/td><td class=\"column-8\"><a href=\"https:\/\/www.camarapocao.pe.gov.br\/home\/images\/Consulta\/pl\/2026\/pl (6).pdf\" rel=\"noopener\" target=\"_blank\">PDF<\/a><\/td>\n<\/tr>\n<tr class=\"row-8\">\n\t<td class=\"column-1\">7<\/td><td class=\"column-2\">Institui a Pol\u00edtica Municipal de Educa\u00e7\u00e3o Especial Inclusiva e autoriza a abertura de Cr\u00e9dito Adicional Especial ao Or\u00e7amento do Munic\u00edpio para implanta\u00e7\u00e3o do Programa \u00a8Suporte Pedag\u00f3gico Integrado\u00a8, destinado ao atendimento de estudantes da Educa\u00e7\u00e3o Especial da Rede Municipal de Ensino e d\u00e1 outras provid\u00eancias.<\/td><td class=\"column-3\">Poder Executivo.<\/td><td class=\"column-4\">Comiss\u00e3o de Reda\u00e7\u00e3o e Justi\u00e7a e Comiss\u00e3o de Or\u00e7amento e Finan\u00e7as.<\/td><td class=\"column-5\">Iza Gabriela e Cledson Jos\u00e9.<\/td><td class=\"column-6\">Aprovado por 7 votos.<\/td><td class=\"column-7\">Iza Gabriela, Jos\u00e9 Edson, Napole\u00e3o Cordeiro, Ca\u00edque Alberto, Junior Roberto, Cledson Jos\u00e9 e Jaciene Maria.<\/td><td class=\"column-8\"><a href=\"https:\/\/www.camarapocao.pe.gov.br\/home\/images\/Consulta\/pl\/2026\/pl (7).pdf\" rel=\"noopener\" target=\"_blank\">PDF<\/a><\/td>\n<\/tr>\n<tr class=\"row-9\">\n\t<td class=\"column-1\">8<\/td><td class=\"column-2\">Disp\u00f5e sobre a regulamenta\u00e7\u00e3o do Servi\u00e7o de Conviv\u00eancia e Fortalecimento de V\u00ednculos (SCFV) no Munic\u00edpio de Po\u00e7\u00e3o\/PE, cria\u00e7\u00e3o do cargo de coordenador, instituir a Monotoria Volunt\u00e1ria e d\u00e1 outras provid\u00eancias.<\/td><td class=\"column-3\">Poder Executivo<\/td><td class=\"column-4\">Comiss\u00e3o de Reda\u00e7\u00e3o e Justi\u00e7a e Comiss\u00e3o de Or\u00e7amento e Finan\u00e7as.<\/td><td class=\"column-5\">Napole\u00e3o Cordeiro e Jos\u00e9 Edson.<\/td><td class=\"column-6\">Aprovado por 7 votos.<\/td><td class=\"column-7\">Iza Gabriela, Jos\u00e9 Edson, Napole\u00e3o Cordeiro, Ca\u00edque Alberto, Cledson Jos\u00e9 e Jaciene Maria.<\/td><td class=\"column-8\"><a href=\"https:\/\/www.camarapocao.pe.gov.br\/home\/images\/Consulta\/pl\/2026\/pl (8).pdf\" rel=\"noopener\" target=\"_blank\">PDF<\/a><\/td>\n<\/tr>\n<tr class=\"row-10\">\n\t<td class=\"column-1\">9<\/td><td class=\"column-2\">Disp\u00f5e sobre a institui\u00e7\u00e3o de diretrizes para a implementa\u00e7\u00e3o de a\u00e7\u00f5es de educa\u00e7\u00e3o para o tr\u00e2nsito, por meio do Programa \u00a8DETRAN KIDS\u00a8, no \u00e2mbito das escolas da rede municipal de ensino de Po\u00e7\u00e3o, e d\u00e1 outras provid\u00eancias.<\/td><td class=\"column-3\">Vereadora Jaciene Maria.<\/td><td class=\"column-4\">Comiss\u00e3o de Reda\u00e7\u00e3o e Justi\u00e7a e comiss\u00e3o de Or\u00e7amento e Finan\u00e7as.<\/td><td class=\"column-5\">Jos\u00e9 Edson e Silvio de Souza.<\/td><td class=\"column-6\">Aprovado por 6 votos.<\/td><td class=\"column-7\">Iza Gabriela, Napole\u00e3o Cordeiro, Ca\u00edque Alberto, J\u00fanior Roberto, Cledson Jos\u00e9 e Silvio de Souza.<\/td><td class=\"column-8\"><a href=\"https:\/\/www.camarapocao.pe.gov.br\/home\/images\/Consulta\/pl\/2026\/pl (9).pdf\" rel=\"noopener\" target=\"_blank\">PDF<\/a><\/td>\n<\/tr>\n<tr class=\"row-11\">\n\t<td class=\"column-1\">10<\/td><td class=\"column-2\">Institui, no \u00e2mbito do Munic\u00edpio de Po\u00e7\u00e3o, a Pol\u00edtica P\u00fablica de Identifica\u00e7\u00e3o das casas das Artes\u00e3s e dos Artes\u00e3os da Renda Renascen\u00e7a e do Bordado, por meio do Programa \u00a8Aqui Tem Renascen\u00e7a\u00a8 e \u00a8Aqui Tem Bordado\u00a8, integrada \u00e0 valoriza\u00e7\u00e3o da Indica\u00e7\u00e3o Geogr\u00e1fica \u2013 IG da Renda Renascen\u00e7a, e d\u00e1 outras provid\u00eancias.<\/td><td class=\"column-3\">Vereadora Jaciene Maria.<\/td><td class=\"column-4\">Comiss\u00e3o de Reda\u00e7\u00e3o e Justi\u00e7a e Comiss\u00e3o de Or\u00e7amento e Finan\u00e7as.<\/td><td class=\"column-5\">Iza Gabriela e Cledson Jos\u00e9.<\/td><td class=\"column-6\">Aprovado por 6 votos.<\/td><td class=\"column-7\">Iza Gabriela, Napole\u00e3o Cordeiro, Ca\u00edque Alberto, J\u00fanior Roberto, Cledson Jos\u00e9 e Silvio de Souza.<\/td><td class=\"column-8\"><a href=\"https:\/\/www.camarapocao.pe.gov.br\/home\/images\/Consulta\/pl\/2026\/pl (10).pdf\" rel=\"noopener\" target=\"_blank\">PDF<\/a><\/td>\n<\/tr>\n<tr class=\"row-12\">\n\t<td class=\"column-1\">11<\/td><td class=\"column-2\">Institui, no \u00c2mbito do Munic\u00edpio de Po\u00e7\u00e3o, a Pol\u00edtica P\u00fablica denominada Programa \u00a8Travessia Segura Escolar d\u00e1 outras provid\u00eancias.<\/td><td class=\"column-3\">Vereadores Jaciene Maria e Jos\u00e9 Gleison.<\/td><td class=\"column-4\">Comiss\u00e3o de Reda\u00e7\u00e3o e Justi\u00e7a e comiss\u00e3o de Or\u00e7amento e finan\u00e7as.<\/td><td class=\"column-5\">Napole\u00e3o Cordeiro e Jos\u00e9 Edson.<\/td><td class=\"column-6\">Aprovado por 5 votos.<\/td><td class=\"column-7\">Iza Gabriela, Jos\u00e9 Edson, Ca\u00edque Alberto, J\u00fanior Roberto e Silvio de Souza.<\/td><td class=\"column-8\"><a href=\"https:\/\/www.camarapocao.pe.gov.br\/home\/images\/Consulta\/pl\/2026\/pl (11).pdf\" rel=\"noopener\" target=\"_blank\">PDF<\/a><\/td>\n<\/tr>\n<tr class=\"row-13\">\n\t<td class=\"column-1\">12<\/td><td class=\"column-2\">Autoriza as unidades escolares da Rede Municipal de Ensino de Po\u00e7\u00e3o\/PE a inclu\u00edrem conte\u00fados de \u00a8Hist\u00f3ria do Munic\u00edpio\u00a8 no plano de ensino da disciplina de Hist\u00f3ria, respeitada a proposta pedag\u00f3gica de cada estabelecimento de ensino.<\/td><td class=\"column-3\">Vereadora Iza Gabriela.<\/td><td class=\"column-4\">Comiss\u00e3o de Reda\u00e7\u00e3o e Justi\u00e7a e Comiss\u00e3o de Or\u00e7amento e finan\u00e7as.<\/td><td class=\"column-5\">Jos\u00e9 Edson e Silvio de Souza.<\/td><td class=\"column-6\">Aprovado por 5 votos.<\/td><td class=\"column-7\">Iza Gabriela, Jos\u00e9 Edson, Ca\u00edque Alberto, J\u00fanior Roberto e Silvio de Souza.<\/td><td class=\"column-8\"><a href=\"https:\/\/www.camarapocao.pe.gov.br\/home\/images\/Consulta\/pl\/2026\/pl (12).pdf\" rel=\"noopener\" target=\"_blank\">PDF<\/a><\/td>\n<\/tr>\n<\/tbody>\n<\/table>\n<!-- #tablepress-65 from cache -->\n","protected":false},"excerpt":{"rendered":"","protected":false},"author":3,"featured_media":0,"parent":0,"menu_order":0,"comment_status":"closed","ping_status":"closed","template":"","meta":{"footnotes":""},"class_list":["post-2155","page","type-page","status-publish","hentry","active"],"aioseo_notices":[],"_links":{"self":[{"href":"https:\/\/camarapocao.pe.gov.br\/v1\/wp-json\/wp\/v2\/pages\/2155","targetHints":{"allow":["GET"]}}],"collection":[{"href":"https:\/\/camarapocao.pe.gov.br\/v1\/wp-json\/wp\/v2\/pages"}],"about":[{"href":"https:\/\/camarapocao.pe.gov.br\/v1\/wp-json\/wp\/v2\/types\/page"}],"author":[{"embeddable":true,"href":"https:\/\/camarapocao.pe.gov.br\/v1\/wp-json\/wp\/v2\/users\/3"}],"replies":[{"embeddable":true,"href":"https:\/\/camarapocao.pe.gov.br\/v1\/wp-json\/wp\/v2\/comments?post=2155"}],"version-history":[{"count":1,"href":"https:\/\/camarapocao.pe.gov.br\/v1\/wp-json\/wp\/v2\/pages\/2155\/revisions"}],"predecessor-version":[{"id":2156,"href":"https:\/\/camarapocao.pe.gov.br\/v1\/wp-json\/wp\/v2\/pages\/2155\/revisions\/2156"}],"wp:attachment":[{"href":"https:\/\/camarapocao.pe.gov.br\/v1\/wp-json\/wp\/v2\/media?parent=2155"}],"curies":[{"name":"wp","href":"https:\/\/api.w.org\/{rel}","templated":true}]}}