{"id":2144,"date":"2026-03-07T08:22:57","date_gmt":"2026-03-07T11:22:57","guid":{"rendered":"https:\/\/camarapocao.pe.gov.br\/v1\/?page_id=2144"},"modified":"2026-03-07T08:23:12","modified_gmt":"2026-03-07T11:23:12","slug":"pautas-das-sessoes-plenarias-das-comissoes-2026","status":"publish","type":"page","link":"https:\/\/camarapocao.pe.gov.br\/v1\/pautas-das-sessoes-plenarias-das-comissoes-2026\/","title":{"rendered":"Pautas das Sess\u00f5es Plen\u00e1rias das Comiss\u00f5es \u2013 2026"},"content":{"rendered":"\n<table id=\"tablepress-63\" class=\"tablepress tablepress-id-63\">\n<thead>\n<tr class=\"row-1\">\n\t<th class=\"column-1\">N\u00ba da sess\u00e3o<\/th><th class=\"column-2\">Sess\u00e3o Plen\u00e1ria (Clique para baixar)<\/th>\n<\/tr>\n<\/thead>\n<tbody class=\"row-striping row-hover\">\n<tr class=\"row-2\">\n\t<td class=\"column-1\">Comiss\u00e3o de Reda\u00e7\u00e3o e Justi\u00e7a - Sess\u00e3o N\u00ba 02<\/td><td class=\"column-2\"><a href=\"http:\/\/www.camarapocao.pe.gov.br\/home\/images\/Consulta\/sessoes\/pautas\/2026\/comissoes\/pauta2026 (2).pdf\" rel=\"noopener\" target=\"_blank\">PDF<\/a><\/td>\n<\/tr>\n<tr class=\"row-3\">\n\t<td class=\"column-1\">Comiss\u00e3o de Reda\u00e7\u00e3o e Justi\u00e7a - Sess\u00e3o N\u00ba 04<\/td><td class=\"column-2\"><a href=\"http:\/\/www.camarapocao.pe.gov.br\/home\/images\/Consulta\/sessoes\/pautas\/2026\/comissoes\/pauta2026 (4).pdf\" rel=\"noopener\" target=\"_blank\">PDF<\/a><\/td>\n<\/tr>\n<tr class=\"row-4\">\n\t<td class=\"column-1\">Comiss\u00e3o de Reda\u00e7\u00e3o e Justi\u00e7a - Sess\u00e3o N\u00ba 06<\/td><td class=\"column-2\"><a href=\"http:\/\/www.camarapocao.pe.gov.br\/home\/images\/Consulta\/sessoes\/pautas\/2026\/comissoes\/pauta2026 (6).pdf\" rel=\"noopener\" target=\"_blank\">PDF<\/a><\/td>\n<\/tr>\n<tr class=\"row-5\">\n\t<td class=\"column-1\">Comiss\u00e3o de Reda\u00e7\u00e3o e Justi\u00e7a - Sess\u00e3o N\u00ba 07<\/td><td class=\"column-2\"><a href=\"http:\/\/www.camarapocao.pe.gov.br\/home\/images\/Consulta\/sessoes\/pautas\/2026\/comissoes\/pauta2026 (7).pdf\" rel=\"noopener\" target=\"_blank\">PDF<\/a><\/td>\n<\/tr>\n<tr class=\"row-6\">\n\t<td class=\"column-1\">Comiss\u00e3o de Reda\u00e7\u00e3o e Justi\u00e7a - Sess\u00e3o N\u00ba 09<\/td><td class=\"column-2\"><a href=\"http:\/\/www.camarapocao.pe.gov.br\/home\/images\/Consulta\/sessoes\/pautas\/2026\/comissoes\/pauta2026 (9).pdf\" rel=\"noopener\" target=\"_blank\">PDF<\/a><\/td>\n<\/tr>\n<tr class=\"row-7\">\n\t<td class=\"column-1\">Comiss\u00e3o de Reda\u00e7\u00e3o e Justi\u00e7a - Sess\u00e3o N\u00ba 10<\/td><td class=\"column-2\"><a href=\"http:\/\/www.camarapocao.pe.gov.br\/home\/images\/Consulta\/sessoes\/pautas\/2026\/comissoes\/pauta2026 (10).pdf\" rel=\"noopener\" target=\"_blank\">PDF<\/a><\/td>\n<\/tr>\n<tr class=\"row-8\">\n\t<td class=\"column-1\">Comiss\u00e3o de Reda\u00e7\u00e3o e Justi\u00e7a - Sess\u00e3o N\u00ba 11<\/td><td class=\"column-2\"><a href=\"http:\/\/www.camarapocao.pe.gov.br\/home\/images\/Consulta\/sessoes\/pautas\/2026\/comissoes\/pauta2026 (11).pdf\" rel=\"noopener\" target=\"_blank\">PDF<\/a><\/td>\n<\/tr>\n<\/tbody>\n<\/table>\n<!-- #tablepress-63 from cache -->\n","protected":false},"excerpt":{"rendered":"","protected":false},"author":3,"featured_media":0,"parent":0,"menu_order":0,"comment_status":"closed","ping_status":"closed","template":"","meta":{"footnotes":""},"class_list":["post-2144","page","type-page","status-publish","hentry","active"],"aioseo_notices":[],"_links":{"self":[{"href":"https:\/\/camarapocao.pe.gov.br\/v1\/wp-json\/wp\/v2\/pages\/2144","targetHints":{"allow":["GET"]}}],"collection":[{"href":"https:\/\/camarapocao.pe.gov.br\/v1\/wp-json\/wp\/v2\/pages"}],"about":[{"href":"https:\/\/camarapocao.pe.gov.br\/v1\/wp-json\/wp\/v2\/types\/page"}],"author":[{"embeddable":true,"href":"https:\/\/camarapocao.pe.gov.br\/v1\/wp-json\/wp\/v2\/users\/3"}],"replies":[{"embeddable":true,"href":"https:\/\/camarapocao.pe.gov.br\/v1\/wp-json\/wp\/v2\/comments?post=2144"}],"version-history":[{"count":2,"href":"https:\/\/camarapocao.pe.gov.br\/v1\/wp-json\/wp\/v2\/pages\/2144\/revisions"}],"predecessor-version":[{"id":2146,"href":"https:\/\/camarapocao.pe.gov.br\/v1\/wp-json\/wp\/v2\/pages\/2144\/revisions\/2146"}],"wp:attachment":[{"href":"https:\/\/camarapocao.pe.gov.br\/v1\/wp-json\/wp\/v2\/media?parent=2144"}],"curies":[{"name":"wp","href":"https:\/\/api.w.org\/{rel}","templated":true}]}}