{"id":2138,"date":"2026-03-07T08:06:35","date_gmt":"2026-03-07T11:06:35","guid":{"rendered":"https:\/\/camarapocao.pe.gov.br\/v1\/?page_id=2138"},"modified":"2026-03-07T08:06:35","modified_gmt":"2026-03-07T11:06:35","slug":"pautas-das-sessoes-plenarias-ordinarias-2026","status":"publish","type":"page","link":"https:\/\/camarapocao.pe.gov.br\/v1\/pautas-das-sessoes-plenarias-ordinarias-2026\/","title":{"rendered":"Pautas das Sess\u00f5es Plen\u00e1rias Ordin\u00e1rias \u2013 2026"},"content":{"rendered":"\n<table id=\"tablepress-62\" class=\"tablepress tablepress-id-62\">\n<thead>\n<tr class=\"row-1\">\n\t<th class=\"column-1\">N\u00ba da sess\u00e3o<\/th><th class=\"column-2\">Sess\u00e3o Plen\u00e1ria (Clique para baixar)<\/th>\n<\/tr>\n<\/thead>\n<tbody class=\"row-striping row-hover\">\n<tr class=\"row-2\">\n\t<td class=\"column-1\">Sess\u00e3o ordin\u00e1ria N\u00ba 01<\/td><td class=\"column-2\"><a href=\"http:\/\/www.camarapocao.pe.gov.br\/home\/images\/Consulta\/sessoes\/pautas\/2026\/ordinarias\/pauta2026 (1).pdf\" rel=\"noopener\" target=\"_blank\">PDF<\/a><\/td>\n<\/tr>\n<tr class=\"row-3\">\n\t<td class=\"column-1\">Sess\u00e3o ordin\u00e1ria N\u00ba 02<\/td><td class=\"column-2\"><a href=\"http:\/\/www.camarapocao.pe.gov.br\/home\/images\/Consulta\/sessoes\/pautas\/2026\/ordinarias\/pauta2026 (2).pdf\" rel=\"noopener\" target=\"_blank\">PDF<\/a><\/td>\n<\/tr>\n<tr class=\"row-4\">\n\t<td class=\"column-1\">Sess\u00e3o ordin\u00e1ria N\u00ba 03<\/td><td class=\"column-2\"><a href=\"http:\/\/www.camarapocao.pe.gov.br\/home\/images\/Consulta\/sessoes\/pautas\/2026\/ordinarias\/pauta2026 (3).pdf\" rel=\"noopener\" target=\"_blank\">PDF<\/a><\/td>\n<\/tr>\n<tr class=\"row-5\">\n\t<td class=\"column-1\">Sess\u00e3o ordin\u00e1ria N\u00ba 04<\/td><td class=\"column-2\"><a href=\"http:\/\/www.camarapocao.pe.gov.br\/home\/images\/Consulta\/sessoes\/pautas\/2026\/ordinarias\/pauta2026 (4).pdf\" rel=\"noopener\" target=\"_blank\">PDF<\/a><\/td>\n<\/tr>\n<tr class=\"row-6\">\n\t<td class=\"column-1\">Sess\u00e3o ordin\u00e1ria N\u00ba 05<\/td><td class=\"column-2\"><a href=\"http:\/\/www.camarapocao.pe.gov.br\/home\/images\/Consulta\/sessoes\/pautas\/2026\/ordinarias\/pauta2026 (5).pdf\" rel=\"noopener\" target=\"_blank\">PDF<\/a><\/td>\n<\/tr>\n<tr class=\"row-7\">\n\t<td class=\"column-1\">Sess\u00e3o ordin\u00e1ria N\u00ba 06<\/td><td class=\"column-2\"><a href=\"http:\/\/www.camarapocao.pe.gov.br\/home\/images\/Consulta\/sessoes\/pautas\/2026\/ordinarias\/pauta2026 (6).pdf\" rel=\"noopener\" target=\"_blank\">PDF<\/a><\/td>\n<\/tr>\n<tr class=\"row-8\">\n\t<td class=\"column-1\">Sess\u00e3o ordin\u00e1ria N\u00ba 07<\/td><td class=\"column-2\"><a href=\"http:\/\/www.camarapocao.pe.gov.br\/home\/images\/Consulta\/sessoes\/pautas\/2026\/ordinarias\/pauta2026 (7).pdf\" rel=\"noopener\" target=\"_blank\">PDF<\/a><\/td>\n<\/tr>\n<tr class=\"row-9\">\n\t<td class=\"column-1\">Sess\u00e3o ordin\u00e1ria N\u00ba 08<\/td><td class=\"column-2\"><a href=\"http:\/\/www.camarapocao.pe.gov.br\/home\/images\/Consulta\/sessoes\/pautas\/2026\/ordinarias\/pauta2026 (8).pdf\" rel=\"noopener\" target=\"_blank\">PDF<\/a><\/td>\n<\/tr>\n<tr class=\"row-10\">\n\t<td class=\"column-1\">Sess\u00e3o ordin\u00e1ria N\u00ba 09<\/td><td class=\"column-2\"><a href=\"http:\/\/www.camarapocao.pe.gov.br\/home\/images\/Consulta\/sessoes\/pautas\/2026\/ordinarias\/pauta2026 (9).pdf\" rel=\"noopener\" target=\"_blank\">PDF<\/a><\/td>\n<\/tr>\n<tr class=\"row-11\">\n\t<td class=\"column-1\">Sess\u00e3o ordin\u00e1ria N\u00ba 10<\/td><td class=\"column-2\"><a href=\"http:\/\/www.camarapocao.pe.gov.br\/home\/images\/Consulta\/sessoes\/pautas\/2026\/ordinarias\/pauta2026 (10).pdf\" rel=\"noopener\" target=\"_blank\">PDF<\/a><\/td>\n<\/tr>\n<tr class=\"row-12\">\n\t<td class=\"column-1\">Sess\u00e3o ordin\u00e1ria N\u00ba 11<\/td><td class=\"column-2\"><a href=\"http:\/\/www.camarapocao.pe.gov.br\/home\/images\/Consulta\/sessoes\/pautas\/2026\/ordinarias\/pauta2026 (11).pdf\" rel=\"noopener\" target=\"_blank\">PDF<\/a><\/td>\n<\/tr>\n<\/tbody>\n<\/table>\n<!-- #tablepress-62 from cache -->\n","protected":false},"excerpt":{"rendered":"","protected":false},"author":3,"featured_media":0,"parent":0,"menu_order":0,"comment_status":"closed","ping_status":"closed","template":"","meta":{"footnotes":""},"class_list":["post-2138","page","type-page","status-publish","hentry","active"],"aioseo_notices":[],"_links":{"self":[{"href":"https:\/\/camarapocao.pe.gov.br\/v1\/wp-json\/wp\/v2\/pages\/2138","targetHints":{"allow":["GET"]}}],"collection":[{"href":"https:\/\/camarapocao.pe.gov.br\/v1\/wp-json\/wp\/v2\/pages"}],"about":[{"href":"https:\/\/camarapocao.pe.gov.br\/v1\/wp-json\/wp\/v2\/types\/page"}],"author":[{"embeddable":true,"href":"https:\/\/camarapocao.pe.gov.br\/v1\/wp-json\/wp\/v2\/users\/3"}],"replies":[{"embeddable":true,"href":"https:\/\/camarapocao.pe.gov.br\/v1\/wp-json\/wp\/v2\/comments?post=2138"}],"version-history":[{"count":1,"href":"https:\/\/camarapocao.pe.gov.br\/v1\/wp-json\/wp\/v2\/pages\/2138\/revisions"}],"predecessor-version":[{"id":2139,"href":"https:\/\/camarapocao.pe.gov.br\/v1\/wp-json\/wp\/v2\/pages\/2138\/revisions\/2139"}],"wp:attachment":[{"href":"https:\/\/camarapocao.pe.gov.br\/v1\/wp-json\/wp\/v2\/media?parent=2138"}],"curies":[{"name":"wp","href":"https:\/\/api.w.org\/{rel}","templated":true}]}}