{"id":2120,"date":"2026-03-07T07:16:54","date_gmt":"2026-03-07T10:16:54","guid":{"rendered":"https:\/\/camarapocao.pe.gov.br\/v1\/?page_id=2120"},"modified":"2026-03-07T07:16:54","modified_gmt":"2026-03-07T10:16:54","slug":"portarias-publicadas-em-2026","status":"publish","type":"page","link":"https:\/\/camarapocao.pe.gov.br\/v1\/portarias-publicadas-em-2026\/","title":{"rendered":"Portarias Publicadas em 2026"},"content":{"rendered":"\n<table id=\"tablepress-60\" class=\"tablepress tablepress-id-60\">\n<thead>\n<tr class=\"row-1\">\n\t<th class=\"column-1\">N\u00ba do documento<\/th><th class=\"column-2\">Ementa<\/th><th class=\"column-3\">Download <\/th>\n<\/tr>\n<\/thead>\n<tbody class=\"row-striping row-hover\">\n<tr class=\"row-2\">\n\t<td class=\"column-1\">01<\/td><td class=\"column-2\">Concede f\u00e9rias anuais ao servidor Josenildo Teixeira da Costa, Assistente Parlamentar CCAP-2, relativas ao per\u00edodo aquisitivo 02\/01\/2025 a 02\/01\/2026, para gozo de 05\/01\/2026 a 03\/02\/2026.<\/td><td class=\"column-3\"><a href=\"https:\/\/www.camarapocao.pe.gov.br\/home\/images\/Consulta\/portarias\/2026\/portaria2026 (1).pdf\" rel=\"noopener\" target=\"_blank\">PDF<\/a><\/td>\n<\/tr>\n<tr class=\"row-3\">\n\t<td class=\"column-1\">02<\/td><td class=\"column-2\">Concede f\u00e9rias anuais \u00e0 servidora Aline Cristine Galdino de Lima Nunes, Tesoureira (CC1), relativas ao per\u00edodo aquisitivo 04\/02\/2025 a 04\/02\/2026, para gozo de 09\/02\/2026 a 10\/03\/2026.<\/td><td class=\"column-3\"><a href=\"https:\/\/www.camarapocao.pe.gov.br\/home\/images\/Consulta\/portarias\/2026\/portaria2026 (2).pdf\" rel=\"noopener\" target=\"_blank\">PDF<\/a><\/td>\n<\/tr>\n<tr class=\"row-4\">\n\t<td class=\"column-1\">03<\/td><td class=\"column-2\">Concede f\u00e9rias anuais ao servidor J\u00falio C\u00e9sar dos Santos Lino, relativas ao per\u00edodo aquisitivo de jan\/2025 a jan\/2026, para serem usufru\u00eddas de 09\/03\/2026 a 07\/04\/2026.<\/td><td class=\"column-3\"><a href=\"https:\/\/www.camarapocao.pe.gov.br\/home\/images\/Consulta\/portarias\/2026\/portaria2026 (3).pdf\" rel=\"noopener\" target=\"_blank\">PDF<\/a><\/td>\n<\/tr>\n<tr class=\"row-5\">\n\t<td class=\"column-1\">04<\/td><td class=\"column-2\">Concede f\u00e9rias anuais \u00e0 servidora Fernanda Bruna Feitoza Pinheiro, ocupante do cargo de Assistente Parlamentar \u2013 CCAP, referentes ao per\u00edodo aquisitivo de 2025\/2026.<\/td><td class=\"column-3\"><a href=\"https:\/\/www.camarapocao.pe.gov.br\/home\/images\/Consulta\/portarias\/2026\/portaria2026 (4).pdf\" rel=\"noopener\" target=\"_blank\">PDF<\/a><\/td>\n<\/tr>\n<tr class=\"row-6\">\n\t<td class=\"column-1\">05<\/td><td class=\"column-2\">Concede f\u00e9rias anuais ao servidor Paulo Ricardo de Melo Silva, ocupante do cargo de Assessor da Mesa Diretora \u2013 CCAMD, referentes ao per\u00edodo aquisitivo de 2025\/2026.<\/td><td class=\"column-3\"><a href=\"https:\/\/www.camarapocao.pe.gov.br\/home\/images\/Consulta\/portarias\/2026\/portaria2026 (5).pdf\" rel=\"noopener\" target=\"_blank\">PDF<\/a><\/td>\n<\/tr>\n<\/tbody>\n<\/table>\n<!-- #tablepress-60 from cache -->\n","protected":false},"excerpt":{"rendered":"","protected":false},"author":3,"featured_media":0,"parent":0,"menu_order":0,"comment_status":"closed","ping_status":"closed","template":"","meta":{"footnotes":""},"class_list":["post-2120","page","type-page","status-publish","hentry","active"],"aioseo_notices":[],"_links":{"self":[{"href":"https:\/\/camarapocao.pe.gov.br\/v1\/wp-json\/wp\/v2\/pages\/2120","targetHints":{"allow":["GET"]}}],"collection":[{"href":"https:\/\/camarapocao.pe.gov.br\/v1\/wp-json\/wp\/v2\/pages"}],"about":[{"href":"https:\/\/camarapocao.pe.gov.br\/v1\/wp-json\/wp\/v2\/types\/page"}],"author":[{"embeddable":true,"href":"https:\/\/camarapocao.pe.gov.br\/v1\/wp-json\/wp\/v2\/users\/3"}],"replies":[{"embeddable":true,"href":"https:\/\/camarapocao.pe.gov.br\/v1\/wp-json\/wp\/v2\/comments?post=2120"}],"version-history":[{"count":1,"href":"https:\/\/camarapocao.pe.gov.br\/v1\/wp-json\/wp\/v2\/pages\/2120\/revisions"}],"predecessor-version":[{"id":2123,"href":"https:\/\/camarapocao.pe.gov.br\/v1\/wp-json\/wp\/v2\/pages\/2120\/revisions\/2123"}],"wp:attachment":[{"href":"https:\/\/camarapocao.pe.gov.br\/v1\/wp-json\/wp\/v2\/media?parent=2120"}],"curies":[{"name":"wp","href":"https:\/\/api.w.org\/{rel}","templated":true}]}}