{"id":2112,"date":"2026-03-07T06:20:27","date_gmt":"2026-03-07T09:20:27","guid":{"rendered":"https:\/\/camarapocao.pe.gov.br\/v1\/?page_id=2112"},"modified":"2026-03-07T06:21:25","modified_gmt":"2026-03-07T09:21:25","slug":"avisos-de-licitacoes-2026","status":"publish","type":"page","link":"https:\/\/camarapocao.pe.gov.br\/v1\/avisos-de-licitacoes-2026\/","title":{"rendered":"Avisos de Licita\u00e7\u00f5es &#8211; 2026"},"content":{"rendered":"\n<table id=\"tablepress-59\" class=\"tablepress tablepress-id-59\">\n<thead>\n<tr class=\"row-1\">\n\t<th class=\"column-1\">N\u00ba do documento<\/th><th class=\"column-2\">Objeto (Resumo)<\/th><th class=\"column-3\">Download (pdf)<\/th>\n<\/tr>\n<\/thead>\n<tbody class=\"row-striping row-hover\">\n<tr class=\"row-2\">\n\t<td class=\"column-1\">1<\/td><td class=\"column-2\">CONTRATA\u00c7\u00c3O DE EMPRESA PARA FORNECIMENTO, DE FORMA <br \/>\nPARCELADA, DE COMBUST\u00cdVEL, TIPO: GASOLINA COMUM, PARA <br \/>\nATENDER AO VE\u00cdCULO OFICIAL E NECESSIDADES DA C\u00c2MARA <br \/>\nMUNICIPAL DE PO\u00c7\u00c3O, ESTADO DE PERNAMBUCO. <\/td><td class=\"column-3\"><a href=\"https:\/\/www.camarapocao.pe.gov.br\/home\/images\/Consulta\/avisos_licitacoes\/2026\/licitacao2026 (1).pdf\" rel=\"noopener\" target=\"_blank\">PDF<\/a><\/td>\n<\/tr>\n<tr class=\"row-3\">\n\t<td class=\"column-1\">2<\/td><td class=\"column-2\">Contrata\u00e7\u00e3o de empresa para licenciamento, implanta\u00e7\u00e3o, suporte e manuten\u00e7\u00e3o do sistema SIAFIC para gest\u00e3o p\u00fablica da C\u00e2mara Municipal de Po\u00e7\u00e3o.<\/td><td class=\"column-3\"><a href=\"https:\/\/www.camarapocao.pe.gov.br\/home\/images\/Consulta\/avisos_licitacoes\/2026\/licitacao2026 (2).pdf\" rel=\"noopener\" target=\"_blank\">PDF<\/a><\/td>\n<\/tr>\n<tr class=\"row-4\">\n\t<td class=\"column-1\">3<\/td><td class=\"column-2\">Contrata\u00e7\u00e3o de empresa para servi\u00e7os de engenharia de seguran\u00e7a do trabalho, incluindo LTCAT, PGR, PCMSO, gest\u00e3o de riscos, envio de eventos ao eSocial e treinamentos, para a C\u00e2mara Municipal de Po\u00e7\u00e3o\/PE.<\/td><td class=\"column-3\"><a href=\"https:\/\/www.camarapocao.pe.gov.br\/home\/images\/Consulta\/avisos_licitacoes\/2026\/licitacao2026 (3).pdf\" rel=\"noopener\" target=\"_blank\">PDF<\/a><\/td>\n<\/tr>\n<\/tbody>\n<\/table>\n<!-- #tablepress-59 from cache -->\n","protected":false},"excerpt":{"rendered":"","protected":false},"author":3,"featured_media":0,"parent":0,"menu_order":0,"comment_status":"closed","ping_status":"closed","template":"","meta":{"footnotes":""},"class_list":["post-2112","page","type-page","status-publish","hentry","active"],"aioseo_notices":[],"_links":{"self":[{"href":"https:\/\/camarapocao.pe.gov.br\/v1\/wp-json\/wp\/v2\/pages\/2112","targetHints":{"allow":["GET"]}}],"collection":[{"href":"https:\/\/camarapocao.pe.gov.br\/v1\/wp-json\/wp\/v2\/pages"}],"about":[{"href":"https:\/\/camarapocao.pe.gov.br\/v1\/wp-json\/wp\/v2\/types\/page"}],"author":[{"embeddable":true,"href":"https:\/\/camarapocao.pe.gov.br\/v1\/wp-json\/wp\/v2\/users\/3"}],"replies":[{"embeddable":true,"href":"https:\/\/camarapocao.pe.gov.br\/v1\/wp-json\/wp\/v2\/comments?post=2112"}],"version-history":[{"count":1,"href":"https:\/\/camarapocao.pe.gov.br\/v1\/wp-json\/wp\/v2\/pages\/2112\/revisions"}],"predecessor-version":[{"id":2113,"href":"https:\/\/camarapocao.pe.gov.br\/v1\/wp-json\/wp\/v2\/pages\/2112\/revisions\/2113"}],"wp:attachment":[{"href":"https:\/\/camarapocao.pe.gov.br\/v1\/wp-json\/wp\/v2\/media?parent=2112"}],"curies":[{"name":"wp","href":"https:\/\/api.w.org\/{rel}","templated":true}]}}