{"id":2106,"date":"2026-03-06T22:10:12","date_gmt":"2026-03-07T01:10:12","guid":{"rendered":"https:\/\/camarapocao.pe.gov.br\/v1\/?page_id=2106"},"modified":"2026-03-06T22:10:12","modified_gmt":"2026-03-07T01:10:12","slug":"contratos-fechados-em-2026","status":"publish","type":"page","link":"https:\/\/camarapocao.pe.gov.br\/v1\/contratos-fechados-em-2026\/","title":{"rendered":"Contratos Fechados em 2026"},"content":{"rendered":"\n<table id=\"tablepress-57\" class=\"tablepress tablepress-id-57\">\n<thead>\n<tr class=\"row-1\">\n\t<th class=\"column-1\">N\u00ba do documento<\/th><th class=\"column-2\">Resumo\/Objeto<\/th><th class=\"column-3\">Contratado<\/th><th class=\"column-4\">Valor<\/th><th class=\"column-5\">Vig\u00eancia <\/th><th class=\"column-6\">Download<\/th>\n<\/tr>\n<\/thead>\n<tbody class=\"row-striping row-hover\">\n<tr class=\"row-2\">\n\t<td class=\"column-1\">01<\/td><td class=\"column-2\">Contrata\u00e7\u00e3o de empresa para fornecimento parcelado de gasolina comum para o ve\u00edculo oficial e demandas da C\u00e2mara Municipal de Po\u00e7\u00e3o\/PE.<\/td><td class=\"column-3\">J A D Ara\u00fajo &amp; CIA LDTA<\/td><td class=\"column-4\">R$31.450,00<\/td><td class=\"column-5\">31\/12\/2026<\/td><td class=\"column-6\"><a href=\"https:\/\/www.camarapocao.pe.gov.br\/home\/images\/Consulta\/contratos\/2026\/contratos\/contratos2026 (1).pdf\" rel=\"noopener\" target=\"_blank\">PDF<\/a><\/td>\n<\/tr>\n<tr class=\"row-3\">\n\t<td class=\"column-1\">02<\/td><td class=\"column-2\">Contrata\u00e7\u00e3o de empresa para licenciamento, implanta\u00e7\u00e3o, suporte e atualiza\u00e7\u00e3o do sistema SIAFIC para gest\u00e3o p\u00fablica da C\u00e2mara Municipal de Po\u00e7\u00e3o\/PE.<\/td><td class=\"column-3\">N\u00facleo CASP Assessoria e Consultoria LTDA<\/td><td class=\"column-4\">R$14.400,00<\/td><td class=\"column-5\">31\/12\/2026<\/td><td class=\"column-6\"><a href=\"https:\/\/www.camarapocao.pe.gov.br\/home\/images\/Consulta\/contratos\/2026\/contratos\/contratos2026 (2).pdf\" rel=\"noopener\" target=\"_blank\">PDF<\/a><\/td>\n<\/tr>\n<\/tbody>\n<\/table>\n<!-- #tablepress-57 from cache -->\n","protected":false},"excerpt":{"rendered":"","protected":false},"author":3,"featured_media":0,"parent":0,"menu_order":0,"comment_status":"closed","ping_status":"closed","template":"","meta":{"footnotes":""},"class_list":["post-2106","page","type-page","status-publish","hentry","active"],"aioseo_notices":[],"_links":{"self":[{"href":"https:\/\/camarapocao.pe.gov.br\/v1\/wp-json\/wp\/v2\/pages\/2106","targetHints":{"allow":["GET"]}}],"collection":[{"href":"https:\/\/camarapocao.pe.gov.br\/v1\/wp-json\/wp\/v2\/pages"}],"about":[{"href":"https:\/\/camarapocao.pe.gov.br\/v1\/wp-json\/wp\/v2\/types\/page"}],"author":[{"embeddable":true,"href":"https:\/\/camarapocao.pe.gov.br\/v1\/wp-json\/wp\/v2\/users\/3"}],"replies":[{"embeddable":true,"href":"https:\/\/camarapocao.pe.gov.br\/v1\/wp-json\/wp\/v2\/comments?post=2106"}],"version-history":[{"count":1,"href":"https:\/\/camarapocao.pe.gov.br\/v1\/wp-json\/wp\/v2\/pages\/2106\/revisions"}],"predecessor-version":[{"id":2107,"href":"https:\/\/camarapocao.pe.gov.br\/v1\/wp-json\/wp\/v2\/pages\/2106\/revisions\/2107"}],"wp:attachment":[{"href":"https:\/\/camarapocao.pe.gov.br\/v1\/wp-json\/wp\/v2\/media?parent=2106"}],"curies":[{"name":"wp","href":"https:\/\/api.w.org\/{rel}","templated":true}]}}