{"id":2101,"date":"2026-03-06T22:02:32","date_gmt":"2026-03-07T01:02:32","guid":{"rendered":"https:\/\/camarapocao.pe.gov.br\/v1\/?page_id=2101"},"modified":"2026-03-06T22:05:10","modified_gmt":"2026-03-07T01:05:10","slug":"termos-aditivos-2026","status":"publish","type":"page","link":"https:\/\/camarapocao.pe.gov.br\/v1\/termos-aditivos-2026\/","title":{"rendered":"Termos Aditivos Firmados em 2026"},"content":{"rendered":"\n<table id=\"tablepress-58\" class=\"tablepress tablepress-id-58\">\n<thead>\n<tr class=\"row-1\">\n\t<th class=\"column-1\">N\u00ba do documento<\/th><th class=\"column-2\">Contrato\/Licita\u00e7\u00e3o de refer\u00eancia<\/th><th class=\"column-3\">Resumo\/Objeto<\/th><th class=\"column-4\">Contratado<\/th><th class=\"column-5\">Valor<\/th><th class=\"column-6\">Vig\u00eancia<\/th><th class=\"column-7\">Download<\/th>\n<\/tr>\n<\/thead>\n<tbody class=\"row-striping row-hover\">\n<tr class=\"row-2\">\n\t<td class=\"column-1\">1<\/td><td class=\"column-2\">01-2025<\/td><td class=\"column-3\">Prorroga\u00e7\u00e3o por 12 meses de contrato para servi\u00e7os de consultoria e assessoria cont\u00e1bil \u00e0 C\u00e2mara de Vereadores de Po\u00e7\u00e3o-PE, incluindo elabora\u00e7\u00e3o de relat\u00f3rios, balan\u00e7os, demonstrativos cont\u00e1beis, gest\u00e3o fiscal, concilia\u00e7\u00e3o de contas e envio de obriga\u00e7\u00f5es aos \u00f3rg\u00e3os de controle e \u00e0 Receita Federal.<\/td><td class=\"column-4\">N\u00facleo CASP - Assessoria e Consultoria LTDA<\/td><td class=\"column-5\">R$78.000,00<\/td><td class=\"column-6\">07\/01\/2027<\/td><td class=\"column-7\"><a href=\"https:\/\/www.camarapocao.pe.gov.br\/home\/images\/Consulta\/contratos\/2026\/termos\/ta-2026 (1).pdf\" rel=\"noopener\" target=\"_blank\">PDF<\/a><\/td>\n<\/tr>\n<tr class=\"row-3\">\n\t<td class=\"column-1\">2<\/td><td class=\"column-2\">02-2025<\/td><td class=\"column-3\">Prorroga\u00e7\u00e3o por 12 meses de contrato para assessoria e consultoria jur\u00eddica \u00e0 C\u00e2mara de Vereadores de Po\u00e7\u00e3o-PE, incluindo atua\u00e7\u00e3o judicial, extrajudicial e assessoramento \u00e0 presid\u00eancia.<\/td><td class=\"column-4\">Mateus de Barros Sociedade Individual de Advocacia<\/td><td class=\"column-5\">R$72.000,00<\/td><td class=\"column-6\">07\/01\/2027<\/td><td class=\"column-7\"><a href=\"https:\/\/www.camarapocao.pe.gov.br\/home\/images\/Consulta\/contratos\/2026\/termos\/ta-2026 (2).pdf\" rel=\"noopener\" target=\"_blank\">PDF<\/a><\/td>\n<\/tr>\n<tr class=\"row-4\">\n\t<td class=\"column-1\">4<\/td><td class=\"column-2\">04-2025<\/td><td class=\"column-3\">Prorroga\u00e7\u00e3o por 12 meses de contrato para licen\u00e7a e uso de software do Portal da Transpar\u00eancia da C\u00e2mara Municipal de Vereadores de Po\u00e7\u00e3o-PE.<\/td><td class=\"column-4\">CESTAP Centro de Tecnologia e Assessoria P\u00fablica LTDA<\/td><td class=\"column-5\">R$16.800,00<\/td><td class=\"column-6\">31\/12\/2026<\/td><td class=\"column-7\"><a href=\"https:\/\/www.camarapocao.pe.gov.br\/home\/images\/Consulta\/contratos\/2026\/termos\/ta-2026 (4).pdf\" rel=\"noopener\" target=\"_blank\">PDF<\/a><\/td>\n<\/tr>\n<tr class=\"row-5\">\n\t<td class=\"column-1\">5<\/td><td class=\"column-2\">05-2025<\/td><td class=\"column-3\">Trata-se de um documento que tem como objetivo prorrogar, por mais 12 meses, a vig\u00eancia de um contrato de presta\u00e7\u00e3o de servi\u00e7os especializados na \u00e1rea de controle interno, firmado com a C\u00e2mara Municipal de Vereadores de Po\u00e7\u00e3o, em Pernambuco.<\/td><td class=\"column-4\">Leobaldo Henrique Pessoa de Queiroz<\/td><td class=\"column-5\">R$36.000,00<\/td><td class=\"column-6\">29\/12\/2026<\/td><td class=\"column-7\"><a href=\"https:\/\/www.camarapocao.pe.gov.br\/home\/images\/Consulta\/contratos\/2026\/termos\/ta-2026 (5).pdf\" rel=\"noopener\" target=\"_blank\">PDF<\/a><\/td>\n<\/tr>\n<tr class=\"row-6\">\n\t<td class=\"column-1\">6<\/td><td class=\"column-2\">06-2025<\/td><td class=\"column-3\">Trata-se de um documento que formaliza a prorroga\u00e7\u00e3o, por 12 meses, do contrato com uma empresa especializada em consultoria e assessoria para a gest\u00e3o patrimonial da C\u00e2mara Municipal de Po\u00e7\u00e3o\/PE. Os servi\u00e7os incluem o fornecimento de licen\u00e7a e suporte de software para controle dos bens, al\u00e9m de treinamento e apoio \u00e0s atividades da comiss\u00e3o patrimonial.<br \/>\n<br \/>\n<\/td><td class=\"column-4\">N\u00facleo CASP - Assessoria e Consultoria LTDA<\/td><td class=\"column-5\">R$22.800,00<\/td><td class=\"column-6\">30\/12\/2026<\/td><td class=\"column-7\"><a href=\"https:\/\/www.camarapocao.pe.gov.br\/home\/images\/Consulta\/contratos\/2026\/termos\/ta-2026 (6).pdf\" rel=\"noopener\" target=\"_blank\">PDF<\/a><\/td>\n<\/tr>\n<tr class=\"row-7\">\n\t<td class=\"column-1\">7<\/td><td class=\"column-2\">07-2025<\/td><td class=\"column-3\">O documento formaliza duas a\u00e7\u00f5es principais em rela\u00e7\u00e3o ao contrato de presta\u00e7\u00e3o de servi\u00e7os de processamento de dados administrativos da C\u00e2mara Municipal de Po\u00e7\u00e3o\/PE: (1) a aplica\u00e7\u00e3o de um reequil\u00edbrio econ\u00f4mico-financeiro (ajuste nos valores do contrato para manter as condi\u00e7\u00f5es iniciais) e (2) a prorroga\u00e7\u00e3o do prazo contratual por mais 12 meses. Os servi\u00e7os incluem a elabora\u00e7\u00e3o e transmiss\u00e3o de obriga\u00e7\u00f5es fiscais (EFD-REINF e DCTF-WEB) e o sistema de acompanhamento da gest\u00e3o de recursos da C\u00e2mara.<\/td><td class=\"column-4\">N\u00facleo CASP - Assessoria e Consultoria LTDA<\/td><td class=\"column-5\">R$26.184,00<\/td><td class=\"column-6\">31\/12\/2026<\/td><td class=\"column-7\"><a href=\"https:\/\/www.camarapocao.pe.gov.br\/home\/images\/Consulta\/contratos\/2026\/termos\/ta-2026 (7).pdf\" rel=\"noopener\" target=\"_blank\">PDF<\/a><\/td>\n<\/tr>\n<tr class=\"row-8\">\n\t<td class=\"column-1\">8<\/td><td class=\"column-2\">08-2028<\/td><td class=\"column-3\">O documento formaliza duas a\u00e7\u00f5es principais em rela\u00e7\u00e3o ao contrato de presta\u00e7\u00e3o de servi\u00e7os de processamento de dados administrativos da C\u00e2mara Municipal de Po\u00e7\u00e3o\/PE: (1) a aplica\u00e7\u00e3o de um reequil\u00edbrio econ\u00f4mico-financeiro (ajuste nos valores do contrato para manter as condi\u00e7\u00f5es iniciais) e (2) a prorroga\u00e7\u00e3o do prazo contratual por mais 12 meses. Os servi\u00e7os incluem a elabora\u00e7\u00e3o e transmiss\u00e3o de obriga\u00e7\u00f5es fiscais (EFD-REINF e DCTF-WEB) e o sistema de acompanhamento da gest\u00e3o de recursos da C\u00e2mara.<\/td><td class=\"column-4\">CONTASP (Assessoria e Consultorial) LTDA<\/td><td class=\"column-5\">R$24.000,00<\/td><td class=\"column-6\">29\/12\/2026<\/td><td class=\"column-7\"><a href=\"https:\/\/www.camarapocao.pe.gov.br\/home\/images\/Consulta\/contratos\/2026\/termos\/ta-2026 (8).pdf\" rel=\"noopener\" target=\"_blank\">PDF<\/a><\/td>\n<\/tr>\n<tr class=\"row-9\">\n\t<td class=\"column-1\">9<\/td><td class=\"column-2\">10-2025<\/td><td class=\"column-3\">Contrato de presta\u00e7\u00e3o de servi\u00e7os de conex\u00e3o \u00e0 internet.<\/td><td class=\"column-4\">SPEED NET Servi\u00e7os de telecomunica\u00e7\u00f5es LTDA<\/td><td class=\"column-5\">R$4.200,00<\/td><td class=\"column-6\">28\/12\/2026<\/td><td class=\"column-7\"><a href=\"https:\/\/www.camarapocao.pe.gov.br\/home\/images\/Consulta\/contratos\/2026\/termos\/ta-2026 (10).pdf\" rel=\"noopener\" target=\"_blank\">PDF<\/a><\/td>\n<\/tr>\n<tr class=\"row-10\">\n\t<td class=\"column-1\">10<\/td><td class=\"column-2\">11-2025<\/td><td class=\"column-3\">Loca\u00e7\u00e3o de im\u00f3vel para funcionamento da garagem da C\u00e2mara Municipal<\/td><td class=\"column-4\">Roberta Bezerra Jatob\u00e1<\/td><td class=\"column-5\">R$6.000,00<\/td><td class=\"column-6\">05\/01\/2027<\/td><td class=\"column-7\"><a href=\"https:\/\/www.camarapocao.pe.gov.br\/home\/images\/Consulta\/contratos\/2026\/termos\/ta-2026 (11).pdf\" rel=\"noopener\" target=\"_blank\">PDF<\/a><\/td>\n<\/tr>\n<tr class=\"row-11\">\n\t<td class=\"column-1\">11<\/td><td class=\"column-2\">12-2025<\/td><td class=\"column-3\">Contrata\u00e7\u00e3o de pessoa para condu\u00e7\u00e3o de ve\u00edculo automotor.<\/td><td class=\"column-4\">\u00c1lvaro da Silva Rocha<\/td><td class=\"column-5\">R$19.782,40<\/td><td class=\"column-6\">29\/12\/2026<\/td><td class=\"column-7\"><a href=\"https:\/\/www.camarapocao.pe.gov.br\/home\/images\/Consulta\/contratos\/2026\/termos\/ta-2026 (12).pdf\" rel=\"noopener\" target=\"_blank\">PDF<\/a><\/td>\n<\/tr>\n<tr class=\"row-12\">\n\t<td class=\"column-1\">12<\/td><td class=\"column-2\">13-2025<\/td><td class=\"column-3\">Presta\u00e7\u00e3o de servi\u00e7os de conte\u00fado, hospedagem, manuten\u00e7\u00e3o e atualiza\u00e7\u00e3o do s\u00edtio da C\u00e2mara Municipa de Po\u00e7\u00e3o\/PE na internet.<\/td><td class=\"column-4\">Luan Antonio Pereira Duarte Correia<\/td><td class=\"column-5\">R$10.200,00<\/td><td class=\"column-6\">29\/12\/2026<\/td><td class=\"column-7\"><a href=\"https:\/\/www.camarapocao.pe.gov.br\/home\/images\/Consulta\/contratos\/2026\/termos\/ta-2026 (13).pdf\" rel=\"noopener\" target=\"_blank\">PDF<\/a><\/td>\n<\/tr>\n<tr class=\"row-13\">\n\t<td class=\"column-1\">13<\/td><td class=\"column-2\">14-2025<\/td><td class=\"column-3\">Contrata\u00e7\u00e3o de empresa especializada na presta\u00e7\u00e3o de servi\u00e7os t\u00e9cnicos, visando subsidiar os setores administrativos da C\u00e2micara de Po\u00e7\u00e3o.<\/td><td class=\"column-4\">Lindemberg N\u00f3brega de Vasconcelos<\/td><td class=\"column-5\">R$26.400,00<\/td><td class=\"column-6\">29\/12\/2026<\/td><td class=\"column-7\"><a href=\"https:\/\/www.camarapocao.pe.gov.br\/home\/images\/Consulta\/contratos\/2026\/termos\/ta-2026 (14).pdf\" rel=\"noopener\" target=\"_blank\">PDF<\/a><\/td>\n<\/tr>\n<tr class=\"row-14\">\n\t<td class=\"column-1\">14<\/td><td class=\"column-2\">15-2025<\/td><td class=\"column-3\">Contrato de empresa especializada para digitaliza\u00e7\u00e3o de documentos<\/td><td class=\"column-4\">Romeyka Feitosa N\u00f3brega de Vasconcelos<\/td><td class=\"column-5\">R$36.000,00<\/td><td class=\"column-6\">29\/12\/2026<\/td><td class=\"column-7\"><a href=\"https:\/\/www.camarapocao.pe.gov.br\/home\/images\/Consulta\/contratos\/2026\/termos\/ta-2026 (15).pdf\" rel=\"noopener\" target=\"_blank\">PDF<\/a><\/td>\n<\/tr>\n<tr class=\"row-15\">\n\t<td class=\"column-1\">15<\/td><td class=\"column-2\">17-2025<\/td><td class=\"column-3\">Presta\u00e7\u00e3o de servi\u00e7os t\u00e9cnicos de divulga\u00e7\u00e3o das atividades legislativas e propaganda institucional em m\u00eddias sociais.<\/td><td class=\"column-4\">Kellyany Nayara da Silva<\/td><td class=\"column-5\">R$18.360,00<\/td><td class=\"column-6\">29\/12\/2026<\/td><td class=\"column-7\"><a href=\"https:\/\/www.camarapocao.pe.gov.br\/home\/images\/Consulta\/contratos\/2026\/termos\/ta-2026 (17).pdf\" rel=\"noopener\" target=\"_blank\">PDF<\/a><\/td>\n<\/tr>\n<tr class=\"row-16\">\n\t<td class=\"column-1\">16<\/td><td class=\"column-2\">22-2025<\/td><td class=\"column-3\">Contrata\u00e7\u00e3o de empresa especializada na presta\u00e7\u00e3o de servi\u00e7os t\u00e9cnicos de grava\u00e7\u00e3o e transmiss\u00e3o ao vivo das sess\u00f5es plen\u00e1rias, audi\u00eancias p\u00fablicas e eventos oficiais da c\u00e2mara municipal de Po\u00e7\u00e3o\/PE.<\/td><td class=\"column-4\">Jose Carlos Araujo Da Silva Filho<\/td><td class=\"column-5\">R$18.600,00<\/td><td class=\"column-6\">29\/12\/2026<\/td><td class=\"column-7\"><a href=\"https:\/\/www.camarapocao.pe.gov.br\/home\/images\/Consulta\/contratos\/2026\/termos\/ta-2026 (22).pdf\" rel=\"noopener\" target=\"_blank\">PDF<\/a><\/td>\n<\/tr>\n<\/tbody>\n<\/table>\n<!-- #tablepress-58 from cache -->\n","protected":false},"excerpt":{"rendered":"","protected":false},"author":3,"featured_media":0,"parent":0,"menu_order":0,"comment_status":"closed","ping_status":"closed","template":"","meta":{"footnotes":""},"class_list":["post-2101","page","type-page","status-publish","hentry","active"],"aioseo_notices":[],"_links":{"self":[{"href":"https:\/\/camarapocao.pe.gov.br\/v1\/wp-json\/wp\/v2\/pages\/2101","targetHints":{"allow":["GET"]}}],"collection":[{"href":"https:\/\/camarapocao.pe.gov.br\/v1\/wp-json\/wp\/v2\/pages"}],"about":[{"href":"https:\/\/camarapocao.pe.gov.br\/v1\/wp-json\/wp\/v2\/types\/page"}],"author":[{"embeddable":true,"href":"https:\/\/camarapocao.pe.gov.br\/v1\/wp-json\/wp\/v2\/users\/3"}],"replies":[{"embeddable":true,"href":"https:\/\/camarapocao.pe.gov.br\/v1\/wp-json\/wp\/v2\/comments?post=2101"}],"version-history":[{"count":2,"href":"https:\/\/camarapocao.pe.gov.br\/v1\/wp-json\/wp\/v2\/pages\/2101\/revisions"}],"predecessor-version":[{"id":2104,"href":"https:\/\/camarapocao.pe.gov.br\/v1\/wp-json\/wp\/v2\/pages\/2101\/revisions\/2104"}],"wp:attachment":[{"href":"https:\/\/camarapocao.pe.gov.br\/v1\/wp-json\/wp\/v2\/media?parent=2101"}],"curies":[{"name":"wp","href":"https:\/\/api.w.org\/{rel}","templated":true}]}}