{"id":1795,"date":"2025-02-28T13:38:12","date_gmt":"2025-02-28T16:38:12","guid":{"rendered":"https:\/\/camarapocao.pe.gov.br\/v1\/?page_id=1795"},"modified":"2025-02-28T13:38:34","modified_gmt":"2025-02-28T16:38:34","slug":"contratos-fechados-em-2025","status":"publish","type":"page","link":"https:\/\/camarapocao.pe.gov.br\/v1\/contratos-fechados-em-2025\/","title":{"rendered":"Contratos Fechados em 2025"},"content":{"rendered":"\n<table id=\"tablepress-43\" class=\"tablepress tablepress-id-43\">\n<thead>\n<tr class=\"row-1\">\n\t<th class=\"column-1\">N\u00ba do Documento<\/th><th class=\"column-2\">Resumo\/Objeto<\/th><th class=\"column-3\">Contratado<\/th><th class=\"column-4\">Valor<\/th><th class=\"column-5\">Vig\u00eancia<\/th><th class=\"column-6\">Download<\/th>\n<\/tr>\n<\/thead>\n<tbody class=\"row-striping row-hover\">\n<tr class=\"row-2\">\n\t<td class=\"column-1\">01<\/td><td class=\"column-2\">Contrato de presta\u00e7\u00e3o de servi\u00e7os t\u00e9cnicos especializados de consultoria e assessoria cont\u00e1bil.<\/td><td class=\"column-3\">N\u00facleo CASP Assessoria e consultorial LTDA<\/td><td class=\"column-4\">R$78.000,00<\/td><td class=\"column-5\">07\/01 \u00e0 31\/12\/2025<\/td><td class=\"column-6\"><a href=\"https:\/\/www.camarapocao.pe.gov.br\/home\/images\/Consulta\/contratos\/2025\/contratos2025 (1).pdf\" rel=\"noopener\" target=\"_blank\">PDF<\/a><\/td>\n<\/tr>\n<tr class=\"row-3\">\n\t<td class=\"column-1\">02<\/td><td class=\"column-2\">Contrato de presta\u00e7\u00e3o de servi\u00e7os de assessoria e consultoria jur\u00eddica.<\/td><td class=\"column-3\">Mateus de Barros Sociedade Individual de Advocacia.<\/td><td class=\"column-4\">R$72.000,00<\/td><td class=\"column-5\">07\/01 \u00e0 31\/12\/2025<\/td><td class=\"column-6\"><a href=\"https:\/\/www.camarapocao.pe.gov.br\/home\/images\/Consulta\/contratos\/2025\/contratos2025 (2).pdf\" rel=\"noopener\" target=\"_blank\">PDF<\/a><\/td>\n<\/tr>\n<tr class=\"row-4\">\n\t<td class=\"column-1\">03<\/td><td class=\"column-2\">Contrato de presta\u00e7\u00e3o de servi\u00e7os de assessoria e consultoria jur\u00eddica.<\/td><td class=\"column-3\">Vidal Sociedade Individual de Advocacia<\/td><td class=\"column-4\">R$72.000,00<\/td><td class=\"column-5\">07\/01 \u00e0 31\/12\/2025<\/td><td class=\"column-6\"><a href=\"https:\/\/www.camarapocao.pe.gov.br\/home\/images\/Consulta\/contratos\/2025\/contratos2025 (3).pdf\" rel=\"noopener\" target=\"_blank\">PDF<\/a><\/td>\n<\/tr>\n<tr class=\"row-5\">\n\t<td class=\"column-1\">04<\/td><td class=\"column-2\">Contrato de fornecimento de licen\u00e7a de direito de uso tempor\u00e1rio de Portal da Transpar\u00eancia<\/td><td class=\"column-3\">CESTAMP - Centro de consultoria e assessoria p\u00fablica LDTA<\/td><td class=\"column-4\">R$16.800,00<\/td><td class=\"column-5\">13\/01 \u00e0 31\/12\/2025<\/td><td class=\"column-6\"><a href=\"https:\/\/www.camarapocao.pe.gov.br\/home\/images\/Consulta\/contratos\/2025\/contratos2025 (4).pdf\" rel=\"noopener\" target=\"_blank\">PDF<\/a><\/td>\n<\/tr>\n<tr class=\"row-6\">\n\t<td class=\"column-1\">05<\/td><td class=\"column-2\">Contrato de presta\u00e7\u00e3o de servi\u00e7os de assessoria e consultoria ao controle interno<\/td><td class=\"column-3\">CONTASP Consultoria e Assessoria\t<\/td><td class=\"column-4\">R$36.000,00<\/td><td class=\"column-5\">13\/01 \u00e0 31\/12\/2025<\/td><td class=\"column-6\"><a href=\"https:\/\/www.camarapocao.pe.gov.br\/home\/images\/Consulta\/contratos\/2025\/contratos2025 (5).pdf\" rel=\"noopener\" target=\"_blank\">PDF<\/a><\/td>\n<\/tr>\n<tr class=\"row-7\">\n\t<td class=\"column-1\">06<\/td><td class=\"column-2\">Contrato de presta\u00e7\u00e3o de servi\u00e7os t\u00e9cnicos especializados em consultoria e assessoria em gest\u00e3o patrimonial dos bens p\u00fablicos municipais, incluindo licen\u00e7a e suporte de software para registro dos bens e controle patrimonial.<\/td><td class=\"column-3\">N\u00facleo CASP Assessoria e consultorial LTDA<\/td><td class=\"column-4\">R$22.800,00<\/td><td class=\"column-5\">13\/01 \u00e0 31\/12\/2025<\/td><td class=\"column-6\"><a href=\"https:\/\/www.camarapocao.pe.gov.br\/home\/images\/Consulta\/contratos\/2025\/contratos2025 (6).pdf\" rel=\"noopener\" target=\"_blank\">PDF<\/a><\/td>\n<\/tr>\n<tr class=\"row-8\">\n\t<td class=\"column-1\">07<\/td><td class=\"column-2\">Contrato de presta\u00e7\u00e3o de servi\u00e7os de processamento de dados administrativos, incluindo elabora\u00e7\u00e3o e transmiss\u00e3o de EFD-REINF-Escritura\u00e7\u00e3o fiscal digital de reten\u00e7\u00f5es e outras informa\u00e7\u00f5es fiscais.<\/td><td class=\"column-3\">N\u00facleo CASP Assessoria e consultorial LTDA<\/td><td class=\"column-4\">R$25.200,00<\/td><td class=\"column-5\">13\/01 \u00e0 31\/12\/2025<\/td><td class=\"column-6\"><a href=\"https:\/\/www.camarapocao.pe.gov.br\/home\/images\/Consulta\/contratos\/2025\/contratos2025 (7).pdf\" rel=\"noopener\" target=\"_blank\">PDF<\/a><\/td>\n<\/tr>\n<tr class=\"row-9\">\n\t<td class=\"column-1\">08<\/td><td class=\"column-2\">Contrata\u00e7\u00e3o de empresa especializada em servi\u00e7os de administra\u00e7\u00e3o de pessoal, incluindo processamento, emiss\u00e3o de folha de pagamento e transmiss\u00e3o dos dados dos servidores da C\u00e2mara Municipal.<\/td><td class=\"column-3\">CONTASP Consultoria e Assessoria\t<\/td><td class=\"column-4\">R$24.000,00<\/td><td class=\"column-5\">13\/01 \u00e0 31\/12\/2025<\/td><td class=\"column-6\"><a href=\"https:\/\/www.camarapocao.pe.gov.br\/home\/images\/Consulta\/contratos\/2025\/contratos2025 (8).pdf\" rel=\"noopener\" target=\"_blank\">PDF<\/a><\/td>\n<\/tr>\n<tr class=\"row-10\">\n\t<td class=\"column-1\">09<\/td><td class=\"column-2\">Contrato de fornecimento de combust\u00edvel para atendimento das demandas dos ve\u00edculos oficiais e necessidades da C\u00e2mara Municipal.<\/td><td class=\"column-3\">J a D Ara\u00fajo e CIA LTDA<\/td><td class=\"column-4\">R$31.540,00<\/td><td class=\"column-5\">16\/01 \u00e0 31\/12\/2025<\/td><td class=\"column-6\"><a href=\"https:\/\/www.camarapocao.pe.gov.br\/home\/images\/Consulta\/contratos\/2025\/contratos2025 (9).pdf\" rel=\"noopener\" target=\"_blank\">PDF<\/a><\/td>\n<\/tr>\n<tr class=\"row-11\">\n\t<td class=\"column-1\">10<\/td><td class=\"column-2\">Contrato de presta\u00e7\u00e3o de servi\u00e7os de conex\u00e3o \u00e0 internet.<\/td><td class=\"column-3\">SPEED NET Servi\u00e7os de telecomunica\u00e7\u00f5es LTDA<\/td><td class=\"column-4\">R$4.200,00<\/td><td class=\"column-5\">22\/01 \u00e0 31\/12\/2025<\/td><td class=\"column-6\"><a href=\"https:\/\/www.camarapocao.pe.gov.br\/home\/images\/Consulta\/contratos\/2025\/contratos2025 (10).pdf\" rel=\"noopener\" target=\"_blank\">PDF<\/a><\/td>\n<\/tr>\n<tr class=\"row-12\">\n\t<td class=\"column-1\">11<\/td><td class=\"column-2\">Loca\u00e7\u00e3o de im\u00f3vel para funcionamento da garagem da C\u00e2mara Municipal<\/td><td class=\"column-3\">Roberta Bezerra Jatob\u00e1<\/td><td class=\"column-4\">R$6.000,00<\/td><td class=\"column-5\">31\/01 \u00e0 31\/12\/2025<\/td><td class=\"column-6\"><a href=\"https:\/\/www.camarapocao.pe.gov.br\/home\/images\/Consulta\/contratos\/2025\/contratos2025 (11).pdf\" rel=\"noopener\" target=\"_blank\">PDF<\/a><\/td>\n<\/tr>\n<tr class=\"row-13\">\n\t<td class=\"column-1\">12<\/td><td class=\"column-2\">Contrata\u00e7\u00e3o de pessoa para condu\u00e7\u00e3o de ve\u00edculo automotor.<\/td><td class=\"column-3\">\u00c1lvaro da Silva Rocha<\/td><td class=\"column-4\">R$19.782,40<\/td><td class=\"column-5\">05\/02 \u00e0 31\/12\/2025<\/td><td class=\"column-6\"><a href=\"https:\/\/www.camarapocao.pe.gov.br\/home\/images\/Consulta\/contratos\/2025\/contratos2025 (12).pdf\" rel=\"noopener\" target=\"_blank\">PDF<\/a><\/td>\n<\/tr>\n<tr class=\"row-14\">\n\t<td class=\"column-1\">13<\/td><td class=\"column-2\">Presta\u00e7\u00e3o de servi\u00e7os de conte\u00fado, hospedagem, manuten\u00e7\u00e3o e atualiza\u00e7\u00e3o do s\u00edtio da C\u00e2mara Municipa de Po\u00e7\u00e3o\/PE na internet.<\/td><td class=\"column-3\">Luan Antonio Pereira Duarte Correia<\/td><td class=\"column-4\">R$9.350,00<\/td><td class=\"column-5\">05\/02 \u00e0 31\/12\/2025<\/td><td class=\"column-6\"><a href=\"https:\/\/www.camarapocao.pe.gov.br\/home\/images\/Consulta\/contratos\/2025\/contratos2025 (13).pdf\" rel=\"noopener\" target=\"_blank\">PDF<\/a><\/td>\n<\/tr>\n<tr class=\"row-15\">\n\t<td class=\"column-1\">14<\/td><td class=\"column-2\">Contrata\u00e7\u00e3o de empresa especializada na presta\u00e7\u00e3o de servi\u00e7os t\u00e9cnicos, visando subsidiar os setores administrativos da C\u00e2micara de Po\u00e7\u00e3o.<\/td><td class=\"column-3\">Lindemberg N\u00f3brega de Vasconcelos <\/td><td class=\"column-4\">R$24.200,00<\/td><td class=\"column-5\">05\/02 \u00e0 31\/12\/2025<\/td><td class=\"column-6\"><a href=\"https:\/\/www.camarapocao.pe.gov.br\/home\/images\/Consulta\/contratos\/2025\/contratos2025 (14).pdf\" rel=\"noopener\" target=\"_blank\">PDF<\/a><\/td>\n<\/tr>\n<tr class=\"row-16\">\n\t<td class=\"column-1\">15<\/td><td class=\"column-2\">Contrato de empresa especializada para digitaliza\u00e7\u00e3o de documentos <\/td><td class=\"column-3\">Romeyka Feitosa N\u00f3brega de Vasconcelos<\/td><td class=\"column-4\">R$36.000,00<\/td><td class=\"column-5\">11\/02 \u00e0 31\/12\/2025<\/td><td class=\"column-6\"><a href=\"https:\/\/www.camarapocao.pe.gov.br\/home\/images\/Consulta\/contratos\/2025\/contratos2025 (15).pdf\" rel=\"noopener\" target=\"_blank\">PDF<\/a><\/td>\n<\/tr>\n<tr class=\"row-17\">\n\t<td class=\"column-1\">16<\/td><td class=\"column-2\">Contrato de presta\u00e7\u00e3o de servi\u00e7os de grava\u00e7\u00e3o e transmiss\u00e3o \"ao vivo\" das sess\u00f5es plen\u00e1rias da C\u00e2mara de Po\u00e7\u00e3o.<\/td><td class=\"column-3\">Rubens Ant\u00f4nio da Silva<\/td><td class=\"column-4\">R$16.720,00<\/td><td class=\"column-5\">12\/02 \u00e0 31\/12\/2025<\/td><td class=\"column-6\"><a href=\"https:\/\/www.camarapocao.pe.gov.br\/home\/images\/Consulta\/contratos\/2025\/contratos2025 (16).pdf\" rel=\"noopener\" target=\"_blank\">PDF<\/a><\/td>\n<\/tr>\n<tr class=\"row-18\">\n\t<td class=\"column-1\">17<\/td><td class=\"column-2\">Presta\u00e7\u00e3o de servi\u00e7os t\u00e9cnicos de divulga\u00e7\u00e3o das atividades legislativas e propaganda institucional em m\u00eddias sociais.<\/td><td class=\"column-3\">Kellyany Nayara da Silva<\/td><td class=\"column-4\">R$16.830,00<\/td><td class=\"column-5\">18\/02 \u00e0 31\/12\/2025<\/td><td class=\"column-6\"><a href=\"https:\/\/www.camarapocao.pe.gov.br\/home\/images\/Consulta\/contratos\/2025\/contratos2025 (17).pdf\" rel=\"noopener\" target=\"_blank\">PDF<\/a><\/td>\n<\/tr>\n<tr class=\"row-19\">\n\t<td class=\"column-1\">18<\/td><td class=\"column-2\">Contrata\u00e7\u00e3o de empresa para fornecimento de g\u00eaneros aliment\u00edcios para atender as necessidades da C\u00e2mara de Po\u00e7\u00e3o.<\/td><td class=\"column-3\">Supermercado Noemy LTDA.<\/td><td class=\"column-4\">R$21.416,60<\/td><td class=\"column-5\">21\/02 \u00e0 31\/12\/2025<\/td><td class=\"column-6\"><a href=\"https:\/\/www.camarapocao.pe.gov.br\/home\/images\/Consulta\/contratos\/2025\/contratos2025 (18).pdf\" rel=\"noopener\" target=\"_blank\">PDF<\/a><\/td>\n<\/tr>\n<tr class=\"row-20\">\n\t<td class=\"column-1\">19<\/td><td class=\"column-2\">Contrata\u00e7\u00e3o de empresa para fornecimento de materiais de limpeza para atender as necessidades da C\u00e2mara de Po\u00e7\u00e3o.<\/td><td class=\"column-3\">Supermercado Noemy LTDA.<\/td><td class=\"column-4\">R$13.206,40<\/td><td class=\"column-5\">21\/02 \u00e0 31\/12\/2025<\/td><td class=\"column-6\"><a href=\"https:\/\/www.camarapocao.pe.gov.br\/home\/images\/Consulta\/contratos\/2025\/contratos2025 (19).pdf\" rel=\"noopener\" target=\"_blank\">PDF<\/a><\/td>\n<\/tr>\n<tr class=\"row-21\">\n\t<td class=\"column-1\">Termo Aditivo 18\/2024<\/td><td class=\"column-2\">Segundo termo aditivo ao contrato 9912605300 com objetivo de contrata\u00e7\u00e3o de produtos e presta\u00e7\u00e3o de servi\u00e7os por meio de pacote de servi\u00e7os dos Correios.<\/td><td class=\"column-3\">Correios<\/td><td class=\"column-4\">R$4.000,00<\/td><td class=\"column-5\">27\/04 \u00e0 27\/04\/2027<\/td><td class=\"column-6\"><a href=\"https:\/\/www.camarapocao.pe.gov.br\/home\/images\/Consulta\/contratos\/2025\/contratos2025 (TA18).pdf\" rel=\"noopener\" target=\"_blank\">PDF<\/a><\/td>\n<\/tr>\n<tr class=\"row-22\">\n\t<td class=\"column-1\">20<\/td><td class=\"column-2\">Contrata\u00e7\u00e3o de empresa especializada para a presta\u00e7\u00e3o de servi\u00e7os <br \/>\nt\u00e9cnicos voltados \u00e0 implementa\u00e7\u00e3o da Lei Geral de Prote\u00e7\u00e3o de Dados <br \/>\nPessoais \u2013 LGPD (Lei n\u00ba 13.709\/2018)<\/td><td class=\"column-3\">Uchoa Sociedade Individual de Advocacia<\/td><td class=\"column-4\">R$60.000,00<\/td><td class=\"column-5\">05\/05 \u00e0 05\/05\/2026<\/td><td class=\"column-6\"><a href=\"https:\/\/www.camarapocao.pe.gov.br\/home\/images\/Consulta\/contratos\/2025\/contratos2025 (20).pdf\" rel=\"noopener\" target=\"_blank\">PDF<\/a><\/td>\n<\/tr>\n<tr class=\"row-23\">\n\t<td class=\"column-1\">21<\/td><td class=\"column-2\">Contrata\u00e7\u00e3o de empresa para fornecimento de eletrodom\u00e9sticos, para atender as necessidades da C\u00e2mara de Po\u00e7\u00e3o.<\/td><td class=\"column-3\">Jr Lima LTDA<\/td><td class=\"column-4\">R$16.470,00<\/td><td class=\"column-5\">18\/08 \u00e0 31\/12\/2025<\/td><td class=\"column-6\"><a href=\"https:\/\/www.camarapocao.pe.gov.br\/home\/images\/Consulta\/contratos\/2025\/contratos2025 (21).pdf\" rel=\"noopener\" target=\"_blank\">PDF<\/a><\/td>\n<\/tr>\n<tr class=\"row-24\">\n\t<td class=\"column-1\">Rescis\u00e3o contratual 16\/2025<\/td><td class=\"column-2\">Termo rescis\u00f3rio ao contrato N\u00ba 16\/2025<\/td><td class=\"column-3\">Rubens Ant\u00f4nio da Silva<\/td><td class=\"column-4\">N\/A<\/td><td class=\"column-5\">12\/02 \u00e0 31\/12\/2025<\/td><td class=\"column-6\"><a href=\"https:\/\/www.camarapocao.pe.gov.br\/home\/images\/Consulta\/contratos\/2025\/rescisao2025 (16).pdf\" rel=\"noopener\" target=\"_blank\">PDF<\/a><\/td>\n<\/tr>\n<tr class=\"row-25\">\n\t<td class=\"column-1\">22<\/td><td class=\"column-2\">Contrata\u00e7\u00e3o de empresa especializada na presta\u00e7\u00e3o de servi\u00e7os t\u00e9cnicos de grava\u00e7\u00e3o e transmiss\u00e3o ao vivo das sess\u00f5es plen\u00e1rias, audi\u00eancias p\u00fablicas e eventos oficiais da c\u00e2mara municipal de Po\u00e7\u00e3o\/PE.<\/td><td class=\"column-3\">Jose Carlos Araujo Da Silva Filho<\/td><td class=\"column-4\">R$4.650,00<\/td><td class=\"column-5\">06\/10 \u00e0 31\/12\/2025<\/td><td class=\"column-6\"><a href=\"https:\/\/www.camarapocao.pe.gov.br\/home\/images\/Consulta\/contratos\/2025\/contratos2025 (22).pdf\" rel=\"noopener\" target=\"_blank\">PDF<\/a><\/td>\n<\/tr>\n<\/tbody>\n<\/table>\n<!-- #tablepress-43 from cache -->\n","protected":false},"excerpt":{"rendered":"","protected":false},"author":3,"featured_media":0,"parent":0,"menu_order":0,"comment_status":"closed","ping_status":"closed","template":"","meta":{"footnotes":""},"class_list":["post-1795","page","type-page","status-publish","hentry","active"],"aioseo_notices":[],"_links":{"self":[{"href":"https:\/\/camarapocao.pe.gov.br\/v1\/wp-json\/wp\/v2\/pages\/1795","targetHints":{"allow":["GET"]}}],"collection":[{"href":"https:\/\/camarapocao.pe.gov.br\/v1\/wp-json\/wp\/v2\/pages"}],"about":[{"href":"https:\/\/camarapocao.pe.gov.br\/v1\/wp-json\/wp\/v2\/types\/page"}],"author":[{"embeddable":true,"href":"https:\/\/camarapocao.pe.gov.br\/v1\/wp-json\/wp\/v2\/users\/3"}],"replies":[{"embeddable":true,"href":"https:\/\/camarapocao.pe.gov.br\/v1\/wp-json\/wp\/v2\/comments?post=1795"}],"version-history":[{"count":3,"href":"https:\/\/camarapocao.pe.gov.br\/v1\/wp-json\/wp\/v2\/pages\/1795\/revisions"}],"predecessor-version":[{"id":1798,"href":"https:\/\/camarapocao.pe.gov.br\/v1\/wp-json\/wp\/v2\/pages\/1795\/revisions\/1798"}],"wp:attachment":[{"href":"https:\/\/camarapocao.pe.gov.br\/v1\/wp-json\/wp\/v2\/media?parent=1795"}],"curies":[{"name":"wp","href":"https:\/\/api.w.org\/{rel}","templated":true}]}}