{"id":174,"date":"2018-06-05T21:06:27","date_gmt":"2018-06-06T00:06:27","guid":{"rendered":"http:\/\/camarapocao.pe.gov.br\/v1\/?page_id=174"},"modified":"2019-02-17T19:35:59","modified_gmt":"2019-02-17T22:35:59","slug":"municipio","status":"publish","type":"page","link":"https:\/\/camarapocao.pe.gov.br\/v1\/municipio\/","title":{"rendered":"Hist\u00f3ria de Po\u00e7\u00e3o"},"content":{"rendered":"\n<p>As terras de Po\u00e7\u00e3o figuravam, em 1832, no esp\u00f3lio do capit\u00e3o-mor Francisco Xavier Pais de Melo Barreto, que residiu na fazenda Po\u00e7o dos Patos, no antigo termo de Cimbres, localizada \u00e0 margem da atual estrada que liga Pesqueira a Po\u00e7\u00e3o. A funda\u00e7\u00e3o de Po\u00e7\u00e3o deu-se em 1871, pelo padre Monsenhor Estanislau Ferreira de Carvalho, ao erigir a capela de Nossa Senhora das Dores em terreno do patrim\u00f4nio doado por Francisco Jos\u00e9 Bezerra, a quem coube a iniciativa de construir a primeira casa nas imedia\u00e7\u00f5es de um grande po\u00e7o, de onde adveio o nome da localidade \u2013 Po\u00e7\u00e3o. Pela Lei Provincial n\u00ba 1.230, de 24 de abril de 1876, foi classificado como distrito de paz, da comarca de Cimbres (hoje Pesqueira).<\/p>\n\n\n\n<p><\/p>\n\n\n\n<p><\/p>\n\n\n\n<p>Em 4 de mar\u00e7o de 1893, atrav\u00e9s de lei municipal, obteve as prerrogativas de distrito, entendido como unidade jur\u00eddica e administrativa do munic\u00edpio aut\u00f4nomo de Cimbres, sediado em Pesqueira. A categoria de vila foi conferida a Po\u00e7\u00e3o, como \u00e0s demais sedes de distritos da \u00e9poca, atrav\u00e9s da Lei Estadual n\u00ba 991, de 1 de julho de 1909. Em 1924, a atual cidade de Po\u00e7\u00e3o teve seu nome mudado para S\u00e9rgio Loreto, em homenagem ao ent\u00e3o governador, que construiu a rodovia ligando a vila &#8220;acaiense&#8221; \u00e0 sede municipal da \u00e9poca. Essa denomina\u00e7\u00e3o permaneceu por seis anos, at\u00e9 que o governo instaurado com a revolu\u00e7\u00e3o de 30 decidiu fazer retornar o nome anterior. Algumas tentativas houve no sentido de o nome Aca\u00ed substituir Po\u00e7\u00e3o, sem \u00eaxito, embora contasse com a simpatia da popula\u00e7\u00e3o local. O munic\u00edpio de Po\u00e7\u00e3o foi criado em 29 de dezembro de 1953, desmembrado do de Pesqueira, tendo como sede a vila do mesmo nome, atrav\u00e9s da Lei Estadual n\u00ba 1.818, a mesma que criou a comarca. A instala\u00e7\u00e3o ocorreu em 22 de maio de 1954. O Decreto-Lei Estadual n\u00ba 61, de 5 de agosto de 1969, extinguiu a comarca de Po\u00e7\u00e3o, que passou a termo da comarca de Pesqueira. <\/p>\n\n\n\n<p><em>Renda Renascen\u00e7a<\/em><br> O principal atrativo de Po\u00e7\u00e3o \u00e9 a produ\u00e7\u00e3o da Renascen\u00e7a, renda de origem europeia, tecida em almofada e cujas aplica\u00e7\u00f5es se prestam ao adorno das mais diversas pe\u00e7as. Trazida ao Brasil pelos portugueses e ensinada no Recife em col\u00e9gios internos e conventos, a Renascen\u00e7a chegou a Po\u00e7\u00e3o na d\u00e9cada de 30, pelas m\u00e3os de uma senhora famosa na cidade, Maria Pastora. Essa atividade artesanal, assumida pela grande maioria da popula\u00e7\u00e3o como meio de vida, pode ser facilmente encontrada na Cooperativa Arte Rendas e na feira popular, realizada aos s\u00e1bados. Po\u00e7\u00e3o \u00e9 o maior produtor de renda renascen\u00e7a do Brasil.[7] A renda \u00e9 exportada para diversos estados brasileiros e exportadas para sete pa\u00edses da Am\u00e9rica, Europa e \u00c1sia. No dia 22 de agosto de 2011, o governador do estado Eduardo Campos atrav\u00e9s da lei N\u00ba 14.365 de mesma data, conferiu ao munic\u00edpio de Po\u00e7\u00e3o o t\u00edtulo de Capital da Renascen\u00e7a. Seguindo-se dia 7 de setembro, em meio ao anivers\u00e1rio de funda\u00e7\u00e3o da cidade e da independ\u00eancia do Brasil, na C\u00e2mara de Vereadores houve o lan\u00e7amento do selo postal comemorativo do t\u00edtulo de Capital da Renascen\u00e7a com a presen\u00e7a de Raimundo Malheiros, gerente regional de vendas dos Correios de Caruaru, representando a Diretoria Regional dos Correios. <\/p>\n\n\n\n<p>Em 4 de mar\u00e7o de 1893, atrav\u00e9s de lei municipal, obteve as prerrogativas de distrito, entendido como unidade jur\u00eddica e administrativa do munic\u00edpio aut\u00f4nomo de Cimbres, sediado em Pesqueira. A categoria de vila foi conferida a Po\u00e7\u00e3o, como \u00e0s demais sedes de distritos da \u00e9poca, atrav\u00e9s da Lei Estadual n\u00ba 991, de 1 de julho de 1909. Em 1924, a atual cidade de Po\u00e7\u00e3o teve seu nome mudado para S\u00e9rgio Loreto, em homenagem ao ent\u00e3o governador, que construiu a rodovia ligando a vila &#8220;acaiense&#8221; \u00e0 sede municipal da \u00e9poca. Essa denomina\u00e7\u00e3o permaneceu por seis anos, at\u00e9 que o governo instaurado com a revolu\u00e7\u00e3o de 30 decidiu fazer retornar o nome anterior. Algumas tentativas houve no sentido de o nome Aca\u00ed substituir Po\u00e7\u00e3o, sem \u00eaxito, embora contasse com a simpatia da popula\u00e7\u00e3o local. O munic\u00edpio de Po\u00e7\u00e3o foi criado em 29 de dezembro de 1953, desmembrado do de Pesqueira, tendo como sede a vila do mesmo nome, atrav\u00e9s da Lei Estadual n\u00ba 1.818, a mesma que criou a comarca. A instala\u00e7\u00e3o ocorreu em 22 de maio de 1954. O Decreto-Lei Estadual n\u00ba 61, de 5 de agosto de 1969, extinguiu a comarca de Po\u00e7\u00e3o, que passou a termo da comarca de Pesqueira. <\/p>\n\n\n\n<p><\/p>\n\n\n\n<p><strong>Renda Renascen\u00e7a<\/strong><br> O principal atrativo de Po\u00e7\u00e3o \u00e9 a produ\u00e7\u00e3o da Renascen\u00e7a, renda de origem europeia, tecida em almofada e cujas aplica\u00e7\u00f5es se prestam ao adorno das mais diversas pe\u00e7as. Trazida ao Brasil pelos portugueses e ensinada no Recife em col\u00e9gios internos e conventos, a Renascen\u00e7a chegou a Po\u00e7\u00e3o na d\u00e9cada de 30, pelas m\u00e3os de uma senhora famosa na cidade, Maria Pastora. Essa atividade artesanal, assumida pela grande maioria da popula\u00e7\u00e3o como meio de vida, pode ser facilmente encontrada na Cooperativa Arte Rendas e na feira popular, realizada aos s\u00e1bados. Po\u00e7\u00e3o \u00e9 o maior produtor de renda renascen\u00e7a do Brasil.[7] A renda \u00e9 exportada para diversos estados brasileiros e exportadas para sete pa\u00edses da Am\u00e9rica, Europa e \u00c1sia. No dia 22 de agosto de 2011, o governador do estado Eduardo Campos atrav\u00e9s da lei N\u00ba 14.365 de mesma data, conferiu ao munic\u00edpio de Po\u00e7\u00e3o o t\u00edtulo de Capital da Renascen\u00e7a. Seguindo-se dia 7 de setembro, em meio ao anivers\u00e1rio de funda\u00e7\u00e3o da cidade e da independ\u00eancia do Brasil, na C\u00e2mara de Vereadores houve o lan\u00e7amento do selo postal comemorativo do t\u00edtulo de Capital da Renascen\u00e7a com a presen\u00e7a de Raimundo Malheiros, gerente regional de vendas dos Correios de Caruaru, representando a Diretoria Regional dos Correios. <\/p>\n\n\n\n<p><\/p>\n\n\n\n<p><strong>Cruzeiro de Po\u00e7\u00e3o<\/strong><\/p>\n\n\n\n<p>O turismo religioso est\u00e1 presente em Po\u00e7\u00e3o, sobretudo durante a Semana Santa, quando milhares de romeiros visitam o seu Centro de Instru\u00e7\u00e3o B\u00edblica, Cruzeiro de Po\u00e7\u00e3o (Pernambuco). Situado em uma \u00e1rea de tr\u00eas hectares, o Centro une a paisagem natural, privilegiada em mirantes e arboriza\u00e7\u00e3o, aos mais variados s\u00edmbolos e elementos religiosos, a exemplo do Cruzeiro e dos nichos alusivos \u00e0s esta\u00e7\u00f5es da Via Sacra &#8211; compondo um espa\u00e7o essencialmente m\u00edstico.<\/p>\n\n\n\n<div class=\"wp-block-image\"><figure class=\"alignleft is-resized\"><img loading=\"lazy\" decoding=\"async\" src=\"https:\/\/camarapocao.pe.gov.br\/v1\/wp-content\/uploads\/2019\/02\/Cruzeiro1.jpg\" alt=\"\" class=\"wp-image-388\" width=\"355\" height=\"237\"\/><\/figure><\/div>\n\n\n\n<p>O terreno do Cruzeiro foi comprado a Manuel F\u00e9lix de Sousa, no dia 13 de maio de 1932, cujo valor foi de cem mil reis. No dia 31 de outubro do mesmo ano, uma sexta-feira por volta das 3 horas da tarde, a comunidade religiosa de Po\u00e7\u00e3o em prociss\u00e3o; e da cidade at\u00e9 o monte se conduzia uma cruz de madeira que fora colocada no Alto das Bem-Aventuran\u00e7as. O vig\u00e1rio da freguesia era o franciscano Frei Est\u00eav\u00e3o e o bispo da diocese era Dom Jos\u00e9 de Oliveira Lopes, que ordenou a b\u00ean\u00e7\u00e3o da cruz pelos mission\u00e1rios Frei Bernardo e Frei Eg\u00eddio. Em 1936 neste local \u00e9 celebrada a primeira missa pelo Frei Eudorico. No ano de 1964, o primeiro delegado e subtenente de Po\u00e7\u00e3o, Jo\u00e3o Cordeiro, foi ao leste da cidade conduzindo o povo cat\u00f3lico e pediu que se fizesse a limpeza em torno da cruz, logo ap\u00f3s constru\u00edram uma estrada de acesso ao monte.<br>\nP\u00e1tio da Crucifica\u00e7\u00e3o de Cristo, Cruzeiro de Po\u00e7\u00e3o (Pernambuco).<\/p>\n\n\n\n<p>Em 1960, vindo da cidade de Mossor\u00f3 &#8211; Rio Grande do Norte, tomou posse da par\u00f3quia de Nossa Senhora das Dores o frade alem\u00e3o Frei Henrique Br\u00f6oker, que a 13 de junho de 1961 mandou murar de pedra e tijolos os tr\u00eas hectares onde se localiza o santu\u00e1rio, assim dando in\u00edcio a obras sociais e culturais (Centro de Instru\u00e7\u00e3o B\u00edblico Visual &#8211; PRES\u00c9PIO &#8211; CRUZ &#8211; TABERN\u00c1CULO) conhecido por Cruzeiro de Po\u00e7\u00e3o. Passaram-se dez anos e a obra estava praticamente conclu\u00edda com recursos oriundos da Alemanha, mas precisamente da fam\u00edlia, dos parentes e amigos bem feitores de seu idealizador, que quando em Po\u00e7\u00e3o (Pernambuco) chegou, olhou para o monte e disse: &#8220;Aqui realizarei os meus sonhos&#8221;. Em 1962 o precursor da obra passou suas ideias ao pintor Frugel, tamb\u00e9m alem\u00e3o, e este elaborou estampas retratando cenas b\u00edblicas. Elas foram enviadas a S\u00e3o Paulo ao escultor Edgar Martins Bender, que as transformou em est\u00e1tuas e pain\u00e9is de tamanho natural que enobrece uma obra \u00edmpar no Mundo.<\/p>\n\n\n\n<p>O Centro B\u00edblico Visual atrai turistas religiosos e re\u00fane mais de 50 mil pessoas no Domingo de Ramos todos os anos no Cruzeiro de Po\u00e7\u00e3o. Embora o Frade fosse avesso ao turismo e tenha espalhado alguns avisos nesse sentido dentro do centro, n\u00e3o h\u00e1 como n\u00e3o se encantar com a beleza do lugar. De propriedade da Igreja Cat\u00f3lica, o lugar sobrevive com a taxa simb\u00f3lica de manuten\u00e7\u00e3o cobrada aos visitantes. Repleta de imagens que retratam passagens b\u00edblicas, a \u00e1rea tem mais de 2.500 metros quadrados e muita vegeta\u00e7\u00e3o reservada, conferindo uma beleza especial e um convite \u00e0 contempla\u00e7\u00e3o e medita\u00e7\u00e3o. No ano de 2007, o Cruzeiro de Po\u00e7\u00e3o chegou a ser finalista para o t\u00edtulo de uma das 7 maravilhas de Pernambuco, numa consulta realizada pelo sistema Jornal do Commercio aos pernambucanos. <\/p>\n","protected":false},"excerpt":{"rendered":"<p>As terras de Po\u00e7\u00e3o figuravam, em 1832, no esp\u00f3lio do capit\u00e3o-mor Francisco Xavier Pais de Melo Barreto, que residiu na fazenda Po\u00e7o dos Patos, no <a class=\"leiamais\" href=\"https:\/\/camarapocao.pe.gov.br\/v1\/municipio\/\"><i class=\"fa fa-angle-double-right\" aria-hidden=\"true\"><\/i><br \/>\n<\/a><\/p>\n","protected":false},"author":2,"featured_media":0,"parent":0,"menu_order":0,"comment_status":"closed","ping_status":"closed","template":"municipio.php","meta":{"footnotes":""},"class_list":["post-174","page","type-page","status-publish","hentry","active"],"aioseo_notices":[],"_links":{"self":[{"href":"https:\/\/camarapocao.pe.gov.br\/v1\/wp-json\/wp\/v2\/pages\/174","targetHints":{"allow":["GET"]}}],"collection":[{"href":"https:\/\/camarapocao.pe.gov.br\/v1\/wp-json\/wp\/v2\/pages"}],"about":[{"href":"https:\/\/camarapocao.pe.gov.br\/v1\/wp-json\/wp\/v2\/types\/page"}],"author":[{"embeddable":true,"href":"https:\/\/camarapocao.pe.gov.br\/v1\/wp-json\/wp\/v2\/users\/2"}],"replies":[{"embeddable":true,"href":"https:\/\/camarapocao.pe.gov.br\/v1\/wp-json\/wp\/v2\/comments?post=174"}],"version-history":[{"count":13,"href":"https:\/\/camarapocao.pe.gov.br\/v1\/wp-json\/wp\/v2\/pages\/174\/revisions"}],"predecessor-version":[{"id":390,"href":"https:\/\/camarapocao.pe.gov.br\/v1\/wp-json\/wp\/v2\/pages\/174\/revisions\/390"}],"wp:attachment":[{"href":"https:\/\/camarapocao.pe.gov.br\/v1\/wp-json\/wp\/v2\/media?parent=174"}],"curies":[{"name":"wp","href":"https:\/\/api.w.org\/{rel}","templated":true}]}}