{"id":1666,"date":"2024-07-28T23:35:05","date_gmt":"2024-07-29T02:35:05","guid":{"rendered":"https:\/\/camarapocao.pe.gov.br\/v1\/?page_id=1666"},"modified":"2024-07-28T23:35:05","modified_gmt":"2024-07-29T02:35:05","slug":"faq","status":"publish","type":"page","link":"https:\/\/camarapocao.pe.gov.br\/v1\/faq\/","title":{"rendered":"Perguntas Frequentes (FAQ)"},"content":{"rendered":"<h2 class=\"wp-block-heading\" data-raofz=\"30\"><strong>Perguntas Frequentes Sobre Servi\u00e7os<\/strong><\/h2>\n<p data-sourcepos=\"3:1-3:49\" data-raofz=\"16\"><strong>1. Como fa\u00e7o um pedido de informa\u00e7\u00e3o?<\/strong><\/p>\n<p data-sourcepos=\"3:1-3:49\" data-raofz=\"16\">O cidad\u00e3o poder\u00e1 fazer o seu\u00a0<b>pedido<\/b> por meio virtual, e-mail ou presencialmente, atrav\u00e9s dos meios de contatos abaixo relacionados:<\/p>\n<p><b>E-Mail:<\/b> cmvpocao@hotmail.com<br \/>\n<b>Endere\u00e7o: <\/b>Pra\u00e7a Monsenhor Estanislau, S\/N\u00ba, Primeiro Andar, Centro \u2013 55.240-000 \u2013 Po\u00e7\u00e3o\/PE<\/p>\n<p data-sourcepos=\"3:1-3:49\" data-raofz=\"16\"><b>Horario de funcionamento:<\/b> 7h \u00e0s 13h<br \/>\n<b>Teleatendimento:<\/b> (87) 33834.1134<\/p>\n<p data-sourcepos=\"3:1-3:49\" data-raofz=\"16\"><b><a role=\"link\" href=\"https:\/\/camarapocao.pe.gov.br\/e-sic-sistema-eletronico-do-servico-de-informacao-ao-cidadao\/\" rel=\"noopener\" data-raofz=\"16\">Pedido virtual<\/a><\/b><\/p>\n<p data-sourcepos=\"3:1-3:49\" data-raofz=\"16\">\n<p data-sourcepos=\"3:1-3:49\" data-raofz=\"16\"><strong>2. Como mantenho contato com o respons\u00e1vel pelas informa\u00e7\u00f5es no portal da transpar\u00eancia?<\/strong><\/p>\n<p data-sourcepos=\"3:1-3:49\" data-raofz=\"16\">O cidad\u00e3o poder\u00e1 fazer o seu\u00a0<b>pedido<\/b> por meio virtual, e-mail ou presencialmente, atrav\u00e9s dos meios de contatos abaixo relacionados:<br \/>\n<b><\/b><\/p>\n<p data-raofz=\"16\"><strong>E-mail direto:\u00a0<\/strong>polianalins15@hotmail.com<strong><br \/>\nE-mail secund\u00e1rio:\u00a0<\/strong>cmvpocao@hotmail.com<strong><br \/>\n<\/strong><strong>Telefone direto:\u00a0<\/strong>87 9.9125-1280<strong><br \/>\nTelefone secund\u00e1rio:\u00a0<\/strong>87 3834-1134<br \/>\n<b>Endere\u00e7o: <\/b>Pra\u00e7a Monsenhor Estanislau, S\/N\u00ba, Primeiro Andar, Centro \u2013 55.240-000 \u2013 Po\u00e7\u00e3o\/PE<br \/>\n<b>Horario de funcionamento:<\/b> 7h \u00e0s 13h<br \/>\n<b><\/b><\/p>\n<p data-raofz=\"16\"><b><a role=\"link\" href=\"https:\/\/camarapocao.pe.gov.br\/e-sic-sistema-eletronico-do-servico-de-informacao-ao-cidadao\/\" rel=\"noopener\" data-raofz=\"16\">Pedido virtual<\/a> e-SIC<br \/>\n<a href=\"https:\/\/camarapocao.pe.gov.br\/v1\/ouvidoria\/\">Ouvidoria\u00a0<\/a><\/b><\/p>\n<p data-sourcepos=\"3:1-3:49\" data-raofz=\"16\"><strong>3. Qual \u00e9 a diferen\u00e7a entre fazer uma den\u00fancia e comunicar uma irregularidade?<\/strong><\/p>\n<p data-raofz=\"16\">COMUNICAR UMA IRREGULARIDADE \u00e9 quando o cidad\u00e3o repassa aos \u00f3rg\u00e3os fiscalizadores uma informa\u00e7\u00e3o da qual tenha conhecimento e que poder\u00e1 auxiliar os trabalhos de fiscaliza\u00e7\u00e3o. Dependendo da relev\u00e2ncia do assunto, da materialidade e da oportunidade, os \u00f3rg\u00e3os fiscaliza\u00e7\u00e3o poder\u00e3o atuar de imediato ou encaminhar os dados \u00e0s unidades t\u00e9cnicas competentes para que estas decidam sobre a melhor oportunidade de utilizarem as informa\u00e7\u00f5es. Neste caso a pessoa n\u00e3o precisa se identificar, mas \u00e9 fundamental que ela repasse a maior quantidade poss\u00edvel de dados que permitam a atua\u00e7\u00e3o para combater as irregularidades.<\/p>\n<p data-raofz=\"16\">Para fazer uma DEN\u00daNCIA, \u00e9 necess\u00e1ria a identifica\u00e7\u00e3o da pessoa, como tamb\u00e9m a documenta\u00e7\u00e3o que comprove as irregularidades apontadas ou a indica\u00e7\u00e3o precisa das fontes onde a informa\u00e7\u00e3o pode ser vistoriada, dentre outras exig\u00eancias especificadas no Regimento Interno de cada \u00f3rg\u00e3o fiscalizador. Atendidos os requisitos legais, a den\u00fancia ser\u00e1 formalizada como processo e apurada de imediato.<\/p>\n<p data-sourcepos=\"3:1-3:49\" data-raofz=\"16\"><strong>4. Quando devo procurar a Ouvidoria?<\/strong><\/p>\n<p data-raofz=\"16\">O cidad\u00e3o pode procurar a Ouvidoria:<br \/>\n\u2013 Quando quiser manifestar sua satisfa\u00e7\u00e3o em rela\u00e7\u00e3o \u00e0 atua\u00e7\u00e3o da Institui\u00e7\u00e3o;<br \/>\n\u2013 Quando houver cr\u00edticas e reclama\u00e7\u00f5es a fazer sobre os servi\u00e7os prestados pelo TCE-PE;<br \/>\n\u2013 Quando quiser sugerir melhorias em rela\u00e7\u00e3o aos servi\u00e7os prestados pelo Tribunal;<br \/>\n\u2013 Quando houver informa\u00e7\u00f5es relevantes nos informar sobre irregularidades praticadas no \u00e2mbito da Administra\u00e7\u00e3o Direta e Indireta na esfera Municipal;<\/p>\n<p data-sourcepos=\"5:1-5:206\" data-raofz=\"16\">\n<hr \/>\n<h2 class=\"wp-block-heading\" data-raofz=\"30\"><strong>Perguntas Frequentes Sobre o Portal da C\u00e2mara Municipal<\/strong><\/h2>\n<hr class=\"wp-block-separator\" \/>\n<p data-sourcepos=\"3:1-3:49\" data-raofz=\"16\"><strong>1. Como entro em contato com a C\u00e2mara Municipal?<\/strong><\/p>\n<p data-sourcepos=\"5:1-5:206\" data-raofz=\"16\">Voc\u00ea pode entrar em contato com a C\u00e2mara Municipal por telefone, e-mail, carta ou pessoalmente. Os n\u00fameros de telefone, endere\u00e7os de e-mail e endere\u00e7os f\u00edsicos est\u00e3o dispon\u00edveis no site da C\u00e2mara Municipal.<\/p>\n<p data-sourcepos=\"7:1-7:45\" data-raofz=\"16\"><strong>2. Quais s\u00e3o as fun\u00e7\u00f5es da C\u00e2mara Municipal?<\/strong><\/p>\n<p data-sourcepos=\"9:1-9:39\" data-raofz=\"16\">As fun\u00e7\u00f5es da C\u00e2mara Municipal incluem:<\/p>\n<ul data-sourcepos=\"11:1-15:0\">\n<li data-sourcepos=\"11:1-11:65\" data-raofz=\"16\">Legislar, criando leis e regulamenta\u00e7\u00f5es que regem o munic\u00edpio;<\/li>\n<li data-sourcepos=\"12:1-12:81\" data-raofz=\"16\">Fiscalizar o Executivo, acompanhando a aplica\u00e7\u00e3o das leis e pol\u00edticas p\u00fablicas;<\/li>\n<li data-sourcepos=\"13:1-13:90\" data-raofz=\"16\">Representar a popula\u00e7\u00e3o, prestando contas de suas atividades e ouvindo as suas demandas;<\/li>\n<li data-sourcepos=\"14:1-15:0\" data-raofz=\"16\">Deliberar sobre o or\u00e7amento municipal, definindo as prioridades de gastos do munic\u00edpio.<\/li>\n<\/ul>\n<h4 class=\"wp-block-heading\" data-raofz=\"18\"><strong>3. Qual \u00e9 o n\u00famero de vereadores da C\u00e2mara Municipal de Po\u00e7\u00e3o<\/strong>?<\/h4>\n<p data-raofz=\"16\">Cal\u00e7ado conta com 9 vereadores. Os vereadores fiscalizam as a\u00e7\u00f5es da gest\u00e3o municipal, elaboram e criam leis. Para executar suas fun\u00e7\u00f5es legislativas, eles contam com o apoio da Mesa Diretora, a quem cabe a dire\u00e7\u00e3o dos trabalhos da Casa. Al\u00e9m disso, os vereadores se organizam em comiss\u00f5es, Frentes Parlamentares, realizam audi\u00eancias p\u00fablicas, solenidades para relembrar datas comemorativas, homenagear e reconhecer o trabalho e a atua\u00e7\u00e3o de personalidades e entidades e apresentam e votam projetos em sess\u00f5es ordin\u00e1rias, que ap\u00f3s aprovados se tornam leis.<\/p>\n<p data-raofz=\"16\">O vereador tamb\u00e9m executa suas atividades externas nos bairros e comunidades e est\u00e3o em contato com o prefeito e gestores das secretarias municipais e de outros \u00f3rg\u00e3os, reivindicando as melhorias para atender as necessidades apresentadas pela popula\u00e7\u00e3o em geral.<\/p>\n<p data-raofz=\"16\"><strong>4. Qual o papel da C\u00e2mara de Vereadores<\/strong>?<\/p>\n<p data-raofz=\"16\">Chamada popularmente de \u201cA Casa do Povo\u201d, a C\u00e2mara Municipal representa o Poder Legislativo da cidade e pode ser considerado o mais democr\u00e1tico entre os tr\u00eas poderes da Rep\u00fablica Brasileira (Legislativo, Executivo e Judici\u00e1rio). \u00c9 nela onde s\u00e3o discutidos os problemas e necessidades que mais afetam os moradores.<\/p>\n<p data-raofz=\"16\">Na divis\u00e3o dos Poderes, estabelecida pela Constitui\u00e7\u00e3o Brasileira de 1988, cabe ao Legislativo Municipal fiscalizar o funcionamento da gest\u00e3o do prefeito, elaborar e votar leis e projetos de compet\u00eancia do munic\u00edpio, exercendo o controle da administra\u00e7\u00e3o local, principalmente quanto aos atos e as contas da municipalidade. No \u00e2mbito estadual, essa fun\u00e7\u00e3o \u00e9 exercida pela Assembleia Legislativa e, em n\u00edvel nacional, pela C\u00e2mara Federal e Senado.<\/p>\n<p data-sourcepos=\"20:1-20:63\" data-raofz=\"16\"><strong>5. Quando acontecem as Sess\u00f5es Ordin\u00e1rias da C\u00e2mara Municipal?<\/strong><\/p>\n<p data-sourcepos=\"22:1-22:224\" data-raofz=\"16\">As Sess\u00f5es Ordin\u00e1rias da C\u00e2mara Municipal acontecem em dias e hor\u00e1rios previamente definidos pela mesa diretora, baseado no Regimento Interno da C\u00e2mara. Em geral, as Sess\u00f5es Ordin\u00e1rias acontecem uma vez por semana, toda quinta-feira, a partir das 09h.<\/p>\n<p data-sourcepos=\"24:1-24:69\" data-raofz=\"16\"><strong>6. Como posso participar das Sess\u00f5es Ordin\u00e1rias da C\u00e2mara Municipal?<\/strong><\/p>\n<p data-sourcepos=\"26:1-26:336\" data-raofz=\"16\">Voc\u00ea pode participar das Sess\u00f5es Ordin\u00e1rias da C\u00e2mara Municipal pessoalmente. Para participar pessoalmente, basta comparecer ao Plen\u00e1rio da C\u00e2mara Municipal no dia e hor\u00e1rio da Sess\u00e3o.<\/p>\n<p data-raofz=\"16\"><strong>7. O que s\u00e3o as comiss\u00f5es permanentes?<\/strong><\/p>\n<p data-raofz=\"16\">As Comiss\u00f5es Parlamentares s\u00e3o grupos de legisladores, divididos por tema e compet\u00eancias. Nela, os vereadores se re\u00fanem para apreciar projetos de lei, propostas normativas, e tamb\u00e9m com a fun\u00e7\u00e3o de fiscalizar o trabalho do Executivo Municipal. Na pr\u00e1tica, os vereadores elaboram seus projetos de Lei e encaminham para o setor de Comiss\u00f5es. L\u00e1, cada projeto \u00e9 encaminhado para uma comiss\u00e3o espec\u00edfica, lembrando que todos os projetos passam pela Comiss\u00e3o de Justi\u00e7a, que d\u00e1 seu encaminhamento para os demais tr\u00e2mites at\u00e9 a mat\u00e9ria ser encaminhada a plen\u00e1rio para vota\u00e7\u00e3o de aprova\u00e7\u00e3o ou n\u00e3o do texto. Por isso, a import\u00e2ncia da comunidade conhecer as Comiss\u00f5es Parlamentares, pois s\u00e3o elas que v\u00e3o avaliar todas as proposituras de projetos que poder\u00e3o se tornar Lei perante toda a sociedade a qual se destina.<\/p>\n<p data-sourcepos=\"44:1-44:60\" data-raofz=\"16\"><strong>8. Como posso acompanhar as atividades da C\u00e2mara Municipal?<\/strong><\/p>\n<p data-sourcepos=\"46:1-46:152\" data-raofz=\"16\">Voc\u00ea pode acompanhar as atividades da C\u00e2mara Municipal por meio do site da C\u00e2mara Municipal, da imprensa local ou das redes sociais da C\u00e2mara Municipal.<\/p>\n<p data-sourcepos=\"48:1-48:46\" data-raofz=\"16\"><strong>9. Como posso reclamar de um servi\u00e7o p\u00fablico?<\/strong><\/p>\n<p data-sourcepos=\"50:1-50:254\" data-raofz=\"16\">Voc\u00ea pode reclamar de um servi\u00e7o p\u00fablico diretamente \u00e0 Secretaria respons\u00e1vel pelo servi\u00e7o ou \u00e0 Ouvidoria da C\u00e2mara Municipal. A Ouvidoria da C\u00e2mara Municipal \u00e9 um \u00f3rg\u00e3o independente que recebe e investiga reclama\u00e7\u00f5es de cidad\u00e3os sobre servi\u00e7os p\u00fablicos.<\/p>\n<p data-sourcepos=\"52:1-52:56\" data-raofz=\"16\"><strong>10. Como posso solicitar informa\u00e7\u00f5es \u00e0 C\u00e2mara Municipal?<\/strong><\/p>\n<p data-sourcepos=\"54:1-54:221\" data-raofz=\"16\">Voc\u00ea pode solicitar informa\u00e7\u00f5es \u00e0 C\u00e2mara Municipal por meio do site da C\u00e2mara Municipal, por telefone ou por e-mail. As informa\u00e7\u00f5es solicitadas devem ser de interesse p\u00fablico e n\u00e3o podem violar a privacidade de terceiros.<\/p>\n<p data-sourcepos=\"56:1-56:40\" data-raofz=\"16\"><strong>11. Como posso me candidatar a vereador?<\/strong><\/p>\n<p data-sourcepos=\"58:1-58:287\" data-raofz=\"16\">Para se candidatar a vereador, voc\u00ea deve ser brasileiro nato ou naturalizado, ter idade m\u00ednima de 18 anos e ser eleitor do munic\u00edpio. Voc\u00ea tamb\u00e9m deve comprovar resid\u00eancia no munic\u00edpio pelo prazo m\u00ednimo de um ano. As candidaturas a vereador s\u00e3o realizadas por meio de partidos pol\u00edticos.<\/p>\n<p data-sourcepos=\"58:1-58:287\" data-raofz=\"16\">\n<hr class=\"wp-block-separator\" \/>\n<h2 class=\"wp-block-heading\" data-raofz=\"30\"><strong>Perguntas Frequentes Sobre a LAI<\/strong><\/h2>\n<hr class=\"wp-block-separator\" \/>\n<h4 class=\"wp-block-heading\" data-raofz=\"18\"><strong>1. O que \u00e9 a Lei de Acesso \u00e0 Informa\u00e7\u00e3o?<\/strong><\/h4>\n<p data-raofz=\"16\">A Lei n\u00ba 12.527\/2011, conhecida como\u00a0<em>Lei de Acesso \u00e0 Informa\u00e7\u00e3o \u2013\u00a0<strong>LAI<\/strong><\/em>, regulamenta o direito, previsto na Constitui\u00e7\u00e3o, de qualquer pessoa solicitar e receber dos \u00f3rg\u00e3os e entidades p\u00fablicos, de todos os entes e Poderes, informa\u00e7\u00f5es p\u00fablicas por eles produzidas ou custodiadas.<\/p>\n<h4 class=\"wp-block-heading\" data-raofz=\"18\"><strong>2. Quando a Lei de Acesso \u00e0 Informa\u00e7\u00e3o entrou em vigor?<\/strong><\/h4>\n<p data-raofz=\"16\">A LAI foi publicada em 18 de novembro de 2011, mas s\u00f3 entrou em vigor 180 (cento e oitenta) dias ap\u00f3s essa data, ou seja, em 16 de maio de 2012.<\/p>\n<h4 class=\"wp-block-heading\" data-raofz=\"18\"><strong>3. O que s\u00e3o informa\u00e7\u00f5es?<\/strong><\/h4>\n<p data-raofz=\"16\">De acordo com o art. 4\u00b0, inciso I, da Lei n\u00ba 12.527\/2011, informa\u00e7\u00f5es s\u00e3o dados, processados ou n\u00e3o, que podem ser utilizados para produ\u00e7\u00e3o e transmiss\u00e3o de conhecimento, registrados em qualquer suporte ou formato.<\/p>\n<p data-raofz=\"16\">Com a Lei de Acesso, a publicidade passou a ser a regra e o sigilo a exce\u00e7\u00e3o. Dessa forma, as pessoas podem ter acesso a qualquer informa\u00e7\u00e3o p\u00fablica produzida ou custodiada pelos \u00f3rg\u00e3os e entidades da Administra\u00e7\u00e3o P\u00fablica.<\/p>\n<hr class=\"wp-block-separator\" \/>\n<h2 class=\"wp-block-heading\" data-raofz=\"30\"><strong>Perguntas Frequentes Sobre a Transpar\u00eancia P\u00fablica<\/strong><\/h2>\n<p data-raofz=\"16\">\n<h4 class=\"wp-block-heading\" data-raofz=\"18\">1.\u00a0<strong>Quais \u00f3rg\u00e3os s\u00e3o obrigados a divulgar informa\u00e7\u00f5es no portal da transpar\u00eancia?<\/strong><\/h4>\n<p data-raofz=\"16\">Os \u00f3rg\u00e3os e entidades da Administra\u00e7\u00e3o Direta e Indireta (Autarquias, Funda\u00e7\u00f5es, Empresas P\u00fablicas e Sociedades de Economia Mista).<\/p>\n<h4 class=\"wp-block-heading\" data-raofz=\"18\">2.\u00a0<strong>Quais as informa\u00e7\u00f5es dispon\u00edveis no portal?<\/strong><\/h4>\n<p data-raofz=\"16\">As informa\u00e7\u00f5es referentes aos \u00f3rg\u00e3os que comp\u00f5em o Legislativo Municipal, sendo elas: informa\u00e7\u00f5es or\u00e7ament\u00e1rias, receitas, despesas, relat\u00f3rios cont\u00e1beis, compras p\u00fablicas e presta\u00e7\u00e3o de contas.<\/p>\n<h4 class=\"wp-block-heading\" data-raofz=\"18\">3.\u00a0<strong>Por que o Portal da Transpar\u00eancia foi criado?<\/strong><\/h4>\n<p data-raofz=\"16\">Para atender a demanda de informa\u00e7\u00f5es sobre gest\u00e3o p\u00fablica, bem como cumprir as determina\u00e7\u00f5es constitucionais, visando \u00e0 transpar\u00eancia da contas p\u00fablicas e atendendo a Lei Complementar n\u00b0 131, de 27 de maio de 2009, e o Decreto Federal n\u00b0 7185, de 27 de maio de 2010.<\/p>\n<h4 class=\"wp-block-heading\" data-raofz=\"18\"><strong>4. Os dados referentes aos servidores encontram-se no Portal?<\/strong><\/h4>\n<p data-raofz=\"16\">Sim. H\u00e1 uma rela\u00e7\u00e3o com todos os funcion\u00e1rios, contendo informa\u00e7\u00f5es sobre o regime, vinculo, cargo, carga hor\u00e1ria semanal e valor individual mensal dos proventos. Essa op\u00e7\u00e3o pode ser acessada pelo menu -&gt; TRANSPAR\u00caNCIA P\u00daBLICA -&gt; FOLHA DE PAGAMENTO.<\/p>\n<h4 class=\"wp-block-heading\" data-raofz=\"18\">6.\u00a0<strong>Que tipo de informa\u00e7\u00f5es encontro nas Despesas?<\/strong><\/h4>\n<p data-raofz=\"16\">S\u00e3o informa\u00e7\u00f5es sobre o total das despesas, por \u00f3rg\u00e3o, por programa e\/ou por credor. H\u00e1 tamb\u00e9m informa\u00e7\u00f5es sobre valor empenhado, liquidado ou pago.<\/p>\n<h4 class=\"wp-block-heading\" data-raofz=\"18\"><strong>7. Como posso tirar d\u00favidas sobre a navega\u00e7\u00e3o do Portal?<\/strong><\/h4>\n<p data-raofz=\"16\">Voc\u00ea pode enviar uma mensagem no menu \u201cFale Conosco\u201d.<\/p>\n<h4 class=\"wp-block-heading\" data-raofz=\"18\"><strong>8. O que \u00e9 duod\u00e9cimo?<\/strong><\/h4>\n<p data-raofz=\"16\">Duod\u00e9cimo \u00e9 um adjetivo ou substantivo masculino que classifica\u00a0algo ou algu\u00e9m que ocupa o d\u00e9cimo segundo lugar em uma s\u00e9rie. Tamb\u00e9m pode ser uma\u00a0fra\u00e7\u00e3o que indica a\u00a0d\u00e9cima segunda parte de alguma coisa.<\/p>\n<p data-raofz=\"16\">O ano civil est\u00e1 dividido em duod\u00e9cimos, conhecidos como meses, que s\u00e3o doze. A palavra duod\u00e9cimo tem origem no latim\u00a0<em>duodecimu.<\/em><\/p>\n<p data-raofz=\"16\">A express\u00e3o\u00a0duod\u00e9cimo or\u00e7ament\u00e1rio remete para a Lei Or\u00e7ament\u00e1ria Anual do Legislativo, e \u00e9 calculado de acordo com o valor da receita corrente l\u00edquida anual do munic\u00edpio em quest\u00e3o.<\/p>\n<p data-raofz=\"16\">O repasse desse duod\u00e9cimo \u00e9 obrigat\u00f3rio ao poder Legislativo e Judici\u00e1rio. Este repasse est\u00e1 mencionado na Constitui\u00e7\u00e3o Federal, no artigo 168 que diz:\u00a0\u201c<em>Os recursos correspondentes \u00e0s dota\u00e7\u00f5es or\u00e7ament\u00e1rias, compreendidos os cr\u00e9ditos suplementares e especiais, destinados aos \u00f3rg\u00e3os dos Poderes Legislativo e Judici\u00e1rio, do Minist\u00e9rio P\u00fablico e da Defensoria P\u00fablica, ser-lhes-\u00e3o entregues at\u00e9 o dia 20 de cada m\u00eas, em duod\u00e9cimos\u2026\u201d<\/em><\/p>\n","protected":false},"excerpt":{"rendered":"<p>Perguntas Frequentes Sobre Servi\u00e7os 1. Como fa\u00e7o um pedido de informa\u00e7\u00e3o? O cidad\u00e3o poder\u00e1 fazer o seu\u00a0pedido por meio virtual, e-mail ou presencialmente, atrav\u00e9s dos <a class=\"leiamais\" href=\"https:\/\/camarapocao.pe.gov.br\/v1\/faq\/\"><i class=\"fa fa-angle-double-right\" aria-hidden=\"true\"><\/i><br \/>\n<\/a><\/p>\n","protected":false},"author":3,"featured_media":0,"parent":0,"menu_order":0,"comment_status":"closed","ping_status":"closed","template":"","meta":{"footnotes":""},"class_list":["post-1666","page","type-page","status-publish","hentry","active"],"aioseo_notices":[],"_links":{"self":[{"href":"https:\/\/camarapocao.pe.gov.br\/v1\/wp-json\/wp\/v2\/pages\/1666","targetHints":{"allow":["GET"]}}],"collection":[{"href":"https:\/\/camarapocao.pe.gov.br\/v1\/wp-json\/wp\/v2\/pages"}],"about":[{"href":"https:\/\/camarapocao.pe.gov.br\/v1\/wp-json\/wp\/v2\/types\/page"}],"author":[{"embeddable":true,"href":"https:\/\/camarapocao.pe.gov.br\/v1\/wp-json\/wp\/v2\/users\/3"}],"replies":[{"embeddable":true,"href":"https:\/\/camarapocao.pe.gov.br\/v1\/wp-json\/wp\/v2\/comments?post=1666"}],"version-history":[{"count":1,"href":"https:\/\/camarapocao.pe.gov.br\/v1\/wp-json\/wp\/v2\/pages\/1666\/revisions"}],"predecessor-version":[{"id":1667,"href":"https:\/\/camarapocao.pe.gov.br\/v1\/wp-json\/wp\/v2\/pages\/1666\/revisions\/1667"}],"wp:attachment":[{"href":"https:\/\/camarapocao.pe.gov.br\/v1\/wp-json\/wp\/v2\/media?parent=1666"}],"curies":[{"name":"wp","href":"https:\/\/api.w.org\/{rel}","templated":true}]}}