{"id":1500,"date":"2024-03-04T23:15:52","date_gmt":"2024-03-05T02:15:52","guid":{"rendered":"https:\/\/camarapocao.pe.gov.br\/?page_id=1500"},"modified":"2024-03-04T23:56:33","modified_gmt":"2024-03-05T02:56:33","slug":"pautas-das-sessoes-plenarias-das-comissoes-2024","status":"publish","type":"page","link":"https:\/\/camarapocao.pe.gov.br\/v1\/pautas-das-sessoes-plenarias-das-comissoes-2024\/","title":{"rendered":"Pautas das Sess\u00f5es Plen\u00e1rias das Comiss\u00f5es &#8211; 2024"},"content":{"rendered":"\n<table id=\"tablepress-24\" class=\"tablepress tablepress-id-24\">\n<thead>\n<tr class=\"row-1\">\n\t<th class=\"column-1\">N\u00ba da sess\u00e3o<\/th><th class=\"column-2\">Sess\u00e3o Plen\u00e1ria (Clique para baixar)<\/th>\n<\/tr>\n<\/thead>\n<tbody class=\"row-striping row-hover\">\n<tr class=\"row-2\">\n\t<td class=\"column-1\">Comiss\u00e3o de Reda\u00e7\u00e3o e Justi\u00e7a - Sess\u00e3o N\u00ba 02<\/td><td class=\"column-2\"><a href=\"http:\/\/www.camarapocao.pe.gov.br\/home\/images\/Consulta\/sessoes\/pautas\/2024\/comissoes\/pauta2024 (2).pdf\" rel=\"noopener\" target=\"_blank\">PDF<\/a><\/td>\n<\/tr>\n<tr class=\"row-3\">\n\t<td class=\"column-1\">Comiss\u00e3o de Reda\u00e7\u00e3o e Justi\u00e7a - Sess\u00e3o N\u00ba 04<\/td><td class=\"column-2\"><a href=\"http:\/\/www.camarapocao.pe.gov.br\/home\/images\/Consulta\/sessoes\/pautas\/2024\/comissoes\/pauta2024 (4).pdf\" rel=\"noopener\" target=\"_blank\">PDF<\/a><\/td>\n<\/tr>\n<tr class=\"row-4\">\n\t<td class=\"column-1\">Comiss\u00e3o de Reda\u00e7\u00e3o e Justi\u00e7a - Sess\u00e3o N\u00ba 07<\/td><td class=\"column-2\"><a href=\"http:\/\/www.camarapocao.pe.gov.br\/home\/images\/Consulta\/sessoes\/pautas\/2024\/comissoes\/pauta2024 (7).pdf\" rel=\"noopener\" target=\"_blank\">PDF<\/a><\/td>\n<\/tr>\n<tr class=\"row-5\">\n\t<td class=\"column-1\">Comiss\u00e3o de Reda\u00e7\u00e3o e Justi\u00e7a - Sess\u00e3o N\u00ba 10<\/td><td class=\"column-2\"><a href=\"http:\/\/www.camarapocao.pe.gov.br\/home\/images\/Consulta\/sessoes\/pautas\/2024\/comissoes\/pauta2024 (10).pdf\" rel=\"noopener\" target=\"_blank\">PDF<\/a><\/td>\n<\/tr>\n<tr class=\"row-6\">\n\t<td class=\"column-1\">Comiss\u00e3o de Reda\u00e7\u00e3o e Justi\u00e7a - Sess\u00e3o N\u00ba 11<\/td><td class=\"column-2\"><a href=\"http:\/\/www.camarapocao.pe.gov.br\/home\/images\/Consulta\/sessoes\/pautas\/2024\/comissoes\/pauta2024 (11).pdf\" rel=\"noopener\" target=\"_blank\">PDF<\/a><\/td>\n<\/tr>\n<tr class=\"row-7\">\n\t<td class=\"column-1\">Comiss\u00e3o de Reda\u00e7\u00e3o e Justi\u00e7a - Sess\u00e3o N\u00ba 13<\/td><td class=\"column-2\"><a href=\"http:\/\/www.camarapocao.pe.gov.br\/home\/images\/Consulta\/sessoes\/pautas\/2024\/comissoes\/pauta2024 (13).pdf\" rel=\"noopener\" target=\"_blank\">PDF<\/a><\/td>\n<\/tr>\n<tr class=\"row-8\">\n\t<td class=\"column-1\">Comiss\u00e3o de Reda\u00e7\u00e3o e Justi\u00e7a - Sess\u00e3o N\u00ba 16<\/td><td class=\"column-2\"><a href=\"http:\/\/www.camarapocao.pe.gov.br\/home\/images\/Consulta\/sessoes\/pautas\/2024\/comissoes\/pauta2024 (16).pdf\" rel=\"noopener\" target=\"_blank\">PDF<\/a><\/td>\n<\/tr>\n<tr class=\"row-9\">\n\t<td class=\"column-1\">Comiss\u00e3o de Reda\u00e7\u00e3o e Justi\u00e7a - Sess\u00e3o N\u00ba 17<\/td><td class=\"column-2\"><a href=\"http:\/\/www.camarapocao.pe.gov.br\/home\/images\/Consulta\/sessoes\/pautas\/2024\/comissoes\/pauta2024 (17).pdf\" rel=\"noopener\" target=\"_blank\">PDF<\/a><\/td>\n<\/tr>\n<tr class=\"row-10\">\n\t<td class=\"column-1\">Comiss\u00e3o de Reda\u00e7\u00e3o e Justi\u00e7a - Sess\u00e3o N\u00ba 18<\/td><td class=\"column-2\"><a href=\"http:\/\/www.camarapocao.pe.gov.br\/home\/images\/Consulta\/sessoes\/pautas\/2024\/comissoes\/pauta2024 (18).pdf\" rel=\"noopener\" target=\"_blank\">PDF<\/a><\/td>\n<\/tr>\n<tr class=\"row-11\">\n\t<td class=\"column-1\">Comiss\u00e3o de Reda\u00e7\u00e3o e Justi\u00e7a - Sess\u00e3o N\u00ba 19<\/td><td class=\"column-2\"><a href=\"http:\/\/www.camarapocao.pe.gov.br\/home\/images\/Consulta\/sessoes\/pautas\/2024\/comissoes\/pauta2024 (19).pdf\" rel=\"noopener\" target=\"_blank\">PDF<\/a><\/td>\n<\/tr>\n<tr class=\"row-12\">\n\t<td class=\"column-1\">Comiss\u00e3o de Reda\u00e7\u00e3o e Justi\u00e7a - Sess\u00e3o N\u00ba 24<\/td><td class=\"column-2\"><a href=\"http:\/\/www.camarapocao.pe.gov.br\/home\/images\/Consulta\/sessoes\/pautas\/2024\/comissoes\/pauta2024 (24).pdf\" rel=\"noopener\" target=\"_blank\">PDF<\/a><\/td>\n<\/tr>\n<tr class=\"row-13\">\n\t<td class=\"column-1\">Comiss\u00e3o de Reda\u00e7\u00e3o e Justi\u00e7a - Sess\u00e3o N\u00ba 34<\/td><td class=\"column-2\"><a href=\"http:\/\/www.camarapocao.pe.gov.br\/home\/images\/Consulta\/sessoes\/pautas\/2024\/comissoes\/pauta2024 (34).pdf\" rel=\"noopener\" target=\"_blank\">PDF<\/a><\/td>\n<\/tr>\n<tr class=\"row-14\">\n\t<td class=\"column-1\">Comiss\u00e3o de Reda\u00e7\u00e3o e Justi\u00e7a - Sess\u00e3o N\u00ba 35<\/td><td class=\"column-2\"><a href=\"http:\/\/www.camarapocao.pe.gov.br\/home\/images\/Consulta\/sessoes\/pautas\/2024\/comissoes\/pauta2024 (35).pdf\" rel=\"noopener\" target=\"_blank\">PDF<\/a><\/td>\n<\/tr>\n<tr class=\"row-15\">\n\t<td class=\"column-1\">Comiss\u00e3o de Reda\u00e7\u00e3o e Justi\u00e7a - Sess\u00e3o N\u00ba 36<\/td><td class=\"column-2\"><a href=\"http:\/\/www.camarapocao.pe.gov.br\/home\/images\/Consulta\/sessoes\/pautas\/2024\/comissoes\/pauta2024 (34).pdf\" rel=\"noopener\" target=\"_blank\">PDF<\/a><\/td>\n<\/tr>\n<tr class=\"row-16\">\n\t<td class=\"column-1\">Comiss\u00e3o de Reda\u00e7\u00e3o e Justi\u00e7a - Sess\u00e3o N\u00ba 37<\/td><td class=\"column-2\"><a href=\"http:\/\/www.camarapocao.pe.gov.br\/home\/images\/Consulta\/sessoes\/pautas\/2024\/comissoes\/pauta2024 (37).pdf\" rel=\"noopener\" target=\"_blank\">PDF<\/a><\/td>\n<\/tr>\n<tr class=\"row-17\">\n\t<td class=\"column-1\">Comiss\u00e3o de Reda\u00e7\u00e3o e Justi\u00e7a - Sess\u00e3o N\u00ba 38<\/td><td class=\"column-2\"><a href=\"http:\/\/www.camarapocao.pe.gov.br\/home\/images\/Consulta\/sessoes\/pautas\/2024\/comissoes\/pauta2024 (38).pdf\" rel=\"noopener\" target=\"_blank\">PDF<\/a><\/td>\n<\/tr>\n<\/tbody>\n<\/table>\n<!-- #tablepress-24 from cache -->\n","protected":false},"excerpt":{"rendered":"","protected":false},"author":3,"featured_media":0,"parent":0,"menu_order":0,"comment_status":"closed","ping_status":"closed","template":"","meta":{"footnotes":""},"class_list":["post-1500","page","type-page","status-publish","hentry","active"],"aioseo_notices":[],"_links":{"self":[{"href":"https:\/\/camarapocao.pe.gov.br\/v1\/wp-json\/wp\/v2\/pages\/1500","targetHints":{"allow":["GET"]}}],"collection":[{"href":"https:\/\/camarapocao.pe.gov.br\/v1\/wp-json\/wp\/v2\/pages"}],"about":[{"href":"https:\/\/camarapocao.pe.gov.br\/v1\/wp-json\/wp\/v2\/types\/page"}],"author":[{"embeddable":true,"href":"https:\/\/camarapocao.pe.gov.br\/v1\/wp-json\/wp\/v2\/users\/3"}],"replies":[{"embeddable":true,"href":"https:\/\/camarapocao.pe.gov.br\/v1\/wp-json\/wp\/v2\/comments?post=1500"}],"version-history":[{"count":3,"href":"https:\/\/camarapocao.pe.gov.br\/v1\/wp-json\/wp\/v2\/pages\/1500\/revisions"}],"predecessor-version":[{"id":1817,"href":"https:\/\/camarapocao.pe.gov.br\/v1\/wp-json\/wp\/v2\/pages\/1500\/revisions\/1817"}],"wp:attachment":[{"href":"https:\/\/camarapocao.pe.gov.br\/v1\/wp-json\/wp\/v2\/media?parent=1500"}],"curies":[{"name":"wp","href":"https:\/\/api.w.org\/{rel}","templated":true}]}}