{"id":1495,"date":"2024-03-04T23:18:22","date_gmt":"2024-03-05T02:18:22","guid":{"rendered":"https:\/\/camarapocao.pe.gov.br\/?page_id=1495"},"modified":"2026-03-07T08:15:24","modified_gmt":"2026-03-07T11:15:24","slug":"sessoes-legislativas","status":"publish","type":"page","link":"https:\/\/camarapocao.pe.gov.br\/v1\/sessoes-legislativas\/","title":{"rendered":"Sess\u00f5es Legislativas"},"content":{"rendered":"<p><strong>Atas:<br \/>\n<select id=\"ano\" onchange=\"window.location.href=this.value;\"><option value=\"#\">Escolha um ano<\/option><option value=\"https:\/\/camarapocao.pe.gov.br\/v1\/atas-das-sessoes-plenarias-2026\/\">2026<\/option><option value=\"https:\/\/camarapocao.pe.gov.br\/v1\/atas-das-sessoes-plenarias-2025\/\">2025<\/option><option value=\"https:\/\/camarapocao.pe.gov.br\/v1\/atas-das-sessoes-plenarias-2024\/\">2024<\/option><option value=\"https:\/\/camarapocao.pe.gov.br\/v1\/atas-das-sessoes-plenarias-2023\/\">2023<\/option><\/select><\/strong><\/p>\n<p><strong>Pautas das Sess\u00f5es Ordin\u00e1rias:<\/strong><br \/>\n<select id=\"ano\" onchange=\"window.location.href=this.value;\"><option value=\"#\">Escolha um ano<\/option><option value=\"https:\/\/camarapocao.pe.gov.br\/v1\/pautas-das-sessoes-plenarias-ordinarias-2026\/\">2026<\/option><option value=\"https:\/\/camarapocao.pe.gov.br\/v1\/pautas-das-sessoes-plenarias-ordinarias-2026\/\">2025<\/option><option value=\"https:\/\/camarapocao.pe.gov.br\/v1\/pautas-das-sessoes-plenarias-ordinarias-2024\/\">2024<\/option><option value=\"https:\/\/camarapocao.pe.gov.br\/v1\/pautas-das-sessoes-plenarias-ordinarias-2023\/\">2023<\/option><\/select><\/p>\n<p><strong>Pautas das Sess\u00f5es de comiss\u00f5es especiais:<\/strong><br \/>\n<select id=\"ano\" onchange=\"window.location.href=this.value;\"><option value=\"#\">Escolha um ano<\/option><option value=\"https:\/\/camarapocao.pe.gov.br\/pautas-das-sessoes-plenarias-das-comissoes-2026\/\">2026<\/option><option value=\"https:\/\/camarapocao.pe.gov.br\/pautas-das-sessoes-plenarias-das-comissoes-2025\/\">2025<\/option><option value=\"https:\/\/camarapocao.pe.gov.br\/pautas-das-sessoes-plenarias-das-comissoes-2024\/\">2024<\/option><option value=\"https:\/\/camarapocao.pe.gov.br\/pautas-das-sessoes-plenarias-das-comissoes-2023\/\">2023<\/option><\/select><\/p>\n","protected":false},"excerpt":{"rendered":"<p>Atas: Escolha um ano2026202520242023 Pautas das Sess\u00f5es Ordin\u00e1rias: Escolha um ano2026202520242023 Pautas das Sess\u00f5es de comiss\u00f5es especiais: Escolha um ano2026202520242023<\/p>\n","protected":false},"author":3,"featured_media":0,"parent":0,"menu_order":0,"comment_status":"closed","ping_status":"closed","template":"","meta":{"footnotes":""},"class_list":["post-1495","page","type-page","status-publish","hentry","active"],"aioseo_notices":[],"_links":{"self":[{"href":"https:\/\/camarapocao.pe.gov.br\/v1\/wp-json\/wp\/v2\/pages\/1495","targetHints":{"allow":["GET"]}}],"collection":[{"href":"https:\/\/camarapocao.pe.gov.br\/v1\/wp-json\/wp\/v2\/pages"}],"about":[{"href":"https:\/\/camarapocao.pe.gov.br\/v1\/wp-json\/wp\/v2\/types\/page"}],"author":[{"embeddable":true,"href":"https:\/\/camarapocao.pe.gov.br\/v1\/wp-json\/wp\/v2\/users\/3"}],"replies":[{"embeddable":true,"href":"https:\/\/camarapocao.pe.gov.br\/v1\/wp-json\/wp\/v2\/comments?post=1495"}],"version-history":[{"count":16,"href":"https:\/\/camarapocao.pe.gov.br\/v1\/wp-json\/wp\/v2\/pages\/1495\/revisions"}],"predecessor-version":[{"id":2142,"href":"https:\/\/camarapocao.pe.gov.br\/v1\/wp-json\/wp\/v2\/pages\/1495\/revisions\/2142"}],"wp:attachment":[{"href":"https:\/\/camarapocao.pe.gov.br\/v1\/wp-json\/wp\/v2\/media?parent=1495"}],"curies":[{"name":"wp","href":"https:\/\/api.w.org\/{rel}","templated":true}]}}