{"id":1491,"date":"2024-03-04T22:51:09","date_gmt":"2024-03-05T01:51:09","guid":{"rendered":"https:\/\/camarapocao.pe.gov.br\/?page_id=1491"},"modified":"2024-03-04T22:51:09","modified_gmt":"2024-03-05T01:51:09","slug":"contratos-fechados-em-2024","status":"publish","type":"page","link":"https:\/\/camarapocao.pe.gov.br\/v1\/contratos-fechados-em-2024\/","title":{"rendered":"Contratos Fechados em 2024"},"content":{"rendered":"\n<table id=\"tablepress-22\" class=\"tablepress tablepress-id-22\">\n<thead>\n<tr class=\"row-1\">\n\t<th class=\"column-1\">N\u00ba do Documento<\/th><th class=\"column-2\">Resumo\/Objeto<\/th><th class=\"column-3\">Contratado<\/th><th class=\"column-4\">Valor<\/th><th class=\"column-5\">Vig\u00eancia<\/th><th class=\"column-6\">Download<\/th>\n<\/tr>\n<\/thead>\n<tbody class=\"row-striping row-hover\">\n<tr class=\"row-2\">\n\t<td class=\"column-1\">01<\/td><td class=\"column-2\">Contrato de presta\u00e7\u00e3o de servi\u00e7os de conex\u00e3o \u00e0 internet.<\/td><td class=\"column-3\">Juliana M\u00aaBernardo Servi\u00e7os de Comunica\u00e7\u00e3o Multim\u00eddia - SCM<\/td><td class=\"column-4\">R$4.200,00<\/td><td class=\"column-5\">02\/01\/2024 \u00e0 31\/12\/2024<\/td><td class=\"column-6\"><a href=\"https:\/\/www.camarapocao.pe.gov.br\/home\/images\/Consulta\/contratos\/2024\/contratos2024 (1).pdf\" rel=\"noopener\" target=\"_blank\">PDF<\/a><\/td>\n<\/tr>\n<tr class=\"row-3\">\n\t<td class=\"column-1\">02<\/td><td class=\"column-2\">Presta\u00e7\u00e3o de servi\u00e7os de conte\u00fado, hospedagem, manuten\u00e7\u00e3o e atualiza\u00e7\u00e3o do s\u00edtio  da C\u00e2mara Municipa de Po\u00e7\u00e3o\/PE na internet.<\/td><td class=\"column-3\">Luan Antonio Pereira Duarte<\/td><td class=\"column-4\">R$8.400,00<\/td><td class=\"column-5\">02\/01\/2024 \u00e0 31\/12\/2024<\/td><td class=\"column-6\"><a href=\"https:\/\/www.camarapocao.pe.gov.br\/home\/images\/Consulta\/contratos\/2024\/contratos2024 (2).pdf\" rel=\"noopener\" target=\"_blank\">PDF<\/a><\/td>\n<\/tr>\n<tr class=\"row-4\">\n\t<td class=\"column-1\">03<\/td><td class=\"column-2\">Contrato de presta\u00e7\u00e3o de servi\u00e7os de vigil\u00e2ncia.<\/td><td class=\"column-3\">Ivan Batista de Azevedo<\/td><td class=\"column-4\">R$4.200,00<\/td><td class=\"column-5\">02\/01\/2024 \u00e0 02\/04\/2024<\/td><td class=\"column-6\"><a href=\"https:\/\/www.camarapocao.pe.gov.br\/home\/images\/Consulta\/contratos\/2024\/contratos2024 (3).pdf\" rel=\"noopener\" target=\"_blank\">PDF<\/a><\/td>\n<\/tr>\n<tr class=\"row-5\">\n\t<td class=\"column-1\">04<\/td><td class=\"column-2\">Contrato de presta\u00e7\u00e3o de servi\u00e7os de elabora\u00e7\u00e3o, digita\u00e7\u00e3o das atas das reuni\u00f5es solenes, ordin\u00e1rias e extraordin\u00e1rias da C\u00e2mara Municipal.<\/td><td class=\"column-3\">Elisnan Espindola<\/td><td class=\"column-4\">R$4.200,00<\/td><td class=\"column-5\">02\/01\/2024 \u00e0 02\/04\/2024<\/td><td class=\"column-6\"><a href=\"https:\/\/www.camarapocao.pe.gov.br\/home\/images\/Consulta\/contratos\/2024\/contratos2024 (4).pdf\" rel=\"noopener\" target=\"_blank\">PDF<\/a><\/td>\n<\/tr>\n<tr class=\"row-6\">\n\t<td class=\"column-1\">05<\/td><td class=\"column-2\">Contrata\u00e7\u00e3o de servi\u00e7os de log\u00edstica de coleta e entrega de documentos junto \u00e0 C\u00e2mara Municipal.<\/td><td class=\"column-3\">Jhonne da Silva<\/td><td class=\"column-4\">R$4.350,00<\/td><td class=\"column-5\">02\/01\/2024 \u00e0 02\/04\/2024<\/td><td class=\"column-6\"><a href=\"https:\/\/www.camarapocao.pe.gov.br\/home\/images\/Consulta\/contratos\/2024\/contratos2024 (5).pdf\" rel=\"noopener\" target=\"_blank\">PDF<\/a><\/td>\n<\/tr>\n<tr class=\"row-7\">\n\t<td class=\"column-1\">06<\/td><td class=\"column-2\">Contrato de presta\u00e7\u00e3o de Servi\u00e7os Gerais.<\/td><td class=\"column-3\">Paulo Ricardo de Melo<\/td><td class=\"column-4\">R$4.350,00<\/td><td class=\"column-5\">02\/01\/2024 \u00e0 02\/04\/2024<\/td><td class=\"column-6\"><a href=\"https:\/\/www.camarapocao.pe.gov.br\/home\/images\/Consulta\/contratos\/2024\/contratos2024 (6).pdf\" rel=\"noopener\" target=\"_blank\">PDF<\/a><\/td>\n<\/tr>\n<tr class=\"row-8\">\n\t<td class=\"column-1\">07<\/td><td class=\"column-2\">Contrato de presta\u00e7\u00e3o de servi\u00e7os profissionais de transcri\u00e7\u00e3o de dados de documentos conforme necessidade da C\u00e2mara Municipal.<\/td><td class=\"column-3\">Eul\u00e1lia Rocha<\/td><td class=\"column-4\">R$4.350,00<\/td><td class=\"column-5\">02\/01\/2024 \u00e0 02\/04\/2024<\/td><td class=\"column-6\"><a href=\"https:\/\/www.camarapocao.pe.gov.br\/home\/images\/Consulta\/contratos\/2024\/contratos2024 (7).pdf\" rel=\"noopener\" target=\"_blank\">PDF<\/a><\/td>\n<\/tr>\n<tr class=\"row-9\">\n\t<td class=\"column-1\">08<\/td><td class=\"column-2\">Instrumento contratual de loca\u00e7\u00e3o de im\u00f3vel.<\/td><td class=\"column-3\">Maria Taurino de Melo<\/td><td class=\"column-4\">R$2.400,00<\/td><td class=\"column-5\">02\/01\/2024 \u00e0 31\/12\/2024<\/td><td class=\"column-6\"><a href=\"https:\/\/www.camarapocao.pe.gov.br\/home\/images\/Consulta\/contratos\/2024\/contratos2024 (8).pdf\" rel=\"noopener\" target=\"_blank\">PDF<\/a><\/td>\n<\/tr>\n<tr class=\"row-10\">\n\t<td class=\"column-1\">09<\/td><td class=\"column-2\">Contrato de presta\u00e7\u00e3o de servi\u00e7os profissionais em marketing digital, gerenciamento da fanpage do facebook e instagram oficial, estrat\u00e9gias de marketing e engajamento para instagram da C\u00e2mara de Po\u00e7\u00e3o.<\/td><td class=\"column-3\">Maria Aparecida Freitas<\/td><td class=\"column-4\">R$4.200,00<\/td><td class=\"column-5\">02\/01\/2024 \u00e0 02\/04\/2024<\/td><td class=\"column-6\"><a href=\"https:\/\/www.camarapocao.pe.gov.br\/home\/images\/Consulta\/contratos\/2024\/contratos2024 (9).pdf\" rel=\"noopener\" target=\"_blank\">PDF<\/a><\/td>\n<\/tr>\n<tr class=\"row-11\">\n\t<td class=\"column-1\">10<\/td><td class=\"column-2\">Contrato de presta\u00e7\u00e3o de servi\u00e7os de filmagem profissional e transmiss\u00e3o ao vivo via plataforma de streaming online.<\/td><td class=\"column-3\">Carlos Mikhael Mergulh\u00e3o<\/td><td class=\"column-4\">R$4.200,00<\/td><td class=\"column-5\">02\/01\/2024 \u00e0 02\/04\/2024<\/td><td class=\"column-6\"><a href=\"https:\/\/www.camarapocao.pe.gov.br\/home\/images\/Consulta\/contratos\/2024\/contratos2024 (10).pdf\" rel=\"noopener\" target=\"_blank\">PDF<\/a><\/td>\n<\/tr>\n<tr class=\"row-12\">\n\t<td class=\"column-1\">11<\/td><td class=\"column-2\">Contrato de fornecimento de \u00e1gua pot\u00e1vel para necessidades do pr\u00e9dio da C\u00e2mara Municipal.<\/td><td class=\"column-3\">Jos\u00e9 Oliveira Rodrigues<\/td><td class=\"column-4\">R$0,08\/litro<\/td><td class=\"column-5\">02\/01\/2024 \u00e0 31\/12\/2024<\/td><td class=\"column-6\"><a href=\"https:\/\/www.camarapocao.pe.gov.br\/home\/images\/Consulta\/contratos\/2024\/contratos2024 (11).pdf\" rel=\"noopener\" target=\"_blank\">PDF<\/a><\/td>\n<\/tr>\n<tr class=\"row-13\">\n\t<td class=\"column-1\">12<\/td><td class=\"column-2\">Contrato de fornecimento de licen\u00e7a de direito de uso tempor\u00e1rio de Portal da Transpar\u00eancia.<\/td><td class=\"column-3\">P\u00fablica Tecnologia LDTA<\/td><td class=\"column-4\">R$6.240,00<\/td><td class=\"column-5\">02\/01\/2024 \u00e0 31\/12\/2024<\/td><td class=\"column-6\"><a href=\"https:\/\/www.camarapocao.pe.gov.br\/home\/images\/Consulta\/contratos\/2024\/contratos2024 (12).pdf\" rel=\"noopener\" target=\"_blank\">PDF<\/a><\/td>\n<\/tr>\n<tr class=\"row-14\">\n\t<td class=\"column-1\">13<\/td><td class=\"column-2\">Presta\u00e7\u00e3o de servi\u00e7os especializados com loca\u00e7\u00e3o de software e suporte t\u00e9cnico especializado ao sistema de controle e avalia\u00e7\u00e3o patrimonial.<\/td><td class=\"column-3\">CONTASP Assessoria e Consultoria LTDA<\/td><td class=\"column-4\">R$10.800,00<\/td><td class=\"column-5\">02\/01\/2024 \u00e0 31\/12\/2024<\/td><td class=\"column-6\"><a href=\"https:\/\/www.camarapocao.pe.gov.br\/home\/images\/Consulta\/contratos\/2024\/contratos2024 (13).pdf\" rel=\"noopener\" target=\"_blank\">PDF<\/a><\/td>\n<\/tr>\n<tr class=\"row-15\">\n\t<td class=\"column-1\">14<\/td><td class=\"column-2\">Contrato de presta\u00e7\u00e3o de servi\u00e7os de acesso \u00e0 internet.<\/td><td class=\"column-3\">Speed Net Servi\u00e7os de Telecomunica\u00e7\u00f5es<\/td><td class=\"column-4\">R$3.500,00<\/td><td class=\"column-5\">01\/03\/2024 \u00e0 31\/12\/2024<\/td><td class=\"column-6\"><a href=\"https:\/\/www.camarapocao.pe.gov.br\/home\/images\/Consulta\/contratos\/2024\/contratos2024 (14).pdf\" rel=\"noopener\" target=\"_blank\">PDF<\/a><\/td>\n<\/tr>\n<tr class=\"row-16\">\n\t<td class=\"column-1\">Aditivo 01\/24<\/td><td class=\"column-2\">Termo aditivo ao contrato 02\/2023<\/td><td class=\"column-3\">Yasmin Fran\u00e7a<\/td><td class=\"column-4\">N\/A<\/td><td class=\"column-5\">21\/01\/2024 \u00e0 21\/07\/2024<\/td><td class=\"column-6\"><a href=\"https:\/\/www.camarapocao.pe.gov.br\/home\/images\/Consulta\/contratos\/2024\/adt_01-2024.pdf\" rel=\"noopener\" target=\"_blank\">PDF<\/a><\/td>\n<\/tr>\n<tr class=\"row-17\">\n\t<td class=\"column-1\">Rescis\u00e3o 01\/24<\/td><td class=\"column-2\">Termo de rescis\u00e3o referente ao contrato 01\/2024<\/td><td class=\"column-3\">Juliana M\u00aaBernardo Servi\u00e7os de Comunica\u00e7\u00e3o Multim\u00eddia - SCM<\/td><td class=\"column-4\">R$4.200,00<\/td><td class=\"column-5\">02\/01\/2024 \u00e0 29\/02\/2024<\/td><td class=\"column-6\"><a href=\"https:\/\/www.camarapocao.pe.gov.br\/home\/images\/Consulta\/contratos\/2024\/res_01-2024.pdf\" rel=\"noopener\" target=\"_blank\">PDF<\/a><\/td>\n<\/tr>\n<tr class=\"row-18\">\n\t<td class=\"column-1\">02\/24-CPL<\/td><td class=\"column-2\">Contrato de prest\u00e3o de servi\u00e7os orienta\u00e7\u00e3o e suporte em licita\u00e7\u00f5es e contratos administrativos.<\/td><td class=\"column-3\">Jos\u00e9 Leonardo da Silva<\/td><td class=\"column-4\">R$27.500,00<\/td><td class=\"column-5\">01\/02\/2024 \u00e0 31\/12\/2024<\/td><td class=\"column-6\"><a href=\"https:\/\/www.camarapocao.pe.gov.br\/home\/images\/Consulta\/contratos\/2024\/02-CPL-2024.pdf\" rel=\"noopener\" target=\"_blank\">PDF<\/a><\/td>\n<\/tr>\n<tr class=\"row-19\">\n\t<td class=\"column-1\">03\/24-CPL<\/td><td class=\"column-2\">Contrato de presta\u00e7\u00e3o de servi\u00e7os de assessoria e consultoria ao controle interno<\/td><td class=\"column-3\">CONTASP Consultoria e Assessoria<\/td><td class=\"column-4\">R$15.400,00<\/td><td class=\"column-5\">01\/02\/2024 \u00e0 31\/12\/2024<\/td><td class=\"column-6\"><a href=\"https:\/\/www.camarapocao.pe.gov.br\/home\/images\/Consulta\/contratos\/2024\/03-CPL-2024.pdf\" rel=\"noopener\" target=\"_blank\">PDF<\/a><\/td>\n<\/tr>\n<tr class=\"row-20\">\n\t<td class=\"column-1\">04\/24-CPL<\/td><td class=\"column-2\">Contrato de presta\u00e7\u00e3o de servi\u00e7os de especializados em gera\u00e7\u00e3o de folha de pagamento <\/td><td class=\"column-3\">CONTASP Consultoria e Assessoria<\/td><td class=\"column-4\">R$15.400,00<\/td><td class=\"column-5\">01\/02\/2024 \u00e0 31\/12\/2024<\/td><td class=\"column-6\"><a href=\"https:\/\/www.camarapocao.pe.gov.br\/home\/images\/Consulta\/contratos\/2024\/04-CPL-2024.pdf\" rel=\"noopener\" target=\"_blank\">PDF<\/a><\/td>\n<\/tr>\n<tr class=\"row-21\">\n\t<td class=\"column-1\">05\/24-CPL<\/td><td class=\"column-2\">Contrato de presta\u00e7\u00e3o de servi\u00e7os de escrit\u00f3rio de advocacia especializado <\/td><td class=\"column-3\">Igor Ferro Ramos<\/td><td class=\"column-4\">R$27.500,00<\/td><td class=\"column-5\">01\/02\/2024 \u00e0 31\/12\/2024<\/td><td class=\"column-6\"><a href=\"https:\/\/www.camarapocao.pe.gov.br\/home\/images\/Consulta\/contratos\/2024\/05-CPL-2024.pdf\" rel=\"noopener\" target=\"_blank\">PDF<\/a><\/td>\n<\/tr>\n<tr class=\"row-22\">\n\t<td class=\"column-1\">06\/24-CPL<\/td><td class=\"column-2\">Contrata\u00e7\u00e3o de empresa especializada em servi\u00e7os de processamento de dados administrativos, incluindo elabora\u00e7\u00e3o e tramiss\u00e3o da EFD-REINF<\/td><td class=\"column-3\">Samira Patriota<\/td><td class=\"column-4\">R$21.100,00<\/td><td class=\"column-5\">01\/03\/2024 \u00e0 31\/12\/2024<\/td><td class=\"column-6\"><a href=\"https:\/\/www.camarapocao.pe.gov.br\/home\/images\/Consulta\/contratos\/2024\/06-CPL-2024.pdf\" rel=\"noopener\" target=\"_blank\">PDF<\/a><\/td>\n<\/tr>\n<tr class=\"row-23\">\n\t<td class=\"column-1\">07\/24-CPL<\/td><td class=\"column-2\">Contrata\u00e7\u00e3o de empresa especializada em fornecimento de combust\u00edvel.<\/td><td class=\"column-3\">JAD ARA\u00daJO &amp; CIA LTDA<\/td><td class=\"column-4\">R$27.264,00<\/td><td class=\"column-5\">01\/04\/2024 \u00e0 31\/12\/2024<\/td><td class=\"column-6\"><a href=\"https:\/\/www.camarapocao.pe.gov.br\/home\/images\/Consulta\/contratos\/2024\/07-CPL-2024.pdf\" rel=\"noopener\" target=\"_blank\">PDF<\/a><\/td>\n<\/tr>\n<tr class=\"row-24\">\n\t<td class=\"column-1\">08\/24-CPL<\/td><td class=\"column-2\">Contrata\u00e7\u00e3o de servi\u00e7os de Servi\u00e7os de gest\u00e3o de redes sociais, cria\u00e7\u00e3o de artes e v\u00eddeos para divulga\u00e7\u00e3o institucional.<\/td><td class=\"column-3\">Maria Aparecida de Freitas<\/td><td class=\"column-4\">R$12.600,00<\/td><td class=\"column-5\">03\/04\/2024 \u00e0 31\/12\/2024<\/td><td class=\"column-6\"><a href=\"https:\/\/www.camarapocao.pe.gov.br\/home\/images\/Consulta\/contratos\/2024\/08-CPL-2024.pdf\" rel=\"noopener\" target=\"_blank\">PDF<\/a><\/td>\n<\/tr>\n<tr class=\"row-25\">\n\t<td class=\"column-1\">09\/24-CPL<\/td><td class=\"column-2\">Contrato de servi\u00e7os de filmagem, grava\u00e7\u00e3o e transmiss\u00e3o ao vivo em \u00e1udio e v\u00eddeo das sess\u00f5es legislativas.<\/td><td class=\"column-3\">Ivan Batista<\/td><td class=\"column-4\">R$13.500,00<\/td><td class=\"column-5\">03\/04\/2024 \u00e0 31\/12\/2024<\/td><td class=\"column-6\"><a href=\"https:\/\/www.camarapocao.pe.gov.br\/home\/images\/Consulta\/contratos\/2024\/09-CPL-2024.pdf\" rel=\"noopener\" target=\"_blank\">PDF<\/a><\/td>\n<\/tr>\n<tr class=\"row-26\">\n\t<td class=\"column-1\">10\/24-CPL<\/td><td class=\"column-2\">Contrata\u00e7\u00e3o de empresa para presta\u00e7\u00e3o de servi\u00e7os de assessoria de imprensa e comunica\u00e7\u00e3o.<\/td><td class=\"column-3\">Mauro Silvio Jardim<\/td><td class=\"column-4\">R$20.000,00<\/td><td class=\"column-5\">08\/05\/2024 \u00e0 31\/12\/2024<\/td><td class=\"column-6\"><a href=\"https:\/\/www.camarapocao.pe.gov.br\/home\/images\/Consulta\/contratos\/2024\/10-CPL-2024.pdf\" rel=\"noopener\" target=\"_blank\">PDF<\/a><\/td>\n<\/tr>\n<tr class=\"row-27\">\n\t<td class=\"column-1\">15<\/td><td class=\"column-2\">Contrata\u00e7\u00e3o de presta\u00e7\u00e3o de servi\u00e7os profissionais de transcri\u00e7\u00e3o de dados do documentos.<\/td><td class=\"column-3\">Luana Vit\u00f3ria Mineiro<\/td><td class=\"column-4\">R$11.200,00<\/td><td class=\"column-5\">02\/05\/2024 \u00e0 31\/12\/2024<\/td><td class=\"column-6\"><a href=\"https:\/\/www.camarapocao.pe.gov.br\/home\/images\/Consulta\/contratos\/2024\/contratos2024 (15).pdf\" rel=\"noopener\" target=\"_blank\">PDF<\/a><\/td>\n<\/tr>\n<tr class=\"row-28\">\n\t<td class=\"column-1\">Rescis\u00e3o 02\/24<\/td><td class=\"column-2\">Termo de rescis\u00e3o contratual referente ao contrato N\u00ba 08\/2024.<\/td><td class=\"column-3\">Maria Taurino de Melo<\/td><td class=\"column-4\">R$2.400,00<\/td><td class=\"column-5\">02\/01\/2024 \u00e0 31\/12\/2024<\/td><td class=\"column-6\"><a href=\"https:\/\/www.camarapocao.pe.gov.br\/home\/images\/Consulta\/contratos\/2024\/res_02-2024.pdf\" rel=\"noopener\" target=\"_blank\">PDF<\/a><\/td>\n<\/tr>\n<tr class=\"row-29\">\n\t<td class=\"column-1\">Aditivo 02\/24<\/td><td class=\"column-2\">Termo aditivo ao contrato 02\/2023<\/td><td class=\"column-3\">Yasmin Fran\u00e7a<\/td><td class=\"column-4\">N\/A<\/td><td class=\"column-5\">06\/07\/2024 \u00e0 06\/01\/2024<\/td><td class=\"column-6\"><a href=\"https:\/\/www.camarapocao.pe.gov.br\/home\/images\/Consulta\/contratos\/2024\/adt_02-2024.pdf\" rel=\"noopener\" target=\"_blank\">PDF<\/a><\/td>\n<\/tr>\n<\/tbody>\n<\/table>\n<!-- #tablepress-22 from cache -->\n","protected":false},"excerpt":{"rendered":"","protected":false},"author":3,"featured_media":0,"parent":0,"menu_order":0,"comment_status":"closed","ping_status":"closed","template":"","meta":{"footnotes":""},"class_list":["post-1491","page","type-page","status-publish","hentry","active"],"aioseo_notices":[],"_links":{"self":[{"href":"https:\/\/camarapocao.pe.gov.br\/v1\/wp-json\/wp\/v2\/pages\/1491","targetHints":{"allow":["GET"]}}],"collection":[{"href":"https:\/\/camarapocao.pe.gov.br\/v1\/wp-json\/wp\/v2\/pages"}],"about":[{"href":"https:\/\/camarapocao.pe.gov.br\/v1\/wp-json\/wp\/v2\/types\/page"}],"author":[{"embeddable":true,"href":"https:\/\/camarapocao.pe.gov.br\/v1\/wp-json\/wp\/v2\/users\/3"}],"replies":[{"embeddable":true,"href":"https:\/\/camarapocao.pe.gov.br\/v1\/wp-json\/wp\/v2\/comments?post=1491"}],"version-history":[{"count":1,"href":"https:\/\/camarapocao.pe.gov.br\/v1\/wp-json\/wp\/v2\/pages\/1491\/revisions"}],"predecessor-version":[{"id":1492,"href":"https:\/\/camarapocao.pe.gov.br\/v1\/wp-json\/wp\/v2\/pages\/1491\/revisions\/1492"}],"wp:attachment":[{"href":"https:\/\/camarapocao.pe.gov.br\/v1\/wp-json\/wp\/v2\/media?parent=1491"}],"curies":[{"name":"wp","href":"https:\/\/api.w.org\/{rel}","templated":true}]}}