{"id":1471,"date":"2024-03-04T21:23:45","date_gmt":"2024-03-05T00:23:45","guid":{"rendered":"https:\/\/camarapocao.pe.gov.br\/?page_id=1471"},"modified":"2024-03-04T21:24:23","modified_gmt":"2024-03-05T00:24:23","slug":"avisos-de-licitacoes-2024","status":"publish","type":"page","link":"https:\/\/camarapocao.pe.gov.br\/v1\/avisos-de-licitacoes-2024\/","title":{"rendered":"Avisos de Licita\u00e7\u00f5es &#8211; 2024"},"content":{"rendered":"\n<table id=\"tablepress-21\" class=\"tablepress tablepress-id-21\">\n<thead>\n<tr class=\"row-1\">\n\t<th class=\"column-1\">N\u00ba do documento<\/th><th class=\"column-2\">Descri\u00e7\u00e3o do objeto<\/th><th class=\"column-3\">Download<\/th>\n<\/tr>\n<\/thead>\n<tbody class=\"row-striping row-hover\">\n<tr class=\"row-2\">\n\t<td class=\"column-1\">01\/2024<\/td><td class=\"column-2\">CONTRATA\u00c7\u00c3O DE SERVI\u00c7OS T\u00c9CNICOS ESPECIALIZADOS ADMINISTRATIVOS COM ENFOQUE EM LICITA\u00c7\u00d5ES E CONTRATOS<\/td><td class=\"column-3\"><a href=\"http:\/\/www.camarapocao.pe.gov.br\/home\/images\/Consulta\/avisos_licitacoes\/2024\/avl (1).pdf\" rel=\"noopener\" target=\"_blank\">PDF<\/a><\/td>\n<\/tr>\n<tr class=\"row-3\">\n\t<td class=\"column-1\">02\/2024<\/td><td class=\"column-2\">CONTRATA\u00c7\u00c3O DE <br \/>\nEMPRESA PARA PRESTA\u00c7\u00c3O DE SERVI\u00c7OS ESPECIALIZADOS DE ASSESSORIA E <br \/>\nCONSULTORIA AO CONTROLE INTERNO<\/td><td class=\"column-3\"><a href=\"http:\/\/www.camarapocao.pe.gov.br\/home\/images\/Consulta\/avisos_licitacoes\/2024\/avl (2).pdf\" rel=\"noopener\" target=\"_blank\">PDF<\/a><\/td>\n<\/tr>\n<tr class=\"row-4\">\n\t<td class=\"column-1\">03\/2024<\/td><td class=\"column-2\">CONTRATA\u00c7\u00c3O DE <br \/>\nEMPRESA PARA PRESTA\u00c7\u00c3O DE SERVI\u00c7OS ESPECIALIZADOS COM GERA\u00c7\u00c3O DE FOLHA <br \/>\nDE PAGAMENTOS E SEUS RELAT\u00d3RIOS <\/td><td class=\"column-3\"><a href=\"http:\/\/www.camarapocao.pe.gov.br\/home\/images\/Consulta\/avisos_licitacoes\/2024\/avl (3).pdf\" rel=\"noopener\" target=\"_blank\">PDF<\/a><\/td>\n<\/tr>\n<\/tbody>\n<\/table>\n<!-- #tablepress-21 from cache -->\n","protected":false},"excerpt":{"rendered":"","protected":false},"author":3,"featured_media":0,"parent":0,"menu_order":0,"comment_status":"closed","ping_status":"closed","template":"","meta":{"footnotes":""},"class_list":["post-1471","page","type-page","status-publish","hentry","active"],"aioseo_notices":[],"_links":{"self":[{"href":"https:\/\/camarapocao.pe.gov.br\/v1\/wp-json\/wp\/v2\/pages\/1471","targetHints":{"allow":["GET"]}}],"collection":[{"href":"https:\/\/camarapocao.pe.gov.br\/v1\/wp-json\/wp\/v2\/pages"}],"about":[{"href":"https:\/\/camarapocao.pe.gov.br\/v1\/wp-json\/wp\/v2\/types\/page"}],"author":[{"embeddable":true,"href":"https:\/\/camarapocao.pe.gov.br\/v1\/wp-json\/wp\/v2\/users\/3"}],"replies":[{"embeddable":true,"href":"https:\/\/camarapocao.pe.gov.br\/v1\/wp-json\/wp\/v2\/comments?post=1471"}],"version-history":[{"count":2,"href":"https:\/\/camarapocao.pe.gov.br\/v1\/wp-json\/wp\/v2\/pages\/1471\/revisions"}],"predecessor-version":[{"id":1477,"href":"https:\/\/camarapocao.pe.gov.br\/v1\/wp-json\/wp\/v2\/pages\/1471\/revisions\/1477"}],"wp:attachment":[{"href":"https:\/\/camarapocao.pe.gov.br\/v1\/wp-json\/wp\/v2\/media?parent=1471"}],"curies":[{"name":"wp","href":"https:\/\/api.w.org\/{rel}","templated":true}]}}