{"id":1426,"date":"2023-09-24T11:32:44","date_gmt":"2023-09-24T14:32:44","guid":{"rendered":"https:\/\/camarapocao.pe.gov.br\/?page_id=1426"},"modified":"2025-03-03T12:08:41","modified_gmt":"2025-03-03T15:08:41","slug":"sessoes","status":"publish","type":"page","link":"https:\/\/camarapocao.pe.gov.br\/v1\/sessoes\/","title":{"rendered":"Sess\u00f5es Legislativas &#8211; Grava\u00e7\u00f5es"},"content":{"rendered":"<h3><strong>28\u00aa Sess\u00e3o Ordin\u00e1ria<\/strong><br \/>\n19\/09\/2023<br \/>\n<iframe loading=\"lazy\" style=\"border: none; overflow: hidden;\" src=\"https:\/\/www.facebook.com\/plugins\/video.php?height=314&amp;href=https%3A%2F%2Fwww.facebook.com%2Fcamaramunicipaldepocao%2Fvideos%2F1053596442331693%2F&amp;show_text=false&amp;width=560&amp;t=0\" width=\"560\" height=\"314\" frameborder=\"0\" scrolling=\"no\" allowfullscreen=\"allowfullscreen\"><\/iframe><\/h3>\n<h3><strong>27\u00aa Sess\u00e3o Ordin\u00e1ria<\/strong><br \/>\n19\/09\/2023<\/h3>\n<p><iframe loading=\"lazy\" style=\"border: none; overflow: hidden;\" src=\"https:\/\/www.facebook.com\/plugins\/video.php?height=476&amp;href=https%3A%2F%2Fwww.facebook.com%2Fcamaramunicipaldepocao%2Fvideos%2F1988311028205057%2F&amp;show_text=false&amp;width=267&amp;t=0\" width=\"267\" height=\"476\" frameborder=\"0\" scrolling=\"no\" allowfullscreen=\"allowfullscreen\"><\/iframe><\/p>\n","protected":false},"excerpt":{"rendered":"<p>28\u00aa Sess\u00e3o Ordin\u00e1ria 19\/09\/2023 27\u00aa Sess\u00e3o Ordin\u00e1ria 19\/09\/2023<\/p>\n","protected":false},"author":3,"featured_media":0,"parent":0,"menu_order":0,"comment_status":"closed","ping_status":"closed","template":"","meta":{"footnotes":""},"class_list":["post-1426","page","type-page","status-publish","hentry","active"],"aioseo_notices":[],"_links":{"self":[{"href":"https:\/\/camarapocao.pe.gov.br\/v1\/wp-json\/wp\/v2\/pages\/1426","targetHints":{"allow":["GET"]}}],"collection":[{"href":"https:\/\/camarapocao.pe.gov.br\/v1\/wp-json\/wp\/v2\/pages"}],"about":[{"href":"https:\/\/camarapocao.pe.gov.br\/v1\/wp-json\/wp\/v2\/types\/page"}],"author":[{"embeddable":true,"href":"https:\/\/camarapocao.pe.gov.br\/v1\/wp-json\/wp\/v2\/users\/3"}],"replies":[{"embeddable":true,"href":"https:\/\/camarapocao.pe.gov.br\/v1\/wp-json\/wp\/v2\/comments?post=1426"}],"version-history":[{"count":4,"href":"https:\/\/camarapocao.pe.gov.br\/v1\/wp-json\/wp\/v2\/pages\/1426\/revisions"}],"predecessor-version":[{"id":1809,"href":"https:\/\/camarapocao.pe.gov.br\/v1\/wp-json\/wp\/v2\/pages\/1426\/revisions\/1809"}],"wp:attachment":[{"href":"https:\/\/camarapocao.pe.gov.br\/v1\/wp-json\/wp\/v2\/media?parent=1426"}],"curies":[{"name":"wp","href":"https:\/\/api.w.org\/{rel}","templated":true}]}}