{"id":1422,"date":"2023-09-20T23:14:01","date_gmt":"2023-09-21T02:14:01","guid":{"rendered":"https:\/\/camarapocao.pe.gov.br\/?page_id=1422"},"modified":"2023-09-20T23:14:01","modified_gmt":"2023-09-21T02:14:01","slug":"resolucoes-aprovadas-em-2023","status":"publish","type":"page","link":"https:\/\/camarapocao.pe.gov.br\/v1\/resolucoes-aprovadas-em-2023\/","title":{"rendered":"Resolu\u00e7\u00f5es aprovadas em 2023"},"content":{"rendered":"\n<table id=\"tablepress-17\" class=\"tablepress tablepress-id-17\">\n<thead>\n<tr class=\"row-1\">\n\t<th class=\"column-1\">N\u00ba do documento<\/th><th class=\"column-2\">Ementa<\/th><th class=\"column-3\">Download<\/th>\n<\/tr>\n<\/thead>\n<tbody class=\"row-striping row-hover\">\n<tr class=\"row-2\">\n\t<td class=\"column-1\">112\/2023<\/td><td class=\"column-2\">Disp\u00f5e sobre o Or\u00e7amento Parcial do Poder <br \/>\nLegislativo Municipal para o Exerc\u00edcio Financeiro <br \/>\nde 2024 e d\u00e1 outras provid\u00eancias. <\/td><td class=\"column-3\"><a href=\"http:\/\/www.camarapocao.pe.gov.br\/home\/images\/Consulta\/resolucoes\/2023\/112-2023.pdf\" rel=\"noopener\" target=\"_blank\">PDF<\/a><\/td>\n<\/tr>\n<tr class=\"row-3\">\n\t<td class=\"column-1\">113\/2023<\/td><td class=\"column-2\">Resolu\u00e7\u00e3o aprova com ressalvas as contas do exerc\u00edcio de 2020 da Prefeitura Municipal de Po\u00e7\u00e3o (Processo TCE-PE N\u00ba21100459-5)<\/td><td class=\"column-3\"><a href=\"http:\/\/www.camarapocao.pe.gov.br\/home\/images\/Consulta\/resolucoes\/2023\/113-2023.pdf\" rel=\"noopener\" target=\"_blank\">PDF<\/a><\/td>\n<\/tr>\n<\/tbody>\n<\/table>\n<!-- #tablepress-17 from cache -->\n","protected":false},"excerpt":{"rendered":"","protected":false},"author":3,"featured_media":0,"parent":0,"menu_order":0,"comment_status":"closed","ping_status":"closed","template":"","meta":{"footnotes":""},"class_list":["post-1422","page","type-page","status-publish","hentry","active"],"aioseo_notices":[],"_links":{"self":[{"href":"https:\/\/camarapocao.pe.gov.br\/v1\/wp-json\/wp\/v2\/pages\/1422","targetHints":{"allow":["GET"]}}],"collection":[{"href":"https:\/\/camarapocao.pe.gov.br\/v1\/wp-json\/wp\/v2\/pages"}],"about":[{"href":"https:\/\/camarapocao.pe.gov.br\/v1\/wp-json\/wp\/v2\/types\/page"}],"author":[{"embeddable":true,"href":"https:\/\/camarapocao.pe.gov.br\/v1\/wp-json\/wp\/v2\/users\/3"}],"replies":[{"embeddable":true,"href":"https:\/\/camarapocao.pe.gov.br\/v1\/wp-json\/wp\/v2\/comments?post=1422"}],"version-history":[{"count":1,"href":"https:\/\/camarapocao.pe.gov.br\/v1\/wp-json\/wp\/v2\/pages\/1422\/revisions"}],"predecessor-version":[{"id":1423,"href":"https:\/\/camarapocao.pe.gov.br\/v1\/wp-json\/wp\/v2\/pages\/1422\/revisions\/1423"}],"wp:attachment":[{"href":"https:\/\/camarapocao.pe.gov.br\/v1\/wp-json\/wp\/v2\/media?parent=1422"}],"curies":[{"name":"wp","href":"https:\/\/api.w.org\/{rel}","templated":true}]}}