{"id":1234,"date":"2023-09-09T23:13:01","date_gmt":"2023-09-10T02:13:01","guid":{"rendered":"http:\/\/camarapocao.pe.gov.br\/?page_id=1234"},"modified":"2023-09-12T23:59:49","modified_gmt":"2023-09-13T02:59:49","slug":"ouvidoria","status":"publish","type":"page","link":"https:\/\/camarapocao.pe.gov.br\/v1\/ouvidoria\/","title":{"rendered":"Ouvidoria"},"content":{"rendered":"<p><center><img loading=\"lazy\" decoding=\"async\" class=\"img-responsive aligncenter wp-image-1268\" src=\"https:\/\/camarapocao.pe.gov.br\/v1\/wp-content\/uploads\/2023\/09\/ouvidoria-300x228.jpg\" alt=\"\" width=\"200\" height=\"152\" \/><\/center>Em 02 de janeiro de 2023, atrav\u00e9s da <a href=\"https:\/\/www.camarapocao.pe.gov.br\/home\/images\/Consulta\/portarias\/2023\/08-2023.pdf\" target=\"_blank\" rel=\"noopener\"><strong>portaria 08\/2023<\/strong><\/a>, a mesa diretora da C\u00e2mara de Po\u00e7\u00e3o nomeou a <strong>Sra. Poliana Ferreira Lins<\/strong> para ocupar o cargo comissionado de <strong>Ouvidora Geral<\/strong>.<\/p>\n<p><strong>Canais para contato:<\/strong><\/p>\n<p><strong>E-mail direto: <\/strong>polianalins15@hotmail.com<strong><br \/>\nE-mail secund\u00e1rio: <\/strong>cmvpocao@hotmail.com<strong><br \/>\n<\/strong><strong>Telefone direto: <\/strong>87 9.9125-1280<strong><br \/>\nTelefone secund\u00e1rio: <\/strong>87 3834-1134<\/p>\n<p><center><a href=\"https:\/\/wa.me\/+5587991251280\" target=\"_blank\" rel=\"noopener\"><img loading=\"lazy\" decoding=\"async\" class=\"img-responsive aligncenter\" src=\"https:\/\/rcfpneumaticas.com.br\/wp-content\/uploads\/2020\/04\/contato-whatsapp.png\" alt=\"\" width=\"207\" height=\"76\" \/><\/a><\/center><strong>Ou deixe sua mensagem via formul\u00e1rio abaixo:<\/strong><\/p>\n<div class='fluentform ff-default fluentform_wrapper_3 ffs_default_wrap'><form data-form_id=\"3\" id=\"fluentform_3\" class=\"frm-fluent-form fluent_form_3 ff-el-form-top ff_form_instance_3_1 ff-form-loading ffs_default\" data-form_instance=\"ff_form_instance_3_1\" method=\"POST\" ><fieldset  style=\"border: none!important;margin: 0!important;padding: 0!important;background-color: transparent!important;box-shadow: none!important;outline: none!important; min-inline-size: 100%;\">\n                    <legend class=\"ff_screen_reader_title\" style=\"display: block; margin: 0!important;padding: 0!important;height: 0!important;text-indent: -999999px;width: 0!important;overflow:hidden;\">Blank Form (#3)<\/legend><input type='hidden' name='__fluent_form_embded_post_id' value='1234' \/><input type=\"hidden\" id=\"_fluentform_3_fluentformnonce\" name=\"_fluentform_3_fluentformnonce\" value=\"77093ecdd0\" \/><input type=\"hidden\" name=\"_wp_http_referer\" value=\"\/v1\/wp-json\/wp\/v2\/pages\/1234\" \/><div data-type=\"name-element\" data-name=\"names\" class=\" ff-field_container ff-name-field-wrapper\" ><div class='ff-t-container'><div class='ff-t-cell '><div class='ff-el-group  ff-el-form-top'><div class=\"ff-el-input--label ff-el-is-required asterisk-right\"><label for='ff_3_names_first_name_' id='label_ff_3_names_first_name_' >Nome<\/label><\/div><div class='ff-el-input--content'><input type=\"text\" name=\"names[first_name]\" id=\"ff_3_names_first_name_\" class=\"ff-el-form-control\" placeholder=\"Qual seu primeiro nome?\" aria-invalid=\"false\" aria-required=true><\/div><\/div><\/div><div class='ff-t-cell '><div class='ff-el-group  ff-el-form-top'><div class=\"ff-el-input--label ff-el-is-required asterisk-right\"><label for='ff_3_names_last_name_' id='label_ff_3_names_last_name_' >Sobrenome<\/label><\/div><div class='ff-el-input--content'><input type=\"text\" name=\"names[last_name]\" id=\"ff_3_names_last_name_\" class=\"ff-el-form-control\" placeholder=\"Qual seu sobrenome preferido\" aria-invalid=\"false\" aria-required=true><\/div><\/div><\/div><\/div><\/div><div class='ff-el-group'><div class=\"ff-el-input--label ff-el-is-required asterisk-right\"><label for='ff_3_email' id='label_ff_3_email' aria-label=\"Email\">Email<\/label><\/div><div class='ff-el-input--content'><input type=\"email\" name=\"email\" id=\"ff_3_email\" class=\"ff-el-form-control\" placeholder=\"Exemplo: seuusuario@email.com\" data-name=\"email\"  aria-invalid=\"false\" aria-required=true><\/div><\/div><div class='ff-el-group'><div class=\"ff-el-input--label ff-el-is-required asterisk-right\"><label for='ff_3_dropdown' id='label_ff_3_dropdown' aria-label=\"Assunto\">Assunto<\/label><\/div><div class='ff-el-input--content'><select name=\"dropdown\" id=\"ff_3_dropdown\" class=\"ff-el-form-control\" data-name=\"dropdown\" data-calc_value=\"0\"  aria-invalid=\"false\" aria-required=\"true\" aria-labelledby=\"label_ff_3_dropdown\"><option value=\"\">Escolher op\u00e7\u00e3o<\/option><option value=\"Solicita\u00e7\u00e3o de documentos\"  >Solicita\u00e7\u00e3o de documentos<\/option><option value=\"Solicita\u00e7\u00e3o de prazos\"  >Solicita\u00e7\u00e3o de prazos<\/option><option value=\"Informa\u00e7\u00f5es diversas\"  >Informa\u00e7\u00f5es diversas<\/option><option value=\"Reclama\u00e7\u00e3o\"  >Reclama\u00e7\u00e3o<\/option><option value=\"Sugest\u00e3o de melhorias\"  >Sugest\u00e3o de melhorias<\/option><option value=\"Outros\"  >Outros<\/option><\/select><\/div><\/div><div class='ff-el-group'><div class=\"ff-el-input--label ff-el-is-required asterisk-right\"><label for='ff_3_input_text' id='label_ff_3_input_text' aria-label=\"O que deseja solicitar ou informar?\">O que deseja solicitar ou informar?<\/label><\/div><div class='ff-el-input--content'><input type=\"text\" name=\"input_text\" class=\"ff-el-form-control\" data-name=\"input_text\" id=\"ff_3_input_text\"  aria-invalid=\"false\" aria-required=true><\/div><\/div><div class='ff-el-group ff-text-left ff_submit_btn_wrapper'><button type=\"submit\" class=\"ff-btn ff-btn-submit ff-btn-md ff_btn_style\"  aria-label=\"Enviar\">Enviar<\/button><\/div><\/fieldset><\/form><div id='fluentform_3_errors' class='ff-errors-in-stack ff_form_instance_3_1 ff-form-loading_errors ff_form_instance_3_1_errors'><\/div><\/div>            <script type=\"text\/javascript\">\n                window.fluent_form_ff_form_instance_3_1 = {\"id\":\"3\",\"settings\":{\"layout\":{\"labelPlacement\":\"top\",\"helpMessagePlacement\":\"with_label\",\"errorMessagePlacement\":\"inline\"},\"restrictions\":{\"denyEmptySubmission\":{\"enabled\":false}}},\"form_instance\":\"ff_form_instance_3_1\",\"form_id_selector\":\"fluentform_3\",\"rules\":{\"names[first_name]\":{\"required\":{\"value\":true,\"message\":\"Campo necess\\u00e1rio!\"}},\"names[middle_name]\":{\"required\":{\"value\":false,\"message\":\"This field is required\"}},\"names[last_name]\":{\"required\":{\"value\":true,\"message\":\"Campo necess\\u00e1rio!\"}},\"email\":{\"required\":{\"value\":true,\"message\":\"Campo necess\\u00e1rio!\"},\"email\":{\"value\":true,\"message\":\"E-mail inv\\u00e1lido. Por favor, verificar.\"}},\"dropdown\":{\"required\":{\"value\":true,\"message\":\"Campo necess\\u00e1rio!\"}},\"input_text\":{\"required\":{\"value\":true,\"message\":\"Campo necess\\u00e1rio!\"}}},\"debounce_time\":300};\n                            <\/script>\n            \n<p>&nbsp;<\/p>\n","protected":false},"excerpt":{"rendered":"<p>Em 02 de janeiro de 2023, atrav\u00e9s da portaria 08\/2023, a mesa diretora da C\u00e2mara de Po\u00e7\u00e3o nomeou a Sra. Poliana Ferreira Lins para ocupar <a class=\"leiamais\" href=\"https:\/\/camarapocao.pe.gov.br\/v1\/ouvidoria\/\"><i class=\"fa fa-angle-double-right\" aria-hidden=\"true\"><\/i><br \/>\n<\/a><\/p>\n","protected":false},"author":3,"featured_media":0,"parent":0,"menu_order":0,"comment_status":"closed","ping_status":"closed","template":"","meta":{"footnotes":""},"class_list":["post-1234","page","type-page","status-publish","hentry","active"],"aioseo_notices":[],"_links":{"self":[{"href":"https:\/\/camarapocao.pe.gov.br\/v1\/wp-json\/wp\/v2\/pages\/1234","targetHints":{"allow":["GET"]}}],"collection":[{"href":"https:\/\/camarapocao.pe.gov.br\/v1\/wp-json\/wp\/v2\/pages"}],"about":[{"href":"https:\/\/camarapocao.pe.gov.br\/v1\/wp-json\/wp\/v2\/types\/page"}],"author":[{"embeddable":true,"href":"https:\/\/camarapocao.pe.gov.br\/v1\/wp-json\/wp\/v2\/users\/3"}],"replies":[{"embeddable":true,"href":"https:\/\/camarapocao.pe.gov.br\/v1\/wp-json\/wp\/v2\/comments?post=1234"}],"version-history":[{"count":9,"href":"https:\/\/camarapocao.pe.gov.br\/v1\/wp-json\/wp\/v2\/pages\/1234\/revisions"}],"predecessor-version":[{"id":1275,"href":"https:\/\/camarapocao.pe.gov.br\/v1\/wp-json\/wp\/v2\/pages\/1234\/revisions\/1275"}],"wp:attachment":[{"href":"https:\/\/camarapocao.pe.gov.br\/v1\/wp-json\/wp\/v2\/media?parent=1234"}],"curies":[{"name":"wp","href":"https:\/\/api.w.org\/{rel}","templated":true}]}}